{"id":8617,"date":"2025-07-28T19:33:54","date_gmt":"2025-07-28T17:33:54","guid":{"rendered":"https:\/\/starsforeurope.com\/es\/?page_id=8617"},"modified":"2025-07-31T23:33:50","modified_gmt":"2025-07-31T21:33:50","slug":"novedades","status":"publish","type":"page","link":"https:\/\/starsforeurope.com\/es\/conocimientos\/novedades\/","title":{"rendered":"Poinsettia Spotlight"},"content":{"rendered":"<main class=\"wp-block-group postimage-half wide-content is-layout-flow wp-block-group-is-layout-flow\" style=\"margin-top:var(--wp--preset--spacing--50)\">\n<div style=\"height:3rem\" aria-hidden=\"true\" class=\"wp-block-spacer\"><\/div>\n\n\n\n<div class=\"wp-block-query is-layout-flow wp-block-query-is-layout-flow\"><ul class=\"columns-2 wp-block-post-template is-layout-grid wp-container-core-post-template-is-layout-37ef2942 wp-block-post-template-is-layout-grid\"><li class=\"wp-block-post post-7734 blog type-blog status-publish has-post-thumbnail hentry blog_cat-care blog_main-conocimientos blog_main-novedades blog_main-vale-la-pena-saber\">\n<figure style=\"aspect-ratio:1;\" class=\"featuredimage wp-block-post-featured-image\"><a href=\"https:\/\/starsforeurope.com\/es\/blog\/consejos-para-comprar-flores-de-pascua\/\" target=\"_self\"  ><img loading=\"lazy\" decoding=\"async\" width=\"1050\" height=\"875\" src=\"https:\/\/starsforeurope.com\/es\/wp-content\/uploads\/sites\/14\/2023\/10\/2021-poinsettia-01000-boho-green-living-01-1.jpg\" class=\"attachment-post-thumbnail size-post-thumbnail wp-post-image\" alt=\"Consejos para comprar flores de Pascua\" style=\"width:100%;height:100%;object-fit:cover;\" srcset=\"https:\/\/starsforeurope.com\/es\/wp-content\/uploads\/sites\/14\/2023\/10\/2021-poinsettia-01000-boho-green-living-01-1.jpg 1050w, https:\/\/starsforeurope.com\/es\/wp-content\/uploads\/sites\/14\/2023\/10\/2021-poinsettia-01000-boho-green-living-01-1-300x250.jpg 300w, https:\/\/starsforeurope.com\/es\/wp-content\/uploads\/sites\/14\/2023\/10\/2021-poinsettia-01000-boho-green-living-01-1-1024x853.jpg 1024w, https:\/\/starsforeurope.com\/es\/wp-content\/uploads\/sites\/14\/2023\/10\/2021-poinsettia-01000-boho-green-living-01-1-768x640.jpg 768w, https:\/\/starsforeurope.com\/es\/wp-content\/uploads\/sites\/14\/2023\/10\/2021-poinsettia-01000-boho-green-living-01-1-810x675.jpg 810w\" sizes=\"auto, (max-width: 1050px) 100vw, 1050px\" \/><\/a><\/figure>\n\n<h3 class=\"wp-block-post-title\"><a href=\"https:\/\/starsforeurope.com\/es\/blog\/consejos-para-comprar-flores-de-pascua\/\" target=\"_self\" >Consejos para comprar flores de Pascua<\/a><\/h3>\n\n\n<div class=\"wp-block-group postmetaline is-nowrap is-layout-flex wp-container-core-group-is-layout-6c531013 wp-block-group-is-layout-flex\"><div class=\"wp-block-post-date\"><time datetime=\"2023-11-03T02:59:13+01:00\">03. noviembre 2023<\/time><\/div>\n\n<\/div>\n\n\n<div class=\"wp-block-post-excerpt\"><p class=\"wp-block-post-excerpt__excerpt\">Descubre c\u00f3mo comprar una flor de Pascua sana que luzca su mejor aspecto durante m\u00e1s tiempo. Todo gira en torno a las hojas, las flores, el suministro de agua y las condiciones en la tienda y durante el viaje de vuelta a casa. \ud83d\ude03<\/p><p class=\"wp-block-post-excerpt__more-text\"><a class=\"wp-block-post-excerpt__more-link\" href=\"https:\/\/starsforeurope.com\/es\/blog\/consejos-para-comprar-flores-de-pascua\/\">Leer m\u00e1s<\/a><\/p><\/div>\n<\/li><li class=\"wp-block-post post-7146 blog type-blog status-publish has-post-thumbnail hentry blog_cat-event blog_cat-video blog_main-conocimientos blog_main-novedades blog_main-vale-la-pena-saber\">\n<figure style=\"aspect-ratio:1;\" class=\"featuredimage wp-block-post-featured-image\"><a href=\"https:\/\/starsforeurope.com\/es\/blog\/la-flor-de-pascua-triunfa-esta-navidad\/\" target=\"_self\"  ><img loading=\"lazy\" decoding=\"async\" width=\"1050\" height=\"875\" src=\"https:\/\/starsforeurope.com\/es\/wp-content\/uploads\/sites\/14\/2022\/01\/2020-geraniums-1000-wellness.jpg\" class=\"attachment-post-thumbnail size-post-thumbnail wp-post-image\" alt=\"La Flor de Pascua triunfa esta navidad\" style=\"width:100%;height:100%;object-fit:cover;\" srcset=\"https:\/\/starsforeurope.com\/es\/wp-content\/uploads\/sites\/14\/2022\/01\/2020-geraniums-1000-wellness.jpg 1050w, https:\/\/starsforeurope.com\/es\/wp-content\/uploads\/sites\/14\/2022\/01\/2020-geraniums-1000-wellness-300x250.jpg 300w, https:\/\/starsforeurope.com\/es\/wp-content\/uploads\/sites\/14\/2022\/01\/2020-geraniums-1000-wellness-1024x853.jpg 1024w, https:\/\/starsforeurope.com\/es\/wp-content\/uploads\/sites\/14\/2022\/01\/2020-geraniums-1000-wellness-768x640.jpg 768w, https:\/\/starsforeurope.com\/es\/wp-content\/uploads\/sites\/14\/2022\/01\/2020-geraniums-1000-wellness-810x675.jpg 810w\" sizes=\"auto, (max-width: 1050px) 100vw, 1050px\" \/><\/a><\/figure>\n\n<h3 class=\"wp-block-post-title\"><a href=\"https:\/\/starsforeurope.com\/es\/blog\/la-flor-de-pascua-triunfa-esta-navidad\/\" target=\"_self\" >La Flor de Pascua triunfa esta navidad<\/a><\/h3>\n\n\n<div class=\"wp-block-group postmetaline is-nowrap is-layout-flex wp-container-core-group-is-layout-6c531013 wp-block-group-is-layout-flex\"><div class=\"wp-block-post-date\"><time datetime=\"2022-01-14T14:59:36+01:00\">14. enero 2022<\/time><\/div>\n\n<\/div>\n\n\n<div class=\"wp-block-post-excerpt\"><p class=\"wp-block-post-excerpt__excerpt\">La caracter\u00edstica planta navide\u00f1a tiene su propio d\u00eda mundial y desde Stars For Europe hemos querido celebrarlo por todo lo alto, con diferentes actividades para dar a conocer su versatilidad y sus cuidados.<\/p><p class=\"wp-block-post-excerpt__more-text\"><a class=\"wp-block-post-excerpt__more-link\" href=\"https:\/\/starsforeurope.com\/es\/blog\/la-flor-de-pascua-triunfa-esta-navidad\/\">Leer m\u00e1s<\/a><\/p><\/div>\n<\/li><\/ul>\n\n\n\n<\/div>\n\n\n\n<div style=\"height:3rem\" aria-hidden=\"true\" class=\"wp-block-spacer\"><\/div>\n<\/main>","protected":false},"excerpt":{"rendered":"<p>Desde las favoritas de las fiestas hasta consejos para su cuidado durante todo el a\u00f1o, descubre las novedades en el mundo de la flor de Pascua.<\/p>\n","protected":false},"author":24,"featured_media":4353,"parent":26,"menu_order":0,"comment_status":"closed","ping_status":"closed","template":"two-column-blog-single","meta":{"_acf_changed":false,"footnotes":""},"class_list":["post-8617","page","type-page","status-publish","has-post-thumbnail","hentry"],"acf":[],"_links":{"self":[{"href":"https:\/\/starsforeurope.com\/es\/wp-json\/wp\/v2\/pages\/8617","targetHints":{"allow":["GET"]}}],"collection":[{"href":"https:\/\/starsforeurope.com\/es\/wp-json\/wp\/v2\/pages"}],"about":[{"href":"https:\/\/starsforeurope.com\/es\/wp-json\/wp\/v2\/types\/page"}],"author":[{"embeddable":true,"href":"https:\/\/starsforeurope.com\/es\/wp-json\/wp\/v2\/users\/24"}],"replies":[{"embeddable":true,"href":"https:\/\/starsforeurope.com\/es\/wp-json\/wp\/v2\/comments?post=8617"}],"version-history":[{"count":1,"href":"https:\/\/starsforeurope.com\/es\/wp-json\/wp\/v2\/pages\/8617\/revisions"}],"predecessor-version":[{"id":8618,"href":"https:\/\/starsforeurope.com\/es\/wp-json\/wp\/v2\/pages\/8617\/revisions\/8618"}],"up":[{"embeddable":true,"href":"https:\/\/starsforeurope.com\/es\/wp-json\/wp\/v2\/pages\/26"}],"wp:featuredmedia":[{"embeddable":true,"href":"https:\/\/starsforeurope.com\/es\/wp-json\/wp\/v2\/media\/4353"}],"wp:attachment":[{"href":"https:\/\/starsforeurope.com\/es\/wp-json\/wp\/v2\/media?parent=8617"}],"curies":[{"name":"wp","href":"https:\/\/api.w.org\/{rel}","templated":true}]}}