{"id":8602,"date":"2025-07-28T14:50:31","date_gmt":"2025-07-28T12:50:31","guid":{"rendered":"https:\/\/starsforeurope.com\/es\/?page_id=8602"},"modified":"2025-07-31T23:33:50","modified_gmt":"2025-07-31T21:33:50","slug":"riego","status":"publish","type":"page","link":"https:\/\/starsforeurope.com\/es\/cuidado\/riego\/","title":{"rendered":"Riego de la Poinsettia"},"content":{"rendered":"<div class=\"wp-block-group postimage-half wide-content is-layout-flow wp-block-group-is-layout-flow\" style=\"margin-top:var(--wp--preset--spacing--50)\">\n<div style=\"height:3rem\" aria-hidden=\"true\" class=\"wp-block-spacer\"><\/div>\n\n\n\n<div class=\"wp-block-query is-layout-flow wp-block-query-is-layout-flow\"><ul class=\"columns-2 wp-block-post-template is-layout-grid wp-container-core-post-template-is-layout-37ef2942 wp-block-post-template-is-layout-grid\"><li class=\"wp-block-post post-8084 blog type-blog status-publish has-post-thumbnail hentry blog_cat-care blog_main-cuidado blog_main-riego\">\n<figure style=\"aspect-ratio:1;\" class=\"featuredimage wp-block-post-featured-image\"><a href=\"https:\/\/starsforeurope.com\/es\/blog\/la-guia-definitiva-para-regar-tu-flor-de-pascua\/\" target=\"_self\"  ><img loading=\"lazy\" decoding=\"async\" width=\"853\" height=\"1024\" src=\"https:\/\/starsforeurope.com\/es\/wp-content\/uploads\/sites\/14\/2024\/11\/2022_poinsettia_03000_varieties_03-853x1024-1.jpg\" class=\"attachment-post-thumbnail size-post-thumbnail wp-post-image\" alt=\"Riego de la flor de Pascua: \u00bfcu\u00e1nta agua necesita realmente?\" style=\"width:100%;height:100%;object-fit:cover;\" srcset=\"https:\/\/starsforeurope.com\/es\/wp-content\/uploads\/sites\/14\/2024\/11\/2022_poinsettia_03000_varieties_03-853x1024-1.jpg 853w, https:\/\/starsforeurope.com\/es\/wp-content\/uploads\/sites\/14\/2024\/11\/2022_poinsettia_03000_varieties_03-853x1024-1-250x300.jpg 250w, https:\/\/starsforeurope.com\/es\/wp-content\/uploads\/sites\/14\/2024\/11\/2022_poinsettia_03000_varieties_03-853x1024-1-768x922.jpg 768w, https:\/\/starsforeurope.com\/es\/wp-content\/uploads\/sites\/14\/2024\/11\/2022_poinsettia_03000_varieties_03-853x1024-1-562x675.jpg 562w\" sizes=\"auto, (max-width: 853px) 100vw, 853px\" \/><\/a><\/figure>\n\n<h3 class=\"wp-block-post-title\"><a href=\"https:\/\/starsforeurope.com\/es\/blog\/la-guia-definitiva-para-regar-tu-flor-de-pascua\/\" target=\"_self\" >Riego de la flor de Pascua: \u00bfcu\u00e1nta agua necesita realmente?<\/a><\/h3>\n\n\n<div class=\"wp-block-group postmetaline is-nowrap is-layout-flex wp-container-core-group-is-layout-6c531013 wp-block-group-is-layout-flex\"><div class=\"wp-block-post-date\"><time datetime=\"2024-11-04T13:14:42+01:00\">04. noviembre 2024<\/time><\/div>\n\n<\/div>\n\n\n<div class=\"wp-block-post-excerpt\"><p class=\"wp-block-post-excerpt__excerpt\">Un riego adecuado es crucial para que la poinsettia est\u00e9 sana y dure. Y es m\u00e1s f\u00e1cil de lo que crees. En este art\u00edculo te damos consejos para que el riego sea coser y cantar.\u00a0<\/p><p class=\"wp-block-post-excerpt__more-text\"><a class=\"wp-block-post-excerpt__more-link\" href=\"https:\/\/starsforeurope.com\/es\/blog\/la-guia-definitiva-para-regar-tu-flor-de-pascua\/\">Leer m\u00e1s<\/a><\/p><\/div>\n<\/li><li class=\"wp-block-post post-7139 blog type-blog status-publish has-post-thumbnail hentry blog_cat-history blog_cat-variety blog_main-cuidado blog_main-cuidados-generales blog_main-riego\">\n<figure style=\"aspect-ratio:1;\" class=\"featuredimage wp-block-post-featured-image\"><a href=\"https:\/\/starsforeurope.com\/es\/blog\/hablemos-de-la-botanica-de-la-flor-de-pascua\/\" target=\"_self\"  ><img loading=\"lazy\" decoding=\"async\" width=\"875\" height=\"1050\" src=\"https:\/\/starsforeurope.com\/es\/wp-content\/uploads\/sites\/14\/2022\/11\/2022-geraniums-6000-colourful-garden-1.jpg\" class=\"attachment-post-thumbnail size-post-thumbnail wp-post-image\" alt=\"Hablemos de la bot\u00e1nica de la Flor de Pascua\" style=\"width:100%;height:100%;object-fit:cover;\" srcset=\"https:\/\/starsforeurope.com\/es\/wp-content\/uploads\/sites\/14\/2022\/11\/2022-geraniums-6000-colourful-garden-1.jpg 875w, https:\/\/starsforeurope.com\/es\/wp-content\/uploads\/sites\/14\/2022\/11\/2022-geraniums-6000-colourful-garden-1-250x300.jpg 250w, https:\/\/starsforeurope.com\/es\/wp-content\/uploads\/sites\/14\/2022\/11\/2022-geraniums-6000-colourful-garden-1-853x1024.jpg 853w, https:\/\/starsforeurope.com\/es\/wp-content\/uploads\/sites\/14\/2022\/11\/2022-geraniums-6000-colourful-garden-1-768x922.jpg 768w, https:\/\/starsforeurope.com\/es\/wp-content\/uploads\/sites\/14\/2022\/11\/2022-geraniums-6000-colourful-garden-1-563x675.jpg 563w\" sizes=\"auto, (max-width: 875px) 100vw, 875px\" \/><\/a><\/figure>\n\n<h3 class=\"wp-block-post-title\"><a href=\"https:\/\/starsforeurope.com\/es\/blog\/hablemos-de-la-botanica-de-la-flor-de-pascua\/\" target=\"_self\" >Hablemos de la bot\u00e1nica de la Flor de Pascua<\/a><\/h3>\n\n\n<div class=\"wp-block-group postmetaline is-nowrap is-layout-flex wp-container-core-group-is-layout-6c531013 wp-block-group-is-layout-flex\"><div class=\"wp-block-post-date\"><time datetime=\"2022-01-16T14:12:04+01:00\">16. enero 2022<\/time><\/div>\n\n<\/div>\n\n\n<div class=\"wp-block-post-excerpt\"><p class=\"wp-block-post-excerpt__excerpt\">Todos hemos o\u00eddo hablar de la Flor de Pascua, sobre todo en estas fechas, pero no sabemos muchas cosas de ella, como por ejemplo su bot\u00e1nica, h\u00e1bitat, variedades e incluso toxicidad, por eso hoy vamos a hablar en este post sobre ello.<\/p><p class=\"wp-block-post-excerpt__more-text\"><a class=\"wp-block-post-excerpt__more-link\" href=\"https:\/\/starsforeurope.com\/es\/blog\/hablemos-de-la-botanica-de-la-flor-de-pascua\/\">Leer m\u00e1s<\/a><\/p><\/div>\n<\/li><li class=\"wp-block-post post-7150 blog type-blog status-publish has-post-thumbnail hentry blog_cat-care blog_main-cuidado blog_main-riego\">\n<figure style=\"aspect-ratio:1;\" class=\"featuredimage wp-block-post-featured-image\"><a href=\"https:\/\/starsforeurope.com\/es\/blog\/como-regar-la-flor-de-pascua\/\" target=\"_self\"  ><img loading=\"lazy\" decoding=\"async\" width=\"1050\" height=\"875\" src=\"https:\/\/starsforeurope.com\/es\/wp-content\/uploads\/sites\/14\/2011\/11\/2022-geraniums-6000-colourful-garden-corners-10.jpg\" class=\"attachment-post-thumbnail size-post-thumbnail wp-post-image\" alt=\"C\u00f3mo regar la flor de Pascua\" style=\"width:100%;height:100%;object-fit:cover;\" srcset=\"https:\/\/starsforeurope.com\/es\/wp-content\/uploads\/sites\/14\/2011\/11\/2022-geraniums-6000-colourful-garden-corners-10.jpg 1050w, https:\/\/starsforeurope.com\/es\/wp-content\/uploads\/sites\/14\/2011\/11\/2022-geraniums-6000-colourful-garden-corners-10-300x250.jpg 300w, https:\/\/starsforeurope.com\/es\/wp-content\/uploads\/sites\/14\/2011\/11\/2022-geraniums-6000-colourful-garden-corners-10-1024x853.jpg 1024w, https:\/\/starsforeurope.com\/es\/wp-content\/uploads\/sites\/14\/2011\/11\/2022-geraniums-6000-colourful-garden-corners-10-768x640.jpg 768w, https:\/\/starsforeurope.com\/es\/wp-content\/uploads\/sites\/14\/2011\/11\/2022-geraniums-6000-colourful-garden-corners-10-810x675.jpg 810w\" sizes=\"auto, (max-width: 1050px) 100vw, 1050px\" \/><\/a><\/figure>\n\n<h3 class=\"wp-block-post-title\"><a href=\"https:\/\/starsforeurope.com\/es\/blog\/como-regar-la-flor-de-pascua\/\" target=\"_self\" >C\u00f3mo regar la flor de Pascua<\/a><\/h3>\n\n\n<div class=\"wp-block-group postmetaline is-nowrap is-layout-flex wp-container-core-group-is-layout-6c531013 wp-block-group-is-layout-flex\"><div class=\"wp-block-post-date\"><time datetime=\"2022-01-03T15:02:02+01:00\">03. enero 2022<\/time><\/div>\n\n<\/div>\n\n\n<div class=\"wp-block-post-excerpt\"><p class=\"wp-block-post-excerpt__excerpt\">\u00bfC\u00f3mo regar la flor de Pascua? \u00bfCada cu\u00e1nto tiempo? \u00c9stas son algunas de las dudas m\u00e1s frecuentes que tenemos a la hora de cuidar nuestra flor de Pascua.<\/p><p class=\"wp-block-post-excerpt__more-text\"><a class=\"wp-block-post-excerpt__more-link\" href=\"https:\/\/starsforeurope.com\/es\/blog\/como-regar-la-flor-de-pascua\/\">Leer m\u00e1s<\/a><\/p><\/div>\n<\/li><\/ul>\n\n\n\n<\/div>\n\n\n\n<div style=\"height:3rem\" aria-hidden=\"true\" class=\"wp-block-spacer\"><\/div>\n<\/div>","protected":false},"excerpt":{"rendered":"<p>Mant\u00e9n tus poinsettias frescas y festivas con estos sencillos consejos de riego.<\/p>\n","protected":false},"author":24,"featured_media":4350,"parent":20,"menu_order":0,"comment_status":"closed","ping_status":"closed","template":"two-column-blog-single","meta":{"_acf_changed":false,"footnotes":""},"class_list":["post-8602","page","type-page","status-publish","has-post-thumbnail","hentry"],"acf":[],"_links":{"self":[{"href":"https:\/\/starsforeurope.com\/es\/wp-json\/wp\/v2\/pages\/8602","targetHints":{"allow":["GET"]}}],"collection":[{"href":"https:\/\/starsforeurope.com\/es\/wp-json\/wp\/v2\/pages"}],"about":[{"href":"https:\/\/starsforeurope.com\/es\/wp-json\/wp\/v2\/types\/page"}],"author":[{"embeddable":true,"href":"https:\/\/starsforeurope.com\/es\/wp-json\/wp\/v2\/users\/24"}],"replies":[{"embeddable":true,"href":"https:\/\/starsforeurope.com\/es\/wp-json\/wp\/v2\/comments?post=8602"}],"version-history":[{"count":1,"href":"https:\/\/starsforeurope.com\/es\/wp-json\/wp\/v2\/pages\/8602\/revisions"}],"predecessor-version":[{"id":8603,"href":"https:\/\/starsforeurope.com\/es\/wp-json\/wp\/v2\/pages\/8602\/revisions\/8603"}],"up":[{"embeddable":true,"href":"https:\/\/starsforeurope.com\/es\/wp-json\/wp\/v2\/pages\/20"}],"wp:featuredmedia":[{"embeddable":true,"href":"https:\/\/starsforeurope.com\/es\/wp-json\/wp\/v2\/media\/4350"}],"wp:attachment":[{"href":"https:\/\/starsforeurope.com\/es\/wp-json\/wp\/v2\/media?parent=8602"}],"curies":[{"name":"wp","href":"https:\/\/api.w.org\/{rel}","templated":true}]}}