{"id":8581,"date":"2025-07-28T13:09:50","date_gmt":"2025-07-28T11:09:50","guid":{"rendered":"https:\/\/starsforeurope.com\/es\/?page_id=8581"},"modified":"2025-07-31T23:33:50","modified_gmt":"2025-07-31T21:33:50","slug":"adornos-de-mesa","status":"publish","type":"page","link":"https:\/\/starsforeurope.com\/es\/decoracion\/adornos-de-mesa\/","title":{"rendered":"Decoraci\u00f3n de mesa con Poinsettias"},"content":{"rendered":"<main class=\"wp-block-group postimage-half wide-content is-layout-flow wp-block-group-is-layout-flow\" style=\"margin-top:var(--wp--preset--spacing--50)\">\n<div style=\"height:3rem\" aria-hidden=\"true\" class=\"wp-block-spacer\"><\/div>\n\n\n\n<div class=\"wp-block-query is-layout-flow wp-block-query-is-layout-flow\"><ul class=\"columns-2 wp-block-post-template is-layout-grid wp-container-core-post-template-is-layout-37ef2942 wp-block-post-template-is-layout-grid\"><li class=\"wp-block-post post-9084 blog type-blog status-publish has-post-thumbnail hentry blog_main-adornos-de-mesa blog_main-bricolaje-upcycling blog_main-decoration\">\n<figure style=\"aspect-ratio:1;\" class=\"featuredimage wp-block-post-featured-image\"><a href=\"https:\/\/starsforeurope.com\/es\/blog\/una-decoracion-de-mesa-para-despues-de-navidad-convierte-tu-flor-de-pascua-en-algo-nuevo\/\" target=\"_self\"  ><img loading=\"lazy\" decoding=\"async\" width=\"1050\" height=\"875\" src=\"https:\/\/starsforeurope.com\/es\/wp-content\/uploads\/sites\/14\/2025\/09\/2025_Poinsettia_01120_DIY_Wallpaper_Vases_09.jpg\" class=\"attachment-post-thumbnail size-post-thumbnail wp-post-image\" alt=\"Una decoraci\u00f3n de mesa para despu\u00e9s de Navidad: convierte tu flor de Pascua en algo nuevo.\" style=\"width:100%;height:100%;object-fit:cover;\" srcset=\"https:\/\/starsforeurope.com\/es\/wp-content\/uploads\/sites\/14\/2025\/09\/2025_Poinsettia_01120_DIY_Wallpaper_Vases_09.jpg 1050w, https:\/\/starsforeurope.com\/es\/wp-content\/uploads\/sites\/14\/2025\/09\/2025_Poinsettia_01120_DIY_Wallpaper_Vases_09-300x250.jpg 300w, https:\/\/starsforeurope.com\/es\/wp-content\/uploads\/sites\/14\/2025\/09\/2025_Poinsettia_01120_DIY_Wallpaper_Vases_09-1024x853.jpg 1024w, https:\/\/starsforeurope.com\/es\/wp-content\/uploads\/sites\/14\/2025\/09\/2025_Poinsettia_01120_DIY_Wallpaper_Vases_09-768x640.jpg 768w\" sizes=\"auto, (max-width: 1050px) 100vw, 1050px\" \/><\/a><\/figure>\n\n<h3 class=\"wp-block-post-title\"><a href=\"https:\/\/starsforeurope.com\/es\/blog\/una-decoracion-de-mesa-para-despues-de-navidad-convierte-tu-flor-de-pascua-en-algo-nuevo\/\" target=\"_self\" >Una decoraci\u00f3n de mesa para despu\u00e9s de Navidad: convierte tu flor de Pascua en algo nuevo.<\/a><\/h3>\n\n\n<div class=\"wp-block-group postmetaline is-nowrap is-layout-flex wp-container-core-group-is-layout-6c531013 wp-block-group-is-layout-flex\"><div class=\"wp-block-post-date\"><time datetime=\"2025-09-29T08:52:02+02:00\">29. septiembre 2025<\/time><\/div>\n\n<\/div>\n\n\n<div class=\"wp-block-post-excerpt\"><p class=\"wp-block-post-excerpt__excerpt\">Crea una decoraci\u00f3n sostenible para tu mesa de invierno utilizando flores de Pascua. Sigue nuestras sencillas instrucciones, que generan pocos residuos, para crear una impresionante decoraci\u00f3n casera para el invierno. \u00a1Recr\u00e9ala ahora!<\/p><p class=\"wp-block-post-excerpt__more-text\"><a class=\"wp-block-post-excerpt__more-link\" href=\"https:\/\/starsforeurope.com\/es\/blog\/una-decoracion-de-mesa-para-despues-de-navidad-convierte-tu-flor-de-pascua-en-algo-nuevo\/\">Leer m\u00e1s<\/a><\/p><\/div>\n<\/li><li class=\"wp-block-post post-8305 blog type-blog status-publish has-post-thumbnail hentry blog_cat-decoration-tips blog_cat-advent-decoration blog_cat-christmas-tree-decorations blog_cat-diy blog_main-adornos-de-mesa blog_main-bricolaje-upcycling blog_main-decoration\">\n<figure style=\"aspect-ratio:1;\" class=\"featuredimage wp-block-post-featured-image\"><a href=\"https:\/\/starsforeurope.com\/es\/blog\/decoracion-navidena-artesanal-cinco-ideas-creativas-para-mini-proyectos-de-poinsettia\/\" target=\"_self\"  ><img loading=\"lazy\" decoding=\"async\" width=\"875\" height=\"1050\" src=\"https:\/\/starsforeurope.com\/es\/wp-content\/uploads\/sites\/14\/2025\/05\/2023-Poinsettia-03000-rustic-scandi-christmas-02.jpg\" class=\"attachment-post-thumbnail size-post-thumbnail wp-post-image\" alt=\"Decoraci\u00f3n navide\u00f1a artesanal: Cinco ideas creativas para mini proyectos de poinsettia\" style=\"width:100%;height:100%;object-fit:cover;\" srcset=\"https:\/\/starsforeurope.com\/es\/wp-content\/uploads\/sites\/14\/2025\/05\/2023-Poinsettia-03000-rustic-scandi-christmas-02.jpg 875w, https:\/\/starsforeurope.com\/es\/wp-content\/uploads\/sites\/14\/2025\/05\/2023-Poinsettia-03000-rustic-scandi-christmas-02-250x300.jpg 250w, https:\/\/starsforeurope.com\/es\/wp-content\/uploads\/sites\/14\/2025\/05\/2023-Poinsettia-03000-rustic-scandi-christmas-02-853x1024.jpg 853w, https:\/\/starsforeurope.com\/es\/wp-content\/uploads\/sites\/14\/2025\/05\/2023-Poinsettia-03000-rustic-scandi-christmas-02-768x922.jpg 768w, https:\/\/starsforeurope.com\/es\/wp-content\/uploads\/sites\/14\/2025\/05\/2023-Poinsettia-03000-rustic-scandi-christmas-02-563x675.jpg 563w\" sizes=\"auto, (max-width: 875px) 100vw, 875px\" \/><\/a><\/figure>\n\n<h3 class=\"wp-block-post-title\"><a href=\"https:\/\/starsforeurope.com\/es\/blog\/decoracion-navidena-artesanal-cinco-ideas-creativas-para-mini-proyectos-de-poinsettia\/\" target=\"_self\" >Decoraci\u00f3n navide\u00f1a artesanal: Cinco ideas creativas para mini proyectos de poinsettia<\/a><\/h3>\n\n\n<div class=\"wp-block-group postmetaline is-nowrap is-layout-flex wp-container-core-group-is-layout-6c531013 wp-block-group-is-layout-flex\"><div class=\"wp-block-post-date\"><time datetime=\"2024-12-09T14:07:08+01:00\">09. diciembre 2024<\/time><\/div>\n\n<\/div>\n\n\n<div class=\"wp-block-post-excerpt\"><p class=\"wp-block-post-excerpt__excerpt\">\u00bfTe apetece una decoraci\u00f3n navide\u00f1a casera y familiar? Descubre nuestras creativas ideas con mini poinsettias. Desde coronas de Adviento hasta regalos, encontrar\u00e1s instrucciones sencillas para tus proyectos festivos.<\/p><p class=\"wp-block-post-excerpt__more-text\"><a class=\"wp-block-post-excerpt__more-link\" href=\"https:\/\/starsforeurope.com\/es\/blog\/decoracion-navidena-artesanal-cinco-ideas-creativas-para-mini-proyectos-de-poinsettia\/\">Leer m\u00e1s<\/a><\/p><\/div>\n<\/li><li class=\"wp-block-post post-8234 blog type-blog status-publish has-post-thumbnail hentry blog_cat-decoration-tips blog_cat-table-decoration blog_main-adornos-de-adviento blog_main-adornos-de-mesa blog_main-decoration\">\n<figure style=\"aspect-ratio:1;\" class=\"featuredimage wp-block-post-featured-image\"><a href=\"https:\/\/starsforeurope.com\/es\/blog\/sumergete-en-el-espiritu-navideno-24-ideas-de-decoracion-con-mini-poinsettias\/\" target=\"_self\"  ><img loading=\"lazy\" decoding=\"async\" width=\"875\" height=\"1050\" src=\"https:\/\/starsforeurope.com\/es\/wp-content\/uploads\/sites\/14\/2025\/05\/2019-poinsettia-4000-christmas-miniatures-05.jpg\" class=\"attachment-post-thumbnail size-post-thumbnail wp-post-image\" alt=\"Sum\u00e9rgete en el esp\u00edritu navide\u00f1o: 24 ideas de decoraci\u00f3n con mini poinsettias\" style=\"width:100%;height:100%;object-fit:cover;\" srcset=\"https:\/\/starsforeurope.com\/es\/wp-content\/uploads\/sites\/14\/2025\/05\/2019-poinsettia-4000-christmas-miniatures-05.jpg 875w, https:\/\/starsforeurope.com\/es\/wp-content\/uploads\/sites\/14\/2025\/05\/2019-poinsettia-4000-christmas-miniatures-05-250x300.jpg 250w, https:\/\/starsforeurope.com\/es\/wp-content\/uploads\/sites\/14\/2025\/05\/2019-poinsettia-4000-christmas-miniatures-05-853x1024.jpg 853w, https:\/\/starsforeurope.com\/es\/wp-content\/uploads\/sites\/14\/2025\/05\/2019-poinsettia-4000-christmas-miniatures-05-768x922.jpg 768w, https:\/\/starsforeurope.com\/es\/wp-content\/uploads\/sites\/14\/2025\/05\/2019-poinsettia-4000-christmas-miniatures-05-563x675.jpg 563w\" sizes=\"auto, (max-width: 875px) 100vw, 875px\" \/><\/a><\/figure>\n\n<h3 class=\"wp-block-post-title\"><a href=\"https:\/\/starsforeurope.com\/es\/blog\/sumergete-en-el-espiritu-navideno-24-ideas-de-decoracion-con-mini-poinsettias\/\" target=\"_self\" >Sum\u00e9rgete en el esp\u00edritu navide\u00f1o: 24 ideas de decoraci\u00f3n con mini poinsettias<\/a><\/h3>\n\n\n<div class=\"wp-block-group postmetaline is-nowrap is-layout-flex wp-container-core-group-is-layout-6c531013 wp-block-group-is-layout-flex\"><div class=\"wp-block-post-date\"><time datetime=\"2024-12-02T14:52:04+01:00\">02. diciembre 2024<\/time><\/div>\n\n<\/div>\n\n\n<div class=\"wp-block-post-excerpt\"><p class=\"wp-block-post-excerpt__excerpt\">Crea un ambiente festivo en tu hogar con mini poinsettias. Descubre 24 ideas creativas para decorar tu corona de Adviento, tu mesa y mucho m\u00e1s. \u00a1Insp\u00edrate!<\/p><p class=\"wp-block-post-excerpt__more-text\"><a class=\"wp-block-post-excerpt__more-link\" href=\"https:\/\/starsforeurope.com\/es\/blog\/sumergete-en-el-espiritu-navideno-24-ideas-de-decoracion-con-mini-poinsettias\/\">Leer m\u00e1s<\/a><\/p><\/div>\n<\/li><li class=\"wp-block-post post-7941 blog type-blog status-publish has-post-thumbnail hentry blog_cat-care blog_cat-winter-decor blog_cat-advent-decoration blog_main-adornos-de-mesa blog_main-decoration blog_main-flores-cortadas\">\n<figure style=\"aspect-ratio:1;\" class=\"featuredimage wp-block-post-featured-image\"><a href=\"https:\/\/starsforeurope.com\/es\/blog\/5-ideas-para-incluir-la-poinsettia-en-la-decoracion-de-tu-mesa-de-navidad\/\" target=\"_self\"  ><img loading=\"lazy\" decoding=\"async\" width=\"875\" height=\"1050\" src=\"https:\/\/starsforeurope.com\/es\/wp-content\/uploads\/sites\/14\/2022\/09\/2018_poinsettia_0130_White_Christmas_02.jpg\" class=\"attachment-post-thumbnail size-post-thumbnail wp-post-image\" alt=\"5 Ideas para incluir la poinsettia en la decoraci\u00f3n de tu mesa de Navidad\" style=\"width:100%;height:100%;object-fit:cover;\" srcset=\"https:\/\/starsforeurope.com\/es\/wp-content\/uploads\/sites\/14\/2022\/09\/2018_poinsettia_0130_White_Christmas_02.jpg 875w, https:\/\/starsforeurope.com\/es\/wp-content\/uploads\/sites\/14\/2022\/09\/2018_poinsettia_0130_White_Christmas_02-250x300.jpg 250w, https:\/\/starsforeurope.com\/es\/wp-content\/uploads\/sites\/14\/2022\/09\/2018_poinsettia_0130_White_Christmas_02-853x1024.jpg 853w, https:\/\/starsforeurope.com\/es\/wp-content\/uploads\/sites\/14\/2022\/09\/2018_poinsettia_0130_White_Christmas_02-768x922.jpg 768w, https:\/\/starsforeurope.com\/es\/wp-content\/uploads\/sites\/14\/2022\/09\/2018_poinsettia_0130_White_Christmas_02-563x675.jpg 563w\" sizes=\"auto, (max-width: 875px) 100vw, 875px\" \/><\/a><\/figure>\n\n<h3 class=\"wp-block-post-title\"><a href=\"https:\/\/starsforeurope.com\/es\/blog\/5-ideas-para-incluir-la-poinsettia-en-la-decoracion-de-tu-mesa-de-navidad\/\" target=\"_self\" >5 Ideas para incluir la poinsettia en la decoraci\u00f3n de tu mesa de Navidad<\/a><\/h3>\n\n\n<div class=\"wp-block-group postmetaline is-nowrap is-layout-flex wp-container-core-group-is-layout-6c531013 wp-block-group-is-layout-flex\"><div class=\"wp-block-post-date\"><time datetime=\"2023-12-20T14:57:13+01:00\">20. diciembre 2023<\/time><\/div>\n\n<\/div>\n\n\n<div class=\"wp-block-post-excerpt\"><p class=\"wp-block-post-excerpt__excerpt\">La temporada navide\u00f1a ha llegado para iluminar nuestros hogares con alegr\u00eda y esperanza. \u00bfQu\u00e9 mejor manera de recibir a tus seres queridos en la mesa de Navidad que con una decoraci\u00f3n que refleje la magia de la ocasi\u00f3n?<\/p><p class=\"wp-block-post-excerpt__more-text\"><a class=\"wp-block-post-excerpt__more-link\" href=\"https:\/\/starsforeurope.com\/es\/blog\/5-ideas-para-incluir-la-poinsettia-en-la-decoracion-de-tu-mesa-de-navidad\/\">Leer m\u00e1s<\/a><\/p><\/div>\n<\/li><\/ul>\n\n<nav class=\"wp-block-query-pagination is-content-justification-center is-layout-flex wp-container-core-query-pagination-is-layout-a89b3969 wp-block-query-pagination-is-layout-flex\" aria-label=\"Paginaci\u00f3n\">\n\n\n<div class=\"wp-block-query-pagination-numbers has-medium-font-size\"><span aria-current=\"page\" class=\"page-numbers current\">1<\/span>\n<a class=\"page-numbers\" href=\"?query-0-page=2\">2<\/a><\/div>\n\n<a href=\"\/es\/wp-json\/wp\/v2\/pages\/8581?query-0-page=2\" class=\"wp-block-query-pagination-next\">\u22b3<\/a>\n<\/nav>\n\n<\/div>\n\n\n\n<div style=\"height:3rem\" aria-hidden=\"true\" class=\"wp-block-spacer\"><\/div>\n<\/main>","protected":false},"excerpt":{"rendered":"<p>Eleva tu experiencia gastron\u00f3mica con impresionantes centros de mesa y acentos de flor de pascua. Perfectas para a\u00f1adir un toque festivo a cualquier mesa.<\/p>\n","protected":false},"author":24,"featured_media":0,"parent":22,"menu_order":0,"comment_status":"closed","ping_status":"closed","template":"two-column-blog-single","meta":{"_acf_changed":false,"footnotes":""},"class_list":["post-8581","page","type-page","status-publish","hentry"],"acf":[],"_links":{"self":[{"href":"https:\/\/starsforeurope.com\/es\/wp-json\/wp\/v2\/pages\/8581","targetHints":{"allow":["GET"]}}],"collection":[{"href":"https:\/\/starsforeurope.com\/es\/wp-json\/wp\/v2\/pages"}],"about":[{"href":"https:\/\/starsforeurope.com\/es\/wp-json\/wp\/v2\/types\/page"}],"author":[{"embeddable":true,"href":"https:\/\/starsforeurope.com\/es\/wp-json\/wp\/v2\/users\/24"}],"replies":[{"embeddable":true,"href":"https:\/\/starsforeurope.com\/es\/wp-json\/wp\/v2\/comments?post=8581"}],"version-history":[{"count":2,"href":"https:\/\/starsforeurope.com\/es\/wp-json\/wp\/v2\/pages\/8581\/revisions"}],"predecessor-version":[{"id":8628,"href":"https:\/\/starsforeurope.com\/es\/wp-json\/wp\/v2\/pages\/8581\/revisions\/8628"}],"up":[{"embeddable":true,"href":"https:\/\/starsforeurope.com\/es\/wp-json\/wp\/v2\/pages\/22"}],"wp:attachment":[{"href":"https:\/\/starsforeurope.com\/es\/wp-json\/wp\/v2\/media?parent=8581"}],"curies":[{"name":"wp","href":"https:\/\/api.w.org\/{rel}","templated":true}]}}