{"id":8578,"date":"2025-07-28T13:02:48","date_gmt":"2025-07-28T11:02:48","guid":{"rendered":"https:\/\/starsforeurope.com\/es\/?page_id=8578"},"modified":"2025-11-18T07:53:00","modified_gmt":"2025-11-18T06:53:00","slug":"flores-cortadas","status":"publish","type":"page","link":"https:\/\/starsforeurope.com\/es\/decoracion\/flores-cortadas\/","title":{"rendered":"Decoraci\u00f3n con Poinsettias cortadas"},"content":{"rendered":"<main class=\"wp-block-group postimage-half wide-content is-layout-flow wp-block-group-is-layout-flow\" style=\"margin-top:var(--wp--preset--spacing--50)\">\n<div style=\"height:3rem\" aria-hidden=\"true\" class=\"wp-block-spacer\"><\/div>\n\n\n\n<div class=\"wp-block-query is-layout-flow wp-block-query-is-layout-flow\"><ul class=\"columns-2 wp-block-post-template is-layout-grid wp-container-core-post-template-is-layout-37ef2942 wp-block-post-template-is-layout-grid\"><li class=\"wp-block-post post-7941 blog type-blog status-publish has-post-thumbnail hentry blog_cat-care blog_cat-winter-decor blog_cat-advent-decoration blog_main-adornos-de-mesa blog_main-decoration blog_main-flores-cortadas\">\n<figure style=\"aspect-ratio:1;\" class=\"featuredimage wp-block-post-featured-image\"><a href=\"https:\/\/starsforeurope.com\/es\/blog\/5-ideas-para-incluir-la-poinsettia-en-la-decoracion-de-tu-mesa-de-navidad\/\" target=\"_self\"  ><img loading=\"lazy\" decoding=\"async\" width=\"875\" height=\"1050\" src=\"https:\/\/starsforeurope.com\/es\/wp-content\/uploads\/sites\/14\/2022\/09\/2018_poinsettia_0130_White_Christmas_02.jpg\" class=\"attachment-post-thumbnail size-post-thumbnail wp-post-image\" alt=\"5 Ideas para incluir la poinsettia en la decoraci\u00f3n de tu mesa de Navidad\" style=\"width:100%;height:100%;object-fit:cover;\" srcset=\"https:\/\/starsforeurope.com\/es\/wp-content\/uploads\/sites\/14\/2022\/09\/2018_poinsettia_0130_White_Christmas_02.jpg 875w, https:\/\/starsforeurope.com\/es\/wp-content\/uploads\/sites\/14\/2022\/09\/2018_poinsettia_0130_White_Christmas_02-250x300.jpg 250w, https:\/\/starsforeurope.com\/es\/wp-content\/uploads\/sites\/14\/2022\/09\/2018_poinsettia_0130_White_Christmas_02-853x1024.jpg 853w, https:\/\/starsforeurope.com\/es\/wp-content\/uploads\/sites\/14\/2022\/09\/2018_poinsettia_0130_White_Christmas_02-768x922.jpg 768w, https:\/\/starsforeurope.com\/es\/wp-content\/uploads\/sites\/14\/2022\/09\/2018_poinsettia_0130_White_Christmas_02-563x675.jpg 563w\" sizes=\"auto, (max-width: 875px) 100vw, 875px\" \/><\/a><\/figure>\n\n<h3 class=\"wp-block-post-title\"><a href=\"https:\/\/starsforeurope.com\/es\/blog\/5-ideas-para-incluir-la-poinsettia-en-la-decoracion-de-tu-mesa-de-navidad\/\" target=\"_self\" >5 Ideas para incluir la poinsettia en la decoraci\u00f3n de tu mesa de Navidad<\/a><\/h3>\n\n\n<div class=\"wp-block-group postmetaline is-nowrap is-layout-flex wp-container-core-group-is-layout-6c531013 wp-block-group-is-layout-flex\"><div class=\"wp-block-post-date\"><time datetime=\"2023-12-20T14:57:13+01:00\">20. diciembre 2023<\/time><\/div>\n\n<\/div>\n\n\n<div class=\"wp-block-post-excerpt\"><p class=\"wp-block-post-excerpt__excerpt\">La temporada navide\u00f1a ha llegado para iluminar nuestros hogares con alegr\u00eda y esperanza. \u00bfQu\u00e9 mejor manera de recibir a tus seres queridos en la mesa de Navidad que con una decoraci\u00f3n que refleje la magia de la ocasi\u00f3n?<\/p><p class=\"wp-block-post-excerpt__more-text\"><a class=\"wp-block-post-excerpt__more-link\" href=\"https:\/\/starsforeurope.com\/es\/blog\/5-ideas-para-incluir-la-poinsettia-en-la-decoracion-de-tu-mesa-de-navidad\/\">Leer m\u00e1s<\/a><\/p><\/div>\n<\/li><li class=\"wp-block-post post-7788 blog type-blog status-publish has-post-thumbnail hentry blog_cat-decoration-tips blog_cat-cut-flower blog_main-decoration blog_main-flores-cortadas\">\n<figure style=\"aspect-ratio:1;\" class=\"featuredimage wp-block-post-featured-image\"><a href=\"https:\/\/starsforeurope.com\/es\/blog\/vive-tus-suenos-decorativos-usando-poinsettias-como-flores-cortadas\/\" target=\"_self\"  ><img loading=\"lazy\" decoding=\"async\" width=\"875\" height=\"1050\" src=\"https:\/\/starsforeurope.com\/es\/wp-content\/uploads\/sites\/14\/2023\/10\/2021-poinsettia-05000-christma.jpg\" class=\"attachment-post-thumbnail size-post-thumbnail wp-post-image\" alt=\"Utilizaci\u00f3n de la flor de Pascua como flor cortada: Ideas de decoraci\u00f3n, preferencias, t\u00e9cnica de corte e historia\" style=\"width:100%;height:100%;object-fit:cover;\" srcset=\"https:\/\/starsforeurope.com\/es\/wp-content\/uploads\/sites\/14\/2023\/10\/2021-poinsettia-05000-christma.jpg 875w, https:\/\/starsforeurope.com\/es\/wp-content\/uploads\/sites\/14\/2023\/10\/2021-poinsettia-05000-christma-250x300.jpg 250w, https:\/\/starsforeurope.com\/es\/wp-content\/uploads\/sites\/14\/2023\/10\/2021-poinsettia-05000-christma-853x1024.jpg 853w, https:\/\/starsforeurope.com\/es\/wp-content\/uploads\/sites\/14\/2023\/10\/2021-poinsettia-05000-christma-768x922.jpg 768w, https:\/\/starsforeurope.com\/es\/wp-content\/uploads\/sites\/14\/2023\/10\/2021-poinsettia-05000-christma-563x675.jpg 563w\" sizes=\"auto, (max-width: 875px) 100vw, 875px\" \/><\/a><\/figure>\n\n<h3 class=\"wp-block-post-title\"><a href=\"https:\/\/starsforeurope.com\/es\/blog\/vive-tus-suenos-decorativos-usando-poinsettias-como-flores-cortadas\/\" target=\"_self\" >Utilizaci\u00f3n de la flor de Pascua como flor cortada: Ideas de decoraci\u00f3n, preferencias, t\u00e9cnica de corte e historia<\/a><\/h3>\n\n\n<div class=\"wp-block-group postmetaline is-nowrap is-layout-flex wp-container-core-group-is-layout-6c531013 wp-block-group-is-layout-flex\"><div class=\"wp-block-post-date\"><time datetime=\"2023-11-17T01:47:43+01:00\">17. noviembre 2023<\/time><\/div>\n\n<\/div>\n\n\n<div class=\"wp-block-post-excerpt\"><p class=\"wp-block-post-excerpt__excerpt\">\u00bfLo sab\u00edas? La flor de Pascua dura hasta dos semanas como flor cortada; tanto como las rosas. \u00a1Vive tus sue\u00f1os de decoraci\u00f3n!<\/p><p class=\"wp-block-post-excerpt__more-text\"><a class=\"wp-block-post-excerpt__more-link\" href=\"https:\/\/starsforeurope.com\/es\/blog\/vive-tus-suenos-decorativos-usando-poinsettias-como-flores-cortadas\/\">Leer m\u00e1s<\/a><\/p><\/div>\n<\/li><\/ul>\n\n\n\n<\/div>\n\n\n\n<div style=\"height:3rem\" aria-hidden=\"true\" class=\"wp-block-spacer\"><\/div>\n<\/main>\n\n\n\n<p><\/p>","protected":false},"excerpt":{"rendered":"<p>Aprende a cuidar y estilizar las poinsettias cortadas para a\u00f1adir un toque festivo a tus arreglos florales esta temporada.<\/p>\n","protected":false},"author":24,"featured_media":9090,"parent":22,"menu_order":0,"comment_status":"closed","ping_status":"closed","template":"two-column-blog-single","meta":{"_acf_changed":false,"footnotes":""},"class_list":["post-8578","page","type-page","status-publish","has-post-thumbnail","hentry"],"acf":[],"_links":{"self":[{"href":"https:\/\/starsforeurope.com\/es\/wp-json\/wp\/v2\/pages\/8578","targetHints":{"allow":["GET"]}}],"collection":[{"href":"https:\/\/starsforeurope.com\/es\/wp-json\/wp\/v2\/pages"}],"about":[{"href":"https:\/\/starsforeurope.com\/es\/wp-json\/wp\/v2\/types\/page"}],"author":[{"embeddable":true,"href":"https:\/\/starsforeurope.com\/es\/wp-json\/wp\/v2\/users\/24"}],"replies":[{"embeddable":true,"href":"https:\/\/starsforeurope.com\/es\/wp-json\/wp\/v2\/comments?post=8578"}],"version-history":[{"count":4,"href":"https:\/\/starsforeurope.com\/es\/wp-json\/wp\/v2\/pages\/8578\/revisions"}],"predecessor-version":[{"id":9122,"href":"https:\/\/starsforeurope.com\/es\/wp-json\/wp\/v2\/pages\/8578\/revisions\/9122"}],"up":[{"embeddable":true,"href":"https:\/\/starsforeurope.com\/es\/wp-json\/wp\/v2\/pages\/22"}],"wp:featuredmedia":[{"embeddable":true,"href":"https:\/\/starsforeurope.com\/es\/wp-json\/wp\/v2\/media\/9090"}],"wp:attachment":[{"href":"https:\/\/starsforeurope.com\/es\/wp-json\/wp\/v2\/media?parent=8578"}],"curies":[{"name":"wp","href":"https:\/\/api.w.org\/{rel}","templated":true}]}}