{"id":5,"date":"2021-11-17T18:26:06","date_gmt":"2021-11-17T18:26:06","guid":{"rendered":"https:\/\/weihnachtsstern.kinsta.cloud\/es\/?page_id=5"},"modified":"2025-07-28T15:01:12","modified_gmt":"2025-07-28T13:01:12","slug":"home","status":"publish","type":"page","link":"https:\/\/starsforeurope.com\/es\/","title":{"rendered":"Inspiraci\u00f3n e informaci\u00f3n sobre la flor de Pascua"},"content":{"rendered":"<h2 class=\"wp-block-heading\">Consulta nuestros \u00faltimos posts<\/h2>\n\n\n\n<p><\/p>","protected":false},"excerpt":{"rendered":"<p>Las flores de Pascua aportan color y alegr\u00eda al hogar durante el oto\u00f1o y el invierno. Aqu\u00ed encontrar\u00e1s todo lo que necesitas para crear bonitas decoraciones de Adviento y Navidad.<\/p>\n","protected":false},"author":1,"featured_media":4349,"parent":0,"menu_order":0,"comment_status":"closed","ping_status":"closed","template":"two-column-blog-single","meta":{"_acf_changed":false,"footnotes":""},"class_list":["post-5","page","type-page","status-publish","has-post-thumbnail","hentry"],"acf":[],"_links":{"self":[{"href":"https:\/\/starsforeurope.com\/es\/wp-json\/wp\/v2\/pages\/5","targetHints":{"allow":["GET"]}}],"collection":[{"href":"https:\/\/starsforeurope.com\/es\/wp-json\/wp\/v2\/pages"}],"about":[{"href":"https:\/\/starsforeurope.com\/es\/wp-json\/wp\/v2\/types\/page"}],"author":[{"embeddable":true,"href":"https:\/\/starsforeurope.com\/es\/wp-json\/wp\/v2\/users\/1"}],"replies":[{"embeddable":true,"href":"https:\/\/starsforeurope.com\/es\/wp-json\/wp\/v2\/comments?post=5"}],"version-history":[{"count":47,"href":"https:\/\/starsforeurope.com\/es\/wp-json\/wp\/v2\/pages\/5\/revisions"}],"predecessor-version":[{"id":8614,"href":"https:\/\/starsforeurope.com\/es\/wp-json\/wp\/v2\/pages\/5\/revisions\/8614"}],"wp:featuredmedia":[{"embeddable":true,"href":"https:\/\/starsforeurope.com\/es\/wp-json\/wp\/v2\/media\/4349"}],"wp:attachment":[{"href":"https:\/\/starsforeurope.com\/es\/wp-json\/wp\/v2\/media?parent=5"}],"curies":[{"name":"wp","href":"https:\/\/api.w.org\/{rel}","templated":true}]}}