{"id":487,"date":"2021-12-17T12:27:34","date_gmt":"2021-12-17T12:27:34","guid":{"rendered":"https:\/\/weihnachtsstern.kinsta.cloud\/es\/?page_id=487"},"modified":"2025-10-17T14:08:52","modified_gmt":"2025-10-17T12:08:52","slug":"aviso-legal","status":"publish","type":"page","link":"https:\/\/starsforeurope.com\/es\/aviso-legal\/","title":{"rendered":"Aviso Legal"},"content":{"rendered":"<div class=\"wp-block-columns is-layout-flex wp-container-core-columns-is-layout-28f84493 wp-block-columns-is-layout-flex\">\n<div class=\"wp-block-column is-layout-flow wp-block-column-is-layout-flow\">\n<h2 class=\"wp-block-heading\">Pol\u00edtica general de privacidad<\/h2>\n\n\n\n<p>El responsable en el sentido del \u00a7 6 Teledienstgesetz o Mediendienste Staatsvertrag es:<\/p>\n\n\n\n<p>Stars for Europe GbR\n<br>c\/o Zentralverband Gartenbau\n<br>Bornheimerstra\u00dfe 37\n<br>53111 Bonn\n<br>Alemania\n<br>Director Gerente: Dr. Ulrich Sander \/ \/ Gestora de proyectos europeos:\n<br>Dra. Susanne Lux<\/p>\n\n\n\n<p>Telefon: + 49 2644 981333\n<br>Email: susanne.lux(at)meclux.de<\/p>\n\n\n\n<p>C\u00f3digo de Identificaci\u00f3n Fiscal: DE815617238\n<br>C\u00f3digo de Identificaci\u00f3n Fiscal: 206\/5802\/0875<\/p>\n\n\n\n<h2 class=\"wp-block-heading\">Exenci\u00f3n de responsabilidad<\/h2>\n\n\n\n<p>Las opiniones y puntos de vista expresados solo comprometen a su(s) autor(es) y no reflejan necesariamente los de la Uni\u00f3n Europea o de la Agencia Ejecutiva Europea de Investigaci\u00f3n (REA). Ni la Uni\u00f3n Europea ni la autoridad otorgante pueden ser considerados responsables de ellos.<\/p>\n<\/div>\n<\/div>\n\n\n\n<div class=\"wp-block-columns is-layout-flex wp-container-core-columns-is-layout-28f84493 wp-block-columns-is-layout-flex\"><\/div>","protected":false},"excerpt":{"rendered":"<p>Pol\u00edtica general de privacidad El responsable en el sentido del \u00a7 6 Teledienstgesetz o Mediendienste Staatsvertrag es: Stars for Europe GbR c\/o Zentralverband Gartenbau Bornheimerstra\u00dfe 37 53111 Bonn Alemania Director Gerente: Dr. Ulrich Sander \/ \/ Gestora de proyectos europeos: Dra. Susanne Lux Telefon: + 49 2644 981333 Email: susanne.lux(at)meclux.de C\u00f3digo de Identificaci\u00f3n Fiscal: DE815617238 [&hellip;]<\/p>\n","protected":false},"author":1,"featured_media":0,"parent":0,"menu_order":0,"comment_status":"closed","ping_status":"closed","template":"simple-post-no-header-image","meta":{"_acf_changed":false,"footnotes":""},"class_list":["post-487","page","type-page","status-publish","hentry"],"acf":[],"_links":{"self":[{"href":"https:\/\/starsforeurope.com\/es\/wp-json\/wp\/v2\/pages\/487","targetHints":{"allow":["GET"]}}],"collection":[{"href":"https:\/\/starsforeurope.com\/es\/wp-json\/wp\/v2\/pages"}],"about":[{"href":"https:\/\/starsforeurope.com\/es\/wp-json\/wp\/v2\/types\/page"}],"author":[{"embeddable":true,"href":"https:\/\/starsforeurope.com\/es\/wp-json\/wp\/v2\/users\/1"}],"replies":[{"embeddable":true,"href":"https:\/\/starsforeurope.com\/es\/wp-json\/wp\/v2\/comments?post=487"}],"version-history":[{"count":19,"href":"https:\/\/starsforeurope.com\/es\/wp-json\/wp\/v2\/pages\/487\/revisions"}],"predecessor-version":[{"id":9093,"href":"https:\/\/starsforeurope.com\/es\/wp-json\/wp\/v2\/pages\/487\/revisions\/9093"}],"wp:attachment":[{"href":"https:\/\/starsforeurope.com\/es\/wp-json\/wp\/v2\/media?parent=487"}],"curies":[{"name":"wp","href":"https:\/\/api.w.org\/{rel}","templated":true}]}}