{"id":26,"date":"2021-11-17T18:56:53","date_gmt":"2021-11-17T18:56:53","guid":{"rendered":"https:\/\/weihnachtsstern.kinsta.cloud\/es\/?page_id=26"},"modified":"2025-07-31T23:33:50","modified_gmt":"2025-07-31T21:33:50","slug":"conocimientos","status":"publish","type":"page","link":"https:\/\/starsforeurope.com\/es\/conocimientos\/","title":{"rendered":"Descubre todo lo que necesitas saber sobre esta planta festiva tan especial"},"content":{"rendered":"<h2 class=\"wp-block-heading\">Informaci\u00f3n esencial sobre las flores de Pascua<\/h2>\n\n\n\n<main class=\"wp-block-group postimage-half wide-content is-layout-flow wp-block-group-is-layout-flow\" style=\"margin-top:var(--wp--preset--spacing--50)\">\n<div style=\"height:3rem\" aria-hidden=\"true\" class=\"wp-block-spacer\"><\/div>\n\n\n\n<div class=\"wp-block-query is-layout-flow wp-block-query-is-layout-flow\"><ul class=\"columns-2 wp-block-post-template is-layout-grid wp-container-core-post-template-is-layout-37ef2942 wp-block-post-template-is-layout-grid\"><li class=\"wp-block-post post-9087 blog type-blog status-publish has-post-thumbnail hentry blog_main-conocimientos blog_main-vale-la-pena-saber\">\n<figure style=\"aspect-ratio:1;\" class=\"featuredimage wp-block-post-featured-image\"><a href=\"https:\/\/starsforeurope.com\/es\/blog\/la-flor-de-pascua-un-simbolo-navideno-en-todo-el-mundo\/\" target=\"_self\"  ><img loading=\"lazy\" decoding=\"async\" width=\"1050\" height=\"875\" src=\"https:\/\/starsforeurope.com\/es\/wp-content\/uploads\/sites\/14\/2025\/09\/2022_poinsettia_06000_Christmas_Warmth_03.jpg\" class=\"attachment-post-thumbnail size-post-thumbnail wp-post-image\" alt=\"Significado de la flor de Pascua: simbolismo, origen e inspiraci\u00f3n para el Adviento\" style=\"width:100%;height:100%;object-fit:cover;\" srcset=\"https:\/\/starsforeurope.com\/es\/wp-content\/uploads\/sites\/14\/2025\/09\/2022_poinsettia_06000_Christmas_Warmth_03.jpg 1050w, https:\/\/starsforeurope.com\/es\/wp-content\/uploads\/sites\/14\/2025\/09\/2022_poinsettia_06000_Christmas_Warmth_03-300x250.jpg 300w, https:\/\/starsforeurope.com\/es\/wp-content\/uploads\/sites\/14\/2025\/09\/2022_poinsettia_06000_Christmas_Warmth_03-1024x853.jpg 1024w, https:\/\/starsforeurope.com\/es\/wp-content\/uploads\/sites\/14\/2025\/09\/2022_poinsettia_06000_Christmas_Warmth_03-768x640.jpg 768w\" sizes=\"auto, (max-width: 1050px) 100vw, 1050px\" \/><\/a><\/figure>\n\n<h3 class=\"wp-block-post-title\"><a href=\"https:\/\/starsforeurope.com\/es\/blog\/la-flor-de-pascua-un-simbolo-navideno-en-todo-el-mundo\/\" target=\"_self\" >Significado de la flor de Pascua: simbolismo, origen e inspiraci\u00f3n para el Adviento<\/a><\/h3>\n\n\n<div class=\"wp-block-group postmetaline is-nowrap is-layout-flex wp-container-core-group-is-layout-6c531013 wp-block-group-is-layout-flex\"><div class=\"wp-block-post-date\"><time datetime=\"2025-09-26T09:24:55+02:00\">26. septiembre 2025<\/time><\/div>\n\n<\/div>\n\n\n<div class=\"wp-block-post-excerpt\"><p class=\"wp-block-post-excerpt__excerpt\">El d\u00eda est\u00e1 gris, \u00a1pero dentro hay alegr\u00eda! Las poinsettias aportan color y significado a los meses de invierno, conectando a toda Europa.<\/p><p class=\"wp-block-post-excerpt__more-text\"><a class=\"wp-block-post-excerpt__more-link\" href=\"https:\/\/starsforeurope.com\/es\/blog\/la-flor-de-pascua-un-simbolo-navideno-en-todo-el-mundo\/\">Leer m\u00e1s<\/a><\/p><\/div>\n<\/li><li class=\"wp-block-post post-8237 blog type-blog status-publish has-post-thumbnail hentry blog_cat-decoration-tips blog_cat-care blog_cat-diy blog_main-bricolaje-upcycling blog_main-conocimientos blog_main-decoration blog_main-vale-la-pena-saber\">\n<figure style=\"aspect-ratio:1;\" class=\"featuredimage wp-block-post-featured-image\"><a href=\"https:\/\/starsforeurope.com\/es\/blog\/diy-como-hacer-un-regalo-con-mini-poinsettias-flores-de-pascua\/\" target=\"_self\"  ><img loading=\"lazy\" decoding=\"async\" width=\"875\" height=\"1050\" src=\"https:\/\/starsforeurope.com\/es\/wp-content\/uploads\/sites\/14\/2025\/05\/2022-poinsettia-03000-varieties-06.jpg\" class=\"attachment-post-thumbnail size-post-thumbnail wp-post-image\" alt=\"Mini poinsettias los mejores consejos para su cuidado y decoraci\u00f3n\" style=\"width:100%;height:100%;object-fit:cover;\" srcset=\"https:\/\/starsforeurope.com\/es\/wp-content\/uploads\/sites\/14\/2025\/05\/2022-poinsettia-03000-varieties-06.jpg 875w, https:\/\/starsforeurope.com\/es\/wp-content\/uploads\/sites\/14\/2025\/05\/2022-poinsettia-03000-varieties-06-250x300.jpg 250w, https:\/\/starsforeurope.com\/es\/wp-content\/uploads\/sites\/14\/2025\/05\/2022-poinsettia-03000-varieties-06-853x1024.jpg 853w, https:\/\/starsforeurope.com\/es\/wp-content\/uploads\/sites\/14\/2025\/05\/2022-poinsettia-03000-varieties-06-768x922.jpg 768w, https:\/\/starsforeurope.com\/es\/wp-content\/uploads\/sites\/14\/2025\/05\/2022-poinsettia-03000-varieties-06-563x675.jpg 563w\" sizes=\"auto, (max-width: 875px) 100vw, 875px\" \/><\/a><\/figure>\n\n<h3 class=\"wp-block-post-title\"><a href=\"https:\/\/starsforeurope.com\/es\/blog\/diy-como-hacer-un-regalo-con-mini-poinsettias-flores-de-pascua\/\" target=\"_self\" >Mini poinsettias los mejores consejos para su cuidado y decoraci\u00f3n<\/a><\/h3>\n\n\n<div class=\"wp-block-group postmetaline is-nowrap is-layout-flex wp-container-core-group-is-layout-6c531013 wp-block-group-is-layout-flex\"><div class=\"wp-block-post-date\"><time datetime=\"2024-12-06T13:12:08+01:00\">06. diciembre 2024<\/time><\/div>\n\n<\/div>\n\n\n<div class=\"wp-block-post-excerpt\"><p class=\"wp-block-post-excerpt__excerpt\">Las coloridas mini poinsettias son una magn\u00edfica decoraci\u00f3n y un bonito regalo para estas fiestas. Aqu\u00ed tienes algunos consejos de expertos sobre cuidados e ideas de decoraci\u00f3n.<\/p><p class=\"wp-block-post-excerpt__more-text\"><a class=\"wp-block-post-excerpt__more-link\" href=\"https:\/\/starsforeurope.com\/es\/blog\/diy-como-hacer-un-regalo-con-mini-poinsettias-flores-de-pascua\/\">Leer m\u00e1s<\/a><\/p><\/div>\n<\/li><li class=\"wp-block-post post-8139 blog type-blog status-publish has-post-thumbnail hentry blog_cat-care blog_main-conocimientos blog_main-cuidado blog_main-cuidados-generales blog_main-vale-la-pena-saber\">\n<figure style=\"aspect-ratio:1;\" class=\"featuredimage wp-block-post-featured-image\"><a href=\"https:\/\/starsforeurope.com\/es\/blog\/conservar-flores-de-pascua-durante-el-verano-y-hacer-que-vuelvan-a-florecer\/\" target=\"_self\"  ><img loading=\"lazy\" decoding=\"async\" width=\"875\" height=\"1050\" src=\"https:\/\/starsforeurope.com\/es\/wp-content\/uploads\/sites\/14\/2024\/10\/2019-weihnachtsstern-2000-weihnachts-wunderland-38.jpg\" class=\"attachment-post-thumbnail size-post-thumbnail wp-post-image\" alt=\"Conservar flores de Pascua durante el verano y hacer que vuelvan a florecer\" style=\"width:100%;height:100%;object-fit:cover;\" srcset=\"https:\/\/starsforeurope.com\/es\/wp-content\/uploads\/sites\/14\/2024\/10\/2019-weihnachtsstern-2000-weihnachts-wunderland-38.jpg 875w, https:\/\/starsforeurope.com\/es\/wp-content\/uploads\/sites\/14\/2024\/10\/2019-weihnachtsstern-2000-weihnachts-wunderland-38-250x300.jpg 250w, https:\/\/starsforeurope.com\/es\/wp-content\/uploads\/sites\/14\/2024\/10\/2019-weihnachtsstern-2000-weihnachts-wunderland-38-853x1024.jpg 853w, https:\/\/starsforeurope.com\/es\/wp-content\/uploads\/sites\/14\/2024\/10\/2019-weihnachtsstern-2000-weihnachts-wunderland-38-768x922.jpg 768w, https:\/\/starsforeurope.com\/es\/wp-content\/uploads\/sites\/14\/2024\/10\/2019-weihnachtsstern-2000-weihnachts-wunderland-38-563x675.jpg 563w\" sizes=\"auto, (max-width: 875px) 100vw, 875px\" \/><\/a><\/figure>\n\n<h3 class=\"wp-block-post-title\"><a href=\"https:\/\/starsforeurope.com\/es\/blog\/conservar-flores-de-pascua-durante-el-verano-y-hacer-que-vuelvan-a-florecer\/\" target=\"_self\" >Conservar flores de Pascua durante el verano y hacer que vuelvan a florecer<\/a><\/h3>\n\n\n<div class=\"wp-block-group postmetaline is-nowrap is-layout-flex wp-container-core-group-is-layout-6c531013 wp-block-group-is-layout-flex\"><div class=\"wp-block-post-date\"><time datetime=\"2024-11-18T10:06:56+01:00\">18. noviembre 2024<\/time><\/div>\n\n<\/div>\n\n\n<div class=\"wp-block-post-excerpt\"><p class=\"wp-block-post-excerpt__excerpt\">Consejos y trucos para que tu flor de Pascua vuelva a florecer: c\u00f3mo pasar el verano, trasplantar y preparar adecuadamente la pr\u00f3xima floraci\u00f3n.<\/p><p class=\"wp-block-post-excerpt__more-text\"><a class=\"wp-block-post-excerpt__more-link\" href=\"https:\/\/starsforeurope.com\/es\/blog\/conservar-flores-de-pascua-durante-el-verano-y-hacer-que-vuelvan-a-florecer\/\">Leer m\u00e1s<\/a><\/p><\/div>\n<\/li><li class=\"wp-block-post post-7912 blog type-blog status-publish has-post-thumbnail hentry blog_cat-care blog_cat-interesting-facts blog_cat-variety blog_main-conocimientos blog_main-cuidado blog_main-cuidados-generales blog_main-vale-la-pena-saber\">\n<figure style=\"aspect-ratio:1;\" class=\"featuredimage wp-block-post-featured-image\"><a href=\"https:\/\/starsforeurope.com\/es\/blog\/flor-de-pascua-como-hacer-que-se-ponga-roja\/\" target=\"_self\"  ><img loading=\"lazy\" decoding=\"async\" width=\"785\" height=\"1050\" src=\"https:\/\/starsforeurope.com\/es\/wp-content\/uploads\/sites\/14\/2023\/12\/2023_poinsettia_01000_Jewels_of_Nature_16.jpg\" class=\"attachment-post-thumbnail size-post-thumbnail wp-post-image\" alt=\"Flor de Pascua, \u00bfc\u00f3mo hacer que se ponga roja?\" style=\"width:100%;height:100%;object-fit:cover;\" srcset=\"https:\/\/starsforeurope.com\/es\/wp-content\/uploads\/sites\/14\/2023\/12\/2023_poinsettia_01000_Jewels_of_Nature_16.jpg 785w, https:\/\/starsforeurope.com\/es\/wp-content\/uploads\/sites\/14\/2023\/12\/2023_poinsettia_01000_Jewels_of_Nature_16-224x300.jpg 224w, https:\/\/starsforeurope.com\/es\/wp-content\/uploads\/sites\/14\/2023\/12\/2023_poinsettia_01000_Jewels_of_Nature_16-766x1024.jpg 766w, https:\/\/starsforeurope.com\/es\/wp-content\/uploads\/sites\/14\/2023\/12\/2023_poinsettia_01000_Jewels_of_Nature_16-768x1027.jpg 768w, https:\/\/starsforeurope.com\/es\/wp-content\/uploads\/sites\/14\/2023\/12\/2023_poinsettia_01000_Jewels_of_Nature_16-505x675.jpg 505w\" sizes=\"auto, (max-width: 785px) 100vw, 785px\" \/><\/a><\/figure>\n\n<h3 class=\"wp-block-post-title\"><a href=\"https:\/\/starsforeurope.com\/es\/blog\/flor-de-pascua-como-hacer-que-se-ponga-roja\/\" target=\"_self\" >Flor de Pascua, \u00bfc\u00f3mo hacer que se ponga roja?<\/a><\/h3>\n\n\n<div class=\"wp-block-group postmetaline is-nowrap is-layout-flex wp-container-core-group-is-layout-6c531013 wp-block-group-is-layout-flex\"><div class=\"wp-block-post-date\"><time datetime=\"2023-12-15T13:08:03+01:00\">15. diciembre 2023<\/time><\/div>\n\n<\/div>\n\n\n<div class=\"wp-block-post-excerpt\"><p class=\"wp-block-post-excerpt__excerpt\">Esta es la soluci\u00f3n para que tu flor de Pascua se ponga roja.<\/p><p class=\"wp-block-post-excerpt__more-text\"><a class=\"wp-block-post-excerpt__more-link\" href=\"https:\/\/starsforeurope.com\/es\/blog\/flor-de-pascua-como-hacer-que-se-ponga-roja\/\">Leer m\u00e1s<\/a><\/p><\/div>\n<\/li><\/ul>\n\n<nav class=\"wp-block-query-pagination is-content-justification-center is-layout-flex wp-container-core-query-pagination-is-layout-a89b3969 wp-block-query-pagination-is-layout-flex\" aria-label=\"Paginaci\u00f3n\">\n\n\n<div class=\"wp-block-query-pagination-numbers has-medium-font-size\"><span aria-current=\"page\" class=\"page-numbers current\">1<\/span>\n<a class=\"page-numbers\" href=\"?query-0-page=2\">2<\/a>\n<a class=\"page-numbers\" href=\"?query-0-page=3\">3<\/a>\n<a class=\"page-numbers\" href=\"?query-0-page=4\">4<\/a><\/div>\n\n<a href=\"\/es\/wp-json\/wp\/v2\/pages\/26?query-0-page=2\" class=\"wp-block-query-pagination-next\">\u22b3<\/a>\n<\/nav>\n\n<\/div>\n\n\n\n<div style=\"height:3rem\" aria-hidden=\"true\" class=\"wp-block-spacer\"><\/div>\n<\/main>","protected":false},"excerpt":{"rendered":"<p>Es una de las plantas m\u00e1s populares del mundo, pero \u00bfcu\u00e1nto sabes sobre la flor de Pascua? Puede que te sorprenda. Explora su fascinante historia, su origen, sus usos y su gama de variedades.<\/p>\n","protected":false},"author":1,"featured_media":4353,"parent":0,"menu_order":0,"comment_status":"closed","ping_status":"closed","template":"two-column-blog-single","meta":{"_acf_changed":false,"footnotes":""},"class_list":["post-26","page","type-page","status-publish","has-post-thumbnail","hentry"],"acf":[],"_links":{"self":[{"href":"https:\/\/starsforeurope.com\/es\/wp-json\/wp\/v2\/pages\/26","targetHints":{"allow":["GET"]}}],"collection":[{"href":"https:\/\/starsforeurope.com\/es\/wp-json\/wp\/v2\/pages"}],"about":[{"href":"https:\/\/starsforeurope.com\/es\/wp-json\/wp\/v2\/types\/page"}],"author":[{"embeddable":true,"href":"https:\/\/starsforeurope.com\/es\/wp-json\/wp\/v2\/users\/1"}],"replies":[{"embeddable":true,"href":"https:\/\/starsforeurope.com\/es\/wp-json\/wp\/v2\/comments?post=26"}],"version-history":[{"count":42,"href":"https:\/\/starsforeurope.com\/es\/wp-json\/wp\/v2\/pages\/26\/revisions"}],"predecessor-version":[{"id":8616,"href":"https:\/\/starsforeurope.com\/es\/wp-json\/wp\/v2\/pages\/26\/revisions\/8616"}],"wp:featuredmedia":[{"embeddable":true,"href":"https:\/\/starsforeurope.com\/es\/wp-json\/wp\/v2\/media\/4353"}],"wp:attachment":[{"href":"https:\/\/starsforeurope.com\/es\/wp-json\/wp\/v2\/media?parent=26"}],"curies":[{"name":"wp","href":"https:\/\/api.w.org\/{rel}","templated":true}]}}