{"id":22,"date":"2021-11-17T18:56:04","date_gmt":"2021-11-17T18:56:04","guid":{"rendered":"https:\/\/weihnachtsstern.kinsta.cloud\/es\/?page_id=22"},"modified":"2025-09-29T15:25:30","modified_gmt":"2025-09-29T13:25:30","slug":"decoracion","status":"publish","type":"page","link":"https:\/\/starsforeurope.com\/es\/decoracion\/","title":{"rendered":"Un sinf\u00edn de ideas florales: estiliza tu espacio con flores de PascuaIdeas para regalar"},"content":{"rendered":"<h2 class=\"wp-block-heading\">Insp\u00edrate con consejos e ideas de estilismo con flores de Pascua<\/h2>\n\n\n\n<div class=\"wp-block-group postimage-half wide-content is-layout-flow wp-block-group-is-layout-flow\" style=\"margin-top:var(--wp--preset--spacing--50)\">\n<div style=\"height:3rem\" aria-hidden=\"true\" class=\"wp-block-spacer\"><\/div>\n\n\n\n<div class=\"wp-block-query is-layout-flow wp-block-query-is-layout-flow\"><ul class=\"columns-2 wp-block-post-template is-layout-grid wp-container-core-post-template-is-layout-37ef2942 wp-block-post-template-is-layout-grid\"><li class=\"wp-block-post post-9084 blog type-blog status-publish has-post-thumbnail hentry blog_main-adornos-de-mesa blog_main-bricolaje-upcycling blog_main-decoration\">\n<figure style=\"aspect-ratio:1;\" class=\"featuredimage wp-block-post-featured-image\"><a href=\"https:\/\/starsforeurope.com\/es\/blog\/una-decoracion-de-mesa-para-despues-de-navidad-convierte-tu-flor-de-pascua-en-algo-nuevo\/\" target=\"_self\"  ><img loading=\"lazy\" decoding=\"async\" width=\"1050\" height=\"875\" src=\"https:\/\/starsforeurope.com\/es\/wp-content\/uploads\/sites\/14\/2025\/09\/2025_Poinsettia_01120_DIY_Wallpaper_Vases_09.jpg\" class=\"attachment-post-thumbnail size-post-thumbnail wp-post-image\" alt=\"Una decoraci\u00f3n de mesa para despu\u00e9s de Navidad: convierte tu flor de Pascua en algo nuevo.\" style=\"width:100%;height:100%;object-fit:cover;\" srcset=\"https:\/\/starsforeurope.com\/es\/wp-content\/uploads\/sites\/14\/2025\/09\/2025_Poinsettia_01120_DIY_Wallpaper_Vases_09.jpg 1050w, https:\/\/starsforeurope.com\/es\/wp-content\/uploads\/sites\/14\/2025\/09\/2025_Poinsettia_01120_DIY_Wallpaper_Vases_09-300x250.jpg 300w, https:\/\/starsforeurope.com\/es\/wp-content\/uploads\/sites\/14\/2025\/09\/2025_Poinsettia_01120_DIY_Wallpaper_Vases_09-1024x853.jpg 1024w, https:\/\/starsforeurope.com\/es\/wp-content\/uploads\/sites\/14\/2025\/09\/2025_Poinsettia_01120_DIY_Wallpaper_Vases_09-768x640.jpg 768w\" sizes=\"auto, (max-width: 1050px) 100vw, 1050px\" \/><\/a><\/figure>\n\n<h3 class=\"wp-block-post-title\"><a href=\"https:\/\/starsforeurope.com\/es\/blog\/una-decoracion-de-mesa-para-despues-de-navidad-convierte-tu-flor-de-pascua-en-algo-nuevo\/\" target=\"_self\" >Una decoraci\u00f3n de mesa para despu\u00e9s de Navidad: convierte tu flor de Pascua en algo nuevo.<\/a><\/h3>\n\n\n<div class=\"wp-block-group postmetaline is-nowrap is-layout-flex wp-container-core-group-is-layout-6c531013 wp-block-group-is-layout-flex\"><div class=\"wp-block-post-date\"><time datetime=\"2025-09-29T08:52:02+02:00\">29. septiembre 2025<\/time><\/div>\n\n<\/div>\n\n\n<div class=\"wp-block-post-excerpt\"><p class=\"wp-block-post-excerpt__excerpt\">Crea una decoraci\u00f3n sostenible para tu mesa de invierno utilizando flores de Pascua. Sigue nuestras sencillas instrucciones, que generan pocos residuos, para crear una impresionante decoraci\u00f3n casera para el invierno. \u00a1Recr\u00e9ala ahora!<\/p><p class=\"wp-block-post-excerpt__more-text\"><a class=\"wp-block-post-excerpt__more-link\" href=\"https:\/\/starsforeurope.com\/es\/blog\/una-decoracion-de-mesa-para-despues-de-navidad-convierte-tu-flor-de-pascua-en-algo-nuevo\/\">Leer m\u00e1s<\/a><\/p><\/div>\n<\/li><li class=\"wp-block-post post-9082 blog type-blog status-publish has-post-thumbnail hentry blog_main-bricolaje-upcycling blog_main-decoration\">\n<figure style=\"aspect-ratio:1;\" class=\"featuredimage wp-block-post-featured-image\"><a href=\"https:\/\/starsforeurope.com\/es\/blog\/manualidades-navidenas-con-ninos-pueblo-de-navidad-casero-con-cartones-de-bebidas\/\" target=\"_self\"  ><img loading=\"lazy\" decoding=\"async\" width=\"1050\" height=\"875\" src=\"https:\/\/starsforeurope.com\/es\/wp-content\/uploads\/sites\/14\/2025\/09\/2025_Poinsettia_02170_DIY_Upcycled_Carton_Winter_Village.jpg\" class=\"attachment-post-thumbnail size-post-thumbnail wp-post-image\" alt=\"Manualidades navide\u00f1as con ni\u00f1os: pueblo de Navidad casero con cartones de bebidas\" style=\"width:100%;height:100%;object-fit:cover;\" srcset=\"https:\/\/starsforeurope.com\/es\/wp-content\/uploads\/sites\/14\/2025\/09\/2025_Poinsettia_02170_DIY_Upcycled_Carton_Winter_Village.jpg 1050w, https:\/\/starsforeurope.com\/es\/wp-content\/uploads\/sites\/14\/2025\/09\/2025_Poinsettia_02170_DIY_Upcycled_Carton_Winter_Village-300x250.jpg 300w, https:\/\/starsforeurope.com\/es\/wp-content\/uploads\/sites\/14\/2025\/09\/2025_Poinsettia_02170_DIY_Upcycled_Carton_Winter_Village-1024x853.jpg 1024w, https:\/\/starsforeurope.com\/es\/wp-content\/uploads\/sites\/14\/2025\/09\/2025_Poinsettia_02170_DIY_Upcycled_Carton_Winter_Village-768x640.jpg 768w\" sizes=\"auto, (max-width: 1050px) 100vw, 1050px\" \/><\/a><\/figure>\n\n<h3 class=\"wp-block-post-title\"><a href=\"https:\/\/starsforeurope.com\/es\/blog\/manualidades-navidenas-con-ninos-pueblo-de-navidad-casero-con-cartones-de-bebidas\/\" target=\"_self\" >Manualidades navide\u00f1as con ni\u00f1os: pueblo de Navidad casero con cartones de bebidas<\/a><\/h3>\n\n\n<div class=\"wp-block-group postmetaline is-nowrap is-layout-flex wp-container-core-group-is-layout-6c531013 wp-block-group-is-layout-flex\"><div class=\"wp-block-post-date\"><time datetime=\"2025-09-24T15:51:00+02:00\">24. septiembre 2025<\/time><\/div>\n\n<\/div>\n\n\n<div class=\"wp-block-post-excerpt\"><p class=\"wp-block-post-excerpt__excerpt\">Diversi\u00f3n para todas las edades: Crea un pueblo navide\u00f1o sostenible hecho en casa con mini poinsettias. Ahora con v\u00eddeo paso a paso.<\/p><p class=\"wp-block-post-excerpt__more-text\"><a class=\"wp-block-post-excerpt__more-link\" href=\"https:\/\/starsforeurope.com\/es\/blog\/manualidades-navidenas-con-ninos-pueblo-de-navidad-casero-con-cartones-de-bebidas\/\">Leer m\u00e1s<\/a><\/p><\/div>\n<\/li><li class=\"wp-block-post post-8243 blog type-blog status-publish has-post-thumbnail hentry blog_cat-decoration-tips blog_cat-christmas-tree-decorations blog_cat-diy blog_main-bricolaje-upcycling blog_main-decoration\">\n<figure style=\"aspect-ratio:1;\" class=\"featuredimage wp-block-post-featured-image\"><a href=\"https:\/\/starsforeurope.com\/es\/blog\/adornos-navidenos-caseros-para-espacios-pequenos-5-ideas-low-cost-con-mini-poinsettias\/\" target=\"_self\"  ><img loading=\"lazy\" decoding=\"async\" width=\"875\" height=\"1050\" src=\"https:\/\/starsforeurope.com\/es\/wp-content\/uploads\/sites\/14\/2025\/05\/2020-poinsettia-02140-diy-wall-hanging-tree-branches-06.jpg\" class=\"attachment-post-thumbnail size-post-thumbnail wp-post-image\" alt=\"Adornos navide\u00f1os caseros para espacios peque\u00f1os: 5 ideas low cost con mini poinsettias\" style=\"width:100%;height:100%;object-fit:cover;\" srcset=\"https:\/\/starsforeurope.com\/es\/wp-content\/uploads\/sites\/14\/2025\/05\/2020-poinsettia-02140-diy-wall-hanging-tree-branches-06.jpg 875w, https:\/\/starsforeurope.com\/es\/wp-content\/uploads\/sites\/14\/2025\/05\/2020-poinsettia-02140-diy-wall-hanging-tree-branches-06-250x300.jpg 250w, https:\/\/starsforeurope.com\/es\/wp-content\/uploads\/sites\/14\/2025\/05\/2020-poinsettia-02140-diy-wall-hanging-tree-branches-06-853x1024.jpg 853w, https:\/\/starsforeurope.com\/es\/wp-content\/uploads\/sites\/14\/2025\/05\/2020-poinsettia-02140-diy-wall-hanging-tree-branches-06-768x922.jpg 768w, https:\/\/starsforeurope.com\/es\/wp-content\/uploads\/sites\/14\/2025\/05\/2020-poinsettia-02140-diy-wall-hanging-tree-branches-06-563x675.jpg 563w\" sizes=\"auto, (max-width: 875px) 100vw, 875px\" \/><\/a><\/figure>\n\n<h3 class=\"wp-block-post-title\"><a href=\"https:\/\/starsforeurope.com\/es\/blog\/adornos-navidenos-caseros-para-espacios-pequenos-5-ideas-low-cost-con-mini-poinsettias\/\" target=\"_self\" >Adornos navide\u00f1os caseros para espacios peque\u00f1os: 5 ideas low cost con mini poinsettias<\/a><\/h3>\n\n\n<div class=\"wp-block-group postmetaline is-nowrap is-layout-flex wp-container-core-group-is-layout-6c531013 wp-block-group-is-layout-flex\"><div class=\"wp-block-post-date\"><time datetime=\"2024-12-12T11:32:12+01:00\">12. diciembre 2024<\/time><\/div>\n\n<\/div>\n\n\n<div class=\"wp-block-post-excerpt\"><p class=\"wp-block-post-excerpt__excerpt\">\u00bfTienes poco espacio, pero quieres crear una acogedora decoraci\u00f3n navide\u00f1a? Con estas cinco ideas para hacer manualidades de bajo coste, podr\u00e1s alegrar las fiestas en cualquier espacio peque\u00f1o. \u00a1Las mini poinsettias son las protagonistas!<\/p><p class=\"wp-block-post-excerpt__more-text\"><a class=\"wp-block-post-excerpt__more-link\" href=\"https:\/\/starsforeurope.com\/es\/blog\/adornos-navidenos-caseros-para-espacios-pequenos-5-ideas-low-cost-con-mini-poinsettias\/\">Leer m\u00e1s<\/a><\/p><\/div>\n<\/li><li class=\"wp-block-post post-8305 blog type-blog status-publish has-post-thumbnail hentry blog_cat-decoration-tips blog_cat-advent-decoration blog_cat-christmas-tree-decorations blog_cat-diy blog_main-adornos-de-mesa blog_main-bricolaje-upcycling blog_main-decoration\">\n<figure style=\"aspect-ratio:1;\" class=\"featuredimage wp-block-post-featured-image\"><a href=\"https:\/\/starsforeurope.com\/es\/blog\/decoracion-navidena-artesanal-cinco-ideas-creativas-para-mini-proyectos-de-poinsettia\/\" target=\"_self\"  ><img loading=\"lazy\" decoding=\"async\" width=\"875\" height=\"1050\" src=\"https:\/\/starsforeurope.com\/es\/wp-content\/uploads\/sites\/14\/2025\/05\/2023-Poinsettia-03000-rustic-scandi-christmas-02.jpg\" class=\"attachment-post-thumbnail size-post-thumbnail wp-post-image\" alt=\"Decoraci\u00f3n navide\u00f1a artesanal: Cinco ideas creativas para mini proyectos de poinsettia\" style=\"width:100%;height:100%;object-fit:cover;\" srcset=\"https:\/\/starsforeurope.com\/es\/wp-content\/uploads\/sites\/14\/2025\/05\/2023-Poinsettia-03000-rustic-scandi-christmas-02.jpg 875w, https:\/\/starsforeurope.com\/es\/wp-content\/uploads\/sites\/14\/2025\/05\/2023-Poinsettia-03000-rustic-scandi-christmas-02-250x300.jpg 250w, https:\/\/starsforeurope.com\/es\/wp-content\/uploads\/sites\/14\/2025\/05\/2023-Poinsettia-03000-rustic-scandi-christmas-02-853x1024.jpg 853w, https:\/\/starsforeurope.com\/es\/wp-content\/uploads\/sites\/14\/2025\/05\/2023-Poinsettia-03000-rustic-scandi-christmas-02-768x922.jpg 768w, https:\/\/starsforeurope.com\/es\/wp-content\/uploads\/sites\/14\/2025\/05\/2023-Poinsettia-03000-rustic-scandi-christmas-02-563x675.jpg 563w\" sizes=\"auto, (max-width: 875px) 100vw, 875px\" \/><\/a><\/figure>\n\n<h3 class=\"wp-block-post-title\"><a href=\"https:\/\/starsforeurope.com\/es\/blog\/decoracion-navidena-artesanal-cinco-ideas-creativas-para-mini-proyectos-de-poinsettia\/\" target=\"_self\" >Decoraci\u00f3n navide\u00f1a artesanal: Cinco ideas creativas para mini proyectos de poinsettia<\/a><\/h3>\n\n\n<div class=\"wp-block-group postmetaline is-nowrap is-layout-flex wp-container-core-group-is-layout-6c531013 wp-block-group-is-layout-flex\"><div class=\"wp-block-post-date\"><time datetime=\"2024-12-09T14:07:08+01:00\">09. diciembre 2024<\/time><\/div>\n\n<\/div>\n\n\n<div class=\"wp-block-post-excerpt\"><p class=\"wp-block-post-excerpt__excerpt\">\u00bfTe apetece una decoraci\u00f3n navide\u00f1a casera y familiar? Descubre nuestras creativas ideas con mini poinsettias. Desde coronas de Adviento hasta regalos, encontrar\u00e1s instrucciones sencillas para tus proyectos festivos.<\/p><p class=\"wp-block-post-excerpt__more-text\"><a class=\"wp-block-post-excerpt__more-link\" href=\"https:\/\/starsforeurope.com\/es\/blog\/decoracion-navidena-artesanal-cinco-ideas-creativas-para-mini-proyectos-de-poinsettia\/\">Leer m\u00e1s<\/a><\/p><\/div>\n<\/li><\/ul>\n\n<nav class=\"wp-block-query-pagination is-content-justification-center is-layout-flex wp-container-core-query-pagination-is-layout-a89b3969 wp-block-query-pagination-is-layout-flex\" aria-label=\"Paginaci\u00f3n\">\n\n\n<div class=\"wp-block-query-pagination-numbers has-medium-font-size\"><span aria-current=\"page\" class=\"page-numbers current\">1<\/span>\n<a class=\"page-numbers\" href=\"?query-0-page=2\">2<\/a>\n<a class=\"page-numbers\" href=\"?query-0-page=3\">3<\/a>\n<a class=\"page-numbers\" href=\"?query-0-page=4\">4<\/a><\/div>\n\n<a href=\"\/es\/wp-json\/wp\/v2\/pages\/22?query-0-page=2\" class=\"wp-block-query-pagination-next\">\u22b3<\/a>\n<\/nav>\n\n<\/div>\n\n\n\n<div style=\"height:3rem\" aria-hidden=\"true\" class=\"wp-block-spacer\"><\/div>\n<\/div>","protected":false},"excerpt":{"rendered":"<p>Aqu\u00ed encontrar\u00e1s una gran cantidad de ideas de dise\u00f1o y proyectos DIY para tu casa en Navidad. Flores de Pascua, o estrellas de Navidad, te sorprender\u00e1n: hay una gran variedad de formas que se adaptan a todos los gustos y espacios, ya sean reciclados, r\u00fasticos, acogedores o urbanos.<\/p>\n","protected":false},"author":1,"featured_media":9090,"parent":0,"menu_order":0,"comment_status":"closed","ping_status":"closed","template":"two-column-blog-single","meta":{"_acf_changed":false,"footnotes":""},"class_list":["post-22","page","type-page","status-publish","has-post-thumbnail","hentry"],"acf":[],"_links":{"self":[{"href":"https:\/\/starsforeurope.com\/es\/wp-json\/wp\/v2\/pages\/22","targetHints":{"allow":["GET"]}}],"collection":[{"href":"https:\/\/starsforeurope.com\/es\/wp-json\/wp\/v2\/pages"}],"about":[{"href":"https:\/\/starsforeurope.com\/es\/wp-json\/wp\/v2\/types\/page"}],"author":[{"embeddable":true,"href":"https:\/\/starsforeurope.com\/es\/wp-json\/wp\/v2\/users\/1"}],"replies":[{"embeddable":true,"href":"https:\/\/starsforeurope.com\/es\/wp-json\/wp\/v2\/comments?post=22"}],"version-history":[{"count":55,"href":"https:\/\/starsforeurope.com\/es\/wp-json\/wp\/v2\/pages\/22\/revisions"}],"predecessor-version":[{"id":9091,"href":"https:\/\/starsforeurope.com\/es\/wp-json\/wp\/v2\/pages\/22\/revisions\/9091"}],"wp:featuredmedia":[{"embeddable":true,"href":"https:\/\/starsforeurope.com\/es\/wp-json\/wp\/v2\/media\/9090"}],"wp:attachment":[{"href":"https:\/\/starsforeurope.com\/es\/wp-json\/wp\/v2\/media?parent=22"}],"curies":[{"name":"wp","href":"https:\/\/api.w.org\/{rel}","templated":true}]}}