{"id":487,"date":"2021-12-17T12:27:34","date_gmt":"2021-12-17T12:27:34","guid":{"rendered":"https:\/\/starsforeurope.com\/en\/?page_id=487"},"modified":"2025-07-17T11:01:14","modified_gmt":"2025-07-17T09:01:14","slug":"imprint","status":"publish","type":"page","link":"https:\/\/starsforeurope.com\/en\/imprint\/","title":{"rendered":"Imprint"},"content":{"rendered":"<div class=\"wp-block-columns is-layout-flex wp-container-core-columns-is-layout-28f84493 wp-block-columns-is-layout-flex\">\n<div class=\"wp-block-column is-layout-flow wp-block-column-is-layout-flow\">\n<h2 class=\"wp-block-heading\">General privacy policy<\/h2>\n\n<p>Responsible in the sense of \u00a7 6 Teledienstgesetz or Mediendienste Staatsvertrag is:<\/p>\n\n<p>Stars for Europe GbR\r<br>c\/o Zentralverband Gartenbau\r<br>Bornheimerstra\u00dfe 37\r<br>53111 Bonn\r<br>Germany\r<br>Gesch\u00e4ftsf\u00fchrer: Dr. Ulrich Sander \/ Europ\u00e4ische Projektleitung: Dr. Susanne Lux<\/p>\n\n<p>Telefon: + 49 2644 981333\r<br>Email: susanne.lux(at)meclux.de<\/p>\n\n<p>VAT-ID: DE224966758\r<br>Tax number: 206\/5779\/0607<\/p>\n\n<h2 class=\"wp-block-heading\">Disclaimer<\/h2>\n\n<p>Views and opinions expressed are however those of the author(s) only and do not necessarily reflect those of the European Union or the European Research Executive Agency (REA). Neither the European Union nor the granting authority can be held responsible for them.<\/p>\n<\/div>\n\n<\/div>","protected":false},"excerpt":{"rendered":"<p>General privacy policy Responsible in the sense of \u00a7 6 Teledienstgesetz or Mediendienste Staatsvertrag is: Stars for Europe GbR c\/o Zentralverband Gartenbau Bornheimerstra\u00dfe 37 53111 Bonn Germany Gesch\u00e4ftsf\u00fchrer: Dr. Ulrich Sander \/ Europ\u00e4ische Projektleitung: Dr. Susanne Lux Telefon: + 49 2644 981333 Email: susanne.lux(at)meclux.de VAT-ID: DE224966758 Tax number: 206\/5779\/0607 Disclaimer Views and opinions expressed are [&hellip;]<\/p>\n","protected":false},"author":1,"featured_media":0,"parent":0,"menu_order":0,"comment_status":"closed","ping_status":"closed","template":"simple-post-no-header-image","meta":{"_acf_changed":false,"footnotes":""},"class_list":["post-487","page","type-page","status-publish","hentry"],"acf":[],"_links":{"self":[{"href":"https:\/\/starsforeurope.com\/en\/wp-json\/wp\/v2\/pages\/487","targetHints":{"allow":["GET"]}}],"collection":[{"href":"https:\/\/starsforeurope.com\/en\/wp-json\/wp\/v2\/pages"}],"about":[{"href":"https:\/\/starsforeurope.com\/en\/wp-json\/wp\/v2\/types\/page"}],"author":[{"embeddable":true,"href":"https:\/\/starsforeurope.com\/en\/wp-json\/wp\/v2\/users\/1"}],"replies":[{"embeddable":true,"href":"https:\/\/starsforeurope.com\/en\/wp-json\/wp\/v2\/comments?post=487"}],"version-history":[{"count":19,"href":"https:\/\/starsforeurope.com\/en\/wp-json\/wp\/v2\/pages\/487\/revisions"}],"predecessor-version":[{"id":8006,"href":"https:\/\/starsforeurope.com\/en\/wp-json\/wp\/v2\/pages\/487\/revisions\/8006"}],"wp:attachment":[{"href":"https:\/\/starsforeurope.com\/en\/wp-json\/wp\/v2\/media?parent=487"}],"curies":[{"name":"wp","href":"https:\/\/api.w.org\/{rel}","templated":true}]}}