{"id":7401,"date":"2025-09-04T11:52:57","date_gmt":"2025-09-04T09:52:57","guid":{"rendered":"https:\/\/starsforeurope.com\/dk\/?page_id=7401"},"modified":"2025-09-05T10:49:08","modified_gmt":"2025-09-05T08:49:08","slug":"bordpynt-pr","status":"publish","type":"page","link":"https:\/\/starsforeurope.com\/dk\/pressemeddelelser\/dekoration-pr\/bordpynt-pr\/","title":{"rendered":"Borddekorationer med julestjerner"},"content":{"rendered":"<main class=\"wp-block-group postimage-half wide-content is-layout-flow wp-block-group-is-layout-flow\" style=\"margin-top:var(--wp--preset--spacing--50)\">\n<div style=\"height:3rem\" aria-hidden=\"true\" class=\"wp-block-spacer\"><\/div>\n\n\n\n<div class=\"wp-block-query is-layout-flow wp-block-query-is-layout-flow\"><ul class=\"columns-2 wp-block-post-template is-layout-grid wp-container-core-post-template-is-layout-37ef2942 wp-block-post-template-is-layout-grid\"><li class=\"wp-block-post post-6934 press type-press status-publish has-post-thumbnail hentry press_cat-table-decoration press_cat-gift-ideas press_cat-advent-decoration press_cat-decoration-tips press_cat-winter-decor press_main-bordpynt press_main-dekoration press_main-diy-upcycling press_main-pressemeddelelser\">\n<figure style=\"aspect-ratio:1;\" class=\"featuredimage wp-block-post-featured-image\"><a href=\"https:\/\/starsforeurope.com\/dk\/press\/borddekorationer-med-julestjerner-blomstrede-festlige-juleborde-kan-pyntes-saa-de-passer-til-enhver-smag\/\" target=\"_self\"  ><img loading=\"lazy\" decoding=\"async\" width=\"875\" height=\"1050\" src=\"https:\/\/starsforeurope.com\/dk\/wp-content\/uploads\/sites\/27\/2024\/10\/2024_Poinsettia_02000_Modern_Vintage_Fusion_03.jpg\" class=\"attachment-post-thumbnail size-post-thumbnail wp-post-image\" alt=\"Borddekorationer med julestjerner. Blomstrede festlige juleborde kan pyntes, s\u00e5 de passer til enhver smag\" style=\"width:100%;height:100%;object-fit:cover;\" srcset=\"https:\/\/starsforeurope.com\/dk\/wp-content\/uploads\/sites\/27\/2024\/10\/2024_Poinsettia_02000_Modern_Vintage_Fusion_03.jpg 875w, https:\/\/starsforeurope.com\/dk\/wp-content\/uploads\/sites\/27\/2024\/10\/2024_Poinsettia_02000_Modern_Vintage_Fusion_03-250x300.jpg 250w, https:\/\/starsforeurope.com\/dk\/wp-content\/uploads\/sites\/27\/2024\/10\/2024_Poinsettia_02000_Modern_Vintage_Fusion_03-853x1024.jpg 853w, https:\/\/starsforeurope.com\/dk\/wp-content\/uploads\/sites\/27\/2024\/10\/2024_Poinsettia_02000_Modern_Vintage_Fusion_03-768x922.jpg 768w, https:\/\/starsforeurope.com\/dk\/wp-content\/uploads\/sites\/27\/2024\/10\/2024_Poinsettia_02000_Modern_Vintage_Fusion_03-563x675.jpg 563w\" sizes=\"auto, (max-width: 875px) 100vw, 875px\" \/><\/a><\/figure>\n\n<h3 class=\"wp-block-post-title\"><a href=\"https:\/\/starsforeurope.com\/dk\/press\/borddekorationer-med-julestjerner-blomstrede-festlige-juleborde-kan-pyntes-saa-de-passer-til-enhver-smag\/\" target=\"_self\" >Borddekorationer med julestjerner. Blomstrede festlige juleborde kan pyntes, s\u00e5 de passer til enhver smag<\/a><\/h3>\n\n\n<div class=\"wp-block-group postmetaline is-nowrap is-layout-flex wp-container-core-group-is-layout-6c531013 wp-block-group-is-layout-flex\"><div class=\"wp-block-post-date\"><time datetime=\"2024-12-02T10:14:47+01:00\">02. december 2024<\/time><\/div>\n\n<\/div>\n\n\n<div class=\"wp-block-post-excerpt\"><p class=\"wp-block-post-excerpt__excerpt\">Brug julestjerner til at pynte et elegant julebord eller et hyggeligt morgenbord eller bare et kaffebord. Oplev borddesign til enhver lejlighed<\/p><p class=\"wp-block-post-excerpt__more-text\"><a class=\"wp-block-post-excerpt__more-link\" href=\"https:\/\/starsforeurope.com\/dk\/press\/borddekorationer-med-julestjerner-blomstrede-festlige-juleborde-kan-pyntes-saa-de-passer-til-enhver-smag\/\">L\u00e6s mere<\/a><\/p><\/div>\n<\/li><li class=\"wp-block-post post-6942 press type-press status-publish has-post-thumbnail hentry press_cat-table-decoration press_cat-gift-ideas press_cat-christmas-tree-decorations press_cat-advent-decoration press_main-afskaarne-blomster press_main-bordpynt press_main-dekoration press_main-pressemeddelelser\">\n<figure style=\"aspect-ratio:1;\" class=\"featuredimage wp-block-post-featured-image\"><a href=\"https:\/\/starsforeurope.com\/dk\/press\/nu-bliver-det-festligt-tips-og-ideer-til-bordpynt-med-julestjerner\/\" target=\"_self\"  ><img loading=\"lazy\" decoding=\"async\" width=\"875\" height=\"1050\" src=\"https:\/\/starsforeurope.com\/dk\/wp-content\/uploads\/sites\/27\/2023\/06\/2023_poinsettia_01000_Jewels_of_Nature_07.jpg\" class=\"attachment-post-thumbnail size-post-thumbnail wp-post-image\" alt=\"Nu bliver det festligt! Tips og ideer til bordpynt med julestjerner\" style=\"width:100%;height:100%;object-fit:cover;\" srcset=\"https:\/\/starsforeurope.com\/dk\/wp-content\/uploads\/sites\/27\/2023\/06\/2023_poinsettia_01000_Jewels_of_Nature_07.jpg 875w, https:\/\/starsforeurope.com\/dk\/wp-content\/uploads\/sites\/27\/2023\/06\/2023_poinsettia_01000_Jewels_of_Nature_07-250x300.jpg 250w, https:\/\/starsforeurope.com\/dk\/wp-content\/uploads\/sites\/27\/2023\/06\/2023_poinsettia_01000_Jewels_of_Nature_07-853x1024.jpg 853w, https:\/\/starsforeurope.com\/dk\/wp-content\/uploads\/sites\/27\/2023\/06\/2023_poinsettia_01000_Jewels_of_Nature_07-768x922.jpg 768w, https:\/\/starsforeurope.com\/dk\/wp-content\/uploads\/sites\/27\/2023\/06\/2023_poinsettia_01000_Jewels_of_Nature_07-563x675.jpg 563w\" sizes=\"auto, (max-width: 875px) 100vw, 875px\" \/><\/a><\/figure>\n\n<h3 class=\"wp-block-post-title\"><a href=\"https:\/\/starsforeurope.com\/dk\/press\/nu-bliver-det-festligt-tips-og-ideer-til-bordpynt-med-julestjerner\/\" target=\"_self\" >Nu bliver det festligt! Tips og ideer til bordpynt med julestjerner<\/a><\/h3>\n\n\n<div class=\"wp-block-group postmetaline is-nowrap is-layout-flex wp-container-core-group-is-layout-6c531013 wp-block-group-is-layout-flex\"><div class=\"wp-block-post-date\"><time datetime=\"2023-11-02T09:11:03+01:00\">02. november 2023<\/time><\/div>\n\n<\/div>\n\n\n<div class=\"wp-block-post-excerpt\"><p class=\"wp-block-post-excerpt__excerpt\">Deres smukke d\u00e6kblade g\u00f8r julestjerner til den perfekte borddekoration. Oplev vores nye tips og ideer til bordpynt med de fantastisk alsidige blomster.<\/p><p class=\"wp-block-post-excerpt__more-text\"><a class=\"wp-block-post-excerpt__more-link\" href=\"https:\/\/starsforeurope.com\/dk\/press\/nu-bliver-det-festligt-tips-og-ideer-til-bordpynt-med-julestjerner\/\">L\u00e6s mere<\/a><\/p><\/div>\n<\/li><li class=\"wp-block-post post-5022 press type-press status-publish has-post-thumbnail hentry press_cat-table-decoration press_cat-diy press_cat-advent-decoration press_cat-decoration-tips press_main-bordpynt press_main-dekoration press_main-diy-upcycling press_main-pressemeddelelser\">\n<figure style=\"aspect-ratio:1;\" class=\"featuredimage wp-block-post-featured-image\"><a href=\"https:\/\/starsforeurope.com\/dk\/press\/en-fest-for-sanserne-borddekorationer-med-julestjerner\/\" target=\"_self\"  ><img loading=\"lazy\" decoding=\"async\" width=\"875\" height=\"1050\" src=\"https:\/\/starsforeurope.com\/dk\/wp-content\/uploads\/sites\/27\/2022\/08\/2022-poinsettia-04000-hristmas-fairy-tale-23.jpg\" class=\"attachment-post-thumbnail size-post-thumbnail wp-post-image\" alt=\"En fest for sanserne. Borddekorationer med julestjerner\" style=\"width:100%;height:100%;object-fit:cover;\" srcset=\"https:\/\/starsforeurope.com\/dk\/wp-content\/uploads\/sites\/27\/2022\/08\/2022-poinsettia-04000-hristmas-fairy-tale-23.jpg 875w, https:\/\/starsforeurope.com\/dk\/wp-content\/uploads\/sites\/27\/2022\/08\/2022-poinsettia-04000-hristmas-fairy-tale-23-250x300.jpg 250w, https:\/\/starsforeurope.com\/dk\/wp-content\/uploads\/sites\/27\/2022\/08\/2022-poinsettia-04000-hristmas-fairy-tale-23-853x1024.jpg 853w, https:\/\/starsforeurope.com\/dk\/wp-content\/uploads\/sites\/27\/2022\/08\/2022-poinsettia-04000-hristmas-fairy-tale-23-768x922.jpg 768w, https:\/\/starsforeurope.com\/dk\/wp-content\/uploads\/sites\/27\/2022\/08\/2022-poinsettia-04000-hristmas-fairy-tale-23-563x675.jpg 563w\" sizes=\"auto, (max-width: 875px) 100vw, 875px\" \/><\/a><\/figure>\n\n<h3 class=\"wp-block-post-title\"><a href=\"https:\/\/starsforeurope.com\/dk\/press\/en-fest-for-sanserne-borddekorationer-med-julestjerner\/\" target=\"_self\" >En fest for sanserne. Borddekorationer med julestjerner<\/a><\/h3>\n\n\n<div class=\"wp-block-group postmetaline is-nowrap is-layout-flex wp-container-core-group-is-layout-6c531013 wp-block-group-is-layout-flex\"><div class=\"wp-block-post-date\"><time datetime=\"2022-10-17T09:25:02+02:00\">17. oktober 2022<\/time><\/div>\n\n<\/div>\n\n\n<div class=\"wp-block-post-excerpt\"><p class=\"wp-block-post-excerpt__excerpt\">Julestjerner er perfekte som i\u00f8jnefaldende borddekorationer. Oplev nye dekorationsideer til festlige borde i blomst<\/p><p class=\"wp-block-post-excerpt__more-text\"><a class=\"wp-block-post-excerpt__more-link\" href=\"https:\/\/starsforeurope.com\/dk\/press\/en-fest-for-sanserne-borddekorationer-med-julestjerner\/\">L\u00e6s mere<\/a><\/p><\/div>\n<\/li><li class=\"wp-block-post post-5558 press type-press status-publish has-post-thumbnail hentry press_cat-diy press_cat-christmas-tree-decorations press_main-bordpynt press_main-dekoration press_main-efteraarspynt-green-living press_main-pressemeddelelser\">\n<figure style=\"aspect-ratio:1;\" class=\"featuredimage wp-block-post-featured-image\"><a href=\"https:\/\/starsforeurope.com\/dk\/press\/farverige-blomsterdekorationer-til-julebordet-borddekorationer-med-julestjerner-i-den-naturlige-groenne-livsstil\/\" target=\"_self\"  ><img loading=\"lazy\" decoding=\"async\" width=\"875\" height=\"1050\" src=\"https:\/\/starsforeurope.com\/dk\/wp-content\/uploads\/sites\/27\/2022\/08\/2021-poinsettia-06000-candy-colour-christmas-10.jpg\" class=\"attachment-post-thumbnail size-post-thumbnail wp-post-image\" alt=\"Farverige blomsterdekorationer til julebordet. Borddekorationer med julestjerner i den naturlige gr\u00f8nne livsstil\" style=\"width:100%;height:100%;object-fit:cover;\" srcset=\"https:\/\/starsforeurope.com\/dk\/wp-content\/uploads\/sites\/27\/2022\/08\/2021-poinsettia-06000-candy-colour-christmas-10.jpg 875w, https:\/\/starsforeurope.com\/dk\/wp-content\/uploads\/sites\/27\/2022\/08\/2021-poinsettia-06000-candy-colour-christmas-10-250x300.jpg 250w, https:\/\/starsforeurope.com\/dk\/wp-content\/uploads\/sites\/27\/2022\/08\/2021-poinsettia-06000-candy-colour-christmas-10-853x1024.jpg 853w, https:\/\/starsforeurope.com\/dk\/wp-content\/uploads\/sites\/27\/2022\/08\/2021-poinsettia-06000-candy-colour-christmas-10-768x922.jpg 768w, https:\/\/starsforeurope.com\/dk\/wp-content\/uploads\/sites\/27\/2022\/08\/2021-poinsettia-06000-candy-colour-christmas-10-563x675.jpg 563w\" sizes=\"auto, (max-width: 875px) 100vw, 875px\" \/><\/a><\/figure>\n\n<h3 class=\"wp-block-post-title\"><a href=\"https:\/\/starsforeurope.com\/dk\/press\/farverige-blomsterdekorationer-til-julebordet-borddekorationer-med-julestjerner-i-den-naturlige-groenne-livsstil\/\" target=\"_self\" >Farverige blomsterdekorationer til julebordet. Borddekorationer med julestjerner i den naturlige gr\u00f8nne livsstil<\/a><\/h3>\n\n\n<div class=\"wp-block-group postmetaline is-nowrap is-layout-flex wp-container-core-group-is-layout-6c531013 wp-block-group-is-layout-flex\"><div class=\"wp-block-post-date\"><time datetime=\"2020-12-03T12:44:20+01:00\">03. december 2020<\/time><\/div>\n\n<\/div>\n\n\n<div class=\"wp-block-post-excerpt\"><p class=\"wp-block-post-excerpt__excerpt\">Hvad ville julen v\u00e6re uden et juletr\u00e6? Uanset om du har \u00e6gte gran eller et n\u00e5lefrit DIY-alternativ, er julestjerner en fantastisk dekoration. Vi demonstrerer nogle id\u00e9er til juletr\u00e6er<\/p><p class=\"wp-block-post-excerpt__more-text\"><a class=\"wp-block-post-excerpt__more-link\" href=\"https:\/\/starsforeurope.com\/dk\/press\/farverige-blomsterdekorationer-til-julebordet-borddekorationer-med-julestjerner-i-den-naturlige-groenne-livsstil\/\">L\u00e6s mere<\/a><\/p><\/div>\n<\/li><\/ul>\n\n<nav class=\"wp-block-query-pagination is-content-justification-center is-layout-flex wp-container-core-query-pagination-is-layout-a89b3969 wp-block-query-pagination-is-layout-flex\" aria-label=\"Sideinddeling\">\n\n\n<div class=\"wp-block-query-pagination-numbers has-medium-font-size\"><span aria-current=\"page\" class=\"page-numbers current\">1<\/span>\n<a class=\"page-numbers\" href=\"?query-0-page=2\">2<\/a><\/div>\n\n<a href=\"\/dk\/wp-json\/wp\/v2\/pages\/7401?query-0-page=2\" class=\"wp-block-query-pagination-next\">\u22b3<\/a>\n<\/nav>\n\n<\/div>\n\n\n\n<div style=\"height:3rem\" aria-hidden=\"true\" class=\"wp-block-spacer\"><\/div>\n<\/main>","protected":false},"excerpt":{"rendered":"<p>Forvandl dit spisebord med elegante julestjerne-accenter, der giver festlig varme og stil til hvert m\u00e5ltid.<\/p>\n","protected":false},"author":26,"featured_media":4366,"parent":7376,"menu_order":0,"comment_status":"closed","ping_status":"closed","template":"two-column-press","meta":{"_acf_changed":false,"footnotes":""},"class_list":["post-7401","page","type-page","status-publish","has-post-thumbnail","hentry"],"acf":[],"_links":{"self":[{"href":"https:\/\/starsforeurope.com\/dk\/wp-json\/wp\/v2\/pages\/7401","targetHints":{"allow":["GET"]}}],"collection":[{"href":"https:\/\/starsforeurope.com\/dk\/wp-json\/wp\/v2\/pages"}],"about":[{"href":"https:\/\/starsforeurope.com\/dk\/wp-json\/wp\/v2\/types\/page"}],"author":[{"embeddable":true,"href":"https:\/\/starsforeurope.com\/dk\/wp-json\/wp\/v2\/users\/26"}],"replies":[{"embeddable":true,"href":"https:\/\/starsforeurope.com\/dk\/wp-json\/wp\/v2\/comments?post=7401"}],"version-history":[{"count":1,"href":"https:\/\/starsforeurope.com\/dk\/wp-json\/wp\/v2\/pages\/7401\/revisions"}],"predecessor-version":[{"id":7402,"href":"https:\/\/starsforeurope.com\/dk\/wp-json\/wp\/v2\/pages\/7401\/revisions\/7402"}],"up":[{"embeddable":true,"href":"https:\/\/starsforeurope.com\/dk\/wp-json\/wp\/v2\/pages\/7376"}],"wp:featuredmedia":[{"embeddable":true,"href":"https:\/\/starsforeurope.com\/dk\/wp-json\/wp\/v2\/media\/4366"}],"wp:attachment":[{"href":"https:\/\/starsforeurope.com\/dk\/wp-json\/wp\/v2\/media?parent=7401"}],"curies":[{"name":"wp","href":"https:\/\/api.w.org\/{rel}","templated":true}]}}