{"id":7397,"date":"2025-09-04T11:46:45","date_gmt":"2025-09-04T09:46:45","guid":{"rendered":"https:\/\/starsforeurope.com\/dk\/?page_id=7397"},"modified":"2025-09-05T10:49:08","modified_gmt":"2025-09-05T08:49:08","slug":"diy-upcycling-pr","status":"publish","type":"page","link":"https:\/\/starsforeurope.com\/dk\/pressemeddelelser\/dekoration-pr\/diy-upcycling-pr\/","title":{"rendered":"Kreative DIY- og upcycling-projekter med julestjerner"},"content":{"rendered":"<main class=\"wp-block-group postimage-half wide-content is-layout-flow wp-block-group-is-layout-flow\" style=\"margin-top:var(--wp--preset--spacing--50)\">\n<div style=\"height:3rem\" aria-hidden=\"true\" class=\"wp-block-spacer\"><\/div>\n\n\n\n<div class=\"wp-block-query is-layout-flow wp-block-query-is-layout-flow\"><ul class=\"columns-2 wp-block-post-template is-layout-grid wp-container-core-post-template-is-layout-37ef2942 wp-block-post-template-is-layout-grid\"><li class=\"wp-block-post post-7475 press type-press status-publish has-post-thumbnail hentry press_cat-wedding-decoration press_cat-diy press_cat-christmas-tree-decorations press_cat-advent-decoration press_cat-start-of-the-season press_cat-winter-decor press_main-adventspynt press_main-dekoration press_main-diy-upcycling press_main-pressemeddelelser press_main-saesonstart press_main-viden\">\n<figure style=\"aspect-ratio:1;\" class=\"featuredimage wp-block-post-featured-image\"><a href=\"https:\/\/starsforeurope.com\/dk\/press\/stjernernes-magi-ved-jul-advent-og-juletraesdekorationer-med-julestjerner\/\" target=\"_self\"  ><img loading=\"lazy\" decoding=\"async\" width=\"875\" height=\"1050\" src=\"https:\/\/starsforeurope.com\/dk\/wp-content\/uploads\/sites\/27\/2025\/11\/2025_Poinsettia_01000_Nordic_Winter_Charm_09.jpg\" class=\"attachment-post-thumbnail size-post-thumbnail wp-post-image\" alt=\"Stjernernes magi ved jul. Advent- og juletr\u00e6sdekorationer med julestjerner.\" style=\"width:100%;height:100%;object-fit:cover;\" srcset=\"https:\/\/starsforeurope.com\/dk\/wp-content\/uploads\/sites\/27\/2025\/11\/2025_Poinsettia_01000_Nordic_Winter_Charm_09.jpg 875w, https:\/\/starsforeurope.com\/dk\/wp-content\/uploads\/sites\/27\/2025\/11\/2025_Poinsettia_01000_Nordic_Winter_Charm_09-250x300.jpg 250w, https:\/\/starsforeurope.com\/dk\/wp-content\/uploads\/sites\/27\/2025\/11\/2025_Poinsettia_01000_Nordic_Winter_Charm_09-853x1024.jpg 853w, https:\/\/starsforeurope.com\/dk\/wp-content\/uploads\/sites\/27\/2025\/11\/2025_Poinsettia_01000_Nordic_Winter_Charm_09-768x922.jpg 768w\" sizes=\"auto, (max-width: 875px) 100vw, 875px\" \/><\/a><\/figure>\n\n<h3 class=\"wp-block-post-title\"><a href=\"https:\/\/starsforeurope.com\/dk\/press\/stjernernes-magi-ved-jul-advent-og-juletraesdekorationer-med-julestjerner\/\" target=\"_self\" >Stjernernes magi ved jul. Advent- og juletr\u00e6sdekorationer med julestjerner.<\/a><\/h3>\n\n\n<div class=\"wp-block-group postmetaline is-nowrap is-layout-flex wp-container-core-group-is-layout-6c531013 wp-block-group-is-layout-flex\"><div class=\"wp-block-post-date\"><time datetime=\"2025-11-26T08:00:00+01:00\">26. november 2025<\/time><\/div>\n\n<\/div>\n\n\n<div class=\"wp-block-post-excerpt\"><p class=\"wp-block-post-excerpt__excerpt\">Uanset om det er som kokedama, afsk\u00e5rne blomster eller potteplanter \u2013 julestjerner giver advents- og juletr\u00e6sdekorationer en s\u00e6rlig glans. Se selv!<\/p><p class=\"wp-block-post-excerpt__more-text\"><a class=\"wp-block-post-excerpt__more-link\" href=\"https:\/\/starsforeurope.com\/dk\/press\/stjernernes-magi-ved-jul-advent-og-juletraesdekorationer-med-julestjerner\/\">L\u00e6s mere<\/a><\/p><\/div>\n<\/li><li class=\"wp-block-post post-6934 press type-press status-publish has-post-thumbnail hentry press_cat-table-decoration press_cat-gift-ideas press_cat-advent-decoration press_cat-decoration-tips press_cat-winter-decor press_main-bordpynt press_main-dekoration press_main-diy-upcycling press_main-pressemeddelelser\">\n<figure style=\"aspect-ratio:1;\" class=\"featuredimage wp-block-post-featured-image\"><a href=\"https:\/\/starsforeurope.com\/dk\/press\/borddekorationer-med-julestjerner-blomstrede-festlige-juleborde-kan-pyntes-saa-de-passer-til-enhver-smag\/\" target=\"_self\"  ><img loading=\"lazy\" decoding=\"async\" width=\"875\" height=\"1050\" src=\"https:\/\/starsforeurope.com\/dk\/wp-content\/uploads\/sites\/27\/2024\/10\/2024_Poinsettia_02000_Modern_Vintage_Fusion_03.jpg\" class=\"attachment-post-thumbnail size-post-thumbnail wp-post-image\" alt=\"Borddekorationer med julestjerner. Blomstrede festlige juleborde kan pyntes, s\u00e5 de passer til enhver smag\" style=\"width:100%;height:100%;object-fit:cover;\" srcset=\"https:\/\/starsforeurope.com\/dk\/wp-content\/uploads\/sites\/27\/2024\/10\/2024_Poinsettia_02000_Modern_Vintage_Fusion_03.jpg 875w, https:\/\/starsforeurope.com\/dk\/wp-content\/uploads\/sites\/27\/2024\/10\/2024_Poinsettia_02000_Modern_Vintage_Fusion_03-250x300.jpg 250w, https:\/\/starsforeurope.com\/dk\/wp-content\/uploads\/sites\/27\/2024\/10\/2024_Poinsettia_02000_Modern_Vintage_Fusion_03-853x1024.jpg 853w, https:\/\/starsforeurope.com\/dk\/wp-content\/uploads\/sites\/27\/2024\/10\/2024_Poinsettia_02000_Modern_Vintage_Fusion_03-768x922.jpg 768w, https:\/\/starsforeurope.com\/dk\/wp-content\/uploads\/sites\/27\/2024\/10\/2024_Poinsettia_02000_Modern_Vintage_Fusion_03-563x675.jpg 563w\" sizes=\"auto, (max-width: 875px) 100vw, 875px\" \/><\/a><\/figure>\n\n<h3 class=\"wp-block-post-title\"><a href=\"https:\/\/starsforeurope.com\/dk\/press\/borddekorationer-med-julestjerner-blomstrede-festlige-juleborde-kan-pyntes-saa-de-passer-til-enhver-smag\/\" target=\"_self\" >Borddekorationer med julestjerner. Blomstrede festlige juleborde kan pyntes, s\u00e5 de passer til enhver smag<\/a><\/h3>\n\n\n<div class=\"wp-block-group postmetaline is-nowrap is-layout-flex wp-container-core-group-is-layout-6c531013 wp-block-group-is-layout-flex\"><div class=\"wp-block-post-date\"><time datetime=\"2024-12-02T10:14:47+01:00\">02. december 2024<\/time><\/div>\n\n<\/div>\n\n\n<div class=\"wp-block-post-excerpt\"><p class=\"wp-block-post-excerpt__excerpt\">Brug julestjerner til at pynte et elegant julebord eller et hyggeligt morgenbord eller bare et kaffebord. Oplev borddesign til enhver lejlighed<\/p><p class=\"wp-block-post-excerpt__more-text\"><a class=\"wp-block-post-excerpt__more-link\" href=\"https:\/\/starsforeurope.com\/dk\/press\/borddekorationer-med-julestjerner-blomstrede-festlige-juleborde-kan-pyntes-saa-de-passer-til-enhver-smag\/\">L\u00e6s mere<\/a><\/p><\/div>\n<\/li><li class=\"wp-block-post post-6927 press type-press status-publish has-post-thumbnail hentry press_cat-table-decoration press_cat-diy press_cat-christmas-tree-decorations press_cat-advent-decoration press_main-dekoration press_main-diy-upcycling press_main-juletraespynt press_main-pressemeddelelser\">\n<figure style=\"aspect-ratio:1;\" class=\"featuredimage wp-block-post-featured-image\"><a href=\"https:\/\/starsforeurope.com\/dk\/press\/juletiden-er-en-tid-med-blinkende-lys-stjerneformede-julestjerner-giver-juletraditionerne-gnist\/\" target=\"_self\"  ><img loading=\"lazy\" decoding=\"async\" width=\"875\" height=\"1050\" src=\"https:\/\/starsforeurope.com\/dk\/wp-content\/uploads\/sites\/27\/2024\/10\/2024_Poinsettia_04000_Cosy_Cottage_Charm_19.jpg\" class=\"attachment-post-thumbnail size-post-thumbnail wp-post-image\" alt=\"Juletiden er en tid med blinkende lys: Stjerneformede julestjerner giver juletraditionerne gnist\" style=\"width:100%;height:100%;object-fit:cover;\" srcset=\"https:\/\/starsforeurope.com\/dk\/wp-content\/uploads\/sites\/27\/2024\/10\/2024_Poinsettia_04000_Cosy_Cottage_Charm_19.jpg 875w, https:\/\/starsforeurope.com\/dk\/wp-content\/uploads\/sites\/27\/2024\/10\/2024_Poinsettia_04000_Cosy_Cottage_Charm_19-250x300.jpg 250w, https:\/\/starsforeurope.com\/dk\/wp-content\/uploads\/sites\/27\/2024\/10\/2024_Poinsettia_04000_Cosy_Cottage_Charm_19-853x1024.jpg 853w, https:\/\/starsforeurope.com\/dk\/wp-content\/uploads\/sites\/27\/2024\/10\/2024_Poinsettia_04000_Cosy_Cottage_Charm_19-768x922.jpg 768w, https:\/\/starsforeurope.com\/dk\/wp-content\/uploads\/sites\/27\/2024\/10\/2024_Poinsettia_04000_Cosy_Cottage_Charm_19-563x675.jpg 563w\" sizes=\"auto, (max-width: 875px) 100vw, 875px\" \/><\/a><\/figure>\n\n<h3 class=\"wp-block-post-title\"><a href=\"https:\/\/starsforeurope.com\/dk\/press\/juletiden-er-en-tid-med-blinkende-lys-stjerneformede-julestjerner-giver-juletraditionerne-gnist\/\" target=\"_self\" >Juletiden er en tid med blinkende lys: Stjerneformede julestjerner giver juletraditionerne gnist<\/a><\/h3>\n\n\n<div class=\"wp-block-group postmetaline is-nowrap is-layout-flex wp-container-core-group-is-layout-6c531013 wp-block-group-is-layout-flex\"><div class=\"wp-block-post-date\"><time datetime=\"2024-11-25T08:00:41+01:00\">25. november 2024<\/time><\/div>\n\n<\/div>\n\n\n<div class=\"wp-block-post-excerpt\"><p class=\"wp-block-post-excerpt__excerpt\">Oplev julestjernens historie, og se hvordan moderne sorter kan give ny gnist til traditionelle skikke og dekorationer<\/p><p class=\"wp-block-post-excerpt__more-text\"><a class=\"wp-block-post-excerpt__more-link\" href=\"https:\/\/starsforeurope.com\/dk\/press\/juletiden-er-en-tid-med-blinkende-lys-stjerneformede-julestjerner-giver-juletraditionerne-gnist\/\">L\u00e6s mere<\/a><\/p><\/div>\n<\/li><li class=\"wp-block-post post-5022 press type-press status-publish has-post-thumbnail hentry press_cat-table-decoration press_cat-diy press_cat-advent-decoration press_cat-decoration-tips press_main-bordpynt press_main-dekoration press_main-diy-upcycling press_main-pressemeddelelser\">\n<figure style=\"aspect-ratio:1;\" class=\"featuredimage wp-block-post-featured-image\"><a href=\"https:\/\/starsforeurope.com\/dk\/press\/en-fest-for-sanserne-borddekorationer-med-julestjerner\/\" target=\"_self\"  ><img loading=\"lazy\" decoding=\"async\" width=\"875\" height=\"1050\" src=\"https:\/\/starsforeurope.com\/dk\/wp-content\/uploads\/sites\/27\/2022\/08\/2022-poinsettia-04000-hristmas-fairy-tale-23.jpg\" class=\"attachment-post-thumbnail size-post-thumbnail wp-post-image\" alt=\"En fest for sanserne. Borddekorationer med julestjerner\" style=\"width:100%;height:100%;object-fit:cover;\" srcset=\"https:\/\/starsforeurope.com\/dk\/wp-content\/uploads\/sites\/27\/2022\/08\/2022-poinsettia-04000-hristmas-fairy-tale-23.jpg 875w, https:\/\/starsforeurope.com\/dk\/wp-content\/uploads\/sites\/27\/2022\/08\/2022-poinsettia-04000-hristmas-fairy-tale-23-250x300.jpg 250w, https:\/\/starsforeurope.com\/dk\/wp-content\/uploads\/sites\/27\/2022\/08\/2022-poinsettia-04000-hristmas-fairy-tale-23-853x1024.jpg 853w, https:\/\/starsforeurope.com\/dk\/wp-content\/uploads\/sites\/27\/2022\/08\/2022-poinsettia-04000-hristmas-fairy-tale-23-768x922.jpg 768w, https:\/\/starsforeurope.com\/dk\/wp-content\/uploads\/sites\/27\/2022\/08\/2022-poinsettia-04000-hristmas-fairy-tale-23-563x675.jpg 563w\" sizes=\"auto, (max-width: 875px) 100vw, 875px\" \/><\/a><\/figure>\n\n<h3 class=\"wp-block-post-title\"><a href=\"https:\/\/starsforeurope.com\/dk\/press\/en-fest-for-sanserne-borddekorationer-med-julestjerner\/\" target=\"_self\" >En fest for sanserne. Borddekorationer med julestjerner<\/a><\/h3>\n\n\n<div class=\"wp-block-group postmetaline is-nowrap is-layout-flex wp-container-core-group-is-layout-6c531013 wp-block-group-is-layout-flex\"><div class=\"wp-block-post-date\"><time datetime=\"2022-10-17T09:25:02+02:00\">17. oktober 2022<\/time><\/div>\n\n<\/div>\n\n\n<div class=\"wp-block-post-excerpt\"><p class=\"wp-block-post-excerpt__excerpt\">Julestjerner er perfekte som i\u00f8jnefaldende borddekorationer. Oplev nye dekorationsideer til festlige borde i blomst<\/p><p class=\"wp-block-post-excerpt__more-text\"><a class=\"wp-block-post-excerpt__more-link\" href=\"https:\/\/starsforeurope.com\/dk\/press\/en-fest-for-sanserne-borddekorationer-med-julestjerner\/\">L\u00e6s mere<\/a><\/p><\/div>\n<\/li><\/ul>\n\n<nav class=\"wp-block-query-pagination is-content-justification-center is-layout-flex wp-container-core-query-pagination-is-layout-a89b3969 wp-block-query-pagination-is-layout-flex\" aria-label=\"Sideinddeling\">\n\n\n<div class=\"wp-block-query-pagination-numbers has-medium-font-size\"><span aria-current=\"page\" class=\"page-numbers current\">1<\/span>\n<a class=\"page-numbers\" href=\"?query-0-page=2\">2<\/a>\n<a class=\"page-numbers\" href=\"?query-0-page=3\">3<\/a>\n<a class=\"page-numbers\" href=\"?query-0-page=4\">4<\/a><\/div>\n\n<a href=\"\/dk\/wp-json\/wp\/v2\/pages\/7397?query-0-page=2\" class=\"wp-block-query-pagination-next\">\u22b3<\/a>\n<\/nav>\n\n<\/div>\n\n\n\n<div style=\"height:3rem\" aria-hidden=\"true\" class=\"wp-block-spacer\"><\/div>\n<\/main>","protected":false},"excerpt":{"rendered":"<p>Forvandl dine julestjerner til enest\u00e5ende dekorationer med nemme og b\u00e6redygtige DIY- og upcycling-id\u00e9er til h\u00f8jtiden.<\/p>\n","protected":false},"author":26,"featured_media":4366,"parent":7376,"menu_order":0,"comment_status":"closed","ping_status":"closed","template":"two-column-press","meta":{"_acf_changed":false,"footnotes":""},"class_list":["post-7397","page","type-page","status-publish","has-post-thumbnail","hentry"],"acf":[],"_links":{"self":[{"href":"https:\/\/starsforeurope.com\/dk\/wp-json\/wp\/v2\/pages\/7397","targetHints":{"allow":["GET"]}}],"collection":[{"href":"https:\/\/starsforeurope.com\/dk\/wp-json\/wp\/v2\/pages"}],"about":[{"href":"https:\/\/starsforeurope.com\/dk\/wp-json\/wp\/v2\/types\/page"}],"author":[{"embeddable":true,"href":"https:\/\/starsforeurope.com\/dk\/wp-json\/wp\/v2\/users\/26"}],"replies":[{"embeddable":true,"href":"https:\/\/starsforeurope.com\/dk\/wp-json\/wp\/v2\/comments?post=7397"}],"version-history":[{"count":1,"href":"https:\/\/starsforeurope.com\/dk\/wp-json\/wp\/v2\/pages\/7397\/revisions"}],"predecessor-version":[{"id":7398,"href":"https:\/\/starsforeurope.com\/dk\/wp-json\/wp\/v2\/pages\/7397\/revisions\/7398"}],"up":[{"embeddable":true,"href":"https:\/\/starsforeurope.com\/dk\/wp-json\/wp\/v2\/pages\/7376"}],"wp:featuredmedia":[{"embeddable":true,"href":"https:\/\/starsforeurope.com\/dk\/wp-json\/wp\/v2\/media\/4366"}],"wp:attachment":[{"href":"https:\/\/starsforeurope.com\/dk\/wp-json\/wp\/v2\/media?parent=7397"}],"curies":[{"name":"wp","href":"https:\/\/api.w.org\/{rel}","templated":true}]}}