{"id":7392,"date":"2025-09-04T11:38:15","date_gmt":"2025-09-04T09:38:15","guid":{"rendered":"https:\/\/starsforeurope.com\/dk\/?page_id=7392"},"modified":"2025-09-05T10:49:08","modified_gmt":"2025-09-05T08:49:08","slug":"juletraespynt-pr","status":"publish","type":"page","link":"https:\/\/starsforeurope.com\/dk\/pressemeddelelser\/dekoration-pr\/juletraespynt-pr\/","title":{"rendered":"Julestjerner til juletr\u00e6spynt"},"content":{"rendered":"<main class=\"wp-block-group postimage-half wide-content is-layout-flow wp-block-group-is-layout-flow\" style=\"margin-top:var(--wp--preset--spacing--50)\">\n<div style=\"height:3rem\" aria-hidden=\"true\" class=\"wp-block-spacer\"><\/div>\n\n\n\n<div class=\"wp-block-query is-layout-flow wp-block-query-is-layout-flow\"><ul class=\"columns-2 wp-block-post-template is-layout-grid wp-container-core-post-template-is-layout-37ef2942 wp-block-post-template-is-layout-grid\"><li class=\"wp-block-post post-6927 press type-press status-publish has-post-thumbnail hentry press_cat-table-decoration press_cat-diy press_cat-christmas-tree-decorations press_cat-advent-decoration press_main-dekoration press_main-diy-upcycling press_main-juletraespynt press_main-pressemeddelelser\">\n<figure style=\"aspect-ratio:1;\" class=\"featuredimage wp-block-post-featured-image\"><a href=\"https:\/\/starsforeurope.com\/dk\/press\/juletiden-er-en-tid-med-blinkende-lys-stjerneformede-julestjerner-giver-juletraditionerne-gnist\/\" target=\"_self\"  ><img loading=\"lazy\" decoding=\"async\" width=\"875\" height=\"1050\" src=\"https:\/\/starsforeurope.com\/dk\/wp-content\/uploads\/sites\/27\/2024\/10\/2024_Poinsettia_04000_Cosy_Cottage_Charm_19.jpg\" class=\"attachment-post-thumbnail size-post-thumbnail wp-post-image\" alt=\"Juletiden er en tid med blinkende lys: Stjerneformede julestjerner giver juletraditionerne gnist\" style=\"width:100%;height:100%;object-fit:cover;\" srcset=\"https:\/\/starsforeurope.com\/dk\/wp-content\/uploads\/sites\/27\/2024\/10\/2024_Poinsettia_04000_Cosy_Cottage_Charm_19.jpg 875w, https:\/\/starsforeurope.com\/dk\/wp-content\/uploads\/sites\/27\/2024\/10\/2024_Poinsettia_04000_Cosy_Cottage_Charm_19-250x300.jpg 250w, https:\/\/starsforeurope.com\/dk\/wp-content\/uploads\/sites\/27\/2024\/10\/2024_Poinsettia_04000_Cosy_Cottage_Charm_19-853x1024.jpg 853w, https:\/\/starsforeurope.com\/dk\/wp-content\/uploads\/sites\/27\/2024\/10\/2024_Poinsettia_04000_Cosy_Cottage_Charm_19-768x922.jpg 768w, https:\/\/starsforeurope.com\/dk\/wp-content\/uploads\/sites\/27\/2024\/10\/2024_Poinsettia_04000_Cosy_Cottage_Charm_19-563x675.jpg 563w\" sizes=\"auto, (max-width: 875px) 100vw, 875px\" \/><\/a><\/figure>\n\n<h3 class=\"wp-block-post-title\"><a href=\"https:\/\/starsforeurope.com\/dk\/press\/juletiden-er-en-tid-med-blinkende-lys-stjerneformede-julestjerner-giver-juletraditionerne-gnist\/\" target=\"_self\" >Juletiden er en tid med blinkende lys: Stjerneformede julestjerner giver juletraditionerne gnist<\/a><\/h3>\n\n\n<div class=\"wp-block-group postmetaline is-nowrap is-layout-flex wp-container-core-group-is-layout-6c531013 wp-block-group-is-layout-flex\"><div class=\"wp-block-post-date\"><time datetime=\"2024-11-25T08:00:41+01:00\">25. november 2024<\/time><\/div>\n\n<\/div>\n\n\n<div class=\"wp-block-post-excerpt\"><p class=\"wp-block-post-excerpt__excerpt\">Oplev julestjernens historie, og se hvordan moderne sorter kan give ny gnist til traditionelle skikke og dekorationer<\/p><p class=\"wp-block-post-excerpt__more-text\"><a class=\"wp-block-post-excerpt__more-link\" href=\"https:\/\/starsforeurope.com\/dk\/press\/juletiden-er-en-tid-med-blinkende-lys-stjerneformede-julestjerner-giver-juletraditionerne-gnist\/\">L\u00e6s mere<\/a><\/p><\/div>\n<\/li><li class=\"wp-block-post post-5714 press type-press status-publish has-post-thumbnail hentry press_cat-christmas-tree-decorations press_cat-advent-decoration press_main-adventspynt press_main-dekoration press_main-juletraespynt press_main-pressemeddelelser\">\n<figure style=\"aspect-ratio:1;\" class=\"featuredimage wp-block-post-featured-image\"><a href=\"https:\/\/starsforeurope.com\/dk\/press\/juletid-barndomsdroemme-gaar-i-opfyldelse-magiske-oejeblikke-med-julestjernen\/\" target=\"_self\"  ><img loading=\"lazy\" decoding=\"async\" width=\"875\" height=\"1050\" src=\"https:\/\/starsforeurope.com\/dk\/wp-content\/uploads\/sites\/27\/2022\/09\/2018_poinsettia_0100_Christmas_Tales_04.jpg\" class=\"attachment-post-thumbnail size-post-thumbnail wp-post-image\" alt=\"Juletid: Barndomsdr\u00f8mme g\u00e5r i opfyldelse: Magiske \u00f8jeblikke med julestjernen\" style=\"width:100%;height:100%;object-fit:cover;\" srcset=\"https:\/\/starsforeurope.com\/dk\/wp-content\/uploads\/sites\/27\/2022\/09\/2018_poinsettia_0100_Christmas_Tales_04.jpg 875w, https:\/\/starsforeurope.com\/dk\/wp-content\/uploads\/sites\/27\/2022\/09\/2018_poinsettia_0100_Christmas_Tales_04-250x300.jpg 250w, https:\/\/starsforeurope.com\/dk\/wp-content\/uploads\/sites\/27\/2022\/09\/2018_poinsettia_0100_Christmas_Tales_04-853x1024.jpg 853w, https:\/\/starsforeurope.com\/dk\/wp-content\/uploads\/sites\/27\/2022\/09\/2018_poinsettia_0100_Christmas_Tales_04-768x922.jpg 768w, https:\/\/starsforeurope.com\/dk\/wp-content\/uploads\/sites\/27\/2022\/09\/2018_poinsettia_0100_Christmas_Tales_04-563x675.jpg 563w\" sizes=\"auto, (max-width: 875px) 100vw, 875px\" \/><\/a><\/figure>\n\n<h3 class=\"wp-block-post-title\"><a href=\"https:\/\/starsforeurope.com\/dk\/press\/juletid-barndomsdroemme-gaar-i-opfyldelse-magiske-oejeblikke-med-julestjernen\/\" target=\"_self\" >Juletid: Barndomsdr\u00f8mme g\u00e5r i opfyldelse: Magiske \u00f8jeblikke med julestjernen<\/a><\/h3>\n\n\n<div class=\"wp-block-group postmetaline is-nowrap is-layout-flex wp-container-core-group-is-layout-6c531013 wp-block-group-is-layout-flex\"><div class=\"wp-block-post-date\"><time datetime=\"2018-08-11T14:52:43+02:00\">11. august 2018<\/time><\/div>\n\n<\/div>\n\n\n<div class=\"wp-block-post-excerpt\"><p class=\"wp-block-post-excerpt__excerpt\">Ud over julestjernen er juletr\u00e6et, adventskalenderen og adventskransen andre vigtige symboler p\u00e5 juletiden. Sammen skaber de en vidunderlig effekt<\/p><p class=\"wp-block-post-excerpt__more-text\"><a class=\"wp-block-post-excerpt__more-link\" href=\"https:\/\/starsforeurope.com\/dk\/press\/juletid-barndomsdroemme-gaar-i-opfyldelse-magiske-oejeblikke-med-julestjernen\/\">L\u00e6s mere<\/a><\/p><\/div>\n<\/li><\/ul>\n\n\n\n<\/div>\n\n\n\n<div style=\"height:3rem\" aria-hidden=\"true\" class=\"wp-block-spacer\"><\/div>\n<\/main>","protected":false},"excerpt":{"rendered":"<p>Giv dit tr\u00e6 liv med julestjernernes levende sk\u00f8nhed. Et tidl\u00f8st touch til et varmt, festligt look.<\/p>\n","protected":false},"author":26,"featured_media":4366,"parent":7376,"menu_order":0,"comment_status":"closed","ping_status":"closed","template":"two-column-press","meta":{"_acf_changed":false,"footnotes":""},"class_list":["post-7392","page","type-page","status-publish","has-post-thumbnail","hentry"],"acf":[],"_links":{"self":[{"href":"https:\/\/starsforeurope.com\/dk\/wp-json\/wp\/v2\/pages\/7392","targetHints":{"allow":["GET"]}}],"collection":[{"href":"https:\/\/starsforeurope.com\/dk\/wp-json\/wp\/v2\/pages"}],"about":[{"href":"https:\/\/starsforeurope.com\/dk\/wp-json\/wp\/v2\/types\/page"}],"author":[{"embeddable":true,"href":"https:\/\/starsforeurope.com\/dk\/wp-json\/wp\/v2\/users\/26"}],"replies":[{"embeddable":true,"href":"https:\/\/starsforeurope.com\/dk\/wp-json\/wp\/v2\/comments?post=7392"}],"version-history":[{"count":1,"href":"https:\/\/starsforeurope.com\/dk\/wp-json\/wp\/v2\/pages\/7392\/revisions"}],"predecessor-version":[{"id":7393,"href":"https:\/\/starsforeurope.com\/dk\/wp-json\/wp\/v2\/pages\/7392\/revisions\/7393"}],"up":[{"embeddable":true,"href":"https:\/\/starsforeurope.com\/dk\/wp-json\/wp\/v2\/pages\/7376"}],"wp:featuredmedia":[{"embeddable":true,"href":"https:\/\/starsforeurope.com\/dk\/wp-json\/wp\/v2\/media\/4366"}],"wp:attachment":[{"href":"https:\/\/starsforeurope.com\/dk\/wp-json\/wp\/v2\/media?parent=7392"}],"curies":[{"name":"wp","href":"https:\/\/api.w.org\/{rel}","templated":true}]}}