{"id":7390,"date":"2025-09-04T11:35:50","date_gmt":"2025-09-04T09:35:50","guid":{"rendered":"https:\/\/starsforeurope.com\/dk\/?page_id=7390"},"modified":"2025-09-19T08:25:08","modified_gmt":"2025-09-19T06:25:08","slug":"efterarspynt-green-living-pr","status":"publish","type":"page","link":"https:\/\/starsforeurope.com\/dk\/pressemeddelelser\/dekoration-pr\/efterarspynt-green-living-pr\/","title":{"rendered":"Julestjerner i efter\u00e5rsdekorationer"},"content":{"rendered":"<main class=\"wp-block-group postimage-half wide-content is-layout-flow wp-block-group-is-layout-flow\" style=\"margin-top:var(--wp--preset--spacing--50)\">\n<div style=\"height:3rem\" aria-hidden=\"true\" class=\"wp-block-spacer\"><\/div>\n\n\n\n<div class=\"wp-block-query is-layout-flow wp-block-query-is-layout-flow\"><ul class=\"columns-2 wp-block-post-template is-layout-grid wp-container-core-post-template-is-layout-37ef2942 wp-block-post-template-is-layout-grid\"><li class=\"wp-block-post post-5558 press type-press status-publish has-post-thumbnail hentry press_cat-diy press_cat-christmas-tree-decorations press_main-bordpynt press_main-dekoration press_main-efteraarspynt-green-living press_main-pressemeddelelser\">\n<figure style=\"aspect-ratio:1;\" class=\"featuredimage wp-block-post-featured-image\"><a href=\"https:\/\/starsforeurope.com\/dk\/press\/farverige-blomsterdekorationer-til-julebordet-borddekorationer-med-julestjerner-i-den-naturlige-groenne-livsstil\/\" target=\"_self\"  ><img loading=\"lazy\" decoding=\"async\" width=\"875\" height=\"1050\" src=\"https:\/\/starsforeurope.com\/dk\/wp-content\/uploads\/sites\/27\/2022\/08\/2021-poinsettia-06000-candy-colour-christmas-10.jpg\" class=\"attachment-post-thumbnail size-post-thumbnail wp-post-image\" alt=\"Farverige blomsterdekorationer til julebordet. Borddekorationer med julestjerner i den naturlige gr\u00f8nne livsstil\" style=\"width:100%;height:100%;object-fit:cover;\" srcset=\"https:\/\/starsforeurope.com\/dk\/wp-content\/uploads\/sites\/27\/2022\/08\/2021-poinsettia-06000-candy-colour-christmas-10.jpg 875w, https:\/\/starsforeurope.com\/dk\/wp-content\/uploads\/sites\/27\/2022\/08\/2021-poinsettia-06000-candy-colour-christmas-10-250x300.jpg 250w, https:\/\/starsforeurope.com\/dk\/wp-content\/uploads\/sites\/27\/2022\/08\/2021-poinsettia-06000-candy-colour-christmas-10-853x1024.jpg 853w, https:\/\/starsforeurope.com\/dk\/wp-content\/uploads\/sites\/27\/2022\/08\/2021-poinsettia-06000-candy-colour-christmas-10-768x922.jpg 768w, https:\/\/starsforeurope.com\/dk\/wp-content\/uploads\/sites\/27\/2022\/08\/2021-poinsettia-06000-candy-colour-christmas-10-563x675.jpg 563w\" sizes=\"auto, (max-width: 875px) 100vw, 875px\" \/><\/a><\/figure>\n\n<h3 class=\"wp-block-post-title\"><a href=\"https:\/\/starsforeurope.com\/dk\/press\/farverige-blomsterdekorationer-til-julebordet-borddekorationer-med-julestjerner-i-den-naturlige-groenne-livsstil\/\" target=\"_self\" >Farverige blomsterdekorationer til julebordet. Borddekorationer med julestjerner i den naturlige gr\u00f8nne livsstil<\/a><\/h3>\n\n\n<div class=\"wp-block-group postmetaline is-nowrap is-layout-flex wp-container-core-group-is-layout-6c531013 wp-block-group-is-layout-flex\"><div class=\"wp-block-post-date\"><time datetime=\"2020-12-03T12:44:20+01:00\">03. december 2020<\/time><\/div>\n\n<\/div>\n\n\n<div class=\"wp-block-post-excerpt\"><p class=\"wp-block-post-excerpt__excerpt\">Hvad ville julen v\u00e6re uden et juletr\u00e6? Uanset om du har \u00e6gte gran eller et n\u00e5lefrit DIY-alternativ, er julestjerner en fantastisk dekoration. Vi demonstrerer nogle id\u00e9er til juletr\u00e6er<\/p><p class=\"wp-block-post-excerpt__more-text\"><a class=\"wp-block-post-excerpt__more-link\" href=\"https:\/\/starsforeurope.com\/dk\/press\/farverige-blomsterdekorationer-til-julebordet-borddekorationer-med-julestjerner-i-den-naturlige-groenne-livsstil\/\">L\u00e6s mere<\/a><\/p><\/div>\n<\/li><li class=\"wp-block-post post-5724 press type-press status-publish has-post-thumbnail hentry press_cat-autumn-decor-houseplants press_main-dekoration press_main-efteraarspynt-green-living press_main-pressemeddelelser\">\n<figure style=\"aspect-ratio:1;\" class=\"featuredimage wp-block-post-featured-image\"><a href=\"https:\/\/starsforeurope.com\/dk\/press\/ikke-kun-til-jul-efteraarsmagi-med-julestjerner\/\" target=\"_self\"  ><img loading=\"lazy\" decoding=\"async\" width=\"875\" height=\"1050\" src=\"https:\/\/starsforeurope.com\/dk\/wp-content\/uploads\/sites\/27\/2022\/09\/2019_poinsettia_02000_christmas_wonderland_37.jpg\" class=\"attachment-post-thumbnail size-post-thumbnail wp-post-image\" alt=\"Ikke kun til jul. Efter\u00e5rsmagi med julestjerner\" style=\"width:100%;height:100%;object-fit:cover;\" srcset=\"https:\/\/starsforeurope.com\/dk\/wp-content\/uploads\/sites\/27\/2022\/09\/2019_poinsettia_02000_christmas_wonderland_37.jpg 875w, https:\/\/starsforeurope.com\/dk\/wp-content\/uploads\/sites\/27\/2022\/09\/2019_poinsettia_02000_christmas_wonderland_37-250x300.jpg 250w, https:\/\/starsforeurope.com\/dk\/wp-content\/uploads\/sites\/27\/2022\/09\/2019_poinsettia_02000_christmas_wonderland_37-853x1024.jpg 853w, https:\/\/starsforeurope.com\/dk\/wp-content\/uploads\/sites\/27\/2022\/09\/2019_poinsettia_02000_christmas_wonderland_37-768x922.jpg 768w, https:\/\/starsforeurope.com\/dk\/wp-content\/uploads\/sites\/27\/2022\/09\/2019_poinsettia_02000_christmas_wonderland_37-563x675.jpg 563w\" sizes=\"auto, (max-width: 875px) 100vw, 875px\" \/><\/a><\/figure>\n\n<h3 class=\"wp-block-post-title\"><a href=\"https:\/\/starsforeurope.com\/dk\/press\/ikke-kun-til-jul-efteraarsmagi-med-julestjerner\/\" target=\"_self\" >Ikke kun til jul. Efter\u00e5rsmagi med julestjerner<\/a><\/h3>\n\n\n<div class=\"wp-block-group postmetaline is-nowrap is-layout-flex wp-container-core-group-is-layout-6c531013 wp-block-group-is-layout-flex\"><div class=\"wp-block-post-date\"><time datetime=\"2019-09-13T15:15:36+02:00\">13. september 2019<\/time><\/div>\n\n<\/div>\n\n\n<div class=\"wp-block-post-excerpt\"><p class=\"wp-block-post-excerpt__excerpt\">Julestjerner er en smuk dekoration til efter\u00e5ret. Med nuancer af laks, gul, ros\u00e9 eller abrikos udstr\u00e5ler &#8220;efter\u00e5rsstjernerne&#8221; varme og hygge<\/p><p class=\"wp-block-post-excerpt__more-text\"><a class=\"wp-block-post-excerpt__more-link\" href=\"https:\/\/starsforeurope.com\/dk\/press\/ikke-kun-til-jul-efteraarsmagi-med-julestjerner\/\">L\u00e6s mere<\/a><\/p><\/div>\n<\/li><\/ul>\n\n\n\n<\/div>\n\n\n\n<div style=\"height:3rem\" aria-hidden=\"true\" class=\"wp-block-spacer\"><\/div>\n<\/main>","protected":false},"excerpt":{"rendered":"<p>Opdag hvordan, hvordan julestjerner giver efter\u00e5rets indretningstendenser et s\u00e6sonbestemt pr\u00e6g med rige farver og kreative arrangementer.<\/p>\n","protected":false},"author":26,"featured_media":4366,"parent":7376,"menu_order":0,"comment_status":"closed","ping_status":"closed","template":"two-column-press","meta":{"_acf_changed":false,"footnotes":""},"class_list":["post-7390","page","type-page","status-publish","has-post-thumbnail","hentry"],"acf":[],"_links":{"self":[{"href":"https:\/\/starsforeurope.com\/dk\/wp-json\/wp\/v2\/pages\/7390","targetHints":{"allow":["GET"]}}],"collection":[{"href":"https:\/\/starsforeurope.com\/dk\/wp-json\/wp\/v2\/pages"}],"about":[{"href":"https:\/\/starsforeurope.com\/dk\/wp-json\/wp\/v2\/types\/page"}],"author":[{"embeddable":true,"href":"https:\/\/starsforeurope.com\/dk\/wp-json\/wp\/v2\/users\/26"}],"replies":[{"embeddable":true,"href":"https:\/\/starsforeurope.com\/dk\/wp-json\/wp\/v2\/comments?post=7390"}],"version-history":[{"count":2,"href":"https:\/\/starsforeurope.com\/dk\/wp-json\/wp\/v2\/pages\/7390\/revisions"}],"predecessor-version":[{"id":7419,"href":"https:\/\/starsforeurope.com\/dk\/wp-json\/wp\/v2\/pages\/7390\/revisions\/7419"}],"up":[{"embeddable":true,"href":"https:\/\/starsforeurope.com\/dk\/wp-json\/wp\/v2\/pages\/7376"}],"wp:featuredmedia":[{"embeddable":true,"href":"https:\/\/starsforeurope.com\/dk\/wp-json\/wp\/v2\/media\/4366"}],"wp:attachment":[{"href":"https:\/\/starsforeurope.com\/dk\/wp-json\/wp\/v2\/media?parent=7390"}],"curies":[{"name":"wp","href":"https:\/\/api.w.org\/{rel}","templated":true}]}}