{"id":7388,"date":"2025-09-04T11:32:02","date_gmt":"2025-09-04T09:32:02","guid":{"rendered":"https:\/\/starsforeurope.com\/dk\/?page_id=7388"},"modified":"2025-09-19T08:22:24","modified_gmt":"2025-09-19T06:22:24","slug":"adventspynt-pr","status":"publish","type":"page","link":"https:\/\/starsforeurope.com\/dk\/pressemeddelelser\/dekoration-pr\/adventspynt-pr\/","title":{"rendered":"Adventsdekorationer med julestjerner"},"content":{"rendered":"<main class=\"wp-block-group postimage-half wide-content is-layout-flow wp-block-group-is-layout-flow\" style=\"margin-top:var(--wp--preset--spacing--50)\">\n<div style=\"height:3rem\" aria-hidden=\"true\" class=\"wp-block-spacer\"><\/div>\n\n\n\n<div class=\"wp-block-query is-layout-flow wp-block-query-is-layout-flow\"><ul class=\"columns-2 wp-block-post-template is-layout-grid wp-container-core-post-template-is-layout-37ef2942 wp-block-post-template-is-layout-grid\"><li class=\"wp-block-post post-7475 press type-press status-publish has-post-thumbnail hentry press_cat-wedding-decoration press_cat-diy press_cat-christmas-tree-decorations press_cat-advent-decoration press_cat-start-of-the-season press_cat-winter-decor press_main-adventspynt press_main-dekoration press_main-diy-upcycling press_main-pressemeddelelser press_main-saesonstart press_main-viden\">\n<figure style=\"aspect-ratio:1;\" class=\"featuredimage wp-block-post-featured-image\"><a href=\"https:\/\/starsforeurope.com\/dk\/press\/stjernernes-magi-ved-jul-advent-og-juletraesdekorationer-med-julestjerner\/\" target=\"_self\"  ><img loading=\"lazy\" decoding=\"async\" width=\"875\" height=\"1050\" src=\"https:\/\/starsforeurope.com\/dk\/wp-content\/uploads\/sites\/27\/2025\/11\/2025_Poinsettia_01000_Nordic_Winter_Charm_09.jpg\" class=\"attachment-post-thumbnail size-post-thumbnail wp-post-image\" alt=\"Stjernernes magi ved jul. Advent- og juletr\u00e6sdekorationer med julestjerner.\" style=\"width:100%;height:100%;object-fit:cover;\" srcset=\"https:\/\/starsforeurope.com\/dk\/wp-content\/uploads\/sites\/27\/2025\/11\/2025_Poinsettia_01000_Nordic_Winter_Charm_09.jpg 875w, https:\/\/starsforeurope.com\/dk\/wp-content\/uploads\/sites\/27\/2025\/11\/2025_Poinsettia_01000_Nordic_Winter_Charm_09-250x300.jpg 250w, https:\/\/starsforeurope.com\/dk\/wp-content\/uploads\/sites\/27\/2025\/11\/2025_Poinsettia_01000_Nordic_Winter_Charm_09-853x1024.jpg 853w, https:\/\/starsforeurope.com\/dk\/wp-content\/uploads\/sites\/27\/2025\/11\/2025_Poinsettia_01000_Nordic_Winter_Charm_09-768x922.jpg 768w\" sizes=\"auto, (max-width: 875px) 100vw, 875px\" \/><\/a><\/figure>\n\n<h3 class=\"wp-block-post-title\"><a href=\"https:\/\/starsforeurope.com\/dk\/press\/stjernernes-magi-ved-jul-advent-og-juletraesdekorationer-med-julestjerner\/\" target=\"_self\" >Stjernernes magi ved jul. Advent- og juletr\u00e6sdekorationer med julestjerner.<\/a><\/h3>\n\n\n<div class=\"wp-block-group postmetaline is-nowrap is-layout-flex wp-container-core-group-is-layout-6c531013 wp-block-group-is-layout-flex\"><div class=\"wp-block-post-date\"><time datetime=\"2025-11-26T08:00:00+01:00\">26. november 2025<\/time><\/div>\n\n<\/div>\n\n\n<div class=\"wp-block-post-excerpt\"><p class=\"wp-block-post-excerpt__excerpt\">Uanset om det er som kokedama, afsk\u00e5rne blomster eller potteplanter \u2013 julestjerner giver advents- og juletr\u00e6sdekorationer en s\u00e6rlig glans. Se selv!<\/p><p class=\"wp-block-post-excerpt__more-text\"><a class=\"wp-block-post-excerpt__more-link\" href=\"https:\/\/starsforeurope.com\/dk\/press\/stjernernes-magi-ved-jul-advent-og-juletraesdekorationer-med-julestjerner\/\">L\u00e6s mere<\/a><\/p><\/div>\n<\/li><li class=\"wp-block-post post-6932 press type-press status-publish has-post-thumbnail hentry press_cat-cut-flower press_cat-table-decoration press_cat-diy press_main-adventspynt press_main-afskaarne-blomster press_main-pressemeddelelser\">\n<figure style=\"aspect-ratio:1;\" class=\"featuredimage wp-block-post-featured-image\"><a href=\"https:\/\/starsforeurope.com\/dk\/press\/the-stars-of-advent-fresh-diy-ideas-for-festive-decorations-with-poinsettias\/\" target=\"_self\"  ><img loading=\"lazy\" decoding=\"async\" width=\"875\" height=\"1050\" src=\"https:\/\/starsforeurope.com\/dk\/wp-content\/uploads\/sites\/27\/2024\/10\/2024_Poinsettia_02000_Modern_Vintage_Fusion_02.jpg\" class=\"attachment-post-thumbnail size-post-thumbnail wp-post-image\" alt=\"Adventsmagi med julestjerner: ideer til festlige blomsterdekorationer\" style=\"width:100%;height:100%;object-fit:cover;\" srcset=\"https:\/\/starsforeurope.com\/dk\/wp-content\/uploads\/sites\/27\/2024\/10\/2024_Poinsettia_02000_Modern_Vintage_Fusion_02.jpg 875w, https:\/\/starsforeurope.com\/dk\/wp-content\/uploads\/sites\/27\/2024\/10\/2024_Poinsettia_02000_Modern_Vintage_Fusion_02-250x300.jpg 250w, https:\/\/starsforeurope.com\/dk\/wp-content\/uploads\/sites\/27\/2024\/10\/2024_Poinsettia_02000_Modern_Vintage_Fusion_02-853x1024.jpg 853w, https:\/\/starsforeurope.com\/dk\/wp-content\/uploads\/sites\/27\/2024\/10\/2024_Poinsettia_02000_Modern_Vintage_Fusion_02-768x922.jpg 768w, https:\/\/starsforeurope.com\/dk\/wp-content\/uploads\/sites\/27\/2024\/10\/2024_Poinsettia_02000_Modern_Vintage_Fusion_02-563x675.jpg 563w\" sizes=\"auto, (max-width: 875px) 100vw, 875px\" \/><\/a><\/figure>\n\n<h3 class=\"wp-block-post-title\"><a href=\"https:\/\/starsforeurope.com\/dk\/press\/the-stars-of-advent-fresh-diy-ideas-for-festive-decorations-with-poinsettias\/\" target=\"_self\" >Adventsmagi med julestjerner: ideer til festlige blomsterdekorationer<\/a><\/h3>\n\n\n<div class=\"wp-block-group postmetaline is-nowrap is-layout-flex wp-container-core-group-is-layout-6c531013 wp-block-group-is-layout-flex\"><div class=\"wp-block-post-date\"><time datetime=\"2024-11-11T08:16:44+01:00\">11. november 2024<\/time><\/div>\n\n<\/div>\n\n\n<div class=\"wp-block-post-excerpt\"><p class=\"wp-block-post-excerpt__excerpt\">Brug julestjerner til at lave smukke adventskranse og kalendere. Oplev vores nye blomsterbindingsprojekter, du kan lave derhjemme<\/p><p class=\"wp-block-post-excerpt__more-text\"><a class=\"wp-block-post-excerpt__more-link\" href=\"https:\/\/starsforeurope.com\/dk\/press\/the-stars-of-advent-fresh-diy-ideas-for-festive-decorations-with-poinsettias\/\">L\u00e6s mere<\/a><\/p><\/div>\n<\/li><li class=\"wp-block-post post-6836 press type-press status-publish has-post-thumbnail hentry press_cat-cut-flower press_cat-table-decoration press_cat-autumn-decor-houseplants press_cat-decoration-tips press_main-adventspynt press_main-afskaarne-blomster press_main-dekoration press_main-pressemeddelelser\">\n<figure style=\"aspect-ratio:1;\" class=\"featuredimage wp-block-post-featured-image\"><a href=\"https:\/\/starsforeurope.com\/dk\/press\/jul-med-en-luksurioes-foelelse-festlige-dekorationer-med-guld-og-julestjerner\/\" target=\"_self\"  ><img loading=\"lazy\" decoding=\"async\" width=\"875\" height=\"1050\" src=\"https:\/\/starsforeurope.com\/dk\/wp-content\/uploads\/sites\/27\/2024\/10\/2024_Poinsettia_01000_Golden_Elegance_01.jpg\" class=\"attachment-post-thumbnail size-post-thumbnail wp-post-image\" alt=\"Jul med en luksuri\u00f8s f\u00f8lelse. Festlige dekorationer med guld og julestjerner\" style=\"width:100%;height:100%;object-fit:cover;\" srcset=\"https:\/\/starsforeurope.com\/dk\/wp-content\/uploads\/sites\/27\/2024\/10\/2024_Poinsettia_01000_Golden_Elegance_01.jpg 875w, https:\/\/starsforeurope.com\/dk\/wp-content\/uploads\/sites\/27\/2024\/10\/2024_Poinsettia_01000_Golden_Elegance_01-250x300.jpg 250w, https:\/\/starsforeurope.com\/dk\/wp-content\/uploads\/sites\/27\/2024\/10\/2024_Poinsettia_01000_Golden_Elegance_01-853x1024.jpg 853w, https:\/\/starsforeurope.com\/dk\/wp-content\/uploads\/sites\/27\/2024\/10\/2024_Poinsettia_01000_Golden_Elegance_01-768x922.jpg 768w, https:\/\/starsforeurope.com\/dk\/wp-content\/uploads\/sites\/27\/2024\/10\/2024_Poinsettia_01000_Golden_Elegance_01-563x675.jpg 563w\" sizes=\"auto, (max-width: 875px) 100vw, 875px\" \/><\/a><\/figure>\n\n<h3 class=\"wp-block-post-title\"><a href=\"https:\/\/starsforeurope.com\/dk\/press\/jul-med-en-luksurioes-foelelse-festlige-dekorationer-med-guld-og-julestjerner\/\" target=\"_self\" >Jul med en luksuri\u00f8s f\u00f8lelse. Festlige dekorationer med guld og julestjerner<\/a><\/h3>\n\n\n<div class=\"wp-block-group postmetaline is-nowrap is-layout-flex wp-container-core-group-is-layout-6c531013 wp-block-group-is-layout-flex\"><div class=\"wp-block-post-date\"><time datetime=\"2024-10-10T10:15:36+02:00\">10. oktober 2024<\/time><\/div>\n\n<\/div>\n\n\n<div class=\"wp-block-post-excerpt\"><p class=\"wp-block-post-excerpt__excerpt\">Har du lyst til et overd\u00e5digt festligt interi\u00f8r? Kombiner derefter guldm\u00f8bler og tilbeh\u00f8r med hvide eller abrikosfarvede julestjerner<\/p><p class=\"wp-block-post-excerpt__more-text\"><a class=\"wp-block-post-excerpt__more-link\" href=\"https:\/\/starsforeurope.com\/dk\/press\/jul-med-en-luksurioes-foelelse-festlige-dekorationer-med-guld-og-julestjerner\/\">L\u00e6s mere<\/a><\/p><\/div>\n<\/li><li class=\"wp-block-post post-5699 press type-press status-publish has-post-thumbnail hentry press_cat-diy press_cat-advent-decoration press_main-adventspynt press_main-dekoration press_main-diy-upcycling press_main-pressemeddelelser\">\n<figure style=\"aspect-ratio:1;\" class=\"featuredimage wp-block-post-featured-image\"><a href=\"https:\/\/starsforeurope.com\/dk\/press\/straalende-blomster-ved-juletid-nye-ideer-til-kranse-med-julestjerner\/\" target=\"_self\"  ><img loading=\"lazy\" decoding=\"async\" width=\"875\" height=\"1050\" src=\"https:\/\/starsforeurope.com\/dk\/wp-content\/uploads\/sites\/27\/2022\/09\/2019_poinsettia_02000_christmas_wonderland_33.jpg\" class=\"attachment-post-thumbnail size-post-thumbnail wp-post-image\" alt=\"Str\u00e5lende blomster ved juletid. Nye id\u00e9er til kranse med julestjerner\" style=\"width:100%;height:100%;object-fit:cover;\" srcset=\"https:\/\/starsforeurope.com\/dk\/wp-content\/uploads\/sites\/27\/2022\/09\/2019_poinsettia_02000_christmas_wonderland_33.jpg 875w, https:\/\/starsforeurope.com\/dk\/wp-content\/uploads\/sites\/27\/2022\/09\/2019_poinsettia_02000_christmas_wonderland_33-250x300.jpg 250w, https:\/\/starsforeurope.com\/dk\/wp-content\/uploads\/sites\/27\/2022\/09\/2019_poinsettia_02000_christmas_wonderland_33-853x1024.jpg 853w, https:\/\/starsforeurope.com\/dk\/wp-content\/uploads\/sites\/27\/2022\/09\/2019_poinsettia_02000_christmas_wonderland_33-768x922.jpg 768w, https:\/\/starsforeurope.com\/dk\/wp-content\/uploads\/sites\/27\/2022\/09\/2019_poinsettia_02000_christmas_wonderland_33-563x675.jpg 563w\" sizes=\"auto, (max-width: 875px) 100vw, 875px\" \/><\/a><\/figure>\n\n<h3 class=\"wp-block-post-title\"><a href=\"https:\/\/starsforeurope.com\/dk\/press\/straalende-blomster-ved-juletid-nye-ideer-til-kranse-med-julestjerner\/\" target=\"_self\" >Str\u00e5lende blomster ved juletid. Nye id\u00e9er til kranse med julestjerner<\/a><\/h3>\n\n\n<div class=\"wp-block-group postmetaline is-nowrap is-layout-flex wp-container-core-group-is-layout-6c531013 wp-block-group-is-layout-flex\"><div class=\"wp-block-post-date\"><time datetime=\"2019-11-18T15:02:01+01:00\">18. november 2019<\/time><\/div>\n\n<\/div>\n\n\n<div class=\"wp-block-post-excerpt\"><p class=\"wp-block-post-excerpt__excerpt\">Himmelsk smukke, s\u00f8de som sukker, traditionelle, elegante, trendy eller enkle &#8211; vi pr\u00e6senterer friske ideer til adventskranse med julestjerner, som inviterer dig til at pr\u00f8ve dem<\/p><p class=\"wp-block-post-excerpt__more-text\"><a class=\"wp-block-post-excerpt__more-link\" href=\"https:\/\/starsforeurope.com\/dk\/press\/straalende-blomster-ved-juletid-nye-ideer-til-kranse-med-julestjerner\/\">L\u00e6s mere<\/a><\/p><\/div>\n<\/li><\/ul>\n\n<nav class=\"wp-block-query-pagination is-content-justification-center is-layout-flex wp-container-core-query-pagination-is-layout-a89b3969 wp-block-query-pagination-is-layout-flex\" aria-label=\"Sideinddeling\">\n\n\n<div class=\"wp-block-query-pagination-numbers has-medium-font-size\"><span aria-current=\"page\" class=\"page-numbers current\">1<\/span>\n<a class=\"page-numbers\" href=\"?query-0-page=2\">2<\/a><\/div>\n\n<a href=\"\/dk\/wp-json\/wp\/v2\/pages\/7388?query-0-page=2\" class=\"wp-block-query-pagination-next\">\u22b3<\/a>\n<\/nav>\n\n<\/div>\n\n\n\n<div style=\"height:3rem\" aria-hidden=\"true\" class=\"wp-block-spacer\"><\/div>\n<\/main>","protected":false},"excerpt":{"rendered":"<p>Pynt op til advent og skab hyggelig julestemning. Find inspiration til adventskranse og dekorationer.<\/p>\n","protected":false},"author":26,"featured_media":4366,"parent":7376,"menu_order":0,"comment_status":"closed","ping_status":"closed","template":"two-column-press","meta":{"_acf_changed":false,"footnotes":""},"class_list":["post-7388","page","type-page","status-publish","has-post-thumbnail","hentry"],"acf":[],"_links":{"self":[{"href":"https:\/\/starsforeurope.com\/dk\/wp-json\/wp\/v2\/pages\/7388","targetHints":{"allow":["GET"]}}],"collection":[{"href":"https:\/\/starsforeurope.com\/dk\/wp-json\/wp\/v2\/pages"}],"about":[{"href":"https:\/\/starsforeurope.com\/dk\/wp-json\/wp\/v2\/types\/page"}],"author":[{"embeddable":true,"href":"https:\/\/starsforeurope.com\/dk\/wp-json\/wp\/v2\/users\/26"}],"replies":[{"embeddable":true,"href":"https:\/\/starsforeurope.com\/dk\/wp-json\/wp\/v2\/comments?post=7388"}],"version-history":[{"count":2,"href":"https:\/\/starsforeurope.com\/dk\/wp-json\/wp\/v2\/pages\/7388\/revisions"}],"predecessor-version":[{"id":7417,"href":"https:\/\/starsforeurope.com\/dk\/wp-json\/wp\/v2\/pages\/7388\/revisions\/7417"}],"up":[{"embeddable":true,"href":"https:\/\/starsforeurope.com\/dk\/wp-json\/wp\/v2\/pages\/7376"}],"wp:featuredmedia":[{"embeddable":true,"href":"https:\/\/starsforeurope.com\/dk\/wp-json\/wp\/v2\/media\/4366"}],"wp:attachment":[{"href":"https:\/\/starsforeurope.com\/dk\/wp-json\/wp\/v2\/media?parent=7388"}],"curies":[{"name":"wp","href":"https:\/\/api.w.org\/{rel}","templated":true}]}}