{"id":7380,"date":"2025-09-04T11:19:44","date_gmt":"2025-09-04T09:19:44","guid":{"rendered":"https:\/\/starsforeurope.com\/dk\/?page_id=7380"},"modified":"2025-09-05T10:49:08","modified_gmt":"2025-09-05T08:49:08","slug":"viden-pr","status":"publish","type":"page","link":"https:\/\/starsforeurope.com\/dk\/pressemeddelelser\/viden-pr\/","title":{"rendered":"Udforsk alt, hvad du har brug for at vide om denne s\u00e6rlige festlige plante"},"content":{"rendered":"<main class=\"wp-block-group postimage-half wide-content is-layout-flow wp-block-group-is-layout-flow\" style=\"margin-top:var(--wp--preset--spacing--50)\">\n<div style=\"height:3rem\" aria-hidden=\"true\" class=\"wp-block-spacer\"><\/div>\n\n\n\n<div class=\"wp-block-query is-layout-flow wp-block-query-is-layout-flow\"><ul class=\"columns-2 wp-block-post-template is-layout-grid wp-container-core-post-template-is-layout-37ef2942 wp-block-post-template-is-layout-grid\"><li class=\"wp-block-post post-7475 press type-press status-publish has-post-thumbnail hentry press_cat-wedding-decoration press_cat-diy press_cat-christmas-tree-decorations press_cat-advent-decoration press_cat-start-of-the-season press_cat-winter-decor press_main-adventspynt press_main-dekoration press_main-diy-upcycling press_main-pressemeddelelser press_main-saesonstart press_main-viden\">\n<figure style=\"aspect-ratio:1;\" class=\"featuredimage wp-block-post-featured-image\"><a href=\"https:\/\/starsforeurope.com\/dk\/press\/stjernernes-magi-ved-jul-advent-og-juletraesdekorationer-med-julestjerner\/\" target=\"_self\"  ><img loading=\"lazy\" decoding=\"async\" width=\"875\" height=\"1050\" src=\"https:\/\/starsforeurope.com\/dk\/wp-content\/uploads\/sites\/27\/2025\/11\/2025_Poinsettia_01000_Nordic_Winter_Charm_09.jpg\" class=\"attachment-post-thumbnail size-post-thumbnail wp-post-image\" alt=\"Stjernernes magi ved jul. Advent- og juletr\u00e6sdekorationer med julestjerner.\" style=\"width:100%;height:100%;object-fit:cover;\" srcset=\"https:\/\/starsforeurope.com\/dk\/wp-content\/uploads\/sites\/27\/2025\/11\/2025_Poinsettia_01000_Nordic_Winter_Charm_09.jpg 875w, https:\/\/starsforeurope.com\/dk\/wp-content\/uploads\/sites\/27\/2025\/11\/2025_Poinsettia_01000_Nordic_Winter_Charm_09-250x300.jpg 250w, https:\/\/starsforeurope.com\/dk\/wp-content\/uploads\/sites\/27\/2025\/11\/2025_Poinsettia_01000_Nordic_Winter_Charm_09-853x1024.jpg 853w, https:\/\/starsforeurope.com\/dk\/wp-content\/uploads\/sites\/27\/2025\/11\/2025_Poinsettia_01000_Nordic_Winter_Charm_09-768x922.jpg 768w\" sizes=\"auto, (max-width: 875px) 100vw, 875px\" \/><\/a><\/figure>\n\n<h3 class=\"wp-block-post-title\"><a href=\"https:\/\/starsforeurope.com\/dk\/press\/stjernernes-magi-ved-jul-advent-og-juletraesdekorationer-med-julestjerner\/\" target=\"_self\" >Stjernernes magi ved jul. Advent- og juletr\u00e6sdekorationer med julestjerner.<\/a><\/h3>\n\n\n<div class=\"wp-block-group postmetaline is-nowrap is-layout-flex wp-container-core-group-is-layout-6c531013 wp-block-group-is-layout-flex\"><div class=\"wp-block-post-date\"><time datetime=\"2025-11-26T08:00:00+01:00\">26. november 2025<\/time><\/div>\n\n<\/div>\n\n\n<div class=\"wp-block-post-excerpt\"><p class=\"wp-block-post-excerpt__excerpt\">Uanset om det er som kokedama, afsk\u00e5rne blomster eller potteplanter \u2013 julestjerner giver advents- og juletr\u00e6sdekorationer en s\u00e6rlig glans. Se selv!<\/p><p class=\"wp-block-post-excerpt__more-text\"><a class=\"wp-block-post-excerpt__more-link\" href=\"https:\/\/starsforeurope.com\/dk\/press\/stjernernes-magi-ved-jul-advent-og-juletraesdekorationer-med-julestjerner\/\">L\u00e6s mere<\/a><\/p><\/div>\n<\/li><li class=\"wp-block-post post-4936 press type-press status-publish has-post-thumbnail hentry press_cat-cut-flower press_cat-table-decoration press_cat-history press_main-pressemeddelelser press_main-vaerd-at-vide press_main-viden\">\n<figure style=\"aspect-ratio:1;\" class=\"featuredimage wp-block-post-featured-image\"><a href=\"https:\/\/starsforeurope.com\/dk\/press\/julestjernen-saadan-blev-en-gammel-aztekisk-blomst-den-mest-populaere-plante-paa-jorden-2\/\" target=\"_self\"  ><img loading=\"lazy\" decoding=\"async\" width=\"875\" height=\"1050\" src=\"https:\/\/starsforeurope.com\/dk\/wp-content\/uploads\/sites\/27\/2022\/09\/2020-poinsettia-05100-christmas-romance-10.jpg\" class=\"attachment-post-thumbnail size-post-thumbnail wp-post-image\" alt=\"Julestjernen. S\u00e5dan blev en gammel, aztekisk blomst den mest popul\u00e6re plante p\u00e5 Jorden\" style=\"width:100%;height:100%;object-fit:cover;\" srcset=\"https:\/\/starsforeurope.com\/dk\/wp-content\/uploads\/sites\/27\/2022\/09\/2020-poinsettia-05100-christmas-romance-10.jpg 875w, https:\/\/starsforeurope.com\/dk\/wp-content\/uploads\/sites\/27\/2022\/09\/2020-poinsettia-05100-christmas-romance-10-250x300.jpg 250w, https:\/\/starsforeurope.com\/dk\/wp-content\/uploads\/sites\/27\/2022\/09\/2020-poinsettia-05100-christmas-romance-10-853x1024.jpg 853w, https:\/\/starsforeurope.com\/dk\/wp-content\/uploads\/sites\/27\/2022\/09\/2020-poinsettia-05100-christmas-romance-10-768x922.jpg 768w, https:\/\/starsforeurope.com\/dk\/wp-content\/uploads\/sites\/27\/2022\/09\/2020-poinsettia-05100-christmas-romance-10-563x675.jpg 563w\" sizes=\"auto, (max-width: 875px) 100vw, 875px\" \/><\/a><\/figure>\n\n<h3 class=\"wp-block-post-title\"><a href=\"https:\/\/starsforeurope.com\/dk\/press\/julestjernen-saadan-blev-en-gammel-aztekisk-blomst-den-mest-populaere-plante-paa-jorden-2\/\" target=\"_self\" >Julestjernen. S\u00e5dan blev en gammel, aztekisk blomst den mest popul\u00e6re plante p\u00e5 Jorden<\/a><\/h3>\n\n\n<div class=\"wp-block-group postmetaline is-nowrap is-layout-flex wp-container-core-group-is-layout-6c531013 wp-block-group-is-layout-flex\"><div class=\"wp-block-post-date\"><time datetime=\"2021-10-01T14:07:48+02:00\">01. oktober 2021<\/time><\/div>\n\n<\/div>\n\n\n<div class=\"wp-block-post-excerpt\"><p class=\"wp-block-post-excerpt__excerpt\">Julestjernen er blevet den foretrukne juleplante i hele Europa, men dens r\u00f8dder er fra den anden side af havet i det aztekiske rige i Nord- og Mellemamerika, hvor de var meget v\u00e6rdsat af kongerne Netzahualcoyotl og Montezuma. Julestjerner er i Chile og Peru kendt som Andesbjergenes krone og er faktisk sm\u00e5 tropiske tr\u00e6er (Euphorbia pulcherrima),<\/p><p class=\"wp-block-post-excerpt__more-text\"><a class=\"wp-block-post-excerpt__more-link\" href=\"https:\/\/starsforeurope.com\/dk\/press\/julestjernen-saadan-blev-en-gammel-aztekisk-blomst-den-mest-populaere-plante-paa-jorden-2\/\">L\u00e6s mere<\/a><\/p><\/div>\n<\/li><li class=\"wp-block-post post-4999 press type-press status-publish has-post-thumbnail hentry press_cat-cut-flower press_cat-table-decoration press_cat-autumn-decor-houseplants press_cat-advent-decoration press_cat-decoration-tips press_main-pressemeddelelser press_main-vaerd-at-vide press_main-viden\">\n<figure style=\"aspect-ratio:1;\" class=\"featuredimage wp-block-post-featured-image\"><a href=\"https:\/\/starsforeurope.com\/dk\/press\/julestjernen-saadan-blev-en-gammel-aztekisk-blomst-den-mest-populaere-plante-paa-jorden\/\" target=\"_self\"  ><img loading=\"lazy\" decoding=\"async\" width=\"875\" height=\"1050\" src=\"https:\/\/starsforeurope.com\/dk\/wp-content\/uploads\/sites\/27\/2022\/09\/2021-poinsettia-06000-candy-colour-christmas-16.jpg\" class=\"attachment-post-thumbnail size-post-thumbnail wp-post-image\" alt=\"Julestjernen: S\u00e5dan blev en gammel, aztekisk blomst den mest popul\u00e6re plante p\u00e5 Jorden\" style=\"width:100%;height:100%;object-fit:cover;\" srcset=\"https:\/\/starsforeurope.com\/dk\/wp-content\/uploads\/sites\/27\/2022\/09\/2021-poinsettia-06000-candy-colour-christmas-16.jpg 875w, https:\/\/starsforeurope.com\/dk\/wp-content\/uploads\/sites\/27\/2022\/09\/2021-poinsettia-06000-candy-colour-christmas-16-250x300.jpg 250w, https:\/\/starsforeurope.com\/dk\/wp-content\/uploads\/sites\/27\/2022\/09\/2021-poinsettia-06000-candy-colour-christmas-16-853x1024.jpg 853w, https:\/\/starsforeurope.com\/dk\/wp-content\/uploads\/sites\/27\/2022\/09\/2021-poinsettia-06000-candy-colour-christmas-16-768x922.jpg 768w, https:\/\/starsforeurope.com\/dk\/wp-content\/uploads\/sites\/27\/2022\/09\/2021-poinsettia-06000-candy-colour-christmas-16-563x675.jpg 563w\" sizes=\"auto, (max-width: 875px) 100vw, 875px\" \/><\/a><\/figure>\n\n<h3 class=\"wp-block-post-title\"><a href=\"https:\/\/starsforeurope.com\/dk\/press\/julestjernen-saadan-blev-en-gammel-aztekisk-blomst-den-mest-populaere-plante-paa-jorden\/\" target=\"_self\" >Julestjernen: S\u00e5dan blev en gammel, aztekisk blomst den mest popul\u00e6re plante p\u00e5 Jorden<\/a><\/h3>\n\n\n<div class=\"wp-block-group postmetaline is-nowrap is-layout-flex wp-container-core-group-is-layout-6c531013 wp-block-group-is-layout-flex\"><div class=\"wp-block-post-date\"><time datetime=\"2021-09-18T12:46:39+02:00\">18. september 2021<\/time><\/div>\n\n<\/div>\n\n\n<div class=\"wp-block-post-excerpt\"><p class=\"wp-block-post-excerpt__excerpt\">Med deres farvede h\u00f8jblade forvandler julestjernerne rum til lykkens oaser. Den pr\u00e6cise effekt varierer afh\u00e6ngigt af farven. Vi ser p\u00e5 effekten af de forskellige farver<\/p><p class=\"wp-block-post-excerpt__more-text\"><a class=\"wp-block-post-excerpt__more-link\" href=\"https:\/\/starsforeurope.com\/dk\/press\/julestjernen-saadan-blev-en-gammel-aztekisk-blomst-den-mest-populaere-plante-paa-jorden\/\">L\u00e6s mere<\/a><\/p><\/div>\n<\/li><li class=\"wp-block-post post-5554 press type-press status-publish has-post-thumbnail hentry press_cat-history press_cat-interesting-facts press_main-pressemeddelelser press_main-vaerd-at-vide press_main-viden\">\n<figure style=\"aspect-ratio:1;\" class=\"featuredimage wp-block-post-featured-image\"><a href=\"https:\/\/starsforeurope.com\/dk\/press\/12-december-er-julestjernedag\/\" target=\"_self\"  ><img loading=\"lazy\" decoding=\"async\" width=\"875\" height=\"1050\" src=\"https:\/\/starsforeurope.com\/dk\/wp-content\/uploads\/sites\/27\/2022\/09\/2020_poinsettia_05100_Christmas_Romance_07.jpg\" class=\"attachment-post-thumbnail size-post-thumbnail wp-post-image\" alt=\"12. december er julestjernedag\" style=\"width:100%;height:100%;object-fit:cover;\" srcset=\"https:\/\/starsforeurope.com\/dk\/wp-content\/uploads\/sites\/27\/2022\/09\/2020_poinsettia_05100_Christmas_Romance_07.jpg 875w, https:\/\/starsforeurope.com\/dk\/wp-content\/uploads\/sites\/27\/2022\/09\/2020_poinsettia_05100_Christmas_Romance_07-250x300.jpg 250w, https:\/\/starsforeurope.com\/dk\/wp-content\/uploads\/sites\/27\/2022\/09\/2020_poinsettia_05100_Christmas_Romance_07-853x1024.jpg 853w, https:\/\/starsforeurope.com\/dk\/wp-content\/uploads\/sites\/27\/2022\/09\/2020_poinsettia_05100_Christmas_Romance_07-768x922.jpg 768w, https:\/\/starsforeurope.com\/dk\/wp-content\/uploads\/sites\/27\/2022\/09\/2020_poinsettia_05100_Christmas_Romance_07-563x675.jpg 563w\" sizes=\"auto, (max-width: 875px) 100vw, 875px\" \/><\/a><\/figure>\n\n<h3 class=\"wp-block-post-title\"><a href=\"https:\/\/starsforeurope.com\/dk\/press\/12-december-er-julestjernedag\/\" target=\"_self\" >12. december er julestjernedag<\/a><\/h3>\n\n\n<div class=\"wp-block-group postmetaline is-nowrap is-layout-flex wp-container-core-group-is-layout-6c531013 wp-block-group-is-layout-flex\"><div class=\"wp-block-post-date\"><time datetime=\"2020-12-12T12:26:22+01:00\">12. december 2020<\/time><\/div>\n\n<\/div>\n\n\n<div class=\"wp-block-post-excerpt\"><p class=\"wp-block-post-excerpt__excerpt\">Siden 1852 har folk i USA fejret julestjernens dag den 12. december ved at give hinanden julestjerner. L\u00e6s mere om denne s\u00e6rlige dag<\/p><p class=\"wp-block-post-excerpt__more-text\"><a class=\"wp-block-post-excerpt__more-link\" href=\"https:\/\/starsforeurope.com\/dk\/press\/12-december-er-julestjernedag\/\">L\u00e6s mere<\/a><\/p><\/div>\n<\/li><\/ul>\n\n<nav class=\"wp-block-query-pagination is-content-justification-center is-layout-flex wp-container-core-query-pagination-is-layout-a89b3969 wp-block-query-pagination-is-layout-flex\" aria-label=\"Sideinddeling\">\n\n\n<div class=\"wp-block-query-pagination-numbers has-medium-font-size\"><span aria-current=\"page\" class=\"page-numbers current\">1<\/span>\n<a class=\"page-numbers\" href=\"?query-0-page=2\">2<\/a>\n<a class=\"page-numbers\" href=\"?query-0-page=3\">3<\/a><\/div>\n\n<a href=\"\/dk\/wp-json\/wp\/v2\/pages\/7380?query-0-page=2\" class=\"wp-block-query-pagination-next\">\u22b3<\/a>\n<\/nav>\n\n<\/div>\n\n\n\n<div style=\"height:3rem\" aria-hidden=\"true\" class=\"wp-block-spacer\"><\/div>\n<\/main>","protected":false},"excerpt":{"rendered":"<p>Det er en af verdens mest popul\u00e6re planter, men hvor meget ved du egentlig om julestjernen? De vil m\u00e5ske overraske dig. Udforsk deres fascinerende historie, oprindelse, anvendelse og udvalg af sorter.<\/p>\n","protected":false},"author":26,"featured_media":4366,"parent":7,"menu_order":0,"comment_status":"closed","ping_status":"closed","template":"two-column-press","meta":{"_acf_changed":false,"footnotes":""},"class_list":["post-7380","page","type-page","status-publish","has-post-thumbnail","hentry"],"acf":[],"_links":{"self":[{"href":"https:\/\/starsforeurope.com\/dk\/wp-json\/wp\/v2\/pages\/7380","targetHints":{"allow":["GET"]}}],"collection":[{"href":"https:\/\/starsforeurope.com\/dk\/wp-json\/wp\/v2\/pages"}],"about":[{"href":"https:\/\/starsforeurope.com\/dk\/wp-json\/wp\/v2\/types\/page"}],"author":[{"embeddable":true,"href":"https:\/\/starsforeurope.com\/dk\/wp-json\/wp\/v2\/users\/26"}],"replies":[{"embeddable":true,"href":"https:\/\/starsforeurope.com\/dk\/wp-json\/wp\/v2\/comments?post=7380"}],"version-history":[{"count":1,"href":"https:\/\/starsforeurope.com\/dk\/wp-json\/wp\/v2\/pages\/7380\/revisions"}],"predecessor-version":[{"id":7381,"href":"https:\/\/starsforeurope.com\/dk\/wp-json\/wp\/v2\/pages\/7380\/revisions\/7381"}],"up":[{"embeddable":true,"href":"https:\/\/starsforeurope.com\/dk\/wp-json\/wp\/v2\/pages\/7"}],"wp:featuredmedia":[{"embeddable":true,"href":"https:\/\/starsforeurope.com\/dk\/wp-json\/wp\/v2\/media\/4366"}],"wp:attachment":[{"href":"https:\/\/starsforeurope.com\/dk\/wp-json\/wp\/v2\/media?parent=7380"}],"curies":[{"name":"wp","href":"https:\/\/api.w.org\/{rel}","templated":true}]}}