{"id":8311,"date":"2025-07-08T14:18:53","date_gmt":"2025-07-08T12:18:53","guid":{"rendered":"https:\/\/starsforeurope.com\/de\/?page_id=8311"},"modified":"2025-07-09T08:29:19","modified_gmt":"2025-07-09T06:29:19","slug":"wissenswertes-pr","status":"publish","type":"page","link":"https:\/\/starsforeurope.com\/de\/pressemitteilungen\/wissen-pr\/wissenswertes-pr\/","title":{"rendered":"Alles, was Sie \u00fcber Weihnachtssterne wissen m\u00fcssen"},"content":{"rendered":"<main class=\"wp-block-group postimage-half wide-content is-layout-flow wp-block-group-is-layout-flow\" style=\"margin-top:var(--wp--preset--spacing--50)\">\n<div style=\"height:3rem\" aria-hidden=\"true\" class=\"wp-block-spacer\"><\/div>\n\n\n\n<div class=\"wp-block-query is-layout-flow wp-block-query-is-layout-flow\"><ul class=\"columns-2 wp-block-post-template is-layout-grid wp-container-core-post-template-is-layout-37ef2942 wp-block-post-template-is-layout-grid\"><li class=\"wp-block-post post-5033 press type-press status-publish has-post-thumbnail hentry press_cat-dekorationsideen press_cat-diy press_cat-geschichte press_main-deko press_main-diy-upcycling press_main-pressemitteilungen press_main-wissen press_main-wissenswertes\">\n<figure style=\"aspect-ratio:1;\" class=\"featuredimage wp-block-post-featured-image\"><a href=\"https:\/\/starsforeurope.com\/de\/press\/mid-century-mit-weihnachtssternen-weihnachtssterne-zwischen-tradition-und-moderne\/\" target=\"_self\"  ><img loading=\"lazy\" decoding=\"async\" width=\"875\" height=\"1050\" src=\"https:\/\/starsforeurope.com\/de\/wp-content\/uploads\/sites\/10\/2022\/08\/2022-poinsettia-05000-mid-century-cheer-08.jpg\" class=\"attachment-post-thumbnail size-post-thumbnail wp-post-image\" alt=\"Mid-Century mit Weihnachtssternen. Weihnachtssterne zwischen Tradition und Moderne.\" style=\"width:100%;height:100%;object-fit:cover;\" srcset=\"https:\/\/starsforeurope.com\/de\/wp-content\/uploads\/sites\/10\/2022\/08\/2022-poinsettia-05000-mid-century-cheer-08.jpg 875w, https:\/\/starsforeurope.com\/de\/wp-content\/uploads\/sites\/10\/2022\/08\/2022-poinsettia-05000-mid-century-cheer-08-250x300.jpg 250w, https:\/\/starsforeurope.com\/de\/wp-content\/uploads\/sites\/10\/2022\/08\/2022-poinsettia-05000-mid-century-cheer-08-853x1024.jpg 853w, https:\/\/starsforeurope.com\/de\/wp-content\/uploads\/sites\/10\/2022\/08\/2022-poinsettia-05000-mid-century-cheer-08-768x922.jpg 768w, https:\/\/starsforeurope.com\/de\/wp-content\/uploads\/sites\/10\/2022\/08\/2022-poinsettia-05000-mid-century-cheer-08-563x675.jpg 563w\" sizes=\"auto, (max-width: 875px) 100vw, 875px\" \/><\/a><\/figure>\n\n<h3 class=\"wp-block-post-title\"><a href=\"https:\/\/starsforeurope.com\/de\/press\/mid-century-mit-weihnachtssternen-weihnachtssterne-zwischen-tradition-und-moderne\/\" target=\"_self\" >Mid-Century mit Weihnachtssternen. Weihnachtssterne zwischen Tradition und Moderne.<\/a><\/h3>\n\n\n<div class=\"wp-block-group postmetaline is-nowrap is-layout-flex wp-container-core-group-is-layout-6c531013 wp-block-group-is-layout-flex\"><div class=\"wp-block-post-date\"><time datetime=\"2022-11-25T12:01:39+01:00\">25. November 2022<\/time><\/div>\n\n<\/div>\n\n\n<div class=\"wp-block-post-excerpt\"><p class=\"wp-block-post-excerpt__excerpt\">Weihnachtssterne passen zu jedem Einrichtungsstil. Mit dem modernen Mid-Century-Stil harmonieren Sie aber besonders gut. Wir verraten Ihnen, wieso das so ist.<\/p><p class=\"wp-block-post-excerpt__more-text\"><a class=\"wp-block-post-excerpt__more-link\" href=\"https:\/\/starsforeurope.com\/de\/press\/mid-century-mit-weihnachtssternen-weihnachtssterne-zwischen-tradition-und-moderne\/\">Mehr<\/a><\/p><\/div>\n<\/li><li class=\"wp-block-post post-6466 press type-press status-publish has-post-thumbnail hentry press_cat-interessante-fakten press_main-pressemitteilungen press_main-wissen press_main-wissenswertes\">\n<figure style=\"aspect-ratio:1;\" class=\"featuredimage wp-block-post-featured-image\"><a href=\"https:\/\/starsforeurope.com\/de\/press\/gut-zu-wissen\/\" target=\"_self\"  ><img loading=\"lazy\" decoding=\"async\" width=\"875\" height=\"1050\" src=\"https:\/\/starsforeurope.com\/de\/wp-content\/uploads\/sites\/10\/2022\/12\/2022-poinsettia-01000-cosy-autumn-02.jpg\" class=\"attachment-post-thumbnail size-post-thumbnail wp-post-image\" alt=\"Gut zu wissen\" style=\"width:100%;height:100%;object-fit:cover;\" srcset=\"https:\/\/starsforeurope.com\/de\/wp-content\/uploads\/sites\/10\/2022\/12\/2022-poinsettia-01000-cosy-autumn-02.jpg 875w, https:\/\/starsforeurope.com\/de\/wp-content\/uploads\/sites\/10\/2022\/12\/2022-poinsettia-01000-cosy-autumn-02-250x300.jpg 250w, https:\/\/starsforeurope.com\/de\/wp-content\/uploads\/sites\/10\/2022\/12\/2022-poinsettia-01000-cosy-autumn-02-853x1024.jpg 853w, https:\/\/starsforeurope.com\/de\/wp-content\/uploads\/sites\/10\/2022\/12\/2022-poinsettia-01000-cosy-autumn-02-768x922.jpg 768w, https:\/\/starsforeurope.com\/de\/wp-content\/uploads\/sites\/10\/2022\/12\/2022-poinsettia-01000-cosy-autumn-02-563x675.jpg 563w\" sizes=\"auto, (max-width: 875px) 100vw, 875px\" \/><\/a><\/figure>\n\n<h3 class=\"wp-block-post-title\"><a href=\"https:\/\/starsforeurope.com\/de\/press\/gut-zu-wissen\/\" target=\"_self\" >Gut zu wissen<\/a><\/h3>\n\n\n<div class=\"wp-block-group postmetaline is-nowrap is-layout-flex wp-container-core-group-is-layout-6c531013 wp-block-group-is-layout-flex\"><div class=\"wp-block-post-date\"><time datetime=\"2022-10-11T10:54:48+02:00\">11. Oktober 2022<\/time><\/div>\n\n<\/div>\n\n\n<div class=\"wp-block-post-excerpt\"><p class=\"wp-block-post-excerpt__excerpt\">Wo kommen all die Weihnachtssterne her, warum sind die Pflanzen so beliebt, und worauf sollte man beim Kauf achten? Antworten auf diese und andere Fragen, finden Sie in diesem Text zum Saisonstart 2022.<\/p><p class=\"wp-block-post-excerpt__more-text\"><a class=\"wp-block-post-excerpt__more-link\" href=\"https:\/\/starsforeurope.com\/de\/press\/gut-zu-wissen\/\">Mehr<\/a><\/p><\/div>\n<\/li><li class=\"wp-block-post post-5005 press type-press status-publish has-post-thumbnail hentry press_cat-interessante-fakten press_main-pressemitteilungen press_main-wissen press_main-wissenswertes\">\n<figure style=\"aspect-ratio:1;\" class=\"featuredimage wp-block-post-featured-image\"><a href=\"https:\/\/starsforeurope.com\/de\/press\/wussten-sie-schon-dass-zehn-wenig-bekannte-fakten-ueber-den-weihnachtsstern\/\" target=\"_self\"  ><img loading=\"lazy\" decoding=\"async\" width=\"875\" height=\"1050\" src=\"https:\/\/starsforeurope.com\/de\/wp-content\/uploads\/sites\/10\/2022\/09\/2019-poinsettia-close-up-plant-04.jpg\" class=\"attachment-post-thumbnail size-post-thumbnail wp-post-image\" alt=\"Wussten Sie schon, dass\u2026 Zehn wenig bekannte Fakten \u00fcber den Weihnachtsstern\" style=\"width:100%;height:100%;object-fit:cover;\" srcset=\"https:\/\/starsforeurope.com\/de\/wp-content\/uploads\/sites\/10\/2022\/09\/2019-poinsettia-close-up-plant-04.jpg 875w, https:\/\/starsforeurope.com\/de\/wp-content\/uploads\/sites\/10\/2022\/09\/2019-poinsettia-close-up-plant-04-250x300.jpg 250w, https:\/\/starsforeurope.com\/de\/wp-content\/uploads\/sites\/10\/2022\/09\/2019-poinsettia-close-up-plant-04-853x1024.jpg 853w, https:\/\/starsforeurope.com\/de\/wp-content\/uploads\/sites\/10\/2022\/09\/2019-poinsettia-close-up-plant-04-768x922.jpg 768w, https:\/\/starsforeurope.com\/de\/wp-content\/uploads\/sites\/10\/2022\/09\/2019-poinsettia-close-up-plant-04-563x675.jpg 563w\" sizes=\"auto, (max-width: 875px) 100vw, 875px\" \/><\/a><\/figure>\n\n<h3 class=\"wp-block-post-title\"><a href=\"https:\/\/starsforeurope.com\/de\/press\/wussten-sie-schon-dass-zehn-wenig-bekannte-fakten-ueber-den-weihnachtsstern\/\" target=\"_self\" >Wussten Sie schon, dass\u2026 Zehn wenig bekannte Fakten \u00fcber den Weihnachtsstern<\/a><\/h3>\n\n\n<div class=\"wp-block-group postmetaline is-nowrap is-layout-flex wp-container-core-group-is-layout-6c531013 wp-block-group-is-layout-flex\"><div class=\"wp-block-post-date\"><time datetime=\"2021-11-23T13:05:51+01:00\">23. November 2021<\/time><\/div>\n\n<\/div>\n\n\n<div class=\"wp-block-post-excerpt\"><p class=\"wp-block-post-excerpt__excerpt\">Denken Sie, dass es \u00fcber den Weihnachtsstern nichts wirklich Neues zu erfahren gibt? Wir pr\u00e4sentieren zehn Fakten \u00fcber die Pflanze, die lange nicht jedem bekannt sein d\u00fcrften.<\/p><p class=\"wp-block-post-excerpt__more-text\"><a class=\"wp-block-post-excerpt__more-link\" href=\"https:\/\/starsforeurope.com\/de\/press\/wussten-sie-schon-dass-zehn-wenig-bekannte-fakten-ueber-den-weihnachtsstern\/\">Mehr<\/a><\/p><\/div>\n<\/li><li class=\"wp-block-post post-5554 press type-press status-publish has-post-thumbnail hentry press_cat-geschichte press_cat-interessante-fakten press_main-pressemitteilungen press_main-wissen press_main-wissenswertes\">\n<figure style=\"aspect-ratio:1;\" class=\"featuredimage wp-block-post-featured-image\"><a href=\"https:\/\/starsforeurope.com\/de\/press\/am-12-12-ist-poinsettia-day-als-liebesgruss-dankeschoen-entschuldigung-oder-einfach-nur-so-kommt-der-weihnachtsstern-gross-raus\/\" target=\"_self\"  ><img loading=\"lazy\" decoding=\"async\" width=\"875\" height=\"1050\" src=\"https:\/\/starsforeurope.com\/de\/wp-content\/uploads\/sites\/10\/2022\/09\/2020_poinsettia_05100_Christmas_Romance_07.jpg\" class=\"attachment-post-thumbnail size-post-thumbnail wp-post-image\" alt=\"Am 12.12. ist Poinsettia Day. Als Liebesgru\u00df, Dankesch\u00f6n, Entschuldigung oder \u201eEinfach nur so\u201c kommt der Weihnachtsstern gro\u00df raus\" style=\"width:100%;height:100%;object-fit:cover;\" srcset=\"https:\/\/starsforeurope.com\/de\/wp-content\/uploads\/sites\/10\/2022\/09\/2020_poinsettia_05100_Christmas_Romance_07.jpg 875w, https:\/\/starsforeurope.com\/de\/wp-content\/uploads\/sites\/10\/2022\/09\/2020_poinsettia_05100_Christmas_Romance_07-250x300.jpg 250w, https:\/\/starsforeurope.com\/de\/wp-content\/uploads\/sites\/10\/2022\/09\/2020_poinsettia_05100_Christmas_Romance_07-853x1024.jpg 853w, https:\/\/starsforeurope.com\/de\/wp-content\/uploads\/sites\/10\/2022\/09\/2020_poinsettia_05100_Christmas_Romance_07-768x922.jpg 768w, https:\/\/starsforeurope.com\/de\/wp-content\/uploads\/sites\/10\/2022\/09\/2020_poinsettia_05100_Christmas_Romance_07-563x675.jpg 563w\" sizes=\"auto, (max-width: 875px) 100vw, 875px\" \/><\/a><\/figure>\n\n<h3 class=\"wp-block-post-title\"><a href=\"https:\/\/starsforeurope.com\/de\/press\/am-12-12-ist-poinsettia-day-als-liebesgruss-dankeschoen-entschuldigung-oder-einfach-nur-so-kommt-der-weihnachtsstern-gross-raus\/\" target=\"_self\" >Am 12.12. ist Poinsettia Day. Als Liebesgru\u00df, Dankesch\u00f6n, Entschuldigung oder \u201eEinfach nur so\u201c kommt der Weihnachtsstern gro\u00df raus<\/a><\/h3>\n\n\n<div class=\"wp-block-group postmetaline is-nowrap is-layout-flex wp-container-core-group-is-layout-6c531013 wp-block-group-is-layout-flex\"><div class=\"wp-block-post-date\"><time datetime=\"2020-12-08T12:26:22+01:00\">08. Dezember 2020<\/time><\/div>\n\n<\/div>\n\n\n<div class=\"wp-block-post-excerpt\"><p class=\"wp-block-post-excerpt__excerpt\">Seit 1852 feiern Menschen in den USA am 12.12. den \u201eTag des Weihnachtssterns\u201c, indem sie sich mit Weihnachtssternen beschenken. Erfahren Sie mehr \u00fcber diesen besonderen Tag.<\/p><p class=\"wp-block-post-excerpt__more-text\"><a class=\"wp-block-post-excerpt__more-link\" href=\"https:\/\/starsforeurope.com\/de\/press\/am-12-12-ist-poinsettia-day-als-liebesgruss-dankeschoen-entschuldigung-oder-einfach-nur-so-kommt-der-weihnachtsstern-gross-raus\/\">Mehr<\/a><\/p><\/div>\n<\/li><\/ul>\n\n<nav class=\"wp-block-query-pagination is-content-justification-center is-layout-flex wp-container-core-query-pagination-is-layout-a89b3969 wp-block-query-pagination-is-layout-flex\" aria-label=\"Seitennummerierung\">\n\n\n<div class=\"wp-block-query-pagination-numbers has-medium-font-size\"><span aria-current=\"page\" class=\"page-numbers current\">1<\/span>\n<a class=\"page-numbers\" href=\"?query-0-page=2\">2<\/a>\n<a class=\"page-numbers\" href=\"?query-0-page=3\">3<\/a><\/div>\n\n<a href=\"\/de\/wp-json\/wp\/v2\/pages\/8311?query-0-page=2\" class=\"wp-block-query-pagination-next\">\u22b3<\/a>\n<\/nav><\/div>\n\n\n\n<div style=\"height:3rem\" aria-hidden=\"true\" class=\"wp-block-spacer\"><\/div>\n<\/main>","protected":false},"excerpt":{"rendered":"<p>Hier finden Sie wichtige Fakten und Tipps zu Weihnachtssternen &#8211; von den Grundlagen der Pflege bis hin zu Wissenswertem &#8211; damit Sie das ganze Jahr \u00fcber Freude an diesen festlichen Pflanzen haben.<\/p>\n","protected":false},"author":26,"featured_media":6448,"parent":8283,"menu_order":0,"comment_status":"closed","ping_status":"closed","template":"two-column-blog-single","meta":{"_acf_changed":false,"footnotes":""},"class_list":["post-8311","page","type-page","status-publish","has-post-thumbnail","hentry"],"acf":[],"_links":{"self":[{"href":"https:\/\/starsforeurope.com\/de\/wp-json\/wp\/v2\/pages\/8311","targetHints":{"allow":["GET"]}}],"collection":[{"href":"https:\/\/starsforeurope.com\/de\/wp-json\/wp\/v2\/pages"}],"about":[{"href":"https:\/\/starsforeurope.com\/de\/wp-json\/wp\/v2\/types\/page"}],"author":[{"embeddable":true,"href":"https:\/\/starsforeurope.com\/de\/wp-json\/wp\/v2\/users\/26"}],"replies":[{"embeddable":true,"href":"https:\/\/starsforeurope.com\/de\/wp-json\/wp\/v2\/comments?post=8311"}],"version-history":[{"count":1,"href":"https:\/\/starsforeurope.com\/de\/wp-json\/wp\/v2\/pages\/8311\/revisions"}],"predecessor-version":[{"id":8312,"href":"https:\/\/starsforeurope.com\/de\/wp-json\/wp\/v2\/pages\/8311\/revisions\/8312"}],"up":[{"embeddable":true,"href":"https:\/\/starsforeurope.com\/de\/wp-json\/wp\/v2\/pages\/8283"}],"wp:featuredmedia":[{"embeddable":true,"href":"https:\/\/starsforeurope.com\/de\/wp-json\/wp\/v2\/media\/6448"}],"wp:attachment":[{"href":"https:\/\/starsforeurope.com\/de\/wp-json\/wp\/v2\/media?parent=8311"}],"curies":[{"name":"wp","href":"https:\/\/api.w.org\/{rel}","templated":true}]}}