{"id":8305,"date":"2025-07-08T13:35:10","date_gmt":"2025-07-08T11:35:10","guid":{"rendered":"https:\/\/starsforeurope.com\/de\/?page_id=8305"},"modified":"2025-07-08T13:35:12","modified_gmt":"2025-07-08T11:35:12","slug":"hochzeitsdekoration-pr","status":"publish","type":"page","link":"https:\/\/starsforeurope.com\/de\/pressemitteilungen\/deko-pr\/hochzeitsdekoration-pr\/","title":{"rendered":"Elegante Hochzeiten mit Weihnachtssternen"},"content":{"rendered":"<main class=\"wp-block-group postimage-half wide-content is-layout-flow wp-block-group-is-layout-flow\" style=\"margin-top:var(--wp--preset--spacing--50)\">\n<div style=\"height:3rem\" aria-hidden=\"true\" class=\"wp-block-spacer\"><\/div>\n\n\n\n<div class=\"wp-block-query is-layout-flow wp-block-query-is-layout-flow\"><ul class=\"columns-2 wp-block-post-template is-layout-grid wp-container-core-post-template-is-layout-37ef2942 wp-block-post-template-is-layout-grid\"><li class=\"wp-block-post post-5720 press type-press status-publish has-post-thumbnail hentry press_cat-hochzeitsdeko press_main-deko press_main-hochzeitsdekoration press_main-pressemitteilungen\">\n<figure style=\"aspect-ratio:1;\" class=\"featuredimage wp-block-post-featured-image\"><a href=\"https:\/\/starsforeurope.com\/de\/press\/traumhochzeit-im-herbst-oder-winter-farbenfrohe-weihnachtssterne-bringen-braeute-zum-erstrahlen\/\" target=\"_self\"  ><img loading=\"lazy\" decoding=\"async\" width=\"875\" height=\"1050\" src=\"https:\/\/starsforeurope.com\/de\/wp-content\/uploads\/sites\/10\/2022\/09\/2020_poinsettia_03000_Christmas_Blush_21-3.jpg\" class=\"attachment-post-thumbnail size-post-thumbnail wp-post-image\" alt=\"Traumhochzeit im Herbst oder Winter. Farbenfrohe Weihnachtssterne bringen Br\u00e4ute zum Erstrahlen.\" style=\"width:100%;height:100%;object-fit:cover;\" srcset=\"https:\/\/starsforeurope.com\/de\/wp-content\/uploads\/sites\/10\/2022\/09\/2020_poinsettia_03000_Christmas_Blush_21-3.jpg 875w, https:\/\/starsforeurope.com\/de\/wp-content\/uploads\/sites\/10\/2022\/09\/2020_poinsettia_03000_Christmas_Blush_21-3-250x300.jpg 250w, https:\/\/starsforeurope.com\/de\/wp-content\/uploads\/sites\/10\/2022\/09\/2020_poinsettia_03000_Christmas_Blush_21-3-853x1024.jpg 853w, https:\/\/starsforeurope.com\/de\/wp-content\/uploads\/sites\/10\/2022\/09\/2020_poinsettia_03000_Christmas_Blush_21-3-768x922.jpg 768w, https:\/\/starsforeurope.com\/de\/wp-content\/uploads\/sites\/10\/2022\/09\/2020_poinsettia_03000_Christmas_Blush_21-3-563x675.jpg 563w\" sizes=\"auto, (max-width: 875px) 100vw, 875px\" \/><\/a><\/figure>\n\n<h3 class=\"wp-block-post-title\"><a href=\"https:\/\/starsforeurope.com\/de\/press\/traumhochzeit-im-herbst-oder-winter-farbenfrohe-weihnachtssterne-bringen-braeute-zum-erstrahlen\/\" target=\"_self\" >Traumhochzeit im Herbst oder Winter. Farbenfrohe Weihnachtssterne bringen Br\u00e4ute zum Erstrahlen.<\/a><\/h3>\n\n\n<div class=\"wp-block-group postmetaline is-nowrap is-layout-flex wp-container-core-group-is-layout-6c531013 wp-block-group-is-layout-flex\"><div class=\"wp-block-post-date\"><time datetime=\"2019-10-07T15:10:34+02:00\">07. Oktober 2019<\/time><\/div>\n\n<\/div>\n\n\n<div class=\"wp-block-post-excerpt\"><p class=\"wp-block-post-excerpt__excerpt\">Wer im Herbst oder Winter heiratet, hat das Gl\u00fcck, Weihnachtssterne als Hochzeitsblumen nutzen zu k\u00f6nnen. Freuen Sie sich auf Brautstr\u00e4u\u00dfe und Haarschmuck mit dem Winterbl\u00fcher.<\/p><p class=\"wp-block-post-excerpt__more-text\"><a class=\"wp-block-post-excerpt__more-link\" href=\"https:\/\/starsforeurope.com\/de\/press\/traumhochzeit-im-herbst-oder-winter-farbenfrohe-weihnachtssterne-bringen-braeute-zum-erstrahlen\/\">Mehr<\/a><\/p><\/div>\n<\/li><\/ul>\n\n<\/div>\n\n\n\n<div style=\"height:3rem\" aria-hidden=\"true\" class=\"wp-block-spacer\"><\/div>\n<\/main>","protected":false},"excerpt":{"rendered":"<p>Feiern Sie Ihren besonderen Tag mit der zeitlosen Sch\u00f6nheit von Weihnachtssternen &#8211; perfekt, um unvergessliche, festliche Hochzeitsakzente zu setzen.<\/p>\n","protected":false},"author":26,"featured_media":6448,"parent":8285,"menu_order":0,"comment_status":"closed","ping_status":"closed","template":"two-column-blog-single","meta":{"_acf_changed":false,"footnotes":""},"class_list":["post-8305","page","type-page","status-publish","has-post-thumbnail","hentry"],"acf":[],"_links":{"self":[{"href":"https:\/\/starsforeurope.com\/de\/wp-json\/wp\/v2\/pages\/8305","targetHints":{"allow":["GET"]}}],"collection":[{"href":"https:\/\/starsforeurope.com\/de\/wp-json\/wp\/v2\/pages"}],"about":[{"href":"https:\/\/starsforeurope.com\/de\/wp-json\/wp\/v2\/types\/page"}],"author":[{"embeddable":true,"href":"https:\/\/starsforeurope.com\/de\/wp-json\/wp\/v2\/users\/26"}],"replies":[{"embeddable":true,"href":"https:\/\/starsforeurope.com\/de\/wp-json\/wp\/v2\/comments?post=8305"}],"version-history":[{"count":1,"href":"https:\/\/starsforeurope.com\/de\/wp-json\/wp\/v2\/pages\/8305\/revisions"}],"predecessor-version":[{"id":8306,"href":"https:\/\/starsforeurope.com\/de\/wp-json\/wp\/v2\/pages\/8305\/revisions\/8306"}],"up":[{"embeddable":true,"href":"https:\/\/starsforeurope.com\/de\/wp-json\/wp\/v2\/pages\/8285"}],"wp:featuredmedia":[{"embeddable":true,"href":"https:\/\/starsforeurope.com\/de\/wp-json\/wp\/v2\/media\/6448"}],"wp:attachment":[{"href":"https:\/\/starsforeurope.com\/de\/wp-json\/wp\/v2\/media?parent=8305"}],"curies":[{"name":"wp","href":"https:\/\/api.w.org\/{rel}","templated":true}]}}