{"id":8303,"date":"2025-07-08T13:31:42","date_gmt":"2025-07-08T11:31:42","guid":{"rendered":"https:\/\/starsforeurope.com\/de\/?page_id=8303"},"modified":"2025-07-08T13:31:44","modified_gmt":"2025-07-08T11:31:44","slug":"winterdekoration-pr","status":"publish","type":"page","link":"https:\/\/starsforeurope.com\/de\/pressemitteilungen\/deko-pr\/winterdekoration-pr\/","title":{"rendered":"Winterdekoration mit Weihnachtssternen"},"content":{"rendered":"<main class=\"wp-block-group postimage-half wide-content is-layout-flow wp-block-group-is-layout-flow\" style=\"margin-top:var(--wp--preset--spacing--50)\">\n<div style=\"height:3rem\" aria-hidden=\"true\" class=\"wp-block-spacer\"><\/div>\n\n\n\n<div class=\"wp-block-query is-layout-flow wp-block-query-is-layout-flow\"><ul class=\"columns-2 wp-block-post-template is-layout-grid wp-container-core-post-template-is-layout-37ef2942 wp-block-post-template-is-layout-grid\"><li class=\"wp-block-post post-5592 press type-press status-publish has-post-thumbnail hentry press_cat-diy press_cat-winterdeko press_main-deko press_main-diy-upcycling press_main-pressemitteilungen press_main-winterdekoration\">\n<figure style=\"aspect-ratio:1;\" class=\"featuredimage wp-block-post-featured-image\"><a href=\"https:\/\/starsforeurope.com\/de\/press\/winterwelten-mit-weihnachtssternen-besonders-in-creme-und-weiss-ist-die-pflanze-eine-ideale-winterdekoration\/\" target=\"_self\"  ><img loading=\"lazy\" decoding=\"async\" width=\"875\" height=\"1050\" src=\"https:\/\/starsforeurope.com\/de\/wp-content\/uploads\/sites\/10\/2022\/09\/2020_poinsettia_04000_Country_Christmas_Char.jpg\" class=\"attachment-post-thumbnail size-post-thumbnail wp-post-image\" alt=\"Winterwelten mit Weihnachtssternen. Besonders in Creme und Wei\u00df ist die Pflanze eine ideale Winterdekoration\" style=\"width:100%;height:100%;object-fit:cover;\" srcset=\"https:\/\/starsforeurope.com\/de\/wp-content\/uploads\/sites\/10\/2022\/09\/2020_poinsettia_04000_Country_Christmas_Char.jpg 875w, https:\/\/starsforeurope.com\/de\/wp-content\/uploads\/sites\/10\/2022\/09\/2020_poinsettia_04000_Country_Christmas_Char-250x300.jpg 250w, https:\/\/starsforeurope.com\/de\/wp-content\/uploads\/sites\/10\/2022\/09\/2020_poinsettia_04000_Country_Christmas_Char-853x1024.jpg 853w, https:\/\/starsforeurope.com\/de\/wp-content\/uploads\/sites\/10\/2022\/09\/2020_poinsettia_04000_Country_Christmas_Char-768x922.jpg 768w, https:\/\/starsforeurope.com\/de\/wp-content\/uploads\/sites\/10\/2022\/09\/2020_poinsettia_04000_Country_Christmas_Char-563x675.jpg 563w\" sizes=\"auto, (max-width: 875px) 100vw, 875px\" \/><\/a><\/figure>\n\n<h3 class=\"wp-block-post-title\"><a href=\"https:\/\/starsforeurope.com\/de\/press\/winterwelten-mit-weihnachtssternen-besonders-in-creme-und-weiss-ist-die-pflanze-eine-ideale-winterdekoration\/\" target=\"_self\" >Winterwelten mit Weihnachtssternen. Besonders in Creme und Wei\u00df ist die Pflanze eine ideale Winterdekoration<\/a><\/h3>\n\n\n<div class=\"wp-block-group postmetaline is-nowrap is-layout-flex wp-container-core-group-is-layout-6c531013 wp-block-group-is-layout-flex\"><div class=\"wp-block-post-date\"><time datetime=\"2020-11-03T14:49:36+01:00\">03. November 2020<\/time><\/div>\n\n<\/div>\n\n\n<div class=\"wp-block-post-excerpt\"><p class=\"wp-block-post-excerpt__excerpt\">Durch ihre \u00c4hnlichkeit mit Schnee sind wei\u00dfe und cremefarbene Weihnachtssterne ideal f\u00fcr winterliche Dekorationen. Wir zeigen Ihnen Ideen f\u00fcr Winterwelten mit Weihnachtssternen.<\/p><p class=\"wp-block-post-excerpt__more-text\"><a class=\"wp-block-post-excerpt__more-link\" href=\"https:\/\/starsforeurope.com\/de\/press\/winterwelten-mit-weihnachtssternen-besonders-in-creme-und-weiss-ist-die-pflanze-eine-ideale-winterdekoration\/\">Mehr<\/a><\/p><\/div>\n<\/li><li class=\"wp-block-post post-6214 press type-press status-publish has-post-thumbnail hentry press_cat-hochzeitsdeko press_cat-tischdekoration press_cat-winterdeko press_main-deko press_main-pressemitteilungen press_main-weihnachtsbaumdekoration press_main-winterdekoration\">\n<figure style=\"aspect-ratio:1;\" class=\"featuredimage wp-block-post-featured-image\"><a href=\"https:\/\/starsforeurope.com\/de\/press\/elegant-romantisch-und-farbenfroh-winterhochzeit-mit-weihnachtssternen\/\" target=\"_self\"  ><img loading=\"lazy\" decoding=\"async\" width=\"875\" height=\"1050\" src=\"https:\/\/starsforeurope.com\/de\/wp-content\/uploads\/sites\/10\/2022\/09\/2019_poinsettia_winter_brid.jpg\" class=\"attachment-post-thumbnail size-post-thumbnail wp-post-image\" alt=\"Elegant, romantisch und farbenfroh: Winterhochzeit mit Weihnachtssternen\" style=\"width:100%;height:100%;object-fit:cover;\" srcset=\"https:\/\/starsforeurope.com\/de\/wp-content\/uploads\/sites\/10\/2022\/09\/2019_poinsettia_winter_brid.jpg 875w, https:\/\/starsforeurope.com\/de\/wp-content\/uploads\/sites\/10\/2022\/09\/2019_poinsettia_winter_brid-250x300.jpg 250w, https:\/\/starsforeurope.com\/de\/wp-content\/uploads\/sites\/10\/2022\/09\/2019_poinsettia_winter_brid-853x1024.jpg 853w, https:\/\/starsforeurope.com\/de\/wp-content\/uploads\/sites\/10\/2022\/09\/2019_poinsettia_winter_brid-768x922.jpg 768w, https:\/\/starsforeurope.com\/de\/wp-content\/uploads\/sites\/10\/2022\/09\/2019_poinsettia_winter_brid-563x675.jpg 563w\" sizes=\"auto, (max-width: 875px) 100vw, 875px\" \/><\/a><\/figure>\n\n<h3 class=\"wp-block-post-title\"><a href=\"https:\/\/starsforeurope.com\/de\/press\/elegant-romantisch-und-farbenfroh-winterhochzeit-mit-weihnachtssternen\/\" target=\"_self\" >Elegant, romantisch und farbenfroh: Winterhochzeit mit Weihnachtssternen<\/a><\/h3>\n\n\n<div class=\"wp-block-group postmetaline is-nowrap is-layout-flex wp-container-core-group-is-layout-6c531013 wp-block-group-is-layout-flex\"><div class=\"wp-block-post-date\"><time datetime=\"2019-12-04T00:00:32+01:00\">04. Dezember 2019<\/time><\/div>\n\n<\/div>\n\n\n<div class=\"wp-block-post-excerpt\"><p class=\"wp-block-post-excerpt__excerpt\">Mit ihren farbigen Hochbl\u00e4ttern verwandeln Weihnachtssterne R\u00e4ume in Gl\u00fccksoasen. Die genauen Effekte sind je nach Farbton unterschiedlich. Wir blicken auf die Wirkung der verschiedenen Farben.<\/p><p class=\"wp-block-post-excerpt__more-text\"><a class=\"wp-block-post-excerpt__more-link\" href=\"https:\/\/starsforeurope.com\/de\/press\/elegant-romantisch-und-farbenfroh-winterhochzeit-mit-weihnachtssternen\/\">Mehr<\/a><\/p><\/div>\n<\/li><li class=\"wp-block-post post-5681 press type-press status-publish has-post-thumbnail hentry press_cat-adventsdekoration press_cat-diy press_cat-winterdeko press_main-deko press_main-diy-upcycling press_main-pressemitteilungen press_main-winterdekoration\">\n<figure style=\"aspect-ratio:1;\" class=\"featuredimage wp-block-post-featured-image\"><a href=\"https:\/\/starsforeurope.com\/de\/press\/verwunschene-weihnachtszeit-miniaturlandschaften-mit-weihnachtssternen\/\" target=\"_self\"  ><img loading=\"lazy\" decoding=\"async\" width=\"875\" height=\"1050\" src=\"https:\/\/starsforeurope.com\/de\/wp-content\/uploads\/sites\/10\/2022\/09\/2019_poinsettia_04000_christmas_miniatures_02.jpg\" class=\"attachment-post-thumbnail size-post-thumbnail wp-post-image\" alt=\"Verwunschene Weihnachtszeit Miniaturlandschaften mit Weihnachtssternen\" style=\"width:100%;height:100%;object-fit:cover;\" srcset=\"https:\/\/starsforeurope.com\/de\/wp-content\/uploads\/sites\/10\/2022\/09\/2019_poinsettia_04000_christmas_miniatures_02.jpg 875w, https:\/\/starsforeurope.com\/de\/wp-content\/uploads\/sites\/10\/2022\/09\/2019_poinsettia_04000_christmas_miniatures_02-250x300.jpg 250w, https:\/\/starsforeurope.com\/de\/wp-content\/uploads\/sites\/10\/2022\/09\/2019_poinsettia_04000_christmas_miniatures_02-853x1024.jpg 853w, https:\/\/starsforeurope.com\/de\/wp-content\/uploads\/sites\/10\/2022\/09\/2019_poinsettia_04000_christmas_miniatures_02-768x922.jpg 768w, https:\/\/starsforeurope.com\/de\/wp-content\/uploads\/sites\/10\/2022\/09\/2019_poinsettia_04000_christmas_miniatures_02-563x675.jpg 563w\" sizes=\"auto, (max-width: 875px) 100vw, 875px\" \/><\/a><\/figure>\n\n<h3 class=\"wp-block-post-title\"><a href=\"https:\/\/starsforeurope.com\/de\/press\/verwunschene-weihnachtszeit-miniaturlandschaften-mit-weihnachtssternen\/\" target=\"_self\" >Verwunschene Weihnachtszeit Miniaturlandschaften mit Weihnachtssternen<\/a><\/h3>\n\n\n<div class=\"wp-block-group postmetaline is-nowrap is-layout-flex wp-container-core-group-is-layout-6c531013 wp-block-group-is-layout-flex\"><div class=\"wp-block-post-date\"><time datetime=\"2019-11-28T13:56:56+01:00\">28. November 2019<\/time><\/div>\n\n<\/div>\n\n\n<div class=\"wp-block-post-excerpt\"><p class=\"wp-block-post-excerpt__excerpt\">Mit Weihnachtssternen lassen sich sch\u00f6ne Miniaturlandschaften erschaffen, die sich als Deko ebenso eignen wie als Geschenk. Entdecken Sie verschiedene DIY-Szenerien zum Nachmachen.<\/p><p class=\"wp-block-post-excerpt__more-text\"><a class=\"wp-block-post-excerpt__more-link\" href=\"https:\/\/starsforeurope.com\/de\/press\/verwunschene-weihnachtszeit-miniaturlandschaften-mit-weihnachtssternen\/\">Mehr<\/a><\/p><\/div>\n<\/li><\/ul>\n\n<\/div>\n\n\n\n<div style=\"height:3rem\" aria-hidden=\"true\" class=\"wp-block-spacer\"><\/div>\n<\/main>","protected":false},"excerpt":{"rendered":"<p>Bringen Sie gem\u00fctlichen Charme in Ihre Winterdekoration mit leuchtenden Weihnachtssternen &#8211; perfekt, um k\u00fchle Tage und festliche N\u00e4chte zu erhellen.<\/p>\n","protected":false},"author":26,"featured_media":6448,"parent":8285,"menu_order":0,"comment_status":"closed","ping_status":"closed","template":"two-column-blog-single","meta":{"_acf_changed":false,"footnotes":""},"class_list":["post-8303","page","type-page","status-publish","has-post-thumbnail","hentry"],"acf":[],"_links":{"self":[{"href":"https:\/\/starsforeurope.com\/de\/wp-json\/wp\/v2\/pages\/8303","targetHints":{"allow":["GET"]}}],"collection":[{"href":"https:\/\/starsforeurope.com\/de\/wp-json\/wp\/v2\/pages"}],"about":[{"href":"https:\/\/starsforeurope.com\/de\/wp-json\/wp\/v2\/types\/page"}],"author":[{"embeddable":true,"href":"https:\/\/starsforeurope.com\/de\/wp-json\/wp\/v2\/users\/26"}],"replies":[{"embeddable":true,"href":"https:\/\/starsforeurope.com\/de\/wp-json\/wp\/v2\/comments?post=8303"}],"version-history":[{"count":1,"href":"https:\/\/starsforeurope.com\/de\/wp-json\/wp\/v2\/pages\/8303\/revisions"}],"predecessor-version":[{"id":8304,"href":"https:\/\/starsforeurope.com\/de\/wp-json\/wp\/v2\/pages\/8303\/revisions\/8304"}],"up":[{"embeddable":true,"href":"https:\/\/starsforeurope.com\/de\/wp-json\/wp\/v2\/pages\/8285"}],"wp:featuredmedia":[{"embeddable":true,"href":"https:\/\/starsforeurope.com\/de\/wp-json\/wp\/v2\/media\/6448"}],"wp:attachment":[{"href":"https:\/\/starsforeurope.com\/de\/wp-json\/wp\/v2\/media?parent=8303"}],"curies":[{"name":"wp","href":"https:\/\/api.w.org\/{rel}","templated":true}]}}