{"id":8292,"date":"2025-07-08T12:46:19","date_gmt":"2025-07-08T10:46:19","guid":{"rendered":"https:\/\/starsforeurope.com\/de\/?page_id=8292"},"modified":"2025-07-08T12:46:20","modified_gmt":"2025-07-08T10:46:20","slug":"weihnachtsbaumdekoration-pr","status":"publish","type":"page","link":"https:\/\/starsforeurope.com\/de\/pressemitteilungen\/deko-pr\/weihnachtsbaumdekoration-pr\/","title":{"rendered":"Weihnachtssterne als Weihnachtsbaumdekoration"},"content":{"rendered":"<main class=\"wp-block-group postimage-half wide-content is-layout-flow wp-block-group-is-layout-flow\" style=\"margin-top:var(--wp--preset--spacing--50)\">\n<div style=\"height:3rem\" aria-hidden=\"true\" class=\"wp-block-spacer\"><\/div>\n\n\n\n<div class=\"wp-block-query is-layout-flow wp-block-query-is-layout-flow\"><ul class=\"columns-2 wp-block-post-template is-layout-grid wp-container-core-post-template-is-layout-37ef2942 wp-block-post-template-is-layout-grid\"><li class=\"wp-block-post post-7920 press type-press status-publish has-post-thumbnail hentry press_cat-adventsdekoration press_cat-dekorationsideen press_cat-diy press_cat-weihnachtsbaumdekoration press_main-adventsdekoration press_main-deko press_main-pressemitteilungen press_main-weihnachtsbaumdekoration\">\n<figure style=\"aspect-ratio:1;\" class=\"featuredimage wp-block-post-featured-image\"><a href=\"https:\/\/starsforeurope.com\/de\/press\/weihnachtlicher-sternenzauber-advents-und-christbaumdekorationen-mit-weihnachtssternen\/\" target=\"_self\"  ><img loading=\"lazy\" decoding=\"async\" width=\"875\" height=\"1050\" src=\"https:\/\/starsforeurope.com\/de\/wp-content\/uploads\/sites\/10\/2025\/06\/2025_Poinsettia_01000_Nordic_Winter_Charm_09.jpg\" class=\"attachment-post-thumbnail size-post-thumbnail wp-post-image\" alt=\"Weihnachtlicher Sternenzauber: Advents- und Christbaumdekorationen mit Weihnachtssternen\" style=\"width:100%;height:100%;object-fit:cover;\" srcset=\"https:\/\/starsforeurope.com\/de\/wp-content\/uploads\/sites\/10\/2025\/06\/2025_Poinsettia_01000_Nordic_Winter_Charm_09.jpg 875w, https:\/\/starsforeurope.com\/de\/wp-content\/uploads\/sites\/10\/2025\/06\/2025_Poinsettia_01000_Nordic_Winter_Charm_09-250x300.jpg 250w, https:\/\/starsforeurope.com\/de\/wp-content\/uploads\/sites\/10\/2025\/06\/2025_Poinsettia_01000_Nordic_Winter_Charm_09-853x1024.jpg 853w, https:\/\/starsforeurope.com\/de\/wp-content\/uploads\/sites\/10\/2025\/06\/2025_Poinsettia_01000_Nordic_Winter_Charm_09-768x922.jpg 768w, https:\/\/starsforeurope.com\/de\/wp-content\/uploads\/sites\/10\/2025\/06\/2025_Poinsettia_01000_Nordic_Winter_Charm_09-563x675.jpg 563w\" sizes=\"auto, (max-width: 875px) 100vw, 875px\" \/><\/a><\/figure>\n\n<h3 class=\"wp-block-post-title\"><a href=\"https:\/\/starsforeurope.com\/de\/press\/weihnachtlicher-sternenzauber-advents-und-christbaumdekorationen-mit-weihnachtssternen\/\" target=\"_self\" >Weihnachtlicher Sternenzauber: Advents- und Christbaumdekorationen mit Weihnachtssternen<\/a><\/h3>\n\n\n<div class=\"wp-block-group postmetaline is-nowrap is-layout-flex wp-container-core-group-is-layout-6c531013 wp-block-group-is-layout-flex\"><div class=\"wp-block-post-date\"><time datetime=\"2025-06-20T08:00:41+02:00\">20. Juni 2025<\/time><\/div>\n\n<\/div>\n\n\n<div class=\"wp-block-post-excerpt\"><p class=\"wp-block-post-excerpt__excerpt\">Ob als Kokedama, Schnittblume oder Topfpflanze \u2013 Weihnachtssterne verleihen Advents- und Christbaumdekorationen besonderen Glanz. Sehen Sie selbst!<\/p><p class=\"wp-block-post-excerpt__more-text\"><a class=\"wp-block-post-excerpt__more-link\" href=\"https:\/\/starsforeurope.com\/de\/press\/weihnachtlicher-sternenzauber-advents-und-christbaumdekorationen-mit-weihnachtssternen\/\">Mehr<\/a><\/p><\/div>\n<\/li><li class=\"wp-block-post post-7465 press type-press status-publish has-post-thumbnail hentry press_cat-adventsdekoration press_cat-schnittblume press_cat-weihnachtsbaumdekoration press_cat-winterdeko press_main-deko press_main-diy-upcycling press_main-pressemitteilungen press_main-weihnachtsbaumdekoration\">\n<figure style=\"aspect-ratio:1;\" class=\"featuredimage wp-block-post-featured-image\"><a href=\"https:\/\/starsforeurope.com\/de\/press\/weihnachtszeit-ist-sternenzeit-weihnachtssterne-verleihen-weihnachtstraditionen-zusaetzlichen-glanz\/\" target=\"_self\"  ><img loading=\"lazy\" decoding=\"async\" width=\"875\" height=\"1050\" src=\"https:\/\/starsforeurope.com\/de\/wp-content\/uploads\/sites\/10\/2024\/06\/2024_Poinsettia_04000_Cosy_Cottage_Charm_19.jpg\" class=\"attachment-post-thumbnail size-post-thumbnail wp-post-image\" alt=\"Weihnachtszeit ist Sternenzeit. Weihnachtssterne verleihen Weihnachtstraditionen zus\u00e4tzlichen Glanz\" style=\"width:100%;height:100%;object-fit:cover;\" srcset=\"https:\/\/starsforeurope.com\/de\/wp-content\/uploads\/sites\/10\/2024\/06\/2024_Poinsettia_04000_Cosy_Cottage_Charm_19.jpg 875w, https:\/\/starsforeurope.com\/de\/wp-content\/uploads\/sites\/10\/2024\/06\/2024_Poinsettia_04000_Cosy_Cottage_Charm_19-250x300.jpg 250w, https:\/\/starsforeurope.com\/de\/wp-content\/uploads\/sites\/10\/2024\/06\/2024_Poinsettia_04000_Cosy_Cottage_Charm_19-853x1024.jpg 853w, https:\/\/starsforeurope.com\/de\/wp-content\/uploads\/sites\/10\/2024\/06\/2024_Poinsettia_04000_Cosy_Cottage_Charm_19-768x922.jpg 768w, https:\/\/starsforeurope.com\/de\/wp-content\/uploads\/sites\/10\/2024\/06\/2024_Poinsettia_04000_Cosy_Cottage_Charm_19-563x675.jpg 563w\" sizes=\"auto, (max-width: 875px) 100vw, 875px\" \/><\/a><\/figure>\n\n<h3 class=\"wp-block-post-title\"><a href=\"https:\/\/starsforeurope.com\/de\/press\/weihnachtszeit-ist-sternenzeit-weihnachtssterne-verleihen-weihnachtstraditionen-zusaetzlichen-glanz\/\" target=\"_self\" >Weihnachtszeit ist Sternenzeit. Weihnachtssterne verleihen Weihnachtstraditionen zus\u00e4tzlichen Glanz<\/a><\/h3>\n\n\n<div class=\"wp-block-group postmetaline is-nowrap is-layout-flex wp-container-core-group-is-layout-6c531013 wp-block-group-is-layout-flex\"><div class=\"wp-block-post-date\"><time datetime=\"2024-11-27T07:00:46+01:00\">27. November 2024<\/time><\/div>\n\n<\/div>\n\n\n<div class=\"wp-block-post-excerpt\"><p class=\"wp-block-post-excerpt__excerpt\">Entdecken Sie die Geschichte des Weihnachtssterns und staunen Sie, wie moderne Sorten traditionelle Br\u00e4uche und Dekorationen erstrahlen lassen<\/p><p class=\"wp-block-post-excerpt__more-text\"><a class=\"wp-block-post-excerpt__more-link\" href=\"https:\/\/starsforeurope.com\/de\/press\/weihnachtszeit-ist-sternenzeit-weihnachtssterne-verleihen-weihnachtstraditionen-zusaetzlichen-glanz\/\">Mehr<\/a><\/p><\/div>\n<\/li><li class=\"wp-block-post post-6588 press type-press status-publish has-post-thumbnail hentry press_cat-adventsdekoration press_cat-dekorationsideen press_cat-diy press_cat-geschenkideen press_cat-weihnachtsbaumdekoration press_main-deko press_main-geschenkideen press_main-pressemitteilungen press_main-weihnachtsbaumdekoration\">\n<figure style=\"aspect-ratio:1;\" class=\"featuredimage wp-block-post-featured-image\"><a href=\"https:\/\/starsforeurope.com\/de\/press\/sternenreiche-weihnachtszeit-wie-weihnachtssterne-gross-und-klein-verzaubern\/\" target=\"_self\"  ><img loading=\"lazy\" decoding=\"async\" width=\"875\" height=\"1050\" src=\"https:\/\/starsforeurope.com\/de\/wp-content\/uploads\/sites\/10\/2023\/05\/2023_poinsettia_02000_Cottagecore_Charm_37.jpg\" class=\"attachment-post-thumbnail size-post-thumbnail wp-post-image\" alt=\"Sternenreiche Weihnachtszeit: wie Weihnachtssterne Gro\u00df und Klein verzaubern\" style=\"width:100%;height:100%;object-fit:cover;\" srcset=\"https:\/\/starsforeurope.com\/de\/wp-content\/uploads\/sites\/10\/2023\/05\/2023_poinsettia_02000_Cottagecore_Charm_37.jpg 875w, https:\/\/starsforeurope.com\/de\/wp-content\/uploads\/sites\/10\/2023\/05\/2023_poinsettia_02000_Cottagecore_Charm_37-250x300.jpg 250w, https:\/\/starsforeurope.com\/de\/wp-content\/uploads\/sites\/10\/2023\/05\/2023_poinsettia_02000_Cottagecore_Charm_37-853x1024.jpg 853w, https:\/\/starsforeurope.com\/de\/wp-content\/uploads\/sites\/10\/2023\/05\/2023_poinsettia_02000_Cottagecore_Charm_37-768x922.jpg 768w, https:\/\/starsforeurope.com\/de\/wp-content\/uploads\/sites\/10\/2023\/05\/2023_poinsettia_02000_Cottagecore_Charm_37-563x675.jpg 563w\" sizes=\"auto, (max-width: 875px) 100vw, 875px\" \/><\/a><\/figure>\n\n<h3 class=\"wp-block-post-title\"><a href=\"https:\/\/starsforeurope.com\/de\/press\/sternenreiche-weihnachtszeit-wie-weihnachtssterne-gross-und-klein-verzaubern\/\" target=\"_self\" >Sternenreiche Weihnachtszeit: wie Weihnachtssterne Gro\u00df und Klein verzaubern<\/a><\/h3>\n\n\n<div class=\"wp-block-group postmetaline is-nowrap is-layout-flex wp-container-core-group-is-layout-6c531013 wp-block-group-is-layout-flex\"><div class=\"wp-block-post-date\"><time datetime=\"2023-06-30T10:43:33+02:00\">30. Juni 2023<\/time><\/div>\n\n<\/div>\n\n\n<div class=\"wp-block-post-excerpt\"><p class=\"wp-block-post-excerpt__excerpt\">Als Topfpflanzen und Schnittblumen bringen Weihnachtssterne R\u00e4ume zum Strahlen und verleihen Christb\u00e4umen, Geschenken und Festtafeln weihnachtlichen Glanz. Entdecken Sie neue, zauberhafte Weihnachtsdekorationen.<\/p><p class=\"wp-block-post-excerpt__more-text\"><a class=\"wp-block-post-excerpt__more-link\" href=\"https:\/\/starsforeurope.com\/de\/press\/sternenreiche-weihnachtszeit-wie-weihnachtssterne-gross-und-klein-verzaubern\/\">Mehr<\/a><\/p><\/div>\n<\/li><li class=\"wp-block-post post-5046 press type-press status-publish has-post-thumbnail hentry press_cat-diy press_cat-weihnachtsbaumdekoration press_main-deko press_main-diy-upcycling press_main-pressemitteilungen press_main-weihnachtsbaumdekoration\">\n<figure style=\"aspect-ratio:1;\" class=\"featuredimage wp-block-post-featured-image\"><a href=\"https:\/\/starsforeurope.com\/de\/press\/sternenbaeume-mit-pfiff-neue-ideen-fuer-christbaeume-mit-weihnachtssternen\/\" target=\"_self\"  ><img loading=\"lazy\" decoding=\"async\" width=\"875\" height=\"1050\" src=\"https:\/\/starsforeurope.com\/de\/wp-content\/uploads\/sites\/10\/2022\/09\/2022_poinsettia_04000_Christmas_Fairy_Tale_34.jpg\" class=\"attachment-post-thumbnail size-post-thumbnail wp-post-image\" alt=\"Sternenb\u00e4ume mit Pfiff. Neue Ideen f\u00fcr Christb\u00e4ume mit Weihnachtssternen.\" style=\"width:100%;height:100%;object-fit:cover;\" srcset=\"https:\/\/starsforeurope.com\/de\/wp-content\/uploads\/sites\/10\/2022\/09\/2022_poinsettia_04000_Christmas_Fairy_Tale_34.jpg 875w, https:\/\/starsforeurope.com\/de\/wp-content\/uploads\/sites\/10\/2022\/09\/2022_poinsettia_04000_Christmas_Fairy_Tale_34-250x300.jpg 250w, https:\/\/starsforeurope.com\/de\/wp-content\/uploads\/sites\/10\/2022\/09\/2022_poinsettia_04000_Christmas_Fairy_Tale_34-853x1024.jpg 853w, https:\/\/starsforeurope.com\/de\/wp-content\/uploads\/sites\/10\/2022\/09\/2022_poinsettia_04000_Christmas_Fairy_Tale_34-768x922.jpg 768w, https:\/\/starsforeurope.com\/de\/wp-content\/uploads\/sites\/10\/2022\/09\/2022_poinsettia_04000_Christmas_Fairy_Tale_34-563x675.jpg 563w\" sizes=\"auto, (max-width: 875px) 100vw, 875px\" \/><\/a><\/figure>\n\n<h3 class=\"wp-block-post-title\"><a href=\"https:\/\/starsforeurope.com\/de\/press\/sternenbaeume-mit-pfiff-neue-ideen-fuer-christbaeume-mit-weihnachtssternen\/\" target=\"_self\" >Sternenb\u00e4ume mit Pfiff. Neue Ideen f\u00fcr Christb\u00e4ume mit Weihnachtssternen.<\/a><\/h3>\n\n\n<div class=\"wp-block-group postmetaline is-nowrap is-layout-flex wp-container-core-group-is-layout-6c531013 wp-block-group-is-layout-flex\"><div class=\"wp-block-post-date\"><time datetime=\"2022-12-08T09:15:21+01:00\">08. Dezember 2022<\/time><\/div>\n\n<\/div>\n\n\n<div class=\"wp-block-post-excerpt\"><p class=\"wp-block-post-excerpt__excerpt\">Weihnachtssterne sind ein wundersch\u00f6ner Christbaumschmuck. Wir zeigen echte Christb\u00e4ume und kreative DIY-Alternativen mit Weihnachtssternen f\u00fcr jeden Geschmack.<\/p><p class=\"wp-block-post-excerpt__more-text\"><a class=\"wp-block-post-excerpt__more-link\" href=\"https:\/\/starsforeurope.com\/de\/press\/sternenbaeume-mit-pfiff-neue-ideen-fuer-christbaeume-mit-weihnachtssternen\/\">Mehr<\/a><\/p><\/div>\n<\/li><\/ul>\n\n<nav class=\"wp-block-query-pagination is-content-justification-center is-layout-flex wp-container-core-query-pagination-is-layout-a89b3969 wp-block-query-pagination-is-layout-flex\" aria-label=\"Seitennummerierung\">\n\n\n<div class=\"wp-block-query-pagination-numbers has-medium-font-size\"><span aria-current=\"page\" class=\"page-numbers current\">1<\/span>\n<a class=\"page-numbers\" href=\"?query-0-page=2\">2<\/a><\/div>\n\n<a href=\"\/de\/wp-json\/wp\/v2\/pages\/8292?query-0-page=2\" class=\"wp-block-query-pagination-next\">\u22b3<\/a>\n<\/nav>\n\n<\/div>\n\n\n\n<div style=\"height:3rem\" aria-hidden=\"true\" class=\"wp-block-spacer\"><\/div>\n<\/main>","protected":false},"excerpt":{"rendered":"<p>Erwecken Sie Ihren Baum mit der lebendigen Sch\u00f6nheit von Weihnachtssternen zum Leben. Eine zeitlose Note f\u00fcr ein warmes, festliches Aussehen.<\/p>\n","protected":false},"author":26,"featured_media":6448,"parent":8285,"menu_order":0,"comment_status":"closed","ping_status":"closed","template":"two-column-blog-single","meta":{"_acf_changed":false,"footnotes":""},"class_list":["post-8292","page","type-page","status-publish","has-post-thumbnail","hentry"],"acf":[],"_links":{"self":[{"href":"https:\/\/starsforeurope.com\/de\/wp-json\/wp\/v2\/pages\/8292","targetHints":{"allow":["GET"]}}],"collection":[{"href":"https:\/\/starsforeurope.com\/de\/wp-json\/wp\/v2\/pages"}],"about":[{"href":"https:\/\/starsforeurope.com\/de\/wp-json\/wp\/v2\/types\/page"}],"author":[{"embeddable":true,"href":"https:\/\/starsforeurope.com\/de\/wp-json\/wp\/v2\/users\/26"}],"replies":[{"embeddable":true,"href":"https:\/\/starsforeurope.com\/de\/wp-json\/wp\/v2\/comments?post=8292"}],"version-history":[{"count":1,"href":"https:\/\/starsforeurope.com\/de\/wp-json\/wp\/v2\/pages\/8292\/revisions"}],"predecessor-version":[{"id":8293,"href":"https:\/\/starsforeurope.com\/de\/wp-json\/wp\/v2\/pages\/8292\/revisions\/8293"}],"up":[{"embeddable":true,"href":"https:\/\/starsforeurope.com\/de\/wp-json\/wp\/v2\/pages\/8285"}],"wp:featuredmedia":[{"embeddable":true,"href":"https:\/\/starsforeurope.com\/de\/wp-json\/wp\/v2\/media\/6448"}],"wp:attachment":[{"href":"https:\/\/starsforeurope.com\/de\/wp-json\/wp\/v2\/media?parent=8292"}],"curies":[{"name":"wp","href":"https:\/\/api.w.org\/{rel}","templated":true}]}}