{"id":8290,"date":"2025-07-08T12:38:13","date_gmt":"2025-07-08T10:38:13","guid":{"rendered":"https:\/\/starsforeurope.com\/de\/?page_id=8290"},"modified":"2025-07-14T13:16:44","modified_gmt":"2025-07-14T11:16:44","slug":"herbstdekoration-green-living-pr","status":"publish","type":"page","link":"https:\/\/starsforeurope.com\/de\/pressemitteilungen\/deko-pr\/herbstdekoration-green-living-pr\/","title":{"rendered":"Weihnachtssterne in der Herbstdekoration"},"content":{"rendered":"<main class=\"wp-block-group postimage-half wide-content is-layout-flow wp-block-group-is-layout-flow\" style=\"margin-top:var(--wp--preset--spacing--50)\">\n<div style=\"height:3rem\" aria-hidden=\"true\" class=\"wp-block-spacer\"><\/div>\n\n\n\n<div class=\"wp-block-query is-layout-flow wp-block-query-is-layout-flow\"><ul class=\"columns-2 wp-block-post-template is-layout-grid wp-container-core-post-template-is-layout-37ef2942 wp-block-post-template-is-layout-grid\"><li class=\"wp-block-post post-6653 press type-press status-publish has-post-thumbnail hentry press_cat-dekorationsideen press_cat-herbstdeko-zimmerpflanze press_cat-tischdekoration press_main-deko press_main-herbstdekoration-green-living press_main-pressemitteilungen press_main-tischdekoration\">\n<figure style=\"aspect-ratio:1;\" class=\"featuredimage wp-block-post-featured-image\"><a href=\"https:\/\/starsforeurope.com\/de\/press\/fuer-strahlende-interieurs-und-gute-stimmung-weihnachtssterne-bringen-farbe-ins-herbstliche-grau\/\" target=\"_self\"  ><img loading=\"lazy\" decoding=\"async\" width=\"875\" height=\"1050\" src=\"https:\/\/starsforeurope.com\/de\/wp-content\/uploads\/sites\/10\/2023\/05\/2023_poinsettia_02000_Cottagecore_Charm_15.jpg\" class=\"attachment-post-thumbnail size-post-thumbnail wp-post-image\" alt=\"F\u00fcr strahlende Interieurs und gute Stimmung. Weihnachtssterne bringen Farbe ins herbstliche Grau\" style=\"width:100%;height:100%;object-fit:cover;\" srcset=\"https:\/\/starsforeurope.com\/de\/wp-content\/uploads\/sites\/10\/2023\/05\/2023_poinsettia_02000_Cottagecore_Charm_15.jpg 875w, https:\/\/starsforeurope.com\/de\/wp-content\/uploads\/sites\/10\/2023\/05\/2023_poinsettia_02000_Cottagecore_Charm_15-250x300.jpg 250w, https:\/\/starsforeurope.com\/de\/wp-content\/uploads\/sites\/10\/2023\/05\/2023_poinsettia_02000_Cottagecore_Charm_15-853x1024.jpg 853w, https:\/\/starsforeurope.com\/de\/wp-content\/uploads\/sites\/10\/2023\/05\/2023_poinsettia_02000_Cottagecore_Charm_15-768x922.jpg 768w, https:\/\/starsforeurope.com\/de\/wp-content\/uploads\/sites\/10\/2023\/05\/2023_poinsettia_02000_Cottagecore_Charm_15-563x675.jpg 563w\" sizes=\"auto, (max-width: 875px) 100vw, 875px\" \/><\/a><\/figure>\n\n<h3 class=\"wp-block-post-title\"><a href=\"https:\/\/starsforeurope.com\/de\/press\/fuer-strahlende-interieurs-und-gute-stimmung-weihnachtssterne-bringen-farbe-ins-herbstliche-grau\/\" target=\"_self\" >F\u00fcr strahlende Interieurs und gute Stimmung. Weihnachtssterne bringen Farbe ins herbstliche Grau<\/a><\/h3>\n\n\n<div class=\"wp-block-group postmetaline is-nowrap is-layout-flex wp-container-core-group-is-layout-6c531013 wp-block-group-is-layout-flex\"><div class=\"wp-block-post-date\"><time datetime=\"2023-10-19T23:49:52+02:00\">19. Oktober 2023<\/time><\/div>\n\n<\/div>\n\n\n<div class=\"wp-block-post-excerpt\"><p class=\"wp-block-post-excerpt__excerpt\">Mit warmen Farben versch\u00f6nern Weihnachtssterne jedes Interieur und sorgen an grauen Herbsttagen f\u00fcr gute Laune. Wir pr\u00e4sentieren Herbstdekorationen, die tr\u00fcben Gedanken keine Chance lassen.<\/p><p class=\"wp-block-post-excerpt__more-text\"><a class=\"wp-block-post-excerpt__more-link\" href=\"https:\/\/starsforeurope.com\/de\/press\/fuer-strahlende-interieurs-und-gute-stimmung-weihnachtssterne-bringen-farbe-ins-herbstliche-grau\/\">Mehr<\/a><\/p><\/div>\n<\/li><li class=\"wp-block-post post-4999 press type-press status-publish has-post-thumbnail hentry press_cat-herbstdeko-zimmerpflanze press_main-deko press_main-herbstdekoration-green-living press_main-pressemitteilungen press_main-vielfalt press_main-wissen\">\n<figure style=\"aspect-ratio:1;\" class=\"featuredimage wp-block-post-featured-image\"><a href=\"https:\/\/starsforeurope.com\/de\/press\/mit-farbe-gegen-den-herbstblues-weihnachtssterne-sind-dekorativ-und-gut-fuer-die-stimmung\/\" target=\"_self\"  ><img loading=\"lazy\" decoding=\"async\" width=\"875\" height=\"1050\" src=\"https:\/\/starsforeurope.com\/de\/wp-content\/uploads\/sites\/10\/2022\/08\/2021-poinsettia-01000-boho-green-living-02.jpg\" class=\"attachment-post-thumbnail size-post-thumbnail wp-post-image\" alt=\"Mit Farbe gegen den Herbstblues. Weihnachtssterne sind dekorativ und gut f\u00fcr die Stimmung.\" style=\"width:100%;height:100%;object-fit:cover;\" srcset=\"https:\/\/starsforeurope.com\/de\/wp-content\/uploads\/sites\/10\/2022\/08\/2021-poinsettia-01000-boho-green-living-02.jpg 875w, https:\/\/starsforeurope.com\/de\/wp-content\/uploads\/sites\/10\/2022\/08\/2021-poinsettia-01000-boho-green-living-02-250x300.jpg 250w, https:\/\/starsforeurope.com\/de\/wp-content\/uploads\/sites\/10\/2022\/08\/2021-poinsettia-01000-boho-green-living-02-853x1024.jpg 853w, https:\/\/starsforeurope.com\/de\/wp-content\/uploads\/sites\/10\/2022\/08\/2021-poinsettia-01000-boho-green-living-02-768x922.jpg 768w, https:\/\/starsforeurope.com\/de\/wp-content\/uploads\/sites\/10\/2022\/08\/2021-poinsettia-01000-boho-green-living-02-563x675.jpg 563w\" sizes=\"auto, (max-width: 875px) 100vw, 875px\" \/><\/a><\/figure>\n\n<h3 class=\"wp-block-post-title\"><a href=\"https:\/\/starsforeurope.com\/de\/press\/mit-farbe-gegen-den-herbstblues-weihnachtssterne-sind-dekorativ-und-gut-fuer-die-stimmung\/\" target=\"_self\" >Mit Farbe gegen den Herbstblues. Weihnachtssterne sind dekorativ und gut f\u00fcr die Stimmung.<\/a><\/h3>\n\n\n<div class=\"wp-block-group postmetaline is-nowrap is-layout-flex wp-container-core-group-is-layout-6c531013 wp-block-group-is-layout-flex\"><div class=\"wp-block-post-date\"><time datetime=\"2021-11-09T12:46:39+01:00\">09. November 2021<\/time><\/div>\n\n<\/div>\n\n\n<div class=\"wp-block-post-excerpt\"><p class=\"wp-block-post-excerpt__excerpt\">Mit ihren farbigen Hochbl\u00e4ttern verwandeln Weihnachtssterne R\u00e4ume in Gl\u00fccksoasen. Die genauen Effekte sind je nach Farbton unterschiedlich. Wir blicken auf die Wirkung der verschiedenen Farben.<\/p><p class=\"wp-block-post-excerpt__more-text\"><a class=\"wp-block-post-excerpt__more-link\" href=\"https:\/\/starsforeurope.com\/de\/press\/mit-farbe-gegen-den-herbstblues-weihnachtssterne-sind-dekorativ-und-gut-fuer-die-stimmung\/\">Mehr<\/a><\/p><\/div>\n<\/li><li class=\"wp-block-post post-8089 press type-press status-publish has-post-thumbnail hentry press_cat-dekorationsideen press_cat-interessante-fakten press_cat-marktdaten press_main-deko press_main-herbstdekoration-green-living press_main-pressemitteilungen\">\n<figure style=\"aspect-ratio:1;\" class=\"featuredimage wp-block-post-featured-image\"><a href=\"https:\/\/starsforeurope.com\/de\/press\/vorhang-auf-fuer-den-star-unter-den-bluehenden-zimmerpflanzen\/\" target=\"_self\"  ><img loading=\"lazy\" decoding=\"async\" width=\"875\" height=\"1050\" src=\"https:\/\/starsforeurope.com\/de\/wp-content\/uploads\/sites\/10\/2022\/08\/2021-poinsettia-01000-boho-green-living-02.jpg\" class=\"attachment-post-thumbnail size-post-thumbnail wp-post-image\" alt=\"Vorhang auf f\u00fcr den Star unter den bl\u00fchenden Zimmerpflanzen\" style=\"width:100%;height:100%;object-fit:cover;\" srcset=\"https:\/\/starsforeurope.com\/de\/wp-content\/uploads\/sites\/10\/2022\/08\/2021-poinsettia-01000-boho-green-living-02.jpg 875w, https:\/\/starsforeurope.com\/de\/wp-content\/uploads\/sites\/10\/2022\/08\/2021-poinsettia-01000-boho-green-living-02-250x300.jpg 250w, https:\/\/starsforeurope.com\/de\/wp-content\/uploads\/sites\/10\/2022\/08\/2021-poinsettia-01000-boho-green-living-02-853x1024.jpg 853w, https:\/\/starsforeurope.com\/de\/wp-content\/uploads\/sites\/10\/2022\/08\/2021-poinsettia-01000-boho-green-living-02-768x922.jpg 768w, https:\/\/starsforeurope.com\/de\/wp-content\/uploads\/sites\/10\/2022\/08\/2021-poinsettia-01000-boho-green-living-02-563x675.jpg 563w\" sizes=\"auto, (max-width: 875px) 100vw, 875px\" \/><\/a><\/figure>\n\n<h3 class=\"wp-block-post-title\"><a href=\"https:\/\/starsforeurope.com\/de\/press\/vorhang-auf-fuer-den-star-unter-den-bluehenden-zimmerpflanzen\/\" target=\"_self\" >Vorhang auf f\u00fcr den Star unter den bl\u00fchenden Zimmerpflanzen<\/a><\/h3>\n\n\n<div class=\"wp-block-group postmetaline is-nowrap is-layout-flex wp-container-core-group-is-layout-6c531013 wp-block-group-is-layout-flex\"><div class=\"wp-block-post-date\"><time datetime=\"2021-11-05T07:00:33+01:00\">05. November 2021<\/time><\/div>\n\n<\/div>\n\n\n<div class=\"wp-block-post-excerpt\"><p class=\"wp-block-post-excerpt__excerpt\">Erfahren Sie hier wieso Weihnachtssterne auch in diesem Jahr voll im Trend liegen.<\/p><p class=\"wp-block-post-excerpt__more-text\"><a class=\"wp-block-post-excerpt__more-link\" href=\"https:\/\/starsforeurope.com\/de\/press\/vorhang-auf-fuer-den-star-unter-den-bluehenden-zimmerpflanzen\/\">Mehr<\/a><\/p><\/div>\n<\/li><li class=\"wp-block-post post-5608 press type-press status-publish has-post-thumbnail hentry press_cat-herbstdeko-zimmerpflanze press_main-deko press_main-herbstdekoration-green-living press_main-pressemitteilungen\">\n<figure style=\"aspect-ratio:1;\" class=\"featuredimage wp-block-post-featured-image\"><a href=\"https:\/\/starsforeurope.com\/de\/press\/nicht-nur-zur-weihnachtszeit-farbenfrohe-raumdekorationen-mit-poinsettien\/\" target=\"_self\"  ><img loading=\"lazy\" decoding=\"async\" width=\"875\" height=\"1050\" src=\"https:\/\/starsforeurope.com\/de\/wp-content\/uploads\/sites\/10\/2022\/09\/2020_poinsettia_02000_Natural_Christmas_Warmth_08.jpg\" class=\"attachment-post-thumbnail size-post-thumbnail wp-post-image\" alt=\"Nicht nur zur Weihnachtszeit: Farbenfrohe Raumdekorationen mit Poinsettien.\" style=\"width:100%;height:100%;object-fit:cover;\" srcset=\"https:\/\/starsforeurope.com\/de\/wp-content\/uploads\/sites\/10\/2022\/09\/2020_poinsettia_02000_Natural_Christmas_Warmth_08.jpg 875w, https:\/\/starsforeurope.com\/de\/wp-content\/uploads\/sites\/10\/2022\/09\/2020_poinsettia_02000_Natural_Christmas_Warmth_08-250x300.jpg 250w, https:\/\/starsforeurope.com\/de\/wp-content\/uploads\/sites\/10\/2022\/09\/2020_poinsettia_02000_Natural_Christmas_Warmth_08-853x1024.jpg 853w, https:\/\/starsforeurope.com\/de\/wp-content\/uploads\/sites\/10\/2022\/09\/2020_poinsettia_02000_Natural_Christmas_Warmth_08-768x922.jpg 768w, https:\/\/starsforeurope.com\/de\/wp-content\/uploads\/sites\/10\/2022\/09\/2020_poinsettia_02000_Natural_Christmas_Warmth_08-563x675.jpg 563w\" sizes=\"auto, (max-width: 875px) 100vw, 875px\" \/><\/a><\/figure>\n\n<h3 class=\"wp-block-post-title\"><a href=\"https:\/\/starsforeurope.com\/de\/press\/nicht-nur-zur-weihnachtszeit-farbenfrohe-raumdekorationen-mit-poinsettien\/\" target=\"_self\" >Nicht nur zur Weihnachtszeit: Farbenfrohe Raumdekorationen mit Poinsettien.<\/a><\/h3>\n\n\n<div class=\"wp-block-group postmetaline is-nowrap is-layout-flex wp-container-core-group-is-layout-6c531013 wp-block-group-is-layout-flex\"><div class=\"wp-block-post-date\"><time datetime=\"2020-10-21T09:26:46+02:00\">21. Oktober 2020<\/time><\/div>\n\n<\/div>\n\n\n<div class=\"wp-block-post-excerpt\"><p class=\"wp-block-post-excerpt__excerpt\">Weihnachtssterne sind auch unabh\u00e4ngig von Weihnachten vielseitige Zimmerpflanzen. Wir stellen farbenfrohe Raumdekorationen mit Weihnachtssternen und anderen Pflanzen vor.<\/p><p class=\"wp-block-post-excerpt__more-text\"><a class=\"wp-block-post-excerpt__more-link\" href=\"https:\/\/starsforeurope.com\/de\/press\/nicht-nur-zur-weihnachtszeit-farbenfrohe-raumdekorationen-mit-poinsettien\/\">Mehr<\/a><\/p><\/div>\n<\/li><\/ul>\n\n<nav class=\"wp-block-query-pagination is-content-justification-center is-layout-flex wp-container-core-query-pagination-is-layout-a89b3969 wp-block-query-pagination-is-layout-flex\" aria-label=\"Seitennummerierung\">\n\n\n<div class=\"wp-block-query-pagination-numbers has-medium-font-size\"><span aria-current=\"page\" class=\"page-numbers current\">1<\/span>\n<a class=\"page-numbers\" href=\"?query-0-page=2\">2<\/a><\/div>\n\n<a href=\"\/de\/wp-json\/wp\/v2\/pages\/8290?query-0-page=2\" class=\"wp-block-query-pagination-next\">\u22b3<\/a>\n<\/nav>\n\n<\/div>\n\n\n\n<div style=\"height:3rem\" aria-hidden=\"true\" class=\"wp-block-spacer\"><\/div>\n<\/main>","protected":false},"excerpt":{"rendered":"<p>K\u00fchn, warm und unerwartet &#8211; entdecken Sie, wie Weihnachtssterne mit kr\u00e4ftigen Farben und kreativen Arrangements ein saisonales Flair in die Herbstdekoration bringen.<\/p>\n","protected":false},"author":26,"featured_media":6448,"parent":8285,"menu_order":0,"comment_status":"closed","ping_status":"closed","template":"two-column-press","meta":{"_acf_changed":false,"footnotes":""},"class_list":["post-8290","page","type-page","status-publish","has-post-thumbnail","hentry"],"acf":[],"_links":{"self":[{"href":"https:\/\/starsforeurope.com\/de\/wp-json\/wp\/v2\/pages\/8290","targetHints":{"allow":["GET"]}}],"collection":[{"href":"https:\/\/starsforeurope.com\/de\/wp-json\/wp\/v2\/pages"}],"about":[{"href":"https:\/\/starsforeurope.com\/de\/wp-json\/wp\/v2\/types\/page"}],"author":[{"embeddable":true,"href":"https:\/\/starsforeurope.com\/de\/wp-json\/wp\/v2\/users\/26"}],"replies":[{"embeddable":true,"href":"https:\/\/starsforeurope.com\/de\/wp-json\/wp\/v2\/comments?post=8290"}],"version-history":[{"count":1,"href":"https:\/\/starsforeurope.com\/de\/wp-json\/wp\/v2\/pages\/8290\/revisions"}],"predecessor-version":[{"id":8291,"href":"https:\/\/starsforeurope.com\/de\/wp-json\/wp\/v2\/pages\/8290\/revisions\/8291"}],"up":[{"embeddable":true,"href":"https:\/\/starsforeurope.com\/de\/wp-json\/wp\/v2\/pages\/8285"}],"wp:featuredmedia":[{"embeddable":true,"href":"https:\/\/starsforeurope.com\/de\/wp-json\/wp\/v2\/media\/6448"}],"wp:attachment":[{"href":"https:\/\/starsforeurope.com\/de\/wp-json\/wp\/v2\/media?parent=8290"}],"curies":[{"name":"wp","href":"https:\/\/api.w.org\/{rel}","templated":true}]}}