{"id":8287,"date":"2025-07-08T11:40:27","date_gmt":"2025-07-08T09:40:27","guid":{"rendered":"https:\/\/starsforeurope.com\/de\/?page_id=8287"},"modified":"2025-07-14T12:35:52","modified_gmt":"2025-07-14T10:35:52","slug":"adventsdekoration-pr","status":"publish","type":"page","link":"https:\/\/starsforeurope.com\/de\/pressemitteilungen\/deko-pr\/adventsdekoration-pr\/","title":{"rendered":"Adventsdekoration mit Weihnachtssternen"},"content":{"rendered":"<main class=\"wp-block-group postimage-half wide-content is-layout-flow wp-block-group-is-layout-flow\" style=\"margin-top:var(--wp--preset--spacing--50)\">\n<div style=\"height:3rem\" aria-hidden=\"true\" class=\"wp-block-spacer\"><\/div>\n\n\n\n<div class=\"wp-block-query is-layout-flow wp-block-query-is-layout-flow\"><ul class=\"columns-2 wp-block-post-template is-layout-grid wp-container-core-post-template-is-layout-37ef2942 wp-block-post-template-is-layout-grid\"><li class=\"wp-block-post post-7920 press type-press status-publish has-post-thumbnail hentry press_cat-adventsdekoration press_cat-dekorationsideen press_cat-diy press_cat-weihnachtsbaumdekoration press_main-adventsdekoration press_main-deko press_main-pressemitteilungen press_main-weihnachtsbaumdekoration\">\n<figure style=\"aspect-ratio:1;\" class=\"featuredimage wp-block-post-featured-image\"><a href=\"https:\/\/starsforeurope.com\/de\/press\/weihnachtlicher-sternenzauber-advents-und-christbaumdekorationen-mit-weihnachtssternen\/\" target=\"_self\"  ><img loading=\"lazy\" decoding=\"async\" width=\"875\" height=\"1050\" src=\"https:\/\/starsforeurope.com\/de\/wp-content\/uploads\/sites\/10\/2025\/06\/2025_Poinsettia_01000_Nordic_Winter_Charm_09.jpg\" class=\"attachment-post-thumbnail size-post-thumbnail wp-post-image\" alt=\"Weihnachtlicher Sternenzauber: Advents- und Christbaumdekorationen mit Weihnachtssternen\" style=\"width:100%;height:100%;object-fit:cover;\" srcset=\"https:\/\/starsforeurope.com\/de\/wp-content\/uploads\/sites\/10\/2025\/06\/2025_Poinsettia_01000_Nordic_Winter_Charm_09.jpg 875w, https:\/\/starsforeurope.com\/de\/wp-content\/uploads\/sites\/10\/2025\/06\/2025_Poinsettia_01000_Nordic_Winter_Charm_09-250x300.jpg 250w, https:\/\/starsforeurope.com\/de\/wp-content\/uploads\/sites\/10\/2025\/06\/2025_Poinsettia_01000_Nordic_Winter_Charm_09-853x1024.jpg 853w, https:\/\/starsforeurope.com\/de\/wp-content\/uploads\/sites\/10\/2025\/06\/2025_Poinsettia_01000_Nordic_Winter_Charm_09-768x922.jpg 768w, https:\/\/starsforeurope.com\/de\/wp-content\/uploads\/sites\/10\/2025\/06\/2025_Poinsettia_01000_Nordic_Winter_Charm_09-563x675.jpg 563w\" sizes=\"auto, (max-width: 875px) 100vw, 875px\" \/><\/a><\/figure>\n\n<h3 class=\"wp-block-post-title\"><a href=\"https:\/\/starsforeurope.com\/de\/press\/weihnachtlicher-sternenzauber-advents-und-christbaumdekorationen-mit-weihnachtssternen\/\" target=\"_self\" >Weihnachtlicher Sternenzauber: Advents- und Christbaumdekorationen mit Weihnachtssternen<\/a><\/h3>\n\n\n<div class=\"wp-block-group postmetaline is-nowrap is-layout-flex wp-container-core-group-is-layout-6c531013 wp-block-group-is-layout-flex\"><div class=\"wp-block-post-date\"><time datetime=\"2025-06-20T08:00:41+02:00\">20. Juni 2025<\/time><\/div>\n\n<\/div>\n\n\n<div class=\"wp-block-post-excerpt\"><p class=\"wp-block-post-excerpt__excerpt\">Ob als Kokedama, Schnittblume oder Topfpflanze \u2013 Weihnachtssterne verleihen Advents- und Christbaumdekorationen besonderen Glanz. Sehen Sie selbst!<\/p><p class=\"wp-block-post-excerpt__more-text\"><a class=\"wp-block-post-excerpt__more-link\" href=\"https:\/\/starsforeurope.com\/de\/press\/weihnachtlicher-sternenzauber-advents-und-christbaumdekorationen-mit-weihnachtssternen\/\">Mehr<\/a><\/p><\/div>\n<\/li><li class=\"wp-block-post post-4905 press type-press status-publish has-post-thumbnail hentry press_cat-adventsdekoration press_cat-dekorationsideen press_cat-start-der-saison press_cat-winterdeko press_main-adventsdekoration press_main-deko press_main-pressemitteilungen press_main-start-der-saison press_main-wissen\">\n<figure style=\"aspect-ratio:1;\" class=\"featuredimage wp-block-post-featured-image\"><a href=\"https:\/\/starsforeurope.com\/de\/press\/weihnachtszauber-2024-vier-inspirierende-dekotrends-fuer-die-adventszeit\/\" target=\"_self\"  ><img loading=\"lazy\" decoding=\"async\" width=\"875\" height=\"1050\" src=\"https:\/\/starsforeurope.com\/de\/wp-content\/uploads\/sites\/10\/2024\/11\/2024_Poinsettia_02000_Modern_Vintage_Fusion_16.jpg\" class=\"attachment-post-thumbnail size-post-thumbnail wp-post-image\" alt=\"Weihnachtszauber 2024: Vier inspirierende Dekotrends f\u00fcr die Adventszeit\" style=\"width:100%;height:100%;object-fit:cover;\" srcset=\"https:\/\/starsforeurope.com\/de\/wp-content\/uploads\/sites\/10\/2024\/11\/2024_Poinsettia_02000_Modern_Vintage_Fusion_16.jpg 875w, https:\/\/starsforeurope.com\/de\/wp-content\/uploads\/sites\/10\/2024\/11\/2024_Poinsettia_02000_Modern_Vintage_Fusion_16-250x300.jpg 250w, https:\/\/starsforeurope.com\/de\/wp-content\/uploads\/sites\/10\/2024\/11\/2024_Poinsettia_02000_Modern_Vintage_Fusion_16-853x1024.jpg 853w, https:\/\/starsforeurope.com\/de\/wp-content\/uploads\/sites\/10\/2024\/11\/2024_Poinsettia_02000_Modern_Vintage_Fusion_16-768x922.jpg 768w, https:\/\/starsforeurope.com\/de\/wp-content\/uploads\/sites\/10\/2024\/11\/2024_Poinsettia_02000_Modern_Vintage_Fusion_16-563x675.jpg 563w\" sizes=\"auto, (max-width: 875px) 100vw, 875px\" \/><\/a><\/figure>\n\n<h3 class=\"wp-block-post-title\"><a href=\"https:\/\/starsforeurope.com\/de\/press\/weihnachtszauber-2024-vier-inspirierende-dekotrends-fuer-die-adventszeit\/\" target=\"_self\" >Weihnachtszauber 2024: Vier inspirierende Dekotrends f\u00fcr die Adventszeit<\/a><\/h3>\n\n\n<div class=\"wp-block-group postmetaline is-nowrap is-layout-flex wp-container-core-group-is-layout-6c531013 wp-block-group-is-layout-flex\"><div class=\"wp-block-post-date\"><time datetime=\"2024-12-07T15:02:00+01:00\">07. Dezember 2024<\/time><\/div>\n\n<\/div>\n\n\n<div class=\"wp-block-post-excerpt\"><p class=\"wp-block-post-excerpt__excerpt\">Von gem\u00fctlichem Landhaus-Chic bis hin zu goldenem Luxus \u2013 die Weihnachtssterne inspirieren zu vielseitigen Festdekorationen<\/p><p class=\"wp-block-post-excerpt__more-text\"><a class=\"wp-block-post-excerpt__more-link\" href=\"https:\/\/starsforeurope.com\/de\/press\/weihnachtszauber-2024-vier-inspirierende-dekotrends-fuer-die-adventszeit\/\">Mehr<\/a><\/p><\/div>\n<\/li><li class=\"wp-block-post post-7453 press type-press status-publish has-post-thumbnail hentry press_cat-adventsdekoration press_cat-schnittblume press_main-adventsdekoration press_main-deko press_main-pressemitteilungen press_main-schnittblumen\">\n<figure style=\"aspect-ratio:1;\" class=\"featuredimage wp-block-post-featured-image\"><a href=\"https:\/\/starsforeurope.com\/de\/press\/weihnachten-mit-luxusflair-festlich-dekorieren-mit-gold-und-weihnachtssternen\/\" target=\"_self\"  ><img loading=\"lazy\" decoding=\"async\" width=\"875\" height=\"1050\" src=\"https:\/\/starsforeurope.com\/de\/wp-content\/uploads\/sites\/10\/2024\/06\/2024_Poinsettia_01000_Golden_Elegance_01.jpg\" class=\"attachment-post-thumbnail size-post-thumbnail wp-post-image\" alt=\"Weihnachten mit Luxusflair. Festlich dekorieren mit Gold und Weihnachtssternen\" style=\"width:100%;height:100%;object-fit:cover;\" srcset=\"https:\/\/starsforeurope.com\/de\/wp-content\/uploads\/sites\/10\/2024\/06\/2024_Poinsettia_01000_Golden_Elegance_01.jpg 875w, https:\/\/starsforeurope.com\/de\/wp-content\/uploads\/sites\/10\/2024\/06\/2024_Poinsettia_01000_Golden_Elegance_01-250x300.jpg 250w, https:\/\/starsforeurope.com\/de\/wp-content\/uploads\/sites\/10\/2024\/06\/2024_Poinsettia_01000_Golden_Elegance_01-853x1024.jpg 853w, https:\/\/starsforeurope.com\/de\/wp-content\/uploads\/sites\/10\/2024\/06\/2024_Poinsettia_01000_Golden_Elegance_01-768x922.jpg 768w, https:\/\/starsforeurope.com\/de\/wp-content\/uploads\/sites\/10\/2024\/06\/2024_Poinsettia_01000_Golden_Elegance_01-563x675.jpg 563w\" sizes=\"auto, (max-width: 875px) 100vw, 875px\" \/><\/a><\/figure>\n\n<h3 class=\"wp-block-post-title\"><a href=\"https:\/\/starsforeurope.com\/de\/press\/weihnachten-mit-luxusflair-festlich-dekorieren-mit-gold-und-weihnachtssternen\/\" target=\"_self\" >Weihnachten mit Luxusflair. Festlich dekorieren mit Gold und Weihnachtssternen<\/a><\/h3>\n\n\n<div class=\"wp-block-group postmetaline is-nowrap is-layout-flex wp-container-core-group-is-layout-6c531013 wp-block-group-is-layout-flex\"><div class=\"wp-block-post-date\"><time datetime=\"2024-11-30T07:05:02+01:00\">30. November 2024<\/time><\/div>\n\n<\/div>\n\n\n<div class=\"wp-block-post-excerpt\"><p class=\"wp-block-post-excerpt__excerpt\">Lust auf eine luxuri\u00f6se Festtagsdekoration? Dann kombinieren Sie goldene M\u00f6bel und Accessoires mit wei\u00dfen oder apricotfarbenen Weihnachtssternen<\/p><p class=\"wp-block-post-excerpt__more-text\"><a class=\"wp-block-post-excerpt__more-link\" href=\"https:\/\/starsforeurope.com\/de\/press\/weihnachten-mit-luxusflair-festlich-dekorieren-mit-gold-und-weihnachtssternen\/\">Mehr<\/a><\/p><\/div>\n<\/li><li class=\"wp-block-post post-7449 press type-press status-publish has-post-thumbnail hentry press_cat-adventsdekoration press_cat-dekorationsideen press_cat-schnittblume press_cat-tischdekoration press_main-adventsdekoration press_main-deko press_main-pressemitteilungen press_main-schnittblumen\">\n<figure style=\"aspect-ratio:1;\" class=\"featuredimage wp-block-post-featured-image\"><a href=\"https:\/\/starsforeurope.com\/de\/press\/adventszauber-mit-weihnachtssternen-bluehende-adventsdekorationen-zum-selbermachen\/\" target=\"_self\"  ><img loading=\"lazy\" decoding=\"async\" width=\"875\" height=\"1050\" src=\"https:\/\/starsforeurope.com\/de\/wp-content\/uploads\/sites\/10\/2024\/06\/2024_Poinsettia_02000_Modern_Vintage_Fusion_02.jpg\" class=\"attachment-post-thumbnail size-post-thumbnail wp-post-image\" alt=\"Adventszauber mit Weihnachtssternen. Bl\u00fchende Adventsdekorationen zum Selbermachen\" style=\"width:100%;height:100%;object-fit:cover;\" srcset=\"https:\/\/starsforeurope.com\/de\/wp-content\/uploads\/sites\/10\/2024\/06\/2024_Poinsettia_02000_Modern_Vintage_Fusion_02.jpg 875w, https:\/\/starsforeurope.com\/de\/wp-content\/uploads\/sites\/10\/2024\/06\/2024_Poinsettia_02000_Modern_Vintage_Fusion_02-250x300.jpg 250w, https:\/\/starsforeurope.com\/de\/wp-content\/uploads\/sites\/10\/2024\/06\/2024_Poinsettia_02000_Modern_Vintage_Fusion_02-853x1024.jpg 853w, https:\/\/starsforeurope.com\/de\/wp-content\/uploads\/sites\/10\/2024\/06\/2024_Poinsettia_02000_Modern_Vintage_Fusion_02-768x922.jpg 768w, https:\/\/starsforeurope.com\/de\/wp-content\/uploads\/sites\/10\/2024\/06\/2024_Poinsettia_02000_Modern_Vintage_Fusion_02-563x675.jpg 563w\" sizes=\"auto, (max-width: 875px) 100vw, 875px\" \/><\/a><\/figure>\n\n<h3 class=\"wp-block-post-title\"><a href=\"https:\/\/starsforeurope.com\/de\/press\/adventszauber-mit-weihnachtssternen-bluehende-adventsdekorationen-zum-selbermachen\/\" target=\"_self\" >Adventszauber mit Weihnachtssternen. Bl\u00fchende Adventsdekorationen zum Selbermachen<\/a><\/h3>\n\n\n<div class=\"wp-block-group postmetaline is-nowrap is-layout-flex wp-container-core-group-is-layout-6c531013 wp-block-group-is-layout-flex\"><div class=\"wp-block-post-date\"><time datetime=\"2024-11-11T08:17:37+01:00\">11. November 2024<\/time><\/div>\n\n<\/div>\n\n\n<div class=\"wp-block-post-excerpt\"><p class=\"wp-block-post-excerpt__excerpt\">Mit Weihnachtssternen lassen sich traumhaft sch\u00f6ne Adventskr\u00e4nze und -kalender basteln. Wir stellen neue DIY-Ideen vor<\/p><p class=\"wp-block-post-excerpt__more-text\"><a class=\"wp-block-post-excerpt__more-link\" href=\"https:\/\/starsforeurope.com\/de\/press\/adventszauber-mit-weihnachtssternen-bluehende-adventsdekorationen-zum-selbermachen\/\">Mehr<\/a><\/p><\/div>\n<\/li><\/ul>\n\n<nav class=\"wp-block-query-pagination is-content-justification-center is-layout-flex wp-container-core-query-pagination-is-layout-a89b3969 wp-block-query-pagination-is-layout-flex\" aria-label=\"Seitennummerierung\">\n\n\n<div class=\"wp-block-query-pagination-numbers has-medium-font-size\"><span aria-current=\"page\" class=\"page-numbers current\">1<\/span>\n<a class=\"page-numbers\" href=\"?query-0-page=2\">2<\/a>\n<a class=\"page-numbers\" href=\"?query-0-page=3\">3<\/a>\n<span class=\"page-numbers dots\">&hellip;<\/span>\n<a class=\"page-numbers\" href=\"?query-0-page=6\">6<\/a><\/div>\n\n<a href=\"\/de\/wp-json\/wp\/v2\/pages\/8287?query-0-page=2\" class=\"wp-block-query-pagination-next\">\u22b3<\/a>\n<\/nav>\n\n<\/div>\n\n\n\n<div style=\"height:3rem\" aria-hidden=\"true\" class=\"wp-block-spacer\"><\/div>\n<\/main>","protected":false},"excerpt":{"rendered":"<p>Schaffen Sie mit Weihnachtssternen in Ihrer Adventsdekoration eine festliche Atmosph\u00e4re. Hier finden Sie Inspirationen f\u00fcr Kr\u00e4nze, Tischdekorationen und gem\u00fctliche Weihnachtsdekorationen.<\/p>\n","protected":false},"author":26,"featured_media":6448,"parent":8285,"menu_order":0,"comment_status":"closed","ping_status":"closed","template":"two-column-press","meta":{"_acf_changed":false,"footnotes":""},"class_list":["post-8287","page","type-page","status-publish","has-post-thumbnail","hentry"],"acf":[],"_links":{"self":[{"href":"https:\/\/starsforeurope.com\/de\/wp-json\/wp\/v2\/pages\/8287","targetHints":{"allow":["GET"]}}],"collection":[{"href":"https:\/\/starsforeurope.com\/de\/wp-json\/wp\/v2\/pages"}],"about":[{"href":"https:\/\/starsforeurope.com\/de\/wp-json\/wp\/v2\/types\/page"}],"author":[{"embeddable":true,"href":"https:\/\/starsforeurope.com\/de\/wp-json\/wp\/v2\/users\/26"}],"replies":[{"embeddable":true,"href":"https:\/\/starsforeurope.com\/de\/wp-json\/wp\/v2\/comments?post=8287"}],"version-history":[{"count":1,"href":"https:\/\/starsforeurope.com\/de\/wp-json\/wp\/v2\/pages\/8287\/revisions"}],"predecessor-version":[{"id":8289,"href":"https:\/\/starsforeurope.com\/de\/wp-json\/wp\/v2\/pages\/8287\/revisions\/8289"}],"up":[{"embeddable":true,"href":"https:\/\/starsforeurope.com\/de\/wp-json\/wp\/v2\/pages\/8285"}],"wp:featuredmedia":[{"embeddable":true,"href":"https:\/\/starsforeurope.com\/de\/wp-json\/wp\/v2\/media\/6448"}],"wp:attachment":[{"href":"https:\/\/starsforeurope.com\/de\/wp-json\/wp\/v2\/media?parent=8287"}],"curies":[{"name":"wp","href":"https:\/\/api.w.org\/{rel}","templated":true}]}}