{"id":8283,"date":"2025-07-08T09:06:31","date_gmt":"2025-07-08T07:06:31","guid":{"rendered":"https:\/\/starsforeurope.com\/de\/?page_id=8283"},"modified":"2025-07-08T09:06:32","modified_gmt":"2025-07-08T07:06:32","slug":"wissen-pr","status":"publish","type":"page","link":"https:\/\/starsforeurope.com\/de\/pressemitteilungen\/wissen-pr\/","title":{"rendered":"Entdecke alles Wissenswerte \u00fcber Weihnachtssterne"},"content":{"rendered":"<main class=\"wp-block-group postimage-half wide-content is-layout-flow wp-block-group-is-layout-flow\" style=\"margin-top:var(--wp--preset--spacing--50)\">\n<div style=\"height:3rem\" aria-hidden=\"true\" class=\"wp-block-spacer\"><\/div>\n\n\n\n<div class=\"wp-block-query is-layout-flow wp-block-query-is-layout-flow\"><ul class=\"columns-2 wp-block-post-template is-layout-grid wp-container-core-post-template-is-layout-37ef2942 wp-block-post-template-is-layout-grid\"><li class=\"wp-block-post post-4905 press type-press status-publish has-post-thumbnail hentry press_cat-adventsdekoration press_cat-dekorationsideen press_cat-start-der-saison press_cat-winterdeko press_main-adventsdekoration press_main-deko press_main-pressemitteilungen press_main-start-der-saison press_main-wissen\">\n<figure style=\"aspect-ratio:1;\" class=\"featuredimage wp-block-post-featured-image\"><a href=\"https:\/\/starsforeurope.com\/de\/press\/weihnachtszauber-2024-vier-inspirierende-dekotrends-fuer-die-adventszeit\/\" target=\"_self\"  ><img loading=\"lazy\" decoding=\"async\" width=\"875\" height=\"1050\" src=\"https:\/\/starsforeurope.com\/de\/wp-content\/uploads\/sites\/10\/2024\/11\/2024_Poinsettia_02000_Modern_Vintage_Fusion_16.jpg\" class=\"attachment-post-thumbnail size-post-thumbnail wp-post-image\" alt=\"Weihnachtszauber 2024: Vier inspirierende Dekotrends f\u00fcr die Adventszeit\" style=\"width:100%;height:100%;object-fit:cover;\" srcset=\"https:\/\/starsforeurope.com\/de\/wp-content\/uploads\/sites\/10\/2024\/11\/2024_Poinsettia_02000_Modern_Vintage_Fusion_16.jpg 875w, https:\/\/starsforeurope.com\/de\/wp-content\/uploads\/sites\/10\/2024\/11\/2024_Poinsettia_02000_Modern_Vintage_Fusion_16-250x300.jpg 250w, https:\/\/starsforeurope.com\/de\/wp-content\/uploads\/sites\/10\/2024\/11\/2024_Poinsettia_02000_Modern_Vintage_Fusion_16-853x1024.jpg 853w, https:\/\/starsforeurope.com\/de\/wp-content\/uploads\/sites\/10\/2024\/11\/2024_Poinsettia_02000_Modern_Vintage_Fusion_16-768x922.jpg 768w, https:\/\/starsforeurope.com\/de\/wp-content\/uploads\/sites\/10\/2024\/11\/2024_Poinsettia_02000_Modern_Vintage_Fusion_16-563x675.jpg 563w\" sizes=\"auto, (max-width: 875px) 100vw, 875px\" \/><\/a><\/figure>\n\n<h3 class=\"wp-block-post-title\"><a href=\"https:\/\/starsforeurope.com\/de\/press\/weihnachtszauber-2024-vier-inspirierende-dekotrends-fuer-die-adventszeit\/\" target=\"_self\" >Weihnachtszauber 2024: Vier inspirierende Dekotrends f\u00fcr die Adventszeit<\/a><\/h3>\n\n\n<div class=\"wp-block-group postmetaline is-nowrap is-layout-flex wp-container-core-group-is-layout-6c531013 wp-block-group-is-layout-flex\"><div class=\"wp-block-post-date\"><time datetime=\"2024-12-07T15:02:00+01:00\">07. Dezember 2024<\/time><\/div>\n\n<\/div>\n\n\n<div class=\"wp-block-post-excerpt\"><p class=\"wp-block-post-excerpt__excerpt\">Von gem\u00fctlichem Landhaus-Chic bis hin zu goldenem Luxus \u2013 die Weihnachtssterne inspirieren zu vielseitigen Festdekorationen<\/p><p class=\"wp-block-post-excerpt__more-text\"><a class=\"wp-block-post-excerpt__more-link\" href=\"https:\/\/starsforeurope.com\/de\/press\/weihnachtszauber-2024-vier-inspirierende-dekotrends-fuer-die-adventszeit\/\">Mehr<\/a><\/p><\/div>\n<\/li><li class=\"wp-block-post post-8421 press type-press status-publish has-post-thumbnail hentry press_cat-interessante-fakten press_cat-start-der-saison press_main-pressemitteilungen press_main-start-der-saison press_main-wissen\">\n<figure style=\"aspect-ratio:1;\" class=\"featuredimage wp-block-post-featured-image\"><a href=\"https:\/\/starsforeurope.com\/de\/press\/weihnachtszeit-ist-sternenzeit\/\" target=\"_self\"  ><img loading=\"lazy\" decoding=\"async\" width=\"875\" height=\"1312\" src=\"https:\/\/starsforeurope.com\/de\/wp-content\/uploads\/sites\/10\/2024\/02\/2023_poinsettia_02000_Cottagecore_Charm_18.jpg\" class=\"attachment-post-thumbnail size-post-thumbnail wp-post-image\" alt=\"Weihnachtszeit ist Sternenzeit\" style=\"width:100%;height:100%;object-fit:cover;\" srcset=\"https:\/\/starsforeurope.com\/de\/wp-content\/uploads\/sites\/10\/2024\/02\/2023_poinsettia_02000_Cottagecore_Charm_18.jpg 875w, https:\/\/starsforeurope.com\/de\/wp-content\/uploads\/sites\/10\/2024\/02\/2023_poinsettia_02000_Cottagecore_Charm_18-200x300.jpg 200w, https:\/\/starsforeurope.com\/de\/wp-content\/uploads\/sites\/10\/2024\/02\/2023_poinsettia_02000_Cottagecore_Charm_18-683x1024.jpg 683w, https:\/\/starsforeurope.com\/de\/wp-content\/uploads\/sites\/10\/2024\/02\/2023_poinsettia_02000_Cottagecore_Charm_18-768x1152.jpg 768w, https:\/\/starsforeurope.com\/de\/wp-content\/uploads\/sites\/10\/2024\/02\/2023_poinsettia_02000_Cottagecore_Charm_18-450x675.jpg 450w\" sizes=\"auto, (max-width: 875px) 100vw, 875px\" \/><\/a><\/figure>\n\n<h3 class=\"wp-block-post-title\"><a href=\"https:\/\/starsforeurope.com\/de\/press\/weihnachtszeit-ist-sternenzeit\/\" target=\"_self\" >Weihnachtszeit ist Sternenzeit<\/a><\/h3>\n\n\n<div class=\"wp-block-group postmetaline is-nowrap is-layout-flex wp-container-core-group-is-layout-6c531013 wp-block-group-is-layout-flex\"><div class=\"wp-block-post-date\"><time datetime=\"2024-10-31T08:00:00+01:00\">31. Oktober 2024<\/time><\/div>\n\n<\/div>\n\n\n<div class=\"wp-block-post-excerpt\"><p class=\"wp-block-post-excerpt__excerpt\">Start der Weihnachtsstern-Saison in den G\u00e4rtnerei- und Blumenfachbetrieben<\/p><p class=\"wp-block-post-excerpt__more-text\"><a class=\"wp-block-post-excerpt__more-link\" href=\"https:\/\/starsforeurope.com\/de\/press\/weihnachtszeit-ist-sternenzeit\/\">Mehr<\/a><\/p><\/div>\n<\/li><li class=\"wp-block-post post-7331 press type-press status-publish has-post-thumbnail hentry press_cat-start-der-saison press_main-pressemitteilungen press_main-start-der-saison press_main-wissen\">\n<figure style=\"aspect-ratio:1;\" class=\"featuredimage wp-block-post-featured-image\"><a href=\"https:\/\/starsforeurope.com\/de\/press\/saisonstart-fuer-weihnachtssterne\/\" target=\"_self\"  ><img loading=\"lazy\" decoding=\"async\" width=\"875\" height=\"1312\" src=\"https:\/\/starsforeurope.com\/de\/wp-content\/uploads\/sites\/10\/2024\/02\/2023_poinsettia_02000_Cottagecore_Charm_08.jpg\" class=\"attachment-post-thumbnail size-post-thumbnail wp-post-image\" alt=\"Saisonstart f\u00fcr Weihnachtssterne\" style=\"width:100%;height:100%;object-fit:cover;\" srcset=\"https:\/\/starsforeurope.com\/de\/wp-content\/uploads\/sites\/10\/2024\/02\/2023_poinsettia_02000_Cottagecore_Charm_08.jpg 875w, https:\/\/starsforeurope.com\/de\/wp-content\/uploads\/sites\/10\/2024\/02\/2023_poinsettia_02000_Cottagecore_Charm_08-200x300.jpg 200w, https:\/\/starsforeurope.com\/de\/wp-content\/uploads\/sites\/10\/2024\/02\/2023_poinsettia_02000_Cottagecore_Charm_08-683x1024.jpg 683w, https:\/\/starsforeurope.com\/de\/wp-content\/uploads\/sites\/10\/2024\/02\/2023_poinsettia_02000_Cottagecore_Charm_08-768x1152.jpg 768w, https:\/\/starsforeurope.com\/de\/wp-content\/uploads\/sites\/10\/2024\/02\/2023_poinsettia_02000_Cottagecore_Charm_08-450x675.jpg 450w\" sizes=\"auto, (max-width: 875px) 100vw, 875px\" \/><\/a><\/figure>\n\n<h3 class=\"wp-block-post-title\"><a href=\"https:\/\/starsforeurope.com\/de\/press\/saisonstart-fuer-weihnachtssterne\/\" target=\"_self\" >Saisonstart f\u00fcr Weihnachtssterne<\/a><\/h3>\n\n\n<div class=\"wp-block-group postmetaline is-nowrap is-layout-flex wp-container-core-group-is-layout-6c531013 wp-block-group-is-layout-flex\"><div class=\"wp-block-post-date\"><time datetime=\"2023-10-20T14:27:20+02:00\">20. Oktober 2023<\/time><\/div>\n\n<\/div>\n\n\n<div class=\"wp-block-post-excerpt\"><p class=\"wp-block-post-excerpt__excerpt\">Weihnachtssterne bleiben die beliebtesten bl\u00fchenden Zimmerpflanzen am Jahresende<\/p><p class=\"wp-block-post-excerpt__more-text\"><a class=\"wp-block-post-excerpt__more-link\" href=\"https:\/\/starsforeurope.com\/de\/press\/saisonstart-fuer-weihnachtssterne\/\">Mehr<\/a><\/p><\/div>\n<\/li><li class=\"wp-block-post post-5033 press type-press status-publish has-post-thumbnail hentry press_cat-dekorationsideen press_cat-diy press_cat-geschichte press_main-deko press_main-diy-upcycling press_main-pressemitteilungen press_main-wissen press_main-wissenswertes\">\n<figure style=\"aspect-ratio:1;\" class=\"featuredimage wp-block-post-featured-image\"><a href=\"https:\/\/starsforeurope.com\/de\/press\/mid-century-mit-weihnachtssternen-weihnachtssterne-zwischen-tradition-und-moderne\/\" target=\"_self\"  ><img loading=\"lazy\" decoding=\"async\" width=\"875\" height=\"1050\" src=\"https:\/\/starsforeurope.com\/de\/wp-content\/uploads\/sites\/10\/2022\/08\/2022-poinsettia-05000-mid-century-cheer-08.jpg\" class=\"attachment-post-thumbnail size-post-thumbnail wp-post-image\" alt=\"Mid-Century mit Weihnachtssternen. Weihnachtssterne zwischen Tradition und Moderne.\" style=\"width:100%;height:100%;object-fit:cover;\" srcset=\"https:\/\/starsforeurope.com\/de\/wp-content\/uploads\/sites\/10\/2022\/08\/2022-poinsettia-05000-mid-century-cheer-08.jpg 875w, https:\/\/starsforeurope.com\/de\/wp-content\/uploads\/sites\/10\/2022\/08\/2022-poinsettia-05000-mid-century-cheer-08-250x300.jpg 250w, https:\/\/starsforeurope.com\/de\/wp-content\/uploads\/sites\/10\/2022\/08\/2022-poinsettia-05000-mid-century-cheer-08-853x1024.jpg 853w, https:\/\/starsforeurope.com\/de\/wp-content\/uploads\/sites\/10\/2022\/08\/2022-poinsettia-05000-mid-century-cheer-08-768x922.jpg 768w, https:\/\/starsforeurope.com\/de\/wp-content\/uploads\/sites\/10\/2022\/08\/2022-poinsettia-05000-mid-century-cheer-08-563x675.jpg 563w\" sizes=\"auto, (max-width: 875px) 100vw, 875px\" \/><\/a><\/figure>\n\n<h3 class=\"wp-block-post-title\"><a href=\"https:\/\/starsforeurope.com\/de\/press\/mid-century-mit-weihnachtssternen-weihnachtssterne-zwischen-tradition-und-moderne\/\" target=\"_self\" >Mid-Century mit Weihnachtssternen. Weihnachtssterne zwischen Tradition und Moderne.<\/a><\/h3>\n\n\n<div class=\"wp-block-group postmetaline is-nowrap is-layout-flex wp-container-core-group-is-layout-6c531013 wp-block-group-is-layout-flex\"><div class=\"wp-block-post-date\"><time datetime=\"2022-11-25T12:01:39+01:00\">25. November 2022<\/time><\/div>\n\n<\/div>\n\n\n<div class=\"wp-block-post-excerpt\"><p class=\"wp-block-post-excerpt__excerpt\">Weihnachtssterne passen zu jedem Einrichtungsstil. Mit dem modernen Mid-Century-Stil harmonieren Sie aber besonders gut. Wir verraten Ihnen, wieso das so ist.<\/p><p class=\"wp-block-post-excerpt__more-text\"><a class=\"wp-block-post-excerpt__more-link\" href=\"https:\/\/starsforeurope.com\/de\/press\/mid-century-mit-weihnachtssternen-weihnachtssterne-zwischen-tradition-und-moderne\/\">Mehr<\/a><\/p><\/div>\n<\/li><\/ul>\n\n<nav class=\"wp-block-query-pagination is-content-justification-center is-layout-flex wp-container-core-query-pagination-is-layout-a89b3969 wp-block-query-pagination-is-layout-flex\" aria-label=\"Seitennummerierung\">\n\n\n<div class=\"wp-block-query-pagination-numbers has-medium-font-size\"><span aria-current=\"page\" class=\"page-numbers current\">1<\/span>\n<a class=\"page-numbers\" href=\"?query-0-page=2\">2<\/a>\n<a class=\"page-numbers\" href=\"?query-0-page=3\">3<\/a>\n<span class=\"page-numbers dots\">&hellip;<\/span>\n<a class=\"page-numbers\" href=\"?query-0-page=5\">5<\/a><\/div>\n\n<a href=\"\/de\/wp-json\/wp\/v2\/pages\/8283?query-0-page=2\" class=\"wp-block-query-pagination-next\">\u22b3<\/a>\n<\/nav>\n\n<\/div>\n\n\n\n<div style=\"height:3rem\" aria-hidden=\"true\" class=\"wp-block-spacer\"><\/div>\n<\/main>","protected":false},"excerpt":{"rendered":"<p>Weihnachtssterne geh\u00f6ren zu den beliebtesten bl\u00fchenden Zimmerpflanzen. Aber wieviel wei\u00dft du wirklich \u00fcber sie? Hier findest du alles Wichtige \u00fcber Herkunft, Geschichte, Vielfalt und Verwendung deiner Lieblingspflanze.<\/p>\n","protected":false},"author":26,"featured_media":6448,"parent":7,"menu_order":0,"comment_status":"closed","ping_status":"closed","template":"two-column-blog-single","meta":{"_acf_changed":false,"footnotes":""},"class_list":["post-8283","page","type-page","status-publish","has-post-thumbnail","hentry"],"acf":[],"_links":{"self":[{"href":"https:\/\/starsforeurope.com\/de\/wp-json\/wp\/v2\/pages\/8283","targetHints":{"allow":["GET"]}}],"collection":[{"href":"https:\/\/starsforeurope.com\/de\/wp-json\/wp\/v2\/pages"}],"about":[{"href":"https:\/\/starsforeurope.com\/de\/wp-json\/wp\/v2\/types\/page"}],"author":[{"embeddable":true,"href":"https:\/\/starsforeurope.com\/de\/wp-json\/wp\/v2\/users\/26"}],"replies":[{"embeddable":true,"href":"https:\/\/starsforeurope.com\/de\/wp-json\/wp\/v2\/comments?post=8283"}],"version-history":[{"count":1,"href":"https:\/\/starsforeurope.com\/de\/wp-json\/wp\/v2\/pages\/8283\/revisions"}],"predecessor-version":[{"id":8284,"href":"https:\/\/starsforeurope.com\/de\/wp-json\/wp\/v2\/pages\/8283\/revisions\/8284"}],"up":[{"embeddable":true,"href":"https:\/\/starsforeurope.com\/de\/wp-json\/wp\/v2\/pages\/7"}],"wp:featuredmedia":[{"embeddable":true,"href":"https:\/\/starsforeurope.com\/de\/wp-json\/wp\/v2\/media\/6448"}],"wp:attachment":[{"href":"https:\/\/starsforeurope.com\/de\/wp-json\/wp\/v2\/media?parent=8283"}],"curies":[{"name":"wp","href":"https:\/\/api.w.org\/{rel}","templated":true}]}}