{"id":8279,"date":"2025-07-07T14:33:01","date_gmt":"2025-07-07T12:33:01","guid":{"rendered":"https:\/\/starsforeurope.com\/de\/?page_id=8279"},"modified":"2025-07-07T14:33:01","modified_gmt":"2025-07-07T12:33:01","slug":"pflege-pr","status":"publish","type":"page","link":"https:\/\/starsforeurope.com\/de\/pressemitteilungen\/pflege-pr\/","title":{"rendered":"Weihnachtssterne richtig pflegen"},"content":{"rendered":"<main class=\"wp-block-group postimage-half wide-content is-layout-flow wp-block-group-is-layout-flow\" style=\"margin-top:var(--wp--preset--spacing--50)\">\n<div style=\"height:3rem\" aria-hidden=\"true\" class=\"wp-block-spacer\"><\/div>\n\n\n\n<div class=\"wp-block-query is-layout-flow wp-block-query-is-layout-flow\"><ul class=\"columns-2 wp-block-post-template is-layout-grid wp-container-core-post-template-is-layout-37ef2942 wp-block-post-template-is-layout-grid\"><li class=\"wp-block-post post-8057 press type-press status-publish has-post-thumbnail hentry press_cat-pflege press_main-pflege press_main-pressemitteilungen\">\n<figure style=\"aspect-ratio:1;\" class=\"featuredimage wp-block-post-featured-image\"><a href=\"https:\/\/starsforeurope.com\/de\/press\/strahlende-weihnachtssterne-die-besten-pflegetipps-so-bleibt-die-farbenfrohe-zimmerpflanze-lange-schoen\/\" target=\"_self\"  ><img loading=\"lazy\" decoding=\"async\" width=\"875\" height=\"1050\" src=\"https:\/\/starsforeurope.com\/de\/wp-content\/uploads\/sites\/10\/2023\/09\/2021-poinsettia-diy-06130-diy-coat-hanger-plant-swing-03-1.jpg\" class=\"attachment-post-thumbnail size-post-thumbnail wp-post-image\" alt=\"Strahlende Weihnachtssterne: die besten Pflegetipps. So bleibt die farbenfrohe Zimmerpflanze lange sch\u00f6n\" style=\"width:100%;height:100%;object-fit:cover;\" srcset=\"https:\/\/starsforeurope.com\/de\/wp-content\/uploads\/sites\/10\/2023\/09\/2021-poinsettia-diy-06130-diy-coat-hanger-plant-swing-03-1.jpg 875w, https:\/\/starsforeurope.com\/de\/wp-content\/uploads\/sites\/10\/2023\/09\/2021-poinsettia-diy-06130-diy-coat-hanger-plant-swing-03-1-250x300.jpg 250w, https:\/\/starsforeurope.com\/de\/wp-content\/uploads\/sites\/10\/2023\/09\/2021-poinsettia-diy-06130-diy-coat-hanger-plant-swing-03-1-853x1024.jpg 853w, https:\/\/starsforeurope.com\/de\/wp-content\/uploads\/sites\/10\/2023\/09\/2021-poinsettia-diy-06130-diy-coat-hanger-plant-swing-03-1-768x922.jpg 768w, https:\/\/starsforeurope.com\/de\/wp-content\/uploads\/sites\/10\/2023\/09\/2021-poinsettia-diy-06130-diy-coat-hanger-plant-swing-03-1-563x675.jpg 563w\" sizes=\"auto, (max-width: 875px) 100vw, 875px\" \/><\/a><\/figure>\n\n<h3 class=\"wp-block-post-title\"><a href=\"https:\/\/starsforeurope.com\/de\/press\/strahlende-weihnachtssterne-die-besten-pflegetipps-so-bleibt-die-farbenfrohe-zimmerpflanze-lange-schoen\/\" target=\"_self\" >Strahlende Weihnachtssterne: die besten Pflegetipps. So bleibt die farbenfrohe Zimmerpflanze lange sch\u00f6n<\/a><\/h3>\n\n\n<div class=\"wp-block-group postmetaline is-nowrap is-layout-flex wp-container-core-group-is-layout-6c531013 wp-block-group-is-layout-flex\"><div class=\"wp-block-post-date\"><time datetime=\"2025-06-22T08:00:57+02:00\">22. Juni 2025<\/time><\/div>\n\n<\/div>\n\n\n<div class=\"wp-block-post-excerpt\"><p class=\"wp-block-post-excerpt__excerpt\">Hier erfahren Sie, mit welchen Pflege-Tipps Weihnachtssterne \u00fcber viele Wochen in voller Pracht erstrahlen.<\/p><p class=\"wp-block-post-excerpt__more-text\"><a class=\"wp-block-post-excerpt__more-link\" href=\"https:\/\/starsforeurope.com\/de\/press\/strahlende-weihnachtssterne-die-besten-pflegetipps-so-bleibt-die-farbenfrohe-zimmerpflanze-lange-schoen\/\">Mehr<\/a><\/p><\/div>\n<\/li><li class=\"wp-block-post post-7456 press type-press status-publish has-post-thumbnail hentry press_cat-pflege press_main-pflege press_main-pressemitteilungen\">\n<figure style=\"aspect-ratio:1;\" class=\"featuredimage wp-block-post-featured-image\"><a href=\"https:\/\/starsforeurope.com\/de\/press\/so-gelingt-die-pflege-von-weihnachtssternen-risiken-im-umgang-mit-poinsettien-kennen-und-vermeiden\/\" target=\"_self\"  ><img loading=\"lazy\" decoding=\"async\" width=\"875\" height=\"1050\" src=\"https:\/\/starsforeurope.com\/de\/wp-content\/uploads\/sites\/10\/2024\/06\/2024_Poinsettia_04000_Cosy_Cottage_Charm_21.jpg\" class=\"attachment-post-thumbnail size-post-thumbnail wp-post-image\" alt=\"So gelingt die Pflege von Weihnachtssternen. Risiken im Umgang mit Poinsettien kennen und vermeiden\" style=\"width:100%;height:100%;object-fit:cover;\" srcset=\"https:\/\/starsforeurope.com\/de\/wp-content\/uploads\/sites\/10\/2024\/06\/2024_Poinsettia_04000_Cosy_Cottage_Charm_21.jpg 875w, https:\/\/starsforeurope.com\/de\/wp-content\/uploads\/sites\/10\/2024\/06\/2024_Poinsettia_04000_Cosy_Cottage_Charm_21-250x300.jpg 250w, https:\/\/starsforeurope.com\/de\/wp-content\/uploads\/sites\/10\/2024\/06\/2024_Poinsettia_04000_Cosy_Cottage_Charm_21-853x1024.jpg 853w, https:\/\/starsforeurope.com\/de\/wp-content\/uploads\/sites\/10\/2024\/06\/2024_Poinsettia_04000_Cosy_Cottage_Charm_21-768x922.jpg 768w, https:\/\/starsforeurope.com\/de\/wp-content\/uploads\/sites\/10\/2024\/06\/2024_Poinsettia_04000_Cosy_Cottage_Charm_21-563x675.jpg 563w\" sizes=\"auto, (max-width: 875px) 100vw, 875px\" \/><\/a><\/figure>\n\n<h3 class=\"wp-block-post-title\"><a href=\"https:\/\/starsforeurope.com\/de\/press\/so-gelingt-die-pflege-von-weihnachtssternen-risiken-im-umgang-mit-poinsettien-kennen-und-vermeiden\/\" target=\"_self\" >So gelingt die Pflege von Weihnachtssternen. Risiken im Umgang mit Poinsettien kennen und vermeiden<\/a><\/h3>\n\n\n<div class=\"wp-block-group postmetaline is-nowrap is-layout-flex wp-container-core-group-is-layout-6c531013 wp-block-group-is-layout-flex\"><div class=\"wp-block-post-date\"><time datetime=\"2024-10-30T07:00:37+01:00\">30. Oktober 2024<\/time><\/div>\n\n<\/div>\n\n\n<div class=\"wp-block-post-excerpt\"><p class=\"wp-block-post-excerpt__excerpt\">Prachtvolle Weihnachtssterne gew\u00fcnscht? Wer wei\u00df, worauf Weihnachtssterne verschnupft reagieren, kann Problemen bei der Pflege leicht aus dem Weg gehen<\/p><p class=\"wp-block-post-excerpt__more-text\"><a class=\"wp-block-post-excerpt__more-link\" href=\"https:\/\/starsforeurope.com\/de\/press\/so-gelingt-die-pflege-von-weihnachtssternen-risiken-im-umgang-mit-poinsettien-kennen-und-vermeiden\/\">Mehr<\/a><\/p><\/div>\n<\/li><li class=\"wp-block-post post-6590 press type-press status-publish has-post-thumbnail hentry press_cat-interessante-fakten press_cat-pflege press_cat-schnittblume press_cat-vielfalt press_main-pflege press_main-pressemitteilungen\">\n<figure style=\"aspect-ratio:1;\" class=\"featuredimage wp-block-post-featured-image\"><a href=\"https:\/\/starsforeurope.com\/de\/press\/viel-feingefuehl-gefragt-tipps-zum-richtigen-umgang-mit-mini-weihnachtssternen\/\" target=\"_self\"  ><img loading=\"lazy\" decoding=\"async\" width=\"875\" height=\"1050\" src=\"https:\/\/starsforeurope.com\/de\/wp-content\/uploads\/sites\/10\/2023\/05\/2016_Weihnachtsstern_Vielfalt_03.jpg\" class=\"attachment-post-thumbnail size-post-thumbnail wp-post-image\" alt=\"Viel Feingef\u00fchl gefragt: Tipps zum richtigen Umgang mit Mini-Weihnachtssternen\" style=\"width:100%;height:100%;object-fit:cover;\" srcset=\"https:\/\/starsforeurope.com\/de\/wp-content\/uploads\/sites\/10\/2023\/05\/2016_Weihnachtsstern_Vielfalt_03.jpg 875w, https:\/\/starsforeurope.com\/de\/wp-content\/uploads\/sites\/10\/2023\/05\/2016_Weihnachtsstern_Vielfalt_03-250x300.jpg 250w, https:\/\/starsforeurope.com\/de\/wp-content\/uploads\/sites\/10\/2023\/05\/2016_Weihnachtsstern_Vielfalt_03-853x1024.jpg 853w, https:\/\/starsforeurope.com\/de\/wp-content\/uploads\/sites\/10\/2023\/05\/2016_Weihnachtsstern_Vielfalt_03-768x922.jpg 768w, https:\/\/starsforeurope.com\/de\/wp-content\/uploads\/sites\/10\/2023\/05\/2016_Weihnachtsstern_Vielfalt_03-563x675.jpg 563w\" sizes=\"auto, (max-width: 875px) 100vw, 875px\" \/><\/a><\/figure>\n\n<h3 class=\"wp-block-post-title\"><a href=\"https:\/\/starsforeurope.com\/de\/press\/viel-feingefuehl-gefragt-tipps-zum-richtigen-umgang-mit-mini-weihnachtssternen\/\" target=\"_self\" >Viel Feingef\u00fchl gefragt: Tipps zum richtigen Umgang mit Mini-Weihnachtssternen<\/a><\/h3>\n\n\n<div class=\"wp-block-group postmetaline is-nowrap is-layout-flex wp-container-core-group-is-layout-6c531013 wp-block-group-is-layout-flex\"><div class=\"wp-block-post-date\"><time datetime=\"2023-11-21T22:58:45+01:00\">21. November 2023<\/time><\/div>\n\n<\/div>\n\n\n<div class=\"wp-block-post-excerpt\"><p class=\"wp-block-post-excerpt__excerpt\">Die Pflege von Mini-Weihnachtssternen erfordert viel Feingef\u00fchl. Lesen Sie, worauf beim Umgang mit den Pflanzen zu achten ist und wieso Umtopfen ihre langfristigen \u00dcberlebenschancen erh\u00f6ht.<\/p><p class=\"wp-block-post-excerpt__more-text\"><a class=\"wp-block-post-excerpt__more-link\" href=\"https:\/\/starsforeurope.com\/de\/press\/viel-feingefuehl-gefragt-tipps-zum-richtigen-umgang-mit-mini-weihnachtssternen\/\">Mehr<\/a><\/p><\/div>\n<\/li><li class=\"wp-block-post post-6582 press type-press status-publish has-post-thumbnail hentry press_cat-pflege press_main-pflege press_main-pressemitteilungen\">\n<figure style=\"aspect-ratio:1;\" class=\"featuredimage wp-block-post-featured-image\"><a href=\"https:\/\/starsforeurope.com\/de\/press\/weihnachtssterne-optimal-versorgen-farbenpracht-bis-weit-ins-neue-jahr\/\" target=\"_self\"  ><img loading=\"lazy\" decoding=\"async\" width=\"875\" height=\"1050\" src=\"https:\/\/starsforeurope.com\/de\/wp-content\/uploads\/sites\/10\/2023\/05\/2023_poinsettia_03000_Rustic_Scandi_Chr.jpg\" class=\"attachment-post-thumbnail size-post-thumbnail wp-post-image\" alt=\"Weihnachtssterne optimal versorgen: Farbenpracht bis weit ins Neue Jahr\" style=\"width:100%;height:100%;object-fit:cover;\" srcset=\"https:\/\/starsforeurope.com\/de\/wp-content\/uploads\/sites\/10\/2023\/05\/2023_poinsettia_03000_Rustic_Scandi_Chr.jpg 875w, https:\/\/starsforeurope.com\/de\/wp-content\/uploads\/sites\/10\/2023\/05\/2023_poinsettia_03000_Rustic_Scandi_Chr-250x300.jpg 250w, https:\/\/starsforeurope.com\/de\/wp-content\/uploads\/sites\/10\/2023\/05\/2023_poinsettia_03000_Rustic_Scandi_Chr-853x1024.jpg 853w, https:\/\/starsforeurope.com\/de\/wp-content\/uploads\/sites\/10\/2023\/05\/2023_poinsettia_03000_Rustic_Scandi_Chr-768x922.jpg 768w, https:\/\/starsforeurope.com\/de\/wp-content\/uploads\/sites\/10\/2023\/05\/2023_poinsettia_03000_Rustic_Scandi_Chr-563x675.jpg 563w\" sizes=\"auto, (max-width: 875px) 100vw, 875px\" \/><\/a><\/figure>\n\n<h3 class=\"wp-block-post-title\"><a href=\"https:\/\/starsforeurope.com\/de\/press\/weihnachtssterne-optimal-versorgen-farbenpracht-bis-weit-ins-neue-jahr\/\" target=\"_self\" >Weihnachtssterne optimal versorgen: Farbenpracht bis weit ins Neue Jahr<\/a><\/h3>\n\n\n<div class=\"wp-block-group postmetaline is-nowrap is-layout-flex wp-container-core-group-is-layout-6c531013 wp-block-group-is-layout-flex\"><div class=\"wp-block-post-date\"><time datetime=\"2023-11-09T09:58:21+01:00\">09. November 2023<\/time><\/div>\n\n<\/div>\n\n\n<div class=\"wp-block-post-excerpt\"><p class=\"wp-block-post-excerpt__excerpt\">Richtig gepflegt sorgen Weihnachtssterne monatelang f\u00fcr eine sch\u00f6ne Wohlf\u00fchlatmosph\u00e4re. Wir verraten, wie Weihnachtssterne gesund bleiben und ihre Farbenpracht bis weit ins Neue Jahr behalten.<\/p><p class=\"wp-block-post-excerpt__more-text\"><a class=\"wp-block-post-excerpt__more-link\" href=\"https:\/\/starsforeurope.com\/de\/press\/weihnachtssterne-optimal-versorgen-farbenpracht-bis-weit-ins-neue-jahr\/\">Mehr<\/a><\/p><\/div>\n<\/li><\/ul>\n\n<nav class=\"wp-block-query-pagination is-content-justification-center is-layout-flex wp-container-core-query-pagination-is-layout-a89b3969 wp-block-query-pagination-is-layout-flex\" aria-label=\"Seitennummerierung\">\n\n\n<div class=\"wp-block-query-pagination-numbers has-medium-font-size\"><span aria-current=\"page\" class=\"page-numbers current\">1<\/span>\n<a class=\"page-numbers\" href=\"?query-0-page=2\">2<\/a>\n<a class=\"page-numbers\" href=\"?query-0-page=3\">3<\/a>\n<a class=\"page-numbers\" href=\"?query-0-page=4\">4<\/a><\/div>\n\n<a href=\"\/de\/wp-json\/wp\/v2\/pages\/8279?query-0-page=2\" class=\"wp-block-query-pagination-next\">\u22b3<\/a>\n<\/nav>\n\n<\/div>\n\n\n\n<div style=\"height:3rem\" aria-hidden=\"true\" class=\"wp-block-spacer\"><\/div>\n<\/main>","protected":false},"excerpt":{"rendered":"<p>Weihnachtssterne sind viel pflegeleichter als ihr Ruf. Hier erf\u00e4hrst du, wie sie ihre Farbenpracht ganz einfach bis weit ins neue Jahr erhalten.<\/p>\n","protected":false},"author":26,"featured_media":6448,"parent":7,"menu_order":0,"comment_status":"closed","ping_status":"closed","template":"two-column-blog-single","meta":{"_acf_changed":false,"footnotes":""},"class_list":["post-8279","page","type-page","status-publish","has-post-thumbnail","hentry"],"acf":[],"_links":{"self":[{"href":"https:\/\/starsforeurope.com\/de\/wp-json\/wp\/v2\/pages\/8279","targetHints":{"allow":["GET"]}}],"collection":[{"href":"https:\/\/starsforeurope.com\/de\/wp-json\/wp\/v2\/pages"}],"about":[{"href":"https:\/\/starsforeurope.com\/de\/wp-json\/wp\/v2\/types\/page"}],"author":[{"embeddable":true,"href":"https:\/\/starsforeurope.com\/de\/wp-json\/wp\/v2\/users\/26"}],"replies":[{"embeddable":true,"href":"https:\/\/starsforeurope.com\/de\/wp-json\/wp\/v2\/comments?post=8279"}],"version-history":[{"count":1,"href":"https:\/\/starsforeurope.com\/de\/wp-json\/wp\/v2\/pages\/8279\/revisions"}],"predecessor-version":[{"id":8280,"href":"https:\/\/starsforeurope.com\/de\/wp-json\/wp\/v2\/pages\/8279\/revisions\/8280"}],"up":[{"embeddable":true,"href":"https:\/\/starsforeurope.com\/de\/wp-json\/wp\/v2\/pages\/7"}],"wp:featuredmedia":[{"embeddable":true,"href":"https:\/\/starsforeurope.com\/de\/wp-json\/wp\/v2\/media\/6448"}],"wp:attachment":[{"href":"https:\/\/starsforeurope.com\/de\/wp-json\/wp\/v2\/media?parent=8279"}],"curies":[{"name":"wp","href":"https:\/\/api.w.org\/{rel}","templated":true}]}}