{"id":8260,"date":"2025-07-07T10:28:47","date_gmt":"2025-07-07T08:28:47","guid":{"rendered":"https:\/\/starsforeurope.com\/de\/?page_id=8260"},"modified":"2025-07-07T10:28:49","modified_gmt":"2025-07-07T08:28:49","slug":"tischdekoration","status":"publish","type":"page","link":"https:\/\/starsforeurope.com\/de\/deko\/tischdekoration\/","title":{"rendered":"Weihnachtsstern-Tischdekorationen"},"content":{"rendered":"<main class=\"wp-block-group postimage-half wide-content is-layout-flow wp-block-group-is-layout-flow\" style=\"margin-top:var(--wp--preset--spacing--50)\">\n<div style=\"height:3rem\" aria-hidden=\"true\" class=\"wp-block-spacer\"><\/div>\n\n\n\n<div class=\"wp-block-query is-layout-flow wp-block-query-is-layout-flow\"><ul class=\"columns-2 wp-block-post-template is-layout-grid wp-container-core-post-template-is-layout-37ef2942 wp-block-post-template-is-layout-grid\"><li class=\"wp-block-post post-8391 blog type-blog status-publish has-post-thumbnail hentry blog_main-deko blog_main-diy-upcycling blog_main-tischdekoration\">\n<figure style=\"aspect-ratio:1;\" class=\"featuredimage wp-block-post-featured-image\"><a href=\"https:\/\/starsforeurope.com\/de\/blog\/tischdeko-nach-weihnachten-aus-deinem-weihnachtsstern-wird-etwas-neues\/\" target=\"_self\"  ><img loading=\"lazy\" decoding=\"async\" width=\"1050\" height=\"875\" src=\"https:\/\/starsforeurope.com\/de\/wp-content\/uploads\/sites\/10\/2025\/08\/2025_Poinsettia_01120_DIY_Wallpaper_Vases_09.jpg\" class=\"attachment-post-thumbnail size-post-thumbnail wp-post-image\" alt=\"Tischdeko nach Weihnachten: Aus deinem Weihnachtsstern wird etwas Neues\" style=\"width:100%;height:100%;object-fit:cover;\" srcset=\"https:\/\/starsforeurope.com\/de\/wp-content\/uploads\/sites\/10\/2025\/08\/2025_Poinsettia_01120_DIY_Wallpaper_Vases_09.jpg 1050w, https:\/\/starsforeurope.com\/de\/wp-content\/uploads\/sites\/10\/2025\/08\/2025_Poinsettia_01120_DIY_Wallpaper_Vases_09-300x250.jpg 300w, https:\/\/starsforeurope.com\/de\/wp-content\/uploads\/sites\/10\/2025\/08\/2025_Poinsettia_01120_DIY_Wallpaper_Vases_09-1024x853.jpg 1024w, https:\/\/starsforeurope.com\/de\/wp-content\/uploads\/sites\/10\/2025\/08\/2025_Poinsettia_01120_DIY_Wallpaper_Vases_09-768x640.jpg 768w\" sizes=\"auto, (max-width: 1050px) 100vw, 1050px\" \/><\/a><\/figure>\n\n<h3 class=\"wp-block-post-title\"><a href=\"https:\/\/starsforeurope.com\/de\/blog\/tischdeko-nach-weihnachten-aus-deinem-weihnachtsstern-wird-etwas-neues\/\" target=\"_self\" >Tischdeko nach Weihnachten: Aus deinem Weihnachtsstern wird etwas Neues<\/a><\/h3>\n\n\n<div class=\"wp-block-group postmetaline is-nowrap is-layout-flex wp-container-core-group-is-layout-6c531013 wp-block-group-is-layout-flex\"><div class=\"wp-block-post-date\"><time datetime=\"2025-08-25T12:46:29+02:00\">25. August 2025<\/time><\/div>\n\n<\/div>\n\n\n<div class=\"wp-block-post-excerpt\"><p class=\"wp-block-post-excerpt__excerpt\">Verwandle Weihnachtssterne in eine nachhaltige Tischdeko f\u00fcr den Winter. DIY-Anleitung f\u00fcr gem\u00fctliche Winterdekoration &#8211; einfach &#038; low waste! Jetzt nachmachen.<\/p><p class=\"wp-block-post-excerpt__more-text\"><a class=\"wp-block-post-excerpt__more-link\" href=\"https:\/\/starsforeurope.com\/de\/blog\/tischdeko-nach-weihnachten-aus-deinem-weihnachtsstern-wird-etwas-neues\/\">Mehr<\/a><\/p><\/div>\n<\/li><li class=\"wp-block-post post-7794 blog type-blog status-publish has-post-thumbnail hentry blog_cat-dekorationsideen blog_cat-schnittblume blog_cat-tischdekoration blog_cat-weihnachtsbaumdekoration blog_main-deko blog_main-diy-upcycling blog_main-tischdekoration\">\n<figure style=\"aspect-ratio:1;\" class=\"featuredimage wp-block-post-featured-image\"><a href=\"https:\/\/starsforeurope.com\/de\/blog\/weihnachtsdeko-basteln-fuenf-kreative-diy-ideen-mit-mini-sternen\/\" target=\"_self\"  ><img loading=\"lazy\" decoding=\"async\" width=\"875\" height=\"1050\" src=\"https:\/\/starsforeurope.com\/de\/wp-content\/uploads\/sites\/10\/2024\/10\/2023-Poinsettia-03000-rustic-scandi-christmas-02.jpg\" class=\"attachment-post-thumbnail size-post-thumbnail wp-post-image\" alt=\"Weihnachtsdeko basteln: F\u00fcnf kreative DIY-Ideen mit Mini-Sternen\" style=\"width:100%;height:100%;object-fit:cover;\" srcset=\"https:\/\/starsforeurope.com\/de\/wp-content\/uploads\/sites\/10\/2024\/10\/2023-Poinsettia-03000-rustic-scandi-christmas-02.jpg 875w, https:\/\/starsforeurope.com\/de\/wp-content\/uploads\/sites\/10\/2024\/10\/2023-Poinsettia-03000-rustic-scandi-christmas-02-250x300.jpg 250w, https:\/\/starsforeurope.com\/de\/wp-content\/uploads\/sites\/10\/2024\/10\/2023-Poinsettia-03000-rustic-scandi-christmas-02-853x1024.jpg 853w, https:\/\/starsforeurope.com\/de\/wp-content\/uploads\/sites\/10\/2024\/10\/2023-Poinsettia-03000-rustic-scandi-christmas-02-768x922.jpg 768w, https:\/\/starsforeurope.com\/de\/wp-content\/uploads\/sites\/10\/2024\/10\/2023-Poinsettia-03000-rustic-scandi-christmas-02-563x675.jpg 563w\" sizes=\"auto, (max-width: 875px) 100vw, 875px\" \/><\/a><\/figure>\n\n<h3 class=\"wp-block-post-title\"><a href=\"https:\/\/starsforeurope.com\/de\/blog\/weihnachtsdeko-basteln-fuenf-kreative-diy-ideen-mit-mini-sternen\/\" target=\"_self\" >Weihnachtsdeko basteln: F\u00fcnf kreative DIY-Ideen mit Mini-Sternen<\/a><\/h3>\n\n\n<div class=\"wp-block-group postmetaline is-nowrap is-layout-flex wp-container-core-group-is-layout-6c531013 wp-block-group-is-layout-flex\"><div class=\"wp-block-post-date\"><time datetime=\"2024-10-24T10:02:37+02:00\">24. Oktober 2024<\/time><\/div>\n\n<\/div>\n\n\n<div class=\"wp-block-post-excerpt\"><p class=\"wp-block-post-excerpt__excerpt\">Lust auf familienfreundliche DIY-Weihnachtsdeko? Entdecke kreative Ideen mit Mini-Weihnachtssternen! Vom Adventskranz bis zum Geschenk \u2013 hier findest du einfache Anleitungen f\u00fcr deine Weihnachtsprojekte.<\/p><p class=\"wp-block-post-excerpt__more-text\"><a class=\"wp-block-post-excerpt__more-link\" href=\"https:\/\/starsforeurope.com\/de\/blog\/weihnachtsdeko-basteln-fuenf-kreative-diy-ideen-mit-mini-sternen\/\">Mehr<\/a><\/p><\/div>\n<\/li><li class=\"wp-block-post post-7698 blog type-blog status-publish has-post-thumbnail hentry blog_cat-dekorationsideen blog_main-adventsdekoration blog_main-deko blog_main-tischdekoration\">\n<figure style=\"aspect-ratio:1;\" class=\"featuredimage wp-block-post-featured-image\"><a href=\"https:\/\/starsforeurope.com\/de\/blog\/in-weihnachtsstimmung-24-deko-ideen-mit-mini-weihnachtsternen\/\" target=\"_self\"  ><img loading=\"lazy\" decoding=\"async\" width=\"875\" height=\"1050\" src=\"https:\/\/starsforeurope.com\/de\/wp-content\/uploads\/sites\/10\/2022\/09\/2019_poinsettia_04000_christmas_miniatures_04.jpg\" class=\"attachment-post-thumbnail size-post-thumbnail wp-post-image\" alt=\"In Weihnachtsstimmung: 24 Deko-Ideen mit Mini-Weihnachtsternen\" style=\"width:100%;height:100%;object-fit:cover;\" srcset=\"https:\/\/starsforeurope.com\/de\/wp-content\/uploads\/sites\/10\/2022\/09\/2019_poinsettia_04000_christmas_miniatures_04.jpg 875w, https:\/\/starsforeurope.com\/de\/wp-content\/uploads\/sites\/10\/2022\/09\/2019_poinsettia_04000_christmas_miniatures_04-250x300.jpg 250w, https:\/\/starsforeurope.com\/de\/wp-content\/uploads\/sites\/10\/2022\/09\/2019_poinsettia_04000_christmas_miniatures_04-853x1024.jpg 853w, https:\/\/starsforeurope.com\/de\/wp-content\/uploads\/sites\/10\/2022\/09\/2019_poinsettia_04000_christmas_miniatures_04-768x922.jpg 768w, https:\/\/starsforeurope.com\/de\/wp-content\/uploads\/sites\/10\/2022\/09\/2019_poinsettia_04000_christmas_miniatures_04-563x675.jpg 563w\" sizes=\"auto, (max-width: 875px) 100vw, 875px\" \/><\/a><\/figure>\n\n<h3 class=\"wp-block-post-title\"><a href=\"https:\/\/starsforeurope.com\/de\/blog\/in-weihnachtsstimmung-24-deko-ideen-mit-mini-weihnachtsternen\/\" target=\"_self\" >In Weihnachtsstimmung: 24 Deko-Ideen mit Mini-Weihnachtsternen<\/a><\/h3>\n\n\n<div class=\"wp-block-group postmetaline is-nowrap is-layout-flex wp-container-core-group-is-layout-6c531013 wp-block-group-is-layout-flex\"><div class=\"wp-block-post-date\"><time datetime=\"2024-10-23T11:48:04+02:00\">23. Oktober 2024<\/time><\/div>\n\n<\/div>\n\n\n<div class=\"wp-block-post-excerpt\"><p class=\"wp-block-post-excerpt__excerpt\">Mit Mini-Weihnachtssternen zauberst du festliche Atmosph\u00e4re in dein Zuhause. Entdecke 24 kreative Deko-Ideen f\u00fcr den Adventskranz, festliche Tischdekorationen und mehr. Lass dich inspirieren!<\/p><p class=\"wp-block-post-excerpt__more-text\"><a class=\"wp-block-post-excerpt__more-link\" href=\"https:\/\/starsforeurope.com\/de\/blog\/in-weihnachtsstimmung-24-deko-ideen-mit-mini-weihnachtsternen\/\">Mehr<\/a><\/p><\/div>\n<\/li><li class=\"wp-block-post post-6941 blog type-blog status-publish has-post-thumbnail hentry blog_cat-schnittblume blog_cat-tischdekoration blog_cat-vielfalt blog_cat-winterdeko blog_main-deko blog_main-tischdekoration\">\n<figure style=\"aspect-ratio:1;\" class=\"featuredimage wp-block-post-featured-image\"><a href=\"https:\/\/starsforeurope.com\/de\/blog\/festliche-tischdekorationen-mit-weihnachtssternen\/\" target=\"_self\"  ><img loading=\"lazy\" decoding=\"async\" width=\"1050\" height=\"875\" src=\"https:\/\/starsforeurope.com\/de\/wp-content\/uploads\/sites\/10\/2023\/10\/2015_Weihnachtsstern_Familie_03.jpg\" class=\"attachment-post-thumbnail size-post-thumbnail wp-post-image\" alt=\"Festliche Tischdekorationen mit Weihnachtssternen\" style=\"width:100%;height:100%;object-fit:cover;\" srcset=\"https:\/\/starsforeurope.com\/de\/wp-content\/uploads\/sites\/10\/2023\/10\/2015_Weihnachtsstern_Familie_03.jpg 1050w, https:\/\/starsforeurope.com\/de\/wp-content\/uploads\/sites\/10\/2023\/10\/2015_Weihnachtsstern_Familie_03-300x250.jpg 300w, https:\/\/starsforeurope.com\/de\/wp-content\/uploads\/sites\/10\/2023\/10\/2015_Weihnachtsstern_Familie_03-1024x853.jpg 1024w, https:\/\/starsforeurope.com\/de\/wp-content\/uploads\/sites\/10\/2023\/10\/2015_Weihnachtsstern_Familie_03-768x640.jpg 768w, https:\/\/starsforeurope.com\/de\/wp-content\/uploads\/sites\/10\/2023\/10\/2015_Weihnachtsstern_Familie_03-810x675.jpg 810w\" sizes=\"auto, (max-width: 1050px) 100vw, 1050px\" \/><\/a><\/figure>\n\n<h3 class=\"wp-block-post-title\"><a href=\"https:\/\/starsforeurope.com\/de\/blog\/festliche-tischdekorationen-mit-weihnachtssternen\/\" target=\"_self\" >Festliche Tischdekorationen mit Weihnachtssternen<\/a><\/h3>\n\n\n<div class=\"wp-block-group postmetaline is-nowrap is-layout-flex wp-container-core-group-is-layout-6c531013 wp-block-group-is-layout-flex\"><div class=\"wp-block-post-date\"><time datetime=\"2023-10-31T02:05:49+01:00\">31. Oktober 2023<\/time><\/div>\n\n<\/div>\n\n\n<div class=\"wp-block-post-excerpt\"><p class=\"wp-block-post-excerpt__excerpt\">Das Besondere an einer Tischdekoration mit Weihnachtssternen? Die Vielfalt und die Kreativit\u00e4t! So verleihen Weihnachtssterne deiner Deko jede Menge Charme.<\/p><p class=\"wp-block-post-excerpt__more-text\"><a class=\"wp-block-post-excerpt__more-link\" href=\"https:\/\/starsforeurope.com\/de\/blog\/festliche-tischdekorationen-mit-weihnachtssternen\/\">Mehr<\/a><\/p><\/div>\n<\/li><\/ul>\n\n\n\n<\/div>\n\n\n\n<div style=\"height:3rem\" aria-hidden=\"true\" class=\"wp-block-spacer\"><\/div>\n<\/main>","protected":false},"excerpt":{"rendered":"<p>Peppen Sie Ihr Essen mit atemberaubenden Weihnachtsstern-Mittelst\u00fccken und -Akzenten auf. Perfekt, um jedem gedeckten Tisch ein festliches Flair zu verleihen.<\/p>\n","protected":false},"author":26,"featured_media":6445,"parent":22,"menu_order":0,"comment_status":"closed","ping_status":"closed","template":"two-column-blog-single","meta":{"_acf_changed":false,"footnotes":""},"class_list":["post-8260","page","type-page","status-publish","has-post-thumbnail","hentry"],"acf":[],"_links":{"self":[{"href":"https:\/\/starsforeurope.com\/de\/wp-json\/wp\/v2\/pages\/8260","targetHints":{"allow":["GET"]}}],"collection":[{"href":"https:\/\/starsforeurope.com\/de\/wp-json\/wp\/v2\/pages"}],"about":[{"href":"https:\/\/starsforeurope.com\/de\/wp-json\/wp\/v2\/types\/page"}],"author":[{"embeddable":true,"href":"https:\/\/starsforeurope.com\/de\/wp-json\/wp\/v2\/users\/26"}],"replies":[{"embeddable":true,"href":"https:\/\/starsforeurope.com\/de\/wp-json\/wp\/v2\/comments?post=8260"}],"version-history":[{"count":1,"href":"https:\/\/starsforeurope.com\/de\/wp-json\/wp\/v2\/pages\/8260\/revisions"}],"predecessor-version":[{"id":8261,"href":"https:\/\/starsforeurope.com\/de\/wp-json\/wp\/v2\/pages\/8260\/revisions\/8261"}],"up":[{"embeddable":true,"href":"https:\/\/starsforeurope.com\/de\/wp-json\/wp\/v2\/pages\/22"}],"wp:featuredmedia":[{"embeddable":true,"href":"https:\/\/starsforeurope.com\/de\/wp-json\/wp\/v2\/media\/6445"}],"wp:attachment":[{"href":"https:\/\/starsforeurope.com\/de\/wp-json\/wp\/v2\/media?parent=8260"}],"curies":[{"name":"wp","href":"https:\/\/api.w.org\/{rel}","templated":true}]}}