{"id":8252,"date":"2025-07-07T09:54:11","date_gmt":"2025-07-07T07:54:11","guid":{"rendered":"https:\/\/starsforeurope.com\/de\/?page_id=8252"},"modified":"2025-07-07T09:54:13","modified_gmt":"2025-07-07T07:54:13","slug":"diy-upcycling","status":"publish","type":"page","link":"https:\/\/starsforeurope.com\/de\/deko\/diy-upcycling\/","title":{"rendered":"DIY &amp; Upcycling mit Weihnachtssternen"},"content":{"rendered":"<main class=\"wp-block-group postimage-half wide-content is-layout-flow wp-block-group-is-layout-flow\" style=\"margin-top:var(--wp--preset--spacing--50)\">\n<div style=\"height:3rem\" aria-hidden=\"true\" class=\"wp-block-spacer\"><\/div>\n\n\n\n<div class=\"wp-block-query is-layout-flow wp-block-query-is-layout-flow\"><ul class=\"columns-2 wp-block-post-template is-layout-grid wp-container-core-post-template-is-layout-37ef2942 wp-block-post-template-is-layout-grid\"><li class=\"wp-block-post post-8391 blog type-blog status-publish has-post-thumbnail hentry blog_main-deko blog_main-diy-upcycling blog_main-tischdekoration\">\n<figure style=\"aspect-ratio:1;\" class=\"featuredimage wp-block-post-featured-image\"><a href=\"https:\/\/starsforeurope.com\/de\/blog\/tischdeko-nach-weihnachten-aus-deinem-weihnachtsstern-wird-etwas-neues\/\" target=\"_self\"  ><img loading=\"lazy\" decoding=\"async\" width=\"1050\" height=\"875\" src=\"https:\/\/starsforeurope.com\/de\/wp-content\/uploads\/sites\/10\/2025\/08\/2025_Poinsettia_01120_DIY_Wallpaper_Vases_09.jpg\" class=\"attachment-post-thumbnail size-post-thumbnail wp-post-image\" alt=\"Tischdeko nach Weihnachten: Aus deinem Weihnachtsstern wird etwas Neues\" style=\"width:100%;height:100%;object-fit:cover;\" srcset=\"https:\/\/starsforeurope.com\/de\/wp-content\/uploads\/sites\/10\/2025\/08\/2025_Poinsettia_01120_DIY_Wallpaper_Vases_09.jpg 1050w, https:\/\/starsforeurope.com\/de\/wp-content\/uploads\/sites\/10\/2025\/08\/2025_Poinsettia_01120_DIY_Wallpaper_Vases_09-300x250.jpg 300w, https:\/\/starsforeurope.com\/de\/wp-content\/uploads\/sites\/10\/2025\/08\/2025_Poinsettia_01120_DIY_Wallpaper_Vases_09-1024x853.jpg 1024w, https:\/\/starsforeurope.com\/de\/wp-content\/uploads\/sites\/10\/2025\/08\/2025_Poinsettia_01120_DIY_Wallpaper_Vases_09-768x640.jpg 768w\" sizes=\"auto, (max-width: 1050px) 100vw, 1050px\" \/><\/a><\/figure>\n\n<h3 class=\"wp-block-post-title\"><a href=\"https:\/\/starsforeurope.com\/de\/blog\/tischdeko-nach-weihnachten-aus-deinem-weihnachtsstern-wird-etwas-neues\/\" target=\"_self\" >Tischdeko nach Weihnachten: Aus deinem Weihnachtsstern wird etwas Neues<\/a><\/h3>\n\n\n<div class=\"wp-block-group postmetaline is-nowrap is-layout-flex wp-container-core-group-is-layout-6c531013 wp-block-group-is-layout-flex\"><div class=\"wp-block-post-date\"><time datetime=\"2025-08-25T12:46:29+02:00\">25. August 2025<\/time><\/div>\n\n<\/div>\n\n\n<div class=\"wp-block-post-excerpt\"><p class=\"wp-block-post-excerpt__excerpt\">Verwandle Weihnachtssterne in eine nachhaltige Tischdeko f\u00fcr den Winter. DIY-Anleitung f\u00fcr gem\u00fctliche Winterdekoration &#8211; einfach &#038; low waste! Jetzt nachmachen.<\/p><p class=\"wp-block-post-excerpt__more-text\"><a class=\"wp-block-post-excerpt__more-link\" href=\"https:\/\/starsforeurope.com\/de\/blog\/tischdeko-nach-weihnachten-aus-deinem-weihnachtsstern-wird-etwas-neues\/\">Mehr<\/a><\/p><\/div>\n<\/li><li class=\"wp-block-post post-8352 blog type-blog status-publish has-post-thumbnail hentry blog_main-deko blog_main-diy-upcycling\">\n<figure style=\"aspect-ratio:1;\" class=\"featuredimage wp-block-post-featured-image\"><a href=\"https:\/\/starsforeurope.com\/de\/blog\/weihnachtsbasteln-mit-kinderndiy-weihnachtsdorf-aus-getraenkekartons\/\" target=\"_self\"  ><img loading=\"lazy\" decoding=\"async\" width=\"1050\" height=\"875\" src=\"https:\/\/starsforeurope.com\/de\/wp-content\/uploads\/sites\/10\/2025\/08\/2025_Poinsettia_02170_DIY_Upcycled_Carton_Winter_Village.jpg\" class=\"attachment-post-thumbnail size-post-thumbnail wp-post-image\" alt=\"Weihnachtsbasteln mit Kindern:DIY-Weihnachtsdorf aus Getr\u00e4nkekartons\" style=\"width:100%;height:100%;object-fit:cover;\" srcset=\"https:\/\/starsforeurope.com\/de\/wp-content\/uploads\/sites\/10\/2025\/08\/2025_Poinsettia_02170_DIY_Upcycled_Carton_Winter_Village.jpg 1050w, https:\/\/starsforeurope.com\/de\/wp-content\/uploads\/sites\/10\/2025\/08\/2025_Poinsettia_02170_DIY_Upcycled_Carton_Winter_Village-300x250.jpg 300w, https:\/\/starsforeurope.com\/de\/wp-content\/uploads\/sites\/10\/2025\/08\/2025_Poinsettia_02170_DIY_Upcycled_Carton_Winter_Village-1024x853.jpg 1024w, https:\/\/starsforeurope.com\/de\/wp-content\/uploads\/sites\/10\/2025\/08\/2025_Poinsettia_02170_DIY_Upcycled_Carton_Winter_Village-768x640.jpg 768w\" sizes=\"auto, (max-width: 1050px) 100vw, 1050px\" \/><\/a><\/figure>\n\n<h3 class=\"wp-block-post-title\"><a href=\"https:\/\/starsforeurope.com\/de\/blog\/weihnachtsbasteln-mit-kinderndiy-weihnachtsdorf-aus-getraenkekartons\/\" target=\"_self\" >Weihnachtsbasteln mit Kindern:DIY-Weihnachtsdorf aus Getr\u00e4nkekartons<\/a><\/h3>\n\n\n<div class=\"wp-block-group postmetaline is-nowrap is-layout-flex wp-container-core-group-is-layout-6c531013 wp-block-group-is-layout-flex\"><div class=\"wp-block-post-date\"><time datetime=\"2025-08-22T14:58:33+02:00\">22. August 2025<\/time><\/div>\n\n<\/div>\n\n\n<div class=\"wp-block-post-excerpt\"><p class=\"wp-block-post-excerpt__excerpt\">Bastelspa\u00df f\u00fcr Gro\u00df &amp; Klein: Gestaltet ein nachhaltiges DIY-Weihnachtsdorf mit Mini-Weihnachtssternen \u2013 jetzt mit Schritt-f\u00fcr-Schritt-Video.<\/p><p class=\"wp-block-post-excerpt__more-text\"><a class=\"wp-block-post-excerpt__more-link\" href=\"https:\/\/starsforeurope.com\/de\/blog\/weihnachtsbasteln-mit-kinderndiy-weihnachtsdorf-aus-getraenkekartons\/\">Mehr<\/a><\/p><\/div>\n<\/li><li class=\"wp-block-post post-7814 blog type-blog status-publish has-post-thumbnail hentry blog_cat-dekorationsideen blog_cat-diy blog_main-deko blog_main-diy-upcycling\">\n<figure style=\"aspect-ratio:1;\" class=\"featuredimage wp-block-post-featured-image\"><a href=\"https:\/\/starsforeurope.com\/de\/blog\/weihnachtsdeko-fuer-wenig-platz-5-guenstige-diy-ideen-mit-mini-weihnachtssternen\/\" target=\"_self\"  ><img loading=\"lazy\" decoding=\"async\" width=\"875\" height=\"1050\" src=\"https:\/\/starsforeurope.com\/de\/wp-content\/uploads\/sites\/10\/2024\/10\/2020-poinsettia-02140-diy-wall-hanging-tree-branches-06.jpg\" class=\"attachment-post-thumbnail size-post-thumbnail wp-post-image\" alt=\"Weihnachtsdeko f\u00fcr wenig Platz: 5 g\u00fcnstige DIY-Ideen mit Mini-Weihnachtssternen\" style=\"width:100%;height:100%;object-fit:cover;\" srcset=\"https:\/\/starsforeurope.com\/de\/wp-content\/uploads\/sites\/10\/2024\/10\/2020-poinsettia-02140-diy-wall-hanging-tree-branches-06.jpg 875w, https:\/\/starsforeurope.com\/de\/wp-content\/uploads\/sites\/10\/2024\/10\/2020-poinsettia-02140-diy-wall-hanging-tree-branches-06-250x300.jpg 250w, https:\/\/starsforeurope.com\/de\/wp-content\/uploads\/sites\/10\/2024\/10\/2020-poinsettia-02140-diy-wall-hanging-tree-branches-06-853x1024.jpg 853w, https:\/\/starsforeurope.com\/de\/wp-content\/uploads\/sites\/10\/2024\/10\/2020-poinsettia-02140-diy-wall-hanging-tree-branches-06-768x922.jpg 768w, https:\/\/starsforeurope.com\/de\/wp-content\/uploads\/sites\/10\/2024\/10\/2020-poinsettia-02140-diy-wall-hanging-tree-branches-06-563x675.jpg 563w\" sizes=\"auto, (max-width: 875px) 100vw, 875px\" \/><\/a><\/figure>\n\n<h3 class=\"wp-block-post-title\"><a href=\"https:\/\/starsforeurope.com\/de\/blog\/weihnachtsdeko-fuer-wenig-platz-5-guenstige-diy-ideen-mit-mini-weihnachtssternen\/\" target=\"_self\" >Weihnachtsdeko f\u00fcr wenig Platz: 5 g\u00fcnstige DIY-Ideen mit Mini-Weihnachtssternen<\/a><\/h3>\n\n\n<div class=\"wp-block-group postmetaline is-nowrap is-layout-flex wp-container-core-group-is-layout-6c531013 wp-block-group-is-layout-flex\"><div class=\"wp-block-post-date\"><time datetime=\"2024-10-24T13:11:46+02:00\">24. Oktober 2024<\/time><\/div>\n\n<\/div>\n\n\n<div class=\"wp-block-post-excerpt\"><p class=\"wp-block-post-excerpt__excerpt\">Hast du wenig Platz und m\u00f6chtest trotzdem eine gem\u00fctliche Weihnachtsdeko zaubern? Mit diesen f\u00fcnf g\u00fcnstigen DIY-Ideen bringst du weihnachtlichen Glanz in kleine R\u00e4ume. Mini-Weihnachtssterne spielen die Hauptrolle!<\/p><p class=\"wp-block-post-excerpt__more-text\"><a class=\"wp-block-post-excerpt__more-link\" href=\"https:\/\/starsforeurope.com\/de\/blog\/weihnachtsdeko-fuer-wenig-platz-5-guenstige-diy-ideen-mit-mini-weihnachtssternen\/\">Mehr<\/a><\/p><\/div>\n<\/li><li class=\"wp-block-post post-7794 blog type-blog status-publish has-post-thumbnail hentry blog_cat-dekorationsideen blog_cat-schnittblume blog_cat-tischdekoration blog_cat-weihnachtsbaumdekoration blog_main-deko blog_main-diy-upcycling blog_main-tischdekoration\">\n<figure style=\"aspect-ratio:1;\" class=\"featuredimage wp-block-post-featured-image\"><a href=\"https:\/\/starsforeurope.com\/de\/blog\/weihnachtsdeko-basteln-fuenf-kreative-diy-ideen-mit-mini-sternen\/\" target=\"_self\"  ><img loading=\"lazy\" decoding=\"async\" width=\"875\" height=\"1050\" src=\"https:\/\/starsforeurope.com\/de\/wp-content\/uploads\/sites\/10\/2024\/10\/2023-Poinsettia-03000-rustic-scandi-christmas-02.jpg\" class=\"attachment-post-thumbnail size-post-thumbnail wp-post-image\" alt=\"Weihnachtsdeko basteln: F\u00fcnf kreative DIY-Ideen mit Mini-Sternen\" style=\"width:100%;height:100%;object-fit:cover;\" srcset=\"https:\/\/starsforeurope.com\/de\/wp-content\/uploads\/sites\/10\/2024\/10\/2023-Poinsettia-03000-rustic-scandi-christmas-02.jpg 875w, https:\/\/starsforeurope.com\/de\/wp-content\/uploads\/sites\/10\/2024\/10\/2023-Poinsettia-03000-rustic-scandi-christmas-02-250x300.jpg 250w, https:\/\/starsforeurope.com\/de\/wp-content\/uploads\/sites\/10\/2024\/10\/2023-Poinsettia-03000-rustic-scandi-christmas-02-853x1024.jpg 853w, https:\/\/starsforeurope.com\/de\/wp-content\/uploads\/sites\/10\/2024\/10\/2023-Poinsettia-03000-rustic-scandi-christmas-02-768x922.jpg 768w, https:\/\/starsforeurope.com\/de\/wp-content\/uploads\/sites\/10\/2024\/10\/2023-Poinsettia-03000-rustic-scandi-christmas-02-563x675.jpg 563w\" sizes=\"auto, (max-width: 875px) 100vw, 875px\" \/><\/a><\/figure>\n\n<h3 class=\"wp-block-post-title\"><a href=\"https:\/\/starsforeurope.com\/de\/blog\/weihnachtsdeko-basteln-fuenf-kreative-diy-ideen-mit-mini-sternen\/\" target=\"_self\" >Weihnachtsdeko basteln: F\u00fcnf kreative DIY-Ideen mit Mini-Sternen<\/a><\/h3>\n\n\n<div class=\"wp-block-group postmetaline is-nowrap is-layout-flex wp-container-core-group-is-layout-6c531013 wp-block-group-is-layout-flex\"><div class=\"wp-block-post-date\"><time datetime=\"2024-10-24T10:02:37+02:00\">24. Oktober 2024<\/time><\/div>\n\n<\/div>\n\n\n<div class=\"wp-block-post-excerpt\"><p class=\"wp-block-post-excerpt__excerpt\">Lust auf familienfreundliche DIY-Weihnachtsdeko? Entdecke kreative Ideen mit Mini-Weihnachtssternen! Vom Adventskranz bis zum Geschenk \u2013 hier findest du einfache Anleitungen f\u00fcr deine Weihnachtsprojekte.<\/p><p class=\"wp-block-post-excerpt__more-text\"><a class=\"wp-block-post-excerpt__more-link\" href=\"https:\/\/starsforeurope.com\/de\/blog\/weihnachtsdeko-basteln-fuenf-kreative-diy-ideen-mit-mini-sternen\/\">Mehr<\/a><\/p><\/div>\n<\/li><\/ul>\n\n<nav class=\"wp-block-query-pagination is-content-justification-center is-layout-flex wp-container-core-query-pagination-is-layout-a89b3969 wp-block-query-pagination-is-layout-flex\" aria-label=\"Seitennummerierung\">\n\n\n<div class=\"wp-block-query-pagination-numbers has-medium-font-size\"><span aria-current=\"page\" class=\"page-numbers current\">1<\/span>\n<a class=\"page-numbers\" href=\"?query-0-page=2\">2<\/a>\n<a class=\"page-numbers\" href=\"?query-0-page=3\">3<\/a><\/div>\n\n<a href=\"\/de\/wp-json\/wp\/v2\/pages\/8252?query-0-page=2\" class=\"wp-block-query-pagination-next\">\u22b3<\/a>\n<\/nav>\n\n<\/div>\n\n\n\n<div style=\"height:3rem\" aria-hidden=\"true\" class=\"wp-block-spacer\"><\/div>\n<\/main>","protected":false},"excerpt":{"rendered":"<p>Werden Sie kreativ mit lustigen, festlichen Projekten mit Weihnachtssternen &#8211; perfekt f\u00fcr Weihnachtsbasteleien und umweltfreundliche Dekoration!<\/p>\n","protected":false},"author":26,"featured_media":6445,"parent":22,"menu_order":0,"comment_status":"closed","ping_status":"closed","template":"two-column-blog-single","meta":{"_acf_changed":false,"footnotes":""},"class_list":["post-8252","page","type-page","status-publish","has-post-thumbnail","hentry"],"acf":[],"_links":{"self":[{"href":"https:\/\/starsforeurope.com\/de\/wp-json\/wp\/v2\/pages\/8252","targetHints":{"allow":["GET"]}}],"collection":[{"href":"https:\/\/starsforeurope.com\/de\/wp-json\/wp\/v2\/pages"}],"about":[{"href":"https:\/\/starsforeurope.com\/de\/wp-json\/wp\/v2\/types\/page"}],"author":[{"embeddable":true,"href":"https:\/\/starsforeurope.com\/de\/wp-json\/wp\/v2\/users\/26"}],"replies":[{"embeddable":true,"href":"https:\/\/starsforeurope.com\/de\/wp-json\/wp\/v2\/comments?post=8252"}],"version-history":[{"count":1,"href":"https:\/\/starsforeurope.com\/de\/wp-json\/wp\/v2\/pages\/8252\/revisions"}],"predecessor-version":[{"id":8253,"href":"https:\/\/starsforeurope.com\/de\/wp-json\/wp\/v2\/pages\/8252\/revisions\/8253"}],"up":[{"embeddable":true,"href":"https:\/\/starsforeurope.com\/de\/wp-json\/wp\/v2\/pages\/22"}],"wp:featuredmedia":[{"embeddable":true,"href":"https:\/\/starsforeurope.com\/de\/wp-json\/wp\/v2\/media\/6445"}],"wp:attachment":[{"href":"https:\/\/starsforeurope.com\/de\/wp-json\/wp\/v2\/media?parent=8252"}],"curies":[{"name":"wp","href":"https:\/\/api.w.org\/{rel}","templated":true}]}}