{"id":8248,"date":"2025-07-07T09:47:25","date_gmt":"2025-07-07T07:47:25","guid":{"rendered":"https:\/\/starsforeurope.com\/de\/?page_id=8248"},"modified":"2025-07-07T09:47:27","modified_gmt":"2025-07-07T07:47:27","slug":"adventsdekoration","status":"publish","type":"page","link":"https:\/\/starsforeurope.com\/de\/deko\/adventsdekoration\/","title":{"rendered":"Weihnachtssterne in der Adventsdekoration"},"content":{"rendered":"<main class=\"wp-block-group postimage-half wide-content is-layout-flow wp-block-group-is-layout-flow\" style=\"margin-top:var(--wp--preset--spacing--50)\">\n<div style=\"height:3rem\" aria-hidden=\"true\" class=\"wp-block-spacer\"><\/div>\n\n\n\n<div class=\"wp-block-query is-layout-flow wp-block-query-is-layout-flow\"><ul class=\"columns-2 wp-block-post-template is-layout-grid wp-container-core-post-template-is-layout-37ef2942 wp-block-post-template-is-layout-grid\"><li class=\"wp-block-post post-7698 blog type-blog status-publish has-post-thumbnail hentry blog_cat-dekorationsideen blog_main-adventsdekoration blog_main-deko blog_main-tischdekoration\">\n<figure style=\"aspect-ratio:1;\" class=\"featuredimage wp-block-post-featured-image\"><a href=\"https:\/\/starsforeurope.com\/de\/blog\/in-weihnachtsstimmung-24-deko-ideen-mit-mini-weihnachtsternen\/\" target=\"_self\"  ><img loading=\"lazy\" decoding=\"async\" width=\"875\" height=\"1050\" src=\"https:\/\/starsforeurope.com\/de\/wp-content\/uploads\/sites\/10\/2022\/09\/2019_poinsettia_04000_christmas_miniatures_04.jpg\" class=\"attachment-post-thumbnail size-post-thumbnail wp-post-image\" alt=\"In Weihnachtsstimmung: 24 Deko-Ideen mit Mini-Weihnachtsternen\" style=\"width:100%;height:100%;object-fit:cover;\" srcset=\"https:\/\/starsforeurope.com\/de\/wp-content\/uploads\/sites\/10\/2022\/09\/2019_poinsettia_04000_christmas_miniatures_04.jpg 875w, https:\/\/starsforeurope.com\/de\/wp-content\/uploads\/sites\/10\/2022\/09\/2019_poinsettia_04000_christmas_miniatures_04-250x300.jpg 250w, https:\/\/starsforeurope.com\/de\/wp-content\/uploads\/sites\/10\/2022\/09\/2019_poinsettia_04000_christmas_miniatures_04-853x1024.jpg 853w, https:\/\/starsforeurope.com\/de\/wp-content\/uploads\/sites\/10\/2022\/09\/2019_poinsettia_04000_christmas_miniatures_04-768x922.jpg 768w, https:\/\/starsforeurope.com\/de\/wp-content\/uploads\/sites\/10\/2022\/09\/2019_poinsettia_04000_christmas_miniatures_04-563x675.jpg 563w\" sizes=\"auto, (max-width: 875px) 100vw, 875px\" \/><\/a><\/figure>\n\n<h3 class=\"wp-block-post-title\"><a href=\"https:\/\/starsforeurope.com\/de\/blog\/in-weihnachtsstimmung-24-deko-ideen-mit-mini-weihnachtsternen\/\" target=\"_self\" >In Weihnachtsstimmung: 24 Deko-Ideen mit Mini-Weihnachtsternen<\/a><\/h3>\n\n\n<div class=\"wp-block-group postmetaline is-nowrap is-layout-flex wp-container-core-group-is-layout-6c531013 wp-block-group-is-layout-flex\"><div class=\"wp-block-post-date\"><time datetime=\"2024-10-23T11:48:04+02:00\">23. Oktober 2024<\/time><\/div>\n\n<\/div>\n\n\n<div class=\"wp-block-post-excerpt\"><p class=\"wp-block-post-excerpt__excerpt\">Mit Mini-Weihnachtssternen zauberst du festliche Atmosph\u00e4re in dein Zuhause. Entdecke 24 kreative Deko-Ideen f\u00fcr den Adventskranz, festliche Tischdekorationen und mehr. Lass dich inspirieren!<\/p><p class=\"wp-block-post-excerpt__more-text\"><a class=\"wp-block-post-excerpt__more-link\" href=\"https:\/\/starsforeurope.com\/de\/blog\/in-weihnachtsstimmung-24-deko-ideen-mit-mini-weihnachtsternen\/\">Mehr<\/a><\/p><\/div>\n<\/li><li class=\"wp-block-post post-6922 blog type-blog status-publish has-post-thumbnail hentry blog_cat-adventsdekoration blog_cat-dekorationsideen blog_cat-diy blog_main-adventsdekoration blog_main-deko blog_main-diy-upcycling\">\n<figure style=\"aspect-ratio:1;\" class=\"featuredimage wp-block-post-featured-image\"><a href=\"https:\/\/starsforeurope.com\/de\/blog\/diy-ideen-mit-weihnachtssternen-einfach-perfekt-fuer-einsteiger\/\" target=\"_self\"  ><img loading=\"lazy\" decoding=\"async\" width=\"1050\" height=\"875\" src=\"https:\/\/starsforeurope.com\/de\/wp-content\/uploads\/sites\/10\/2023\/05\/asset-3-2.jpg\" class=\"attachment-post-thumbnail size-post-thumbnail wp-post-image\" alt=\"DIY-Ideen mit Weihnachtssternen: einfach perfekt f\u00fcr Einsteiger\" style=\"width:100%;height:100%;object-fit:cover;\" srcset=\"https:\/\/starsforeurope.com\/de\/wp-content\/uploads\/sites\/10\/2023\/05\/asset-3-2.jpg 1050w, https:\/\/starsforeurope.com\/de\/wp-content\/uploads\/sites\/10\/2023\/05\/asset-3-2-300x250.jpg 300w, https:\/\/starsforeurope.com\/de\/wp-content\/uploads\/sites\/10\/2023\/05\/asset-3-2-1024x853.jpg 1024w, https:\/\/starsforeurope.com\/de\/wp-content\/uploads\/sites\/10\/2023\/05\/asset-3-2-768x640.jpg 768w, https:\/\/starsforeurope.com\/de\/wp-content\/uploads\/sites\/10\/2023\/05\/asset-3-2-810x675.jpg 810w\" sizes=\"auto, (max-width: 1050px) 100vw, 1050px\" \/><\/a><\/figure>\n\n<h3 class=\"wp-block-post-title\"><a href=\"https:\/\/starsforeurope.com\/de\/blog\/diy-ideen-mit-weihnachtssternen-einfach-perfekt-fuer-einsteiger\/\" target=\"_self\" >DIY-Ideen mit Weihnachtssternen: einfach perfekt f\u00fcr Einsteiger<\/a><\/h3>\n\n\n<div class=\"wp-block-group postmetaline is-nowrap is-layout-flex wp-container-core-group-is-layout-6c531013 wp-block-group-is-layout-flex\"><div class=\"wp-block-post-date\"><time datetime=\"2023-12-10T02:27:50+01:00\">10. Dezember 2023<\/time><\/div>\n\n<\/div>\n\n\n<div class=\"wp-block-post-excerpt\"><p class=\"wp-block-post-excerpt__excerpt\">Diese zauberhaften, selbstgemachten Dekorationen mit Weihnachtssternen gelingen dir selbst, wenn du zwei linke H\u00e4nde hast. \ud83e\udd73<\/p><p class=\"wp-block-post-excerpt__more-text\"><a class=\"wp-block-post-excerpt__more-link\" href=\"https:\/\/starsforeurope.com\/de\/blog\/diy-ideen-mit-weihnachtssternen-einfach-perfekt-fuer-einsteiger\/\">Mehr<\/a><\/p><\/div>\n<\/li><li class=\"wp-block-post post-6905 blog type-blog status-publish has-post-thumbnail hentry blog_cat-adventsdekoration blog_cat-dekorationsideen blog_cat-diy blog_main-adventsdekoration blog_main-deko blog_main-diy-upcycling\">\n<figure style=\"aspect-ratio:1;\" class=\"featuredimage wp-block-post-featured-image\"><a href=\"https:\/\/starsforeurope.com\/de\/blog\/sechs-besondere-diy-adventskranz-ideen-mit-dem-weihnachtsstern\/\" target=\"_self\"  ><img loading=\"lazy\" decoding=\"async\" width=\"875\" height=\"1050\" src=\"https:\/\/starsforeurope.com\/de\/wp-content\/uploads\/sites\/10\/2023\/05\/2023_poinsettia_01000_Jewels_of_Nature_12.jpg\" class=\"attachment-post-thumbnail size-post-thumbnail wp-post-image\" alt=\"DIY-Adventskr\u00e4nze mit Weihnachtssternen\" style=\"width:100%;height:100%;object-fit:cover;\" srcset=\"https:\/\/starsforeurope.com\/de\/wp-content\/uploads\/sites\/10\/2023\/05\/2023_poinsettia_01000_Jewels_of_Nature_12.jpg 875w, https:\/\/starsforeurope.com\/de\/wp-content\/uploads\/sites\/10\/2023\/05\/2023_poinsettia_01000_Jewels_of_Nature_12-250x300.jpg 250w, https:\/\/starsforeurope.com\/de\/wp-content\/uploads\/sites\/10\/2023\/05\/2023_poinsettia_01000_Jewels_of_Nature_12-853x1024.jpg 853w, https:\/\/starsforeurope.com\/de\/wp-content\/uploads\/sites\/10\/2023\/05\/2023_poinsettia_01000_Jewels_of_Nature_12-768x922.jpg 768w, https:\/\/starsforeurope.com\/de\/wp-content\/uploads\/sites\/10\/2023\/05\/2023_poinsettia_01000_Jewels_of_Nature_12-563x675.jpg 563w\" sizes=\"auto, (max-width: 875px) 100vw, 875px\" \/><\/a><\/figure>\n\n<h3 class=\"wp-block-post-title\"><a href=\"https:\/\/starsforeurope.com\/de\/blog\/sechs-besondere-diy-adventskranz-ideen-mit-dem-weihnachtsstern\/\" target=\"_self\" >DIY-Adventskr\u00e4nze mit Weihnachtssternen<\/a><\/h3>\n\n\n<div class=\"wp-block-group postmetaline is-nowrap is-layout-flex wp-container-core-group-is-layout-6c531013 wp-block-group-is-layout-flex\"><div class=\"wp-block-post-date\"><time datetime=\"2023-10-28T01:48:04+02:00\">28. Oktober 2023<\/time><\/div>\n\n<\/div>\n\n\n<div class=\"wp-block-post-excerpt\"><p class=\"wp-block-post-excerpt__excerpt\">DIY-Adventskr\u00e4nze mit Weihnachtssternen fallen auf und sind doch leicht selbst zu basteln. Lass dich von unseren Ideen inspirieren. Dann kann Weihnachten kommen!<\/p><p class=\"wp-block-post-excerpt__more-text\"><a class=\"wp-block-post-excerpt__more-link\" href=\"https:\/\/starsforeurope.com\/de\/blog\/sechs-besondere-diy-adventskranz-ideen-mit-dem-weihnachtsstern\/\">Mehr<\/a><\/p><\/div>\n<\/li><li class=\"wp-block-post post-1692 blog type-blog status-publish has-post-thumbnail hentry blog_cat-adventsdekoration blog_main-adventsdekoration blog_main-deko\">\n<figure style=\"aspect-ratio:1;\" class=\"featuredimage wp-block-post-featured-image\"><a href=\"https:\/\/starsforeurope.com\/de\/blog\/10-gruende-warum-weihnachtssterne-den-advent-schoener-machen\/\" target=\"_self\"  ><img loading=\"lazy\" decoding=\"async\" width=\"875\" height=\"1050\" src=\"https:\/\/starsforeurope.com\/de\/wp-content\/uploads\/sites\/10\/2022\/08\/asset-1-1.jpg\" class=\"attachment-post-thumbnail size-post-thumbnail wp-post-image\" alt=\"10 Gr\u00fcnde, warum Weihnachtssterne den Advent sch\u00f6ner machen\" style=\"width:100%;height:100%;object-fit:cover;\" srcset=\"https:\/\/starsforeurope.com\/de\/wp-content\/uploads\/sites\/10\/2022\/08\/asset-1-1.jpg 875w, https:\/\/starsforeurope.com\/de\/wp-content\/uploads\/sites\/10\/2022\/08\/asset-1-1-250x300.jpg 250w, https:\/\/starsforeurope.com\/de\/wp-content\/uploads\/sites\/10\/2022\/08\/asset-1-1-853x1024.jpg 853w, https:\/\/starsforeurope.com\/de\/wp-content\/uploads\/sites\/10\/2022\/08\/asset-1-1-768x922.jpg 768w, https:\/\/starsforeurope.com\/de\/wp-content\/uploads\/sites\/10\/2022\/08\/asset-1-1-563x675.jpg 563w\" sizes=\"auto, (max-width: 875px) 100vw, 875px\" \/><\/a><\/figure>\n\n<h3 class=\"wp-block-post-title\"><a href=\"https:\/\/starsforeurope.com\/de\/blog\/10-gruende-warum-weihnachtssterne-den-advent-schoener-machen\/\" target=\"_self\" >10 Gr\u00fcnde, warum Weihnachtssterne den Advent sch\u00f6ner machen<\/a><\/h3>\n\n\n<div class=\"wp-block-group postmetaline is-nowrap is-layout-flex wp-container-core-group-is-layout-6c531013 wp-block-group-is-layout-flex\"><div class=\"wp-block-post-date\"><time datetime=\"2022-11-23T08:00:55+01:00\">23. November 2022<\/time><\/div>\n\n<\/div>\n\n\n<div class=\"wp-block-post-excerpt\"><p class=\"wp-block-post-excerpt__excerpt\">Deko-Tipps f\u00fcr den Advent: Weihnachtssterne bringen deine kreative Seite zum Strahlen. Die Experten von Stars for Europe zeigen dir wie!<\/p><p class=\"wp-block-post-excerpt__more-text\"><a class=\"wp-block-post-excerpt__more-link\" href=\"https:\/\/starsforeurope.com\/de\/blog\/10-gruende-warum-weihnachtssterne-den-advent-schoener-machen\/\">Mehr<\/a><\/p><\/div>\n<\/li><\/ul>\n\n<nav class=\"wp-block-query-pagination is-content-justification-center is-layout-flex wp-container-core-query-pagination-is-layout-a89b3969 wp-block-query-pagination-is-layout-flex\" aria-label=\"Seitennummerierung\">\n\n\n<div class=\"wp-block-query-pagination-numbers has-medium-font-size\"><span aria-current=\"page\" class=\"page-numbers current\">1<\/span>\n<a class=\"page-numbers\" href=\"?query-0-page=2\">2<\/a><\/div>\n\n<a href=\"\/de\/wp-json\/wp\/v2\/pages\/8248?query-0-page=2\" class=\"wp-block-query-pagination-next\">\u22b3<\/a>\n<\/nav>\n\n<\/div>\n\n\n\n<div style=\"height:3rem\" aria-hidden=\"true\" class=\"wp-block-spacer\"><\/div>\n<\/main>","protected":false},"excerpt":{"rendered":"<p>Entdecken Sie elegante und sinnvolle M\u00f6glichkeiten, diese klassische Pflanze in Ihre Adventskr\u00e4nze, Tafelaufs\u00e4tze und Weihnachtsdekorationen einzubinden.<\/p>\n","protected":false},"author":26,"featured_media":6445,"parent":22,"menu_order":0,"comment_status":"closed","ping_status":"closed","template":"two-column-blog-single","meta":{"_acf_changed":false,"footnotes":""},"class_list":["post-8248","page","type-page","status-publish","has-post-thumbnail","hentry"],"acf":[],"_links":{"self":[{"href":"https:\/\/starsforeurope.com\/de\/wp-json\/wp\/v2\/pages\/8248","targetHints":{"allow":["GET"]}}],"collection":[{"href":"https:\/\/starsforeurope.com\/de\/wp-json\/wp\/v2\/pages"}],"about":[{"href":"https:\/\/starsforeurope.com\/de\/wp-json\/wp\/v2\/types\/page"}],"author":[{"embeddable":true,"href":"https:\/\/starsforeurope.com\/de\/wp-json\/wp\/v2\/users\/26"}],"replies":[{"embeddable":true,"href":"https:\/\/starsforeurope.com\/de\/wp-json\/wp\/v2\/comments?post=8248"}],"version-history":[{"count":2,"href":"https:\/\/starsforeurope.com\/de\/wp-json\/wp\/v2\/pages\/8248\/revisions"}],"predecessor-version":[{"id":8251,"href":"https:\/\/starsforeurope.com\/de\/wp-json\/wp\/v2\/pages\/8248\/revisions\/8251"}],"up":[{"embeddable":true,"href":"https:\/\/starsforeurope.com\/de\/wp-json\/wp\/v2\/pages\/22"}],"wp:featuredmedia":[{"embeddable":true,"href":"https:\/\/starsforeurope.com\/de\/wp-json\/wp\/v2\/media\/6445"}],"wp:attachment":[{"href":"https:\/\/starsforeurope.com\/de\/wp-json\/wp\/v2\/media?parent=8248"}],"curies":[{"name":"wp","href":"https:\/\/api.w.org\/{rel}","templated":true}]}}