{"id":8244,"date":"2025-07-07T09:40:41","date_gmt":"2025-07-07T07:40:41","guid":{"rendered":"https:\/\/starsforeurope.com\/de\/?page_id=8244"},"modified":"2025-07-07T09:40:43","modified_gmt":"2025-07-07T07:40:43","slug":"pflege-allgemein","status":"publish","type":"page","link":"https:\/\/starsforeurope.com\/de\/pflege\/pflege-allgemein\/","title":{"rendered":"Grundlagen der Weihnachtssternpflege"},"content":{"rendered":"<main class=\"wp-block-group postimage-half wide-content is-layout-flow wp-block-group-is-layout-flow\" style=\"margin-top:var(--wp--preset--spacing--50)\">\n<div style=\"height:3rem\" aria-hidden=\"true\" class=\"wp-block-spacer\"><\/div>\n\n\n\n<div class=\"wp-block-query is-layout-flow wp-block-query-is-layout-flow\"><ul class=\"columns-2 wp-block-post-template is-layout-grid wp-container-core-post-template-is-layout-37ef2942 wp-block-post-template-is-layout-grid\"><li class=\"wp-block-post post-7606 blog type-blog status-publish has-post-thumbnail hentry blog_cat-pflege blog_main-pflege blog_main-pflege-allgemein blog_main-wissen blog_main-wissenswertes\">\n<figure style=\"aspect-ratio:1;\" class=\"featuredimage wp-block-post-featured-image\"><a href=\"https:\/\/starsforeurope.com\/de\/blog\/weihnachtsstern-uebersommern-und-wieder-zum-bluehen-bringen\/\" target=\"_self\"  ><img loading=\"lazy\" decoding=\"async\" width=\"875\" height=\"1050\" src=\"https:\/\/starsforeurope.com\/de\/wp-content\/uploads\/sites\/10\/2024\/09\/2019-weihnachtsstern-2000-weihnachts-wunderland-38.jpg\" class=\"attachment-post-thumbnail size-post-thumbnail wp-post-image\" alt=\"Weihnachtsstern \u00fcbersommern und wieder zum Bl\u00fchen bringen\" style=\"width:100%;height:100%;object-fit:cover;\" srcset=\"https:\/\/starsforeurope.com\/de\/wp-content\/uploads\/sites\/10\/2024\/09\/2019-weihnachtsstern-2000-weihnachts-wunderland-38.jpg 875w, https:\/\/starsforeurope.com\/de\/wp-content\/uploads\/sites\/10\/2024\/09\/2019-weihnachtsstern-2000-weihnachts-wunderland-38-250x300.jpg 250w, https:\/\/starsforeurope.com\/de\/wp-content\/uploads\/sites\/10\/2024\/09\/2019-weihnachtsstern-2000-weihnachts-wunderland-38-853x1024.jpg 853w, https:\/\/starsforeurope.com\/de\/wp-content\/uploads\/sites\/10\/2024\/09\/2019-weihnachtsstern-2000-weihnachts-wunderland-38-768x922.jpg 768w, https:\/\/starsforeurope.com\/de\/wp-content\/uploads\/sites\/10\/2024\/09\/2019-weihnachtsstern-2000-weihnachts-wunderland-38-563x675.jpg 563w\" sizes=\"auto, (max-width: 875px) 100vw, 875px\" \/><\/a><\/figure>\n\n<h3 class=\"wp-block-post-title\"><a href=\"https:\/\/starsforeurope.com\/de\/blog\/weihnachtsstern-uebersommern-und-wieder-zum-bluehen-bringen\/\" target=\"_self\" >Weihnachtsstern \u00fcbersommern und wieder zum Bl\u00fchen bringen<\/a><\/h3>\n\n\n<div class=\"wp-block-group postmetaline is-nowrap is-layout-flex wp-container-core-group-is-layout-6c531013 wp-block-group-is-layout-flex\"><div class=\"wp-block-post-date\"><time datetime=\"2024-10-15T11:14:47+02:00\">15. Oktober 2024<\/time><\/div>\n\n<\/div>\n\n\n<div class=\"wp-block-post-excerpt\"><p class=\"wp-block-post-excerpt__excerpt\">Tipps und Tricks mit denen du deinen Weihnachtsstern wieder zum Bl\u00fchen bringst: richtig \u00fcbersommern, umtopfen und auf die n\u00e4chste Bl\u00fcte vorbereiten.<\/p><p class=\"wp-block-post-excerpt__more-text\"><a class=\"wp-block-post-excerpt__more-link\" href=\"https:\/\/starsforeurope.com\/de\/blog\/weihnachtsstern-uebersommern-und-wieder-zum-bluehen-bringen\/\">Mehr<\/a><\/p><\/div>\n<\/li><li class=\"wp-block-post post-7628 blog type-blog status-publish has-post-thumbnail hentry blog_cat-pflege blog_main-pflege blog_main-pflege-allgemein\">\n<figure style=\"aspect-ratio:1;\" class=\"featuredimage wp-block-post-featured-image\"><a href=\"https:\/\/starsforeurope.com\/de\/blog\/weihnachtsstern-zurueckschneiden-wann-und-wie-du-es-machst\/\" target=\"_self\"  ><img loading=\"lazy\" decoding=\"async\" width=\"1050\" height=\"875\" src=\"https:\/\/starsforeurope.com\/de\/wp-content\/uploads\/sites\/10\/2023\/09\/2021-poinsettia-01000-boho-green-living-01.jpg\" class=\"attachment-post-thumbnail size-post-thumbnail wp-post-image\" alt=\"Weihnachtsstern zur\u00fcckschneiden: Wann und wie du es machst\" style=\"width:100%;height:100%;object-fit:cover;\" srcset=\"https:\/\/starsforeurope.com\/de\/wp-content\/uploads\/sites\/10\/2023\/09\/2021-poinsettia-01000-boho-green-living-01.jpg 1050w, https:\/\/starsforeurope.com\/de\/wp-content\/uploads\/sites\/10\/2023\/09\/2021-poinsettia-01000-boho-green-living-01-300x250.jpg 300w, https:\/\/starsforeurope.com\/de\/wp-content\/uploads\/sites\/10\/2023\/09\/2021-poinsettia-01000-boho-green-living-01-1024x853.jpg 1024w, https:\/\/starsforeurope.com\/de\/wp-content\/uploads\/sites\/10\/2023\/09\/2021-poinsettia-01000-boho-green-living-01-768x640.jpg 768w, https:\/\/starsforeurope.com\/de\/wp-content\/uploads\/sites\/10\/2023\/09\/2021-poinsettia-01000-boho-green-living-01-810x675.jpg 810w\" sizes=\"auto, (max-width: 1050px) 100vw, 1050px\" \/><\/a><\/figure>\n\n<h3 class=\"wp-block-post-title\"><a href=\"https:\/\/starsforeurope.com\/de\/blog\/weihnachtsstern-zurueckschneiden-wann-und-wie-du-es-machst\/\" target=\"_self\" >Weihnachtsstern zur\u00fcckschneiden: Wann und wie du es machst<\/a><\/h3>\n\n\n<div class=\"wp-block-group postmetaline is-nowrap is-layout-flex wp-container-core-group-is-layout-6c531013 wp-block-group-is-layout-flex\"><div class=\"wp-block-post-date\"><time datetime=\"2024-10-15T11:12:49+02:00\">15. Oktober 2024<\/time><\/div>\n\n<\/div>\n\n\n<div class=\"wp-block-post-excerpt\"><p class=\"wp-block-post-excerpt__excerpt\">Mit dem richtigen Schnitt wird dein Weihnachtsstern wieder fit: So schneidest du ihn im Fr\u00fchjahr richtig und sorgst f\u00fcr neues, kr\u00e4ftiges Wachstum im Herbst.<\/p><p class=\"wp-block-post-excerpt__more-text\"><a class=\"wp-block-post-excerpt__more-link\" href=\"https:\/\/starsforeurope.com\/de\/blog\/weihnachtsstern-zurueckschneiden-wann-und-wie-du-es-machst\/\">Mehr<\/a><\/p><\/div>\n<\/li><li class=\"wp-block-post post-7594 blog type-blog status-publish has-post-thumbnail hentry blog_cat-pflege blog_main-pflege blog_main-pflege-allgemein blog_main-standort\">\n<figure style=\"aspect-ratio:1;\" class=\"featuredimage wp-block-post-featured-image\"><a href=\"https:\/\/starsforeurope.com\/de\/blog\/weihnachtsstern-ans-fenster-stellen-darauf-musst-du-achten\/\" target=\"_self\"  ><img loading=\"lazy\" decoding=\"async\" width=\"875\" height=\"1050\" src=\"https:\/\/starsforeurope.com\/de\/wp-content\/uploads\/sites\/10\/2024\/09\/2024-poinsettia-04000-cosy-cottage-charm-13.jpg\" class=\"attachment-post-thumbnail size-post-thumbnail wp-post-image\" alt=\"Weihnachtsstern ans Fenster stellen? Darauf musst du achten\" style=\"width:100%;height:100%;object-fit:cover;\" srcset=\"https:\/\/starsforeurope.com\/de\/wp-content\/uploads\/sites\/10\/2024\/09\/2024-poinsettia-04000-cosy-cottage-charm-13.jpg 875w, https:\/\/starsforeurope.com\/de\/wp-content\/uploads\/sites\/10\/2024\/09\/2024-poinsettia-04000-cosy-cottage-charm-13-250x300.jpg 250w, https:\/\/starsforeurope.com\/de\/wp-content\/uploads\/sites\/10\/2024\/09\/2024-poinsettia-04000-cosy-cottage-charm-13-853x1024.jpg 853w, https:\/\/starsforeurope.com\/de\/wp-content\/uploads\/sites\/10\/2024\/09\/2024-poinsettia-04000-cosy-cottage-charm-13-768x922.jpg 768w, https:\/\/starsforeurope.com\/de\/wp-content\/uploads\/sites\/10\/2024\/09\/2024-poinsettia-04000-cosy-cottage-charm-13-563x675.jpg 563w\" sizes=\"auto, (max-width: 875px) 100vw, 875px\" \/><\/a><\/figure>\n\n<h3 class=\"wp-block-post-title\"><a href=\"https:\/\/starsforeurope.com\/de\/blog\/weihnachtsstern-ans-fenster-stellen-darauf-musst-du-achten\/\" target=\"_self\" >Weihnachtsstern ans Fenster stellen? Darauf musst du achten<\/a><\/h3>\n\n\n<div class=\"wp-block-group postmetaline is-nowrap is-layout-flex wp-container-core-group-is-layout-6c531013 wp-block-group-is-layout-flex\"><div class=\"wp-block-post-date\"><time datetime=\"2024-10-14T10:40:29+02:00\">14. Oktober 2024<\/time><\/div>\n\n<\/div>\n\n\n<div class=\"wp-block-post-excerpt\"><p class=\"wp-block-post-excerpt__excerpt\">Wie du deinen Weihnachtsstern am Fenster richtig pflegst und perfekt in Szene setzt \u2013 mit Tipps zu Standort, Temperatur und weihnachtlicher Deko.<\/p><p class=\"wp-block-post-excerpt__more-text\"><a class=\"wp-block-post-excerpt__more-link\" href=\"https:\/\/starsforeurope.com\/de\/blog\/weihnachtsstern-ans-fenster-stellen-darauf-musst-du-achten\/\">Mehr<\/a><\/p><\/div>\n<\/li><li class=\"wp-block-post post-7580 blog type-blog status-publish has-post-thumbnail hentry blog_cat-pflege blog_main-pflege blog_main-pflege-allgemein blog_main-standort\">\n<figure style=\"aspect-ratio:1;\" class=\"featuredimage wp-block-post-featured-image\"><a href=\"https:\/\/starsforeurope.com\/de\/blog\/der-optimale-standort-fuer-deinen-weihnachtsstern\/\" target=\"_self\"  ><img loading=\"lazy\" decoding=\"async\" width=\"1050\" height=\"875\" src=\"https:\/\/starsforeurope.com\/de\/wp-content\/uploads\/sites\/10\/2022\/08\/2021-poinsettia-04000-autumnal-glow-08-1.jpg\" class=\"attachment-post-thumbnail size-post-thumbnail wp-post-image\" alt=\"Weihnachtsstern Standort-Check: Welche 3 Faktoren wirklich z\u00e4hlen\" style=\"width:100%;height:100%;object-fit:cover;\" srcset=\"https:\/\/starsforeurope.com\/de\/wp-content\/uploads\/sites\/10\/2022\/08\/2021-poinsettia-04000-autumnal-glow-08-1.jpg 1050w, https:\/\/starsforeurope.com\/de\/wp-content\/uploads\/sites\/10\/2022\/08\/2021-poinsettia-04000-autumnal-glow-08-1-300x250.jpg 300w, https:\/\/starsforeurope.com\/de\/wp-content\/uploads\/sites\/10\/2022\/08\/2021-poinsettia-04000-autumnal-glow-08-1-1024x853.jpg 1024w, https:\/\/starsforeurope.com\/de\/wp-content\/uploads\/sites\/10\/2022\/08\/2021-poinsettia-04000-autumnal-glow-08-1-768x640.jpg 768w, https:\/\/starsforeurope.com\/de\/wp-content\/uploads\/sites\/10\/2022\/08\/2021-poinsettia-04000-autumnal-glow-08-1-810x675.jpg 810w\" sizes=\"auto, (max-width: 1050px) 100vw, 1050px\" \/><\/a><\/figure>\n\n<h3 class=\"wp-block-post-title\"><a href=\"https:\/\/starsforeurope.com\/de\/blog\/der-optimale-standort-fuer-deinen-weihnachtsstern\/\" target=\"_self\" >Weihnachtsstern Standort-Check: Welche 3 Faktoren wirklich z\u00e4hlen<\/a><\/h3>\n\n\n<div class=\"wp-block-group postmetaline is-nowrap is-layout-flex wp-container-core-group-is-layout-6c531013 wp-block-group-is-layout-flex\"><div class=\"wp-block-post-date\"><time datetime=\"2024-10-14T10:34:32+02:00\">14. Oktober 2024<\/time><\/div>\n\n<\/div>\n\n\n<div class=\"wp-block-post-excerpt\"><p class=\"wp-block-post-excerpt__excerpt\">Finde den perfekten Standort f\u00fcr deinen Weihnachtsstern! Tipps zu Licht, Temperatur und Zugluft, damit deine Pflanze lange gesund und sch\u00f6n bleibt.<\/p><p class=\"wp-block-post-excerpt__more-text\"><a class=\"wp-block-post-excerpt__more-link\" href=\"https:\/\/starsforeurope.com\/de\/blog\/der-optimale-standort-fuer-deinen-weihnachtsstern\/\">Mehr<\/a><\/p><\/div>\n<\/li><\/ul>\n\n<nav class=\"wp-block-query-pagination is-content-justification-center is-layout-flex wp-container-core-query-pagination-is-layout-a89b3969 wp-block-query-pagination-is-layout-flex\" aria-label=\"Seitennummerierung\">\n\n\n<div class=\"wp-block-query-pagination-numbers has-medium-font-size\"><span aria-current=\"page\" class=\"page-numbers current\">1<\/span>\n<a class=\"page-numbers\" href=\"?query-0-page=2\">2<\/a><\/div>\n\n<a href=\"\/de\/wp-json\/wp\/v2\/pages\/8244?query-0-page=2\" class=\"wp-block-query-pagination-next\">\u22b3<\/a>\n<\/nav>\n\n<\/div>\n\n\n\n<div style=\"height:3rem\" aria-hidden=\"true\" class=\"wp-block-spacer\"><\/div>\n<\/main>","protected":false},"excerpt":{"rendered":"<p>Halten Sie Ihre Weihnachtssterne mit einfachen Pflegetipps lebendig und gesund. <\/p>\n","protected":false},"author":26,"featured_media":6443,"parent":20,"menu_order":0,"comment_status":"closed","ping_status":"closed","template":"two-column-blog-single","meta":{"_acf_changed":false,"footnotes":""},"class_list":["post-8244","page","type-page","status-publish","has-post-thumbnail","hentry"],"acf":[],"_links":{"self":[{"href":"https:\/\/starsforeurope.com\/de\/wp-json\/wp\/v2\/pages\/8244","targetHints":{"allow":["GET"]}}],"collection":[{"href":"https:\/\/starsforeurope.com\/de\/wp-json\/wp\/v2\/pages"}],"about":[{"href":"https:\/\/starsforeurope.com\/de\/wp-json\/wp\/v2\/types\/page"}],"author":[{"embeddable":true,"href":"https:\/\/starsforeurope.com\/de\/wp-json\/wp\/v2\/users\/26"}],"replies":[{"embeddable":true,"href":"https:\/\/starsforeurope.com\/de\/wp-json\/wp\/v2\/comments?post=8244"}],"version-history":[{"count":1,"href":"https:\/\/starsforeurope.com\/de\/wp-json\/wp\/v2\/pages\/8244\/revisions"}],"predecessor-version":[{"id":8245,"href":"https:\/\/starsforeurope.com\/de\/wp-json\/wp\/v2\/pages\/8244\/revisions\/8245"}],"up":[{"embeddable":true,"href":"https:\/\/starsforeurope.com\/de\/wp-json\/wp\/v2\/pages\/20"}],"wp:featuredmedia":[{"embeddable":true,"href":"https:\/\/starsforeurope.com\/de\/wp-json\/wp\/v2\/media\/6443"}],"wp:attachment":[{"href":"https:\/\/starsforeurope.com\/de\/wp-json\/wp\/v2\/media?parent=8244"}],"curies":[{"name":"wp","href":"https:\/\/api.w.org\/{rel}","templated":true}]}}