{"id":8234,"date":"2025-07-07T09:05:15","date_gmt":"2025-07-07T07:05:15","guid":{"rendered":"https:\/\/starsforeurope.com\/de\/?page_id=8234"},"modified":"2025-07-07T09:12:31","modified_gmt":"2025-07-07T07:12:31","slug":"aktuelles","status":"publish","type":"page","link":"https:\/\/starsforeurope.com\/de\/wissen\/aktuelles\/","title":{"rendered":"Weihnachtsstern Spotlight"},"content":{"rendered":"<main class=\"wp-block-group postimage-half wide-content is-layout-flow wp-block-group-is-layout-flow\" style=\"margin-top:var(--wp--preset--spacing--50)\">\n<div style=\"height:3rem\" aria-hidden=\"true\" class=\"wp-block-spacer\"><\/div>\n\n\n\n<div class=\"wp-block-query is-layout-flow wp-block-query-is-layout-flow\"><ul class=\"columns-2 wp-block-post-template is-layout-grid wp-container-core-post-template-is-layout-37ef2942 wp-block-post-template-is-layout-grid\"><li class=\"wp-block-post post-6786 blog type-blog status-publish has-post-thumbnail hentry blog_cat-pflege blog_cat-start-der-saison blog_main-aktuelles blog_main-wissen blog_main-wissenswertes\">\n<figure style=\"aspect-ratio:1;\" class=\"featuredimage wp-block-post-featured-image\"><a href=\"https:\/\/starsforeurope.com\/de\/blog\/tipps-fuer-den-weihnachtsstern-kauf\/\" target=\"_self\"  ><img loading=\"lazy\" decoding=\"async\" width=\"1050\" height=\"875\" src=\"https:\/\/starsforeurope.com\/de\/wp-content\/uploads\/sites\/10\/2023\/09\/2021-poinsettia-01000-boho-green-living-01-2.jpg\" class=\"attachment-post-thumbnail size-post-thumbnail wp-post-image\" alt=\"Tipps f\u00fcr den Weihnachtsstern-Kauf\" style=\"width:100%;height:100%;object-fit:cover;\" srcset=\"https:\/\/starsforeurope.com\/de\/wp-content\/uploads\/sites\/10\/2023\/09\/2021-poinsettia-01000-boho-green-living-01-2.jpg 1050w, https:\/\/starsforeurope.com\/de\/wp-content\/uploads\/sites\/10\/2023\/09\/2021-poinsettia-01000-boho-green-living-01-2-300x250.jpg 300w, https:\/\/starsforeurope.com\/de\/wp-content\/uploads\/sites\/10\/2023\/09\/2021-poinsettia-01000-boho-green-living-01-2-1024x853.jpg 1024w, https:\/\/starsforeurope.com\/de\/wp-content\/uploads\/sites\/10\/2023\/09\/2021-poinsettia-01000-boho-green-living-01-2-768x640.jpg 768w, https:\/\/starsforeurope.com\/de\/wp-content\/uploads\/sites\/10\/2023\/09\/2021-poinsettia-01000-boho-green-living-01-2-810x675.jpg 810w\" sizes=\"auto, (max-width: 1050px) 100vw, 1050px\" \/><\/a><\/figure>\n\n<h3 class=\"wp-block-post-title\"><a href=\"https:\/\/starsforeurope.com\/de\/blog\/tipps-fuer-den-weihnachtsstern-kauf\/\" target=\"_self\" >Tipps f\u00fcr den Weihnachtsstern-Kauf<\/a><\/h3>\n\n\n<div class=\"wp-block-group postmetaline is-nowrap is-layout-flex wp-container-core-group-is-layout-6c531013 wp-block-group-is-layout-flex\"><div class=\"wp-block-post-date\"><time datetime=\"2023-10-20T14:30:22+02:00\">20. Oktober 2023<\/time><\/div>\n\n<\/div>\n\n\n<div class=\"wp-block-post-excerpt\"><p class=\"wp-block-post-excerpt__excerpt\">Finde heraus, wie du einen gesunden Weihnachtsstern kaufst, der lange sch\u00f6n bleibt. Es dreht sich alles um Bl\u00e4tter, Bl\u00fcten, die Wasserversorgung und Bedingungen im Laden und beim Transport. \ud83d\ude03<\/p><p class=\"wp-block-post-excerpt__more-text\"><a class=\"wp-block-post-excerpt__more-link\" href=\"https:\/\/starsforeurope.com\/de\/blog\/tipps-fuer-den-weihnachtsstern-kauf\/\">Mehr<\/a><\/p><\/div>\n<\/li><\/ul>\n\n\n\n<\/div>\n\n\n\n<div style=\"height:3rem\" aria-hidden=\"true\" class=\"wp-block-spacer\"><\/div>\n<\/main>","protected":false},"excerpt":{"rendered":"<p>Von festlichen Favoriten bis hin zu Pflegetipps f\u00fcr das ganze Jahr &#8211; entdecken Sie, was es Neues in der Welt der Weihnachtssterne gibt. <\/p>\n","protected":false},"author":26,"featured_media":6446,"parent":26,"menu_order":0,"comment_status":"closed","ping_status":"closed","template":"two-column-blog-single","meta":{"_acf_changed":false,"footnotes":""},"class_list":["post-8234","page","type-page","status-publish","has-post-thumbnail","hentry"],"acf":[],"_links":{"self":[{"href":"https:\/\/starsforeurope.com\/de\/wp-json\/wp\/v2\/pages\/8234","targetHints":{"allow":["GET"]}}],"collection":[{"href":"https:\/\/starsforeurope.com\/de\/wp-json\/wp\/v2\/pages"}],"about":[{"href":"https:\/\/starsforeurope.com\/de\/wp-json\/wp\/v2\/types\/page"}],"author":[{"embeddable":true,"href":"https:\/\/starsforeurope.com\/de\/wp-json\/wp\/v2\/users\/26"}],"replies":[{"embeddable":true,"href":"https:\/\/starsforeurope.com\/de\/wp-json\/wp\/v2\/comments?post=8234"}],"version-history":[{"count":2,"href":"https:\/\/starsforeurope.com\/de\/wp-json\/wp\/v2\/pages\/8234\/revisions"}],"predecessor-version":[{"id":8238,"href":"https:\/\/starsforeurope.com\/de\/wp-json\/wp\/v2\/pages\/8234\/revisions\/8238"}],"up":[{"embeddable":true,"href":"https:\/\/starsforeurope.com\/de\/wp-json\/wp\/v2\/pages\/26"}],"wp:featuredmedia":[{"embeddable":true,"href":"https:\/\/starsforeurope.com\/de\/wp-json\/wp\/v2\/media\/6446"}],"wp:attachment":[{"href":"https:\/\/starsforeurope.com\/de\/wp-json\/wp\/v2\/media?parent=8234"}],"curies":[{"name":"wp","href":"https:\/\/api.w.org\/{rel}","templated":true}]}}