{"id":5,"date":"2021-11-17T18:26:06","date_gmt":"2021-11-17T18:26:06","guid":{"rendered":"https:\/\/starsforeurope.com\/?page_id=5"},"modified":"2026-02-12T12:47:09","modified_gmt":"2026-02-12T11:47:09","slug":"home","status":"publish","type":"page","link":"https:\/\/starsforeurope.com\/de\/","title":{"rendered":"Vielf\u00e4ltige Ideen und Wissen rund um den Weihnachtsstern"},"content":{"rendered":"<div class=\"wp-block-columns is-layout-flex wp-container-core-columns-is-layout-28f84493 wp-block-columns-is-layout-flex\">\n<div class=\"wp-block-column is-layout-flow wp-block-column-is-layout-flow\">\n<h2 class=\"wp-block-heading\">Der Weihnachtsstern auf einen Blick<\/h2>\n\n<p>\r<br><p aria-level=\"1\"><span data-contrast=\"auto\">Der <strong>Weihnachtsstern<\/strong> (auch Poinsettie oder botanisch <\/span><i><span data-contrast=\"auto\">Euphorbia pulcherrima<\/span><\/i><span data-contrast=\"auto\">) ist eine <strong>pflegeleichte<\/strong> und <strong>beliebte<\/strong> <strong>Zimmerpflanze<\/strong>, die mit einer <strong>Bl\u00fctezeit von Ende Oktober bis Februar<\/strong> Wohnr\u00e4ume in ganz Europa und in vielen L\u00e4ndern der Welt schm\u00fcckt.\u00a0<\/span><span data-ccp-props=\"{&quot;201341983&quot;:0,&quot;335559739&quot;:160,&quot;335559740&quot;:259}\">\u00a0<\/span><span data-contrast=\"auto\">Charakteristisch sind seine <strong>bunt gef\u00e4rbten Hochbl\u00e4tter<\/strong> an gr\u00fcn belaubten Trieben. Neben der Pflanze mit den klassisch roten Hochbl\u00e4ttern gibt es den Weihnachtsstern unter anderem auch in Wei\u00df, Rosa, Pink, Creme und mehrfarbig. Selbst f\u00fcr den Herbst gibt es mittlerweile spezielle Sorten, die man Princettien nennt. Diese Vielfalt erm\u00f6glicht es, den Weihnachtsstern im Topf oder als Schnittblume harmonisch in unterschiedlichste Einrichtungsstile und DIY-Deko-Ideen zu integrieren.<\/span><span data-ccp-props=\"{&quot;201341983&quot;:0,&quot;335559739&quot;:160,&quot;335559740&quot;:259}\">\u00a0<\/span><span data-contrast=\"auto\"><strong>Aus Mexiko stammend<\/strong>, f\u00fchlt sich der Weihnachtsstern an einem warmen, hellen Standort ohne kalte Zugluft am wohlsten. Die <strong>ideale Temperatur liegt zwischen 15 und 22 Grad Celsius<\/strong>. <strong>Regelm\u00e4\u00dfiges Gie\u00dfen mit zimmerwarmem Wasser ohne Staun\u00e4sse<\/strong> ist die Basis der Pflege und die <strong>Grundlage f\u00fcr gesunde Wurzeln<\/strong>, die der mehrj\u00e4hrigen Pflanze ein langes Leben bescheren. D\u00fcnger braucht die Poinsettie als Adventsdekoration nicht. <\/span><span data-contrast=\"auto\">Beim Kauf sollten die <strong>Knospen der Bl\u00fcten in der Mitte der Hochbl\u00e4tter geschlossen sowie die Bl\u00e4tter voll entwickelt und unbesch\u00e4digt sein<\/strong> (kein Austritt von Milchsaft). <\/span><span data-contrast=\"auto\">Weihnachtssterne eignen sich hervorragend zur Dekoration, sei es als Mittelpunkt eines <strong>Adventskranzes<\/strong>, als <strong>Tischdekoration<\/strong> oder als <strong>Schnittblume<\/strong> in Str\u00e4u\u00dfen, <strong>Gestecken<\/strong> oder als <strong>Christbaumschmuck<\/strong>. Sie setzen mit ihren h\u00fcbschen Farben stimmungsvolle Akzente und sind als <strong>Symbol der Weihnachtszeit<\/strong> ein ideales Blumengeschenk.<\/span><span data-ccp-props=\"{&quot;201341983&quot;:0,&quot;335559739&quot;:160,&quot;335559740&quot;:259}\">\u00a0<\/span><\/p>\r<br><\/p>\n<\/div>\n\n\n<div class=\"wp-block-column is-layout-flow wp-block-column-is-layout-flow\">\n<figure class=\"wp-block-image size-full\"><img decoding=\"async\" src=\"https:\/\/starsforeurope.com\/de\/wp-content\/uploads\/sites\/10\/2023\/10\/2022-poinsettia-03000-varieties-02.jpg\" alt=\"\"><\/figure>\n\n<\/div>\n\n<\/div>","protected":false},"excerpt":{"rendered":"<p>Du liebst Weihnachtssterne? Hier findest du Deko- und DIY-Ideen, Pflegetipps und weitere Informationen rund um den sch\u00f6nen Stern. Entdecke die vielen Seiten des Weihnachtssterns und lass dich inspirieren.<\/p>\n","protected":false},"author":1,"featured_media":8526,"parent":0,"menu_order":0,"comment_status":"closed","ping_status":"closed","template":"two-column-blog-single","meta":{"_acf_changed":false,"footnotes":""},"class_list":["post-5","page","type-page","status-publish","has-post-thumbnail","hentry"],"acf":[],"_links":{"self":[{"href":"https:\/\/starsforeurope.com\/de\/wp-json\/wp\/v2\/pages\/5","targetHints":{"allow":["GET"]}}],"collection":[{"href":"https:\/\/starsforeurope.com\/de\/wp-json\/wp\/v2\/pages"}],"about":[{"href":"https:\/\/starsforeurope.com\/de\/wp-json\/wp\/v2\/types\/page"}],"author":[{"embeddable":true,"href":"https:\/\/starsforeurope.com\/de\/wp-json\/wp\/v2\/users\/1"}],"replies":[{"embeddable":true,"href":"https:\/\/starsforeurope.com\/de\/wp-json\/wp\/v2\/comments?post=5"}],"version-history":[{"count":57,"href":"https:\/\/starsforeurope.com\/de\/wp-json\/wp\/v2\/pages\/5\/revisions"}],"predecessor-version":[{"id":8269,"href":"https:\/\/starsforeurope.com\/de\/wp-json\/wp\/v2\/pages\/5\/revisions\/8269"}],"wp:featuredmedia":[{"embeddable":true,"href":"https:\/\/starsforeurope.com\/de\/wp-json\/wp\/v2\/media\/8526"}],"wp:attachment":[{"href":"https:\/\/starsforeurope.com\/de\/wp-json\/wp\/v2\/media?parent=5"}],"curies":[{"name":"wp","href":"https:\/\/api.w.org\/{rel}","templated":true}]}}