{"id":487,"date":"2021-12-17T12:27:34","date_gmt":"2021-12-17T12:27:34","guid":{"rendered":"https:\/\/starsforeurope.com\/?page_id=487"},"modified":"2025-10-17T14:07:38","modified_gmt":"2025-10-17T12:07:38","slug":"impressum","status":"publish","type":"page","link":"https:\/\/starsforeurope.com\/de\/impressum\/","title":{"rendered":"Impressum"},"content":{"rendered":"<div class=\"wp-block-columns is-layout-flex wp-container-core-columns-is-layout-28f84493 wp-block-columns-is-layout-flex\">\n<div class=\"wp-block-column is-layout-flow wp-block-column-is-layout-flow\">\n<h2 class=\"wp-block-heading\">Allgemeine Datenschutzerkl\u00e4rung<\/h2>\n\n\n\n<p>Verantwortlich i.S. des \u00a7 6 Teledienstgesetz bzw. Mediendienste Staatsvertrag ist:<\/p>\n\n\n\n<p>Stars for Europe GbR,\n<br>c\/o Zentralverband Gartenbau,\n<br>Bornheimerstra\u00dfe 37\n<br>53111 Bonn\n<br>Germany\n<br>Gesch\u00e4ftsf\u00fchrer: Dr. Ulrich Sander \/ Europ\u00e4ische Projektleitung: Dr. Susanne Lux<\/p>\n\n\n\n<p>Telefon: + 49 2644 981333\n<br>Email: susanne.lux(at)meclux.de<\/p>\n\n\n\n<p>USt-ID: DE224966758\n<br>Steuernummer: 206\/5779\/0607<\/p>\n\n\n\n<h2 class=\"wp-block-heading\">Haftungsausschluss<\/h2>\n\n\n\n<p>Die ge\u00e4u\u00dferten Ansichten und Meinungen entsprechen jedoch ausschlie\u00dflich denen des Autors bzw. der Autoren und spiegeln nicht zwingend die der Europ\u00e4ischen Union oder der Europ\u00e4ischen Exekutivagentur f\u00fcr die Forschung (REA) wider. Weder die Europ\u00e4ische Union noch die Bewilligungsbeh\u00f6rde k\u00f6nnen daf\u00fcr verantwortlich gemacht werden.<\/p>\n<\/div>\n<\/div>\n\n\n\n<div class=\"wp-block-columns is-layout-flex wp-container-core-columns-is-layout-28f84493 wp-block-columns-is-layout-flex\">\n<div class=\"wp-block-column is-layout-flow wp-block-column-is-layout-flow\">\n<p><\/p>\n<\/div>\n<\/div>","protected":false},"excerpt":{"rendered":"<p>Allgemeine Datenschutzerkl\u00e4rung Verantwortlich i.S. des \u00a7 6 Teledienstgesetz bzw. Mediendienste Staatsvertrag ist: Stars for Europe GbR, c\/o Zentralverband Gartenbau, Bornheimerstra\u00dfe 37 53111 Bonn Germany Gesch\u00e4ftsf\u00fchrer: Dr. Ulrich Sander \/ Europ\u00e4ische Projektleitung: Dr. Susanne Lux Telefon: + 49 2644 981333 Email: susanne.lux(at)meclux.de USt-ID: DE224966758 Steuernummer: 206\/5779\/0607 Haftungsausschluss Die ge\u00e4u\u00dferten Ansichten und Meinungen entsprechen jedoch ausschlie\u00dflich denen [&hellip;]<\/p>\n","protected":false},"author":1,"featured_media":0,"parent":0,"menu_order":0,"comment_status":"closed","ping_status":"closed","template":"simple-post-no-header-image","meta":{"_acf_changed":false,"footnotes":""},"class_list":["post-487","page","type-page","status-publish","hentry"],"acf":[],"_links":{"self":[{"href":"https:\/\/starsforeurope.com\/de\/wp-json\/wp\/v2\/pages\/487","targetHints":{"allow":["GET"]}}],"collection":[{"href":"https:\/\/starsforeurope.com\/de\/wp-json\/wp\/v2\/pages"}],"about":[{"href":"https:\/\/starsforeurope.com\/de\/wp-json\/wp\/v2\/types\/page"}],"author":[{"embeddable":true,"href":"https:\/\/starsforeurope.com\/de\/wp-json\/wp\/v2\/users\/1"}],"replies":[{"embeddable":true,"href":"https:\/\/starsforeurope.com\/de\/wp-json\/wp\/v2\/comments?post=487"}],"version-history":[{"count":15,"href":"https:\/\/starsforeurope.com\/de\/wp-json\/wp\/v2\/pages\/487\/revisions"}],"predecessor-version":[{"id":8432,"href":"https:\/\/starsforeurope.com\/de\/wp-json\/wp\/v2\/pages\/487\/revisions\/8432"}],"wp:attachment":[{"href":"https:\/\/starsforeurope.com\/de\/wp-json\/wp\/v2\/media?parent=487"}],"curies":[{"name":"wp","href":"https:\/\/api.w.org\/{rel}","templated":true}]}}