{"id":26,"date":"2021-11-17T18:56:53","date_gmt":"2021-11-17T18:56:53","guid":{"rendered":"https:\/\/starsforeurope.com\/?page_id=26"},"modified":"2025-07-25T09:37:31","modified_gmt":"2025-07-25T07:37:31","slug":"wissen","status":"publish","type":"page","link":"https:\/\/starsforeurope.com\/de\/wissen\/","title":{"rendered":"Entdecke alles Wissenswerte \u00fcber Weihnachtssterne"},"content":{"rendered":"<h2 class=\"wp-block-heading\">Wichtigste Informationen \u00fcber Weihnachtssterne<\/h2>\n\n\n\n<main class=\"wp-block-group postimage-half wide-content is-layout-flow wp-block-group-is-layout-flow\" style=\"margin-top:var(--wp--preset--spacing--50)\">\n<div style=\"height:3rem\" aria-hidden=\"true\" class=\"wp-block-spacer\"><\/div>\n\n\n\n<div class=\"wp-block-query is-layout-flow wp-block-query-is-layout-flow\"><ul class=\"columns-2 wp-block-post-template is-layout-grid wp-container-core-post-template-is-layout-37ef2942 wp-block-post-template-is-layout-grid\"><li class=\"wp-block-post post-8394 blog type-blog status-publish has-post-thumbnail hentry blog_main-wissen blog_main-wissenswertes\">\n<figure style=\"aspect-ratio:1;\" class=\"featuredimage wp-block-post-featured-image\"><a href=\"https:\/\/starsforeurope.com\/de\/blog\/weihnachtssterne-ein-weihnachtssymbol-in-aller-welt\/\" target=\"_self\"  ><img loading=\"lazy\" decoding=\"async\" width=\"1050\" height=\"875\" src=\"https:\/\/starsforeurope.com\/de\/wp-content\/uploads\/sites\/10\/2025\/08\/2022_poinsettia_06000_Christmas_Warmth_03.jpg\" class=\"attachment-post-thumbnail size-post-thumbnail wp-post-image\" alt=\"Weihnachtsstern Bedeutung: Symbolik, Herkunft &#038; Inspiration zur Adventszeit\" style=\"width:100%;height:100%;object-fit:cover;\" srcset=\"https:\/\/starsforeurope.com\/de\/wp-content\/uploads\/sites\/10\/2025\/08\/2022_poinsettia_06000_Christmas_Warmth_03.jpg 1050w, https:\/\/starsforeurope.com\/de\/wp-content\/uploads\/sites\/10\/2025\/08\/2022_poinsettia_06000_Christmas_Warmth_03-300x250.jpg 300w, https:\/\/starsforeurope.com\/de\/wp-content\/uploads\/sites\/10\/2025\/08\/2022_poinsettia_06000_Christmas_Warmth_03-1024x853.jpg 1024w, https:\/\/starsforeurope.com\/de\/wp-content\/uploads\/sites\/10\/2025\/08\/2022_poinsettia_06000_Christmas_Warmth_03-768x640.jpg 768w\" sizes=\"auto, (max-width: 1050px) 100vw, 1050px\" \/><\/a><\/figure>\n\n<h3 class=\"wp-block-post-title\"><a href=\"https:\/\/starsforeurope.com\/de\/blog\/weihnachtssterne-ein-weihnachtssymbol-in-aller-welt\/\" target=\"_self\" >Weihnachtsstern Bedeutung: Symbolik, Herkunft &#038; Inspiration zur Adventszeit<\/a><\/h3>\n\n\n<div class=\"wp-block-group postmetaline is-nowrap is-layout-flex wp-container-core-group-is-layout-6c531013 wp-block-group-is-layout-flex\"><div class=\"wp-block-post-date\"><time datetime=\"2025-08-26T14:05:00+02:00\">26. August 2025<\/time><\/div>\n\n<\/div>\n\n\n<div class=\"wp-block-post-excerpt\"><p class=\"wp-block-post-excerpt__excerpt\">Drau\u00dfen grau, drinnen Stimmung! Der Weihnachtsstern schenkt dir in der dunklen Jahreszeit Farbe &#038; Bedeutung und verbindet ganz Europa.<\/p><p class=\"wp-block-post-excerpt__more-text\"><a class=\"wp-block-post-excerpt__more-link\" href=\"https:\/\/starsforeurope.com\/de\/blog\/weihnachtssterne-ein-weihnachtssymbol-in-aller-welt\/\">Mehr<\/a><\/p><\/div>\n<\/li><li class=\"wp-block-post post-7731 blog type-blog status-publish has-post-thumbnail hentry blog_cat-dekorationsideen blog_main-deko blog_main-diy-upcycling blog_main-wissen blog_main-wissenswertes\">\n<figure style=\"aspect-ratio:1;\" class=\"featuredimage wp-block-post-featured-image\"><a href=\"https:\/\/starsforeurope.com\/de\/blog\/mini-weihnachtssterne-geschenkideen-und-pflegetipps\/\" target=\"_self\"  ><img loading=\"lazy\" decoding=\"async\" width=\"875\" height=\"1050\" src=\"https:\/\/starsforeurope.com\/de\/wp-content\/uploads\/sites\/10\/2024\/10\/2022-poinsettia-03000-varieties-06.jpg\" class=\"attachment-post-thumbnail size-post-thumbnail wp-post-image\" alt=\"Mini-Weihnachtssterne: Die besten Tipps f\u00fcr Pflege, Kauf und Deko\" style=\"width:100%;height:100%;object-fit:cover;\" srcset=\"https:\/\/starsforeurope.com\/de\/wp-content\/uploads\/sites\/10\/2024\/10\/2022-poinsettia-03000-varieties-06.jpg 875w, https:\/\/starsforeurope.com\/de\/wp-content\/uploads\/sites\/10\/2024\/10\/2022-poinsettia-03000-varieties-06-250x300.jpg 250w, https:\/\/starsforeurope.com\/de\/wp-content\/uploads\/sites\/10\/2024\/10\/2022-poinsettia-03000-varieties-06-853x1024.jpg 853w, https:\/\/starsforeurope.com\/de\/wp-content\/uploads\/sites\/10\/2024\/10\/2022-poinsettia-03000-varieties-06-768x922.jpg 768w, https:\/\/starsforeurope.com\/de\/wp-content\/uploads\/sites\/10\/2024\/10\/2022-poinsettia-03000-varieties-06-563x675.jpg 563w\" sizes=\"auto, (max-width: 875px) 100vw, 875px\" \/><\/a><\/figure>\n\n<h3 class=\"wp-block-post-title\"><a href=\"https:\/\/starsforeurope.com\/de\/blog\/mini-weihnachtssterne-geschenkideen-und-pflegetipps\/\" target=\"_self\" >Mini-Weihnachtssterne: Die besten Tipps f\u00fcr Pflege, Kauf und Deko<\/a><\/h3>\n\n\n<div class=\"wp-block-group postmetaline is-nowrap is-layout-flex wp-container-core-group-is-layout-6c531013 wp-block-group-is-layout-flex\"><div class=\"wp-block-post-date\"><time datetime=\"2024-10-23T13:40:59+02:00\">23. Oktober 2024<\/time><\/div>\n\n<\/div>\n\n\n<div class=\"wp-block-post-excerpt\"><p class=\"wp-block-post-excerpt__excerpt\">Bunte Mini-Weihnachtssterne sind eine tolle Deko und supersch\u00f6ne Geschenke f\u00fcr die Festtagszeit. Hier gibt\u2019s Expertentipps zur Pflege und Dekoideen.<\/p><p class=\"wp-block-post-excerpt__more-text\"><a class=\"wp-block-post-excerpt__more-link\" href=\"https:\/\/starsforeurope.com\/de\/blog\/mini-weihnachtssterne-geschenkideen-und-pflegetipps\/\">Mehr<\/a><\/p><\/div>\n<\/li><li class=\"wp-block-post post-7606 blog type-blog status-publish has-post-thumbnail hentry blog_cat-pflege blog_main-pflege blog_main-pflege-allgemein blog_main-wissen blog_main-wissenswertes\">\n<figure style=\"aspect-ratio:1;\" class=\"featuredimage wp-block-post-featured-image\"><a href=\"https:\/\/starsforeurope.com\/de\/blog\/weihnachtsstern-uebersommern-und-wieder-zum-bluehen-bringen\/\" target=\"_self\"  ><img loading=\"lazy\" decoding=\"async\" width=\"875\" height=\"1050\" src=\"https:\/\/starsforeurope.com\/de\/wp-content\/uploads\/sites\/10\/2024\/09\/2019-weihnachtsstern-2000-weihnachts-wunderland-38.jpg\" class=\"attachment-post-thumbnail size-post-thumbnail wp-post-image\" alt=\"Weihnachtsstern \u00fcbersommern und wieder zum Bl\u00fchen bringen\" style=\"width:100%;height:100%;object-fit:cover;\" srcset=\"https:\/\/starsforeurope.com\/de\/wp-content\/uploads\/sites\/10\/2024\/09\/2019-weihnachtsstern-2000-weihnachts-wunderland-38.jpg 875w, https:\/\/starsforeurope.com\/de\/wp-content\/uploads\/sites\/10\/2024\/09\/2019-weihnachtsstern-2000-weihnachts-wunderland-38-250x300.jpg 250w, https:\/\/starsforeurope.com\/de\/wp-content\/uploads\/sites\/10\/2024\/09\/2019-weihnachtsstern-2000-weihnachts-wunderland-38-853x1024.jpg 853w, https:\/\/starsforeurope.com\/de\/wp-content\/uploads\/sites\/10\/2024\/09\/2019-weihnachtsstern-2000-weihnachts-wunderland-38-768x922.jpg 768w, https:\/\/starsforeurope.com\/de\/wp-content\/uploads\/sites\/10\/2024\/09\/2019-weihnachtsstern-2000-weihnachts-wunderland-38-563x675.jpg 563w\" sizes=\"auto, (max-width: 875px) 100vw, 875px\" \/><\/a><\/figure>\n\n<h3 class=\"wp-block-post-title\"><a href=\"https:\/\/starsforeurope.com\/de\/blog\/weihnachtsstern-uebersommern-und-wieder-zum-bluehen-bringen\/\" target=\"_self\" >Weihnachtsstern \u00fcbersommern und wieder zum Bl\u00fchen bringen<\/a><\/h3>\n\n\n<div class=\"wp-block-group postmetaline is-nowrap is-layout-flex wp-container-core-group-is-layout-6c531013 wp-block-group-is-layout-flex\"><div class=\"wp-block-post-date\"><time datetime=\"2024-10-15T11:14:47+02:00\">15. Oktober 2024<\/time><\/div>\n\n<\/div>\n\n\n<div class=\"wp-block-post-excerpt\"><p class=\"wp-block-post-excerpt__excerpt\">Tipps und Tricks mit denen du deinen Weihnachtsstern wieder zum Bl\u00fchen bringst: richtig \u00fcbersommern, umtopfen und auf die n\u00e4chste Bl\u00fcte vorbereiten.<\/p><p class=\"wp-block-post-excerpt__more-text\"><a class=\"wp-block-post-excerpt__more-link\" href=\"https:\/\/starsforeurope.com\/de\/blog\/weihnachtsstern-uebersommern-und-wieder-zum-bluehen-bringen\/\">Mehr<\/a><\/p><\/div>\n<\/li><li class=\"wp-block-post post-6786 blog type-blog status-publish has-post-thumbnail hentry blog_cat-pflege blog_cat-start-der-saison blog_main-aktuelles blog_main-wissen blog_main-wissenswertes\">\n<figure style=\"aspect-ratio:1;\" class=\"featuredimage wp-block-post-featured-image\"><a href=\"https:\/\/starsforeurope.com\/de\/blog\/tipps-fuer-den-weihnachtsstern-kauf\/\" target=\"_self\"  ><img loading=\"lazy\" decoding=\"async\" width=\"1050\" height=\"875\" src=\"https:\/\/starsforeurope.com\/de\/wp-content\/uploads\/sites\/10\/2023\/09\/2021-poinsettia-01000-boho-green-living-01-2.jpg\" class=\"attachment-post-thumbnail size-post-thumbnail wp-post-image\" alt=\"Tipps f\u00fcr den Weihnachtsstern-Kauf\" style=\"width:100%;height:100%;object-fit:cover;\" srcset=\"https:\/\/starsforeurope.com\/de\/wp-content\/uploads\/sites\/10\/2023\/09\/2021-poinsettia-01000-boho-green-living-01-2.jpg 1050w, https:\/\/starsforeurope.com\/de\/wp-content\/uploads\/sites\/10\/2023\/09\/2021-poinsettia-01000-boho-green-living-01-2-300x250.jpg 300w, https:\/\/starsforeurope.com\/de\/wp-content\/uploads\/sites\/10\/2023\/09\/2021-poinsettia-01000-boho-green-living-01-2-1024x853.jpg 1024w, https:\/\/starsforeurope.com\/de\/wp-content\/uploads\/sites\/10\/2023\/09\/2021-poinsettia-01000-boho-green-living-01-2-768x640.jpg 768w, https:\/\/starsforeurope.com\/de\/wp-content\/uploads\/sites\/10\/2023\/09\/2021-poinsettia-01000-boho-green-living-01-2-810x675.jpg 810w\" sizes=\"auto, (max-width: 1050px) 100vw, 1050px\" \/><\/a><\/figure>\n\n<h3 class=\"wp-block-post-title\"><a href=\"https:\/\/starsforeurope.com\/de\/blog\/tipps-fuer-den-weihnachtsstern-kauf\/\" target=\"_self\" >Tipps f\u00fcr den Weihnachtsstern-Kauf<\/a><\/h3>\n\n\n<div class=\"wp-block-group postmetaline is-nowrap is-layout-flex wp-container-core-group-is-layout-6c531013 wp-block-group-is-layout-flex\"><div class=\"wp-block-post-date\"><time datetime=\"2023-10-20T14:30:22+02:00\">20. Oktober 2023<\/time><\/div>\n\n<\/div>\n\n\n<div class=\"wp-block-post-excerpt\"><p class=\"wp-block-post-excerpt__excerpt\">Finde heraus, wie du einen gesunden Weihnachtsstern kaufst, der lange sch\u00f6n bleibt. Es dreht sich alles um Bl\u00e4tter, Bl\u00fcten, die Wasserversorgung und Bedingungen im Laden und beim Transport. \ud83d\ude03<\/p><p class=\"wp-block-post-excerpt__more-text\"><a class=\"wp-block-post-excerpt__more-link\" href=\"https:\/\/starsforeurope.com\/de\/blog\/tipps-fuer-den-weihnachtsstern-kauf\/\">Mehr<\/a><\/p><\/div>\n<\/li><\/ul>\n\n<nav class=\"wp-block-query-pagination is-content-justification-center is-layout-flex wp-container-core-query-pagination-is-layout-a89b3969 wp-block-query-pagination-is-layout-flex\" aria-label=\"Seitennummerierung\">\n\n\n<div class=\"wp-block-query-pagination-numbers has-medium-font-size\"><span aria-current=\"page\" class=\"page-numbers current\">1<\/span>\n<a class=\"page-numbers\" href=\"?query-0-page=2\">2<\/a><\/div>\n\n<a href=\"\/de\/wp-json\/wp\/v2\/pages\/26?query-0-page=2\" class=\"wp-block-query-pagination-next\">\u22b3<\/a>\n<\/nav>\n\n<\/div>\n\n\n\n<div style=\"height:3rem\" aria-hidden=\"true\" class=\"wp-block-spacer\"><\/div>\n<\/main>","protected":false},"excerpt":{"rendered":"<p>Weihnachtssterne geh\u00f6ren zu den beliebtesten bl\u00fchenden Zimmerpflanzen. Aber wieviel wei\u00dft du wirklich \u00fcber sie? Hier findest du alles Wichtige \u00fcber Herkunft, Geschichte, Vielfalt und Verwendung deiner Lieblingspflanze.<\/p>\n","protected":false},"author":1,"featured_media":6446,"parent":0,"menu_order":0,"comment_status":"closed","ping_status":"closed","template":"two-column-blog-single","meta":{"_acf_changed":false,"footnotes":""},"class_list":["post-26","page","type-page","status-publish","has-post-thumbnail","hentry"],"acf":[],"_links":{"self":[{"href":"https:\/\/starsforeurope.com\/de\/wp-json\/wp\/v2\/pages\/26","targetHints":{"allow":["GET"]}}],"collection":[{"href":"https:\/\/starsforeurope.com\/de\/wp-json\/wp\/v2\/pages"}],"about":[{"href":"https:\/\/starsforeurope.com\/de\/wp-json\/wp\/v2\/types\/page"}],"author":[{"embeddable":true,"href":"https:\/\/starsforeurope.com\/de\/wp-json\/wp\/v2\/users\/1"}],"replies":[{"embeddable":true,"href":"https:\/\/starsforeurope.com\/de\/wp-json\/wp\/v2\/comments?post=26"}],"version-history":[{"count":43,"href":"https:\/\/starsforeurope.com\/de\/wp-json\/wp\/v2\/pages\/26\/revisions"}],"predecessor-version":[{"id":8341,"href":"https:\/\/starsforeurope.com\/de\/wp-json\/wp\/v2\/pages\/26\/revisions\/8341"}],"wp:featuredmedia":[{"embeddable":true,"href":"https:\/\/starsforeurope.com\/de\/wp-json\/wp\/v2\/media\/6446"}],"wp:attachment":[{"href":"https:\/\/starsforeurope.com\/de\/wp-json\/wp\/v2\/media?parent=26"}],"curies":[{"name":"wp","href":"https:\/\/api.w.org\/{rel}","templated":true}]}}