{"id":18,"date":"2021-11-17T18:47:07","date_gmt":"2021-11-17T18:47:07","guid":{"rendered":"https:\/\/starsforeurope.com\/?page_id=18"},"modified":"2025-07-09T07:46:21","modified_gmt":"2025-07-09T05:46:21","slug":"pressemappe","status":"publish","type":"page","link":"https:\/\/starsforeurope.com\/de\/pressemappe\/","title":{"rendered":"Holen Sie sich unsere aktuelle Pressemappe"},"content":{"rendered":"<main class=\"wp-block-group postimage-half wide-content is-layout-flow wp-block-group-is-layout-flow\" style=\"margin-top:var(--wp--preset--spacing--50)\">\n<div style=\"height:3rem\" aria-hidden=\"true\" class=\"wp-block-spacer\"><\/div>\n\n\n\n<div class=\"wp-block-query is-layout-flow wp-block-query-is-layout-flow\"><ul class=\"columns-2 wp-block-post-template is-layout-grid wp-container-core-post-template-is-layout-37ef2942 wp-block-post-template-is-layout-grid\"><li class=\"wp-block-post post-6676 press type-press status-publish has-post-thumbnail hentry press_cat-adventsdekoration press_cat-diy press_cat-geschenkideen press_cat-herbstdeko-zimmerpflanze press_cat-pflege press_main-pressemappe\">\n<figure style=\"aspect-ratio:1;\" class=\"featuredimage wp-block-post-featured-image\"><a href=\"https:\/\/starsforeurope.com\/de\/press\/pressemappe-2023\/\" target=\"_self\"  ><img loading=\"lazy\" decoding=\"async\" width=\"964\" height=\"675\" src=\"https:\/\/starsforeurope.com\/de\/wp-content\/uploads\/sites\/10\/2023\/06\/Rectangle-1.png\" class=\"attachment-post-thumbnail size-post-thumbnail wp-post-image\" alt=\"Pressemappe 2024\" style=\"width:100%;height:100%;object-fit:cover;\" srcset=\"https:\/\/starsforeurope.com\/de\/wp-content\/uploads\/sites\/10\/2023\/06\/Rectangle-1.png 964w, https:\/\/starsforeurope.com\/de\/wp-content\/uploads\/sites\/10\/2023\/06\/Rectangle-1-300x210.png 300w, https:\/\/starsforeurope.com\/de\/wp-content\/uploads\/sites\/10\/2023\/06\/Rectangle-1-768x538.png 768w\" sizes=\"auto, (max-width: 964px) 100vw, 964px\" \/><\/a><\/figure>\n\n<h3 class=\"wp-block-post-title\"><a href=\"https:\/\/starsforeurope.com\/de\/press\/pressemappe-2023\/\" target=\"_self\" >Pressemappe 2024<\/a><\/h3>\n\n\n<div class=\"wp-block-group postmetaline is-nowrap is-layout-flex wp-container-core-group-is-layout-6c531013 wp-block-group-is-layout-flex\"><div class=\"wp-block-post-date\"><time datetime=\"2023-06-30T15:32:40+02:00\">30. Juni 2023<\/time><\/div>\n\n<\/div>\n\n\n<div class=\"wp-block-post-excerpt\"><p class=\"wp-block-post-excerpt__excerpt\"><\/p><p class=\"wp-block-post-excerpt__more-text\"><a class=\"wp-block-post-excerpt__more-link\" href=\"https:\/\/starsforeurope.com\/de\/press\/pressemappe-2023\/\">Mehr<\/a><\/p><\/div>\n<\/li><\/ul>\n\n\n\n<\/div>\n\n\n\n<div style=\"height:3rem\" aria-hidden=\"true\" class=\"wp-block-spacer\"><\/div>\n<\/main>","protected":false},"excerpt":{"rendered":"<p>Mit einem Klick k\u00f6nnen Sie hier unsere aktuellen Themen, Deko- und Pflegetipps sowie eine \u00dcbersicht unserer diesj\u00e4hrigen Pressebilder herunterladen.<\/p>\n","protected":false},"author":1,"featured_media":6447,"parent":0,"menu_order":0,"comment_status":"closed","ping_status":"closed","template":"two-column-blog-single","meta":{"_acf_changed":false,"footnotes":""},"class_list":["post-18","page","type-page","status-publish","has-post-thumbnail","hentry"],"acf":[],"_links":{"self":[{"href":"https:\/\/starsforeurope.com\/de\/wp-json\/wp\/v2\/pages\/18","targetHints":{"allow":["GET"]}}],"collection":[{"href":"https:\/\/starsforeurope.com\/de\/wp-json\/wp\/v2\/pages"}],"about":[{"href":"https:\/\/starsforeurope.com\/de\/wp-json\/wp\/v2\/types\/page"}],"author":[{"embeddable":true,"href":"https:\/\/starsforeurope.com\/de\/wp-json\/wp\/v2\/users\/1"}],"replies":[{"embeddable":true,"href":"https:\/\/starsforeurope.com\/de\/wp-json\/wp\/v2\/comments?post=18"}],"version-history":[{"count":17,"href":"https:\/\/starsforeurope.com\/de\/wp-json\/wp\/v2\/pages\/18\/revisions"}],"predecessor-version":[{"id":8318,"href":"https:\/\/starsforeurope.com\/de\/wp-json\/wp\/v2\/pages\/18\/revisions\/8318"}],"wp:featuredmedia":[{"embeddable":true,"href":"https:\/\/starsforeurope.com\/de\/wp-json\/wp\/v2\/media\/6447"}],"wp:attachment":[{"href":"https:\/\/starsforeurope.com\/de\/wp-json\/wp\/v2\/media?parent=18"}],"curies":[{"name":"wp","href":"https:\/\/api.w.org\/{rel}","templated":true}]}}