{"id":7443,"date":"2025-08-05T00:59:20","date_gmt":"2025-08-04T22:59:20","guid":{"rendered":"https:\/\/starsforeurope.com\/cz\/?page_id=7443"},"modified":"2025-09-12T08:00:38","modified_gmt":"2025-09-12T06:00:38","slug":"stoji-za-to-vedet-pr","status":"publish","type":"page","link":"https:\/\/starsforeurope.com\/cz\/tiskove-zpravy\/informace-pr\/stoji-za-to-vedet-pr\/","title":{"rendered":"V\u0161e, co pot\u0159ebujete v\u011bd\u011bt o poinsetti\u00edch"},"content":{"rendered":"<main class=\"wp-block-group postimage-half wide-content is-layout-flow wp-block-group-is-layout-flow\" style=\"margin-top:var(--wp--preset--spacing--50)\">\n<div style=\"height:3rem\" aria-hidden=\"true\" class=\"wp-block-spacer\"><\/div>\n\n\n\n<div class=\"wp-block-query is-layout-flow wp-block-query-is-layout-flow\"><ul class=\"columns-2 wp-block-post-template is-layout-grid wp-container-core-post-template-is-layout-37ef2942 wp-block-post-template-is-layout-grid\"><li class=\"wp-block-post post-5663 press type-press status-publish has-post-thumbnail hentry press_cat-history press_cat-interesting-facts press_main-informace press_main-stoji-za-to-vedet press_main-pressemitteilungen\">\n<figure style=\"aspect-ratio:1;\" class=\"featuredimage wp-block-post-featured-image\"><a href=\"https:\/\/starsforeurope.com\/cz\/press\/poinsettie-a-jeji-mexicke-koreny\/\" target=\"_self\"  ><img loading=\"lazy\" decoding=\"async\" width=\"875\" height=\"1050\" src=\"https:\/\/starsforeurope.com\/cz\/wp-content\/uploads\/sites\/20\/2022\/09\/2016_Weihnachtsstern_Mexican_Heritage_08.jpg\" class=\"attachment-post-thumbnail size-post-thumbnail wp-post-image\" alt=\"Poinsettie a jej\u00ed mexick\u00e9 ko\u0159eny\" style=\"width:100%;height:100%;object-fit:cover;\" srcset=\"https:\/\/starsforeurope.com\/cz\/wp-content\/uploads\/sites\/20\/2022\/09\/2016_Weihnachtsstern_Mexican_Heritage_08.jpg 875w, https:\/\/starsforeurope.com\/cz\/wp-content\/uploads\/sites\/20\/2022\/09\/2016_Weihnachtsstern_Mexican_Heritage_08-250x300.jpg 250w, https:\/\/starsforeurope.com\/cz\/wp-content\/uploads\/sites\/20\/2022\/09\/2016_Weihnachtsstern_Mexican_Heritage_08-853x1024.jpg 853w, https:\/\/starsforeurope.com\/cz\/wp-content\/uploads\/sites\/20\/2022\/09\/2016_Weihnachtsstern_Mexican_Heritage_08-768x922.jpg 768w, https:\/\/starsforeurope.com\/cz\/wp-content\/uploads\/sites\/20\/2022\/09\/2016_Weihnachtsstern_Mexican_Heritage_08-563x675.jpg 563w\" sizes=\"auto, (max-width: 875px) 100vw, 875px\" \/><\/a><\/figure>\n\n<h3 class=\"wp-block-post-title\"><a href=\"https:\/\/starsforeurope.com\/cz\/press\/poinsettie-a-jeji-mexicke-koreny\/\" target=\"_self\" >Poinsettie a jej\u00ed mexick\u00e9 ko\u0159eny<\/a><\/h3>\n\n\n<div class=\"wp-block-group postmetaline is-nowrap is-layout-flex wp-container-core-group-is-layout-6c531013 wp-block-group-is-layout-flex\"><div class=\"wp-block-post-date\"><time datetime=\"2019-12-04T11:33:25+01:00\">04. prosince 2019<\/time><\/div>\n\n<\/div>\n\n\n<div class=\"wp-block-post-excerpt\"><p class=\"wp-block-post-excerpt__excerpt\">Poinsettie poch\u00e1z\u00ed z Mexika, kde roste jako ke\u0159 dosahuj\u00edc\u00ed v\u00fd\u0161ky a\u017e p\u011bt metr\u016f. P\u0159e\u010dt\u011bte si, co tato rostlina znamenala pro Azt\u00e9ky, a dal\u0161\u00ed legendy, kter\u00e9 jsou s poinsetti\u00ed spojen\u00e9.<\/p><p class=\"wp-block-post-excerpt__more-text\"><a class=\"wp-block-post-excerpt__more-link\" href=\"https:\/\/starsforeurope.com\/cz\/press\/poinsettie-a-jeji-mexicke-koreny\/\">P\u0159e\u010dt\u011bte si v\u00edce<\/a><\/p><\/div>\n<\/li><li class=\"wp-block-post post-5692 press type-press status-publish has-post-thumbnail hentry press_cat-care press_cat-interesting-facts press_main-informace press_main-pece press_main-stoji-za-to-vedet press_main-pressemitteilungen\">\n<figure style=\"aspect-ratio:1;\" class=\"featuredimage wp-block-post-featured-image\"><a href=\"https:\/\/starsforeurope.com\/cz\/press\/abc-pece-o-poinsettie\/\" target=\"_self\"  ><img loading=\"lazy\" decoding=\"async\" width=\"875\" height=\"1050\" src=\"https:\/\/starsforeurope.com\/cz\/wp-content\/uploads\/sites\/20\/2022\/09\/2018_poinsettia_0300_Varieties_06.jpg\" class=\"attachment-post-thumbnail size-post-thumbnail wp-post-image\" alt=\"ABC p\u00e9\u010de o poinsettie\" style=\"width:100%;height:100%;object-fit:cover;\" srcset=\"https:\/\/starsforeurope.com\/cz\/wp-content\/uploads\/sites\/20\/2022\/09\/2018_poinsettia_0300_Varieties_06.jpg 875w, https:\/\/starsforeurope.com\/cz\/wp-content\/uploads\/sites\/20\/2022\/09\/2018_poinsettia_0300_Varieties_06-250x300.jpg 250w, https:\/\/starsforeurope.com\/cz\/wp-content\/uploads\/sites\/20\/2022\/09\/2018_poinsettia_0300_Varieties_06-853x1024.jpg 853w, https:\/\/starsforeurope.com\/cz\/wp-content\/uploads\/sites\/20\/2022\/09\/2018_poinsettia_0300_Varieties_06-768x922.jpg 768w, https:\/\/starsforeurope.com\/cz\/wp-content\/uploads\/sites\/20\/2022\/09\/2018_poinsettia_0300_Varieties_06-563x675.jpg 563w\" sizes=\"auto, (max-width: 875px) 100vw, 875px\" \/><\/a><\/figure>\n\n<h3 class=\"wp-block-post-title\"><a href=\"https:\/\/starsforeurope.com\/cz\/press\/abc-pece-o-poinsettie\/\" target=\"_self\" >ABC p\u00e9\u010de o poinsettie<\/a><\/h3>\n\n\n<div class=\"wp-block-group postmetaline is-nowrap is-layout-flex wp-container-core-group-is-layout-6c531013 wp-block-group-is-layout-flex\"><div class=\"wp-block-post-date\"><time datetime=\"2018-11-01T14:00:05+01:00\">01. listopadu 2018<\/time><\/div>\n\n<\/div>\n\n\n<div class=\"wp-block-post-excerpt\"><p class=\"wp-block-post-excerpt__excerpt\">O stavu poinsettie hodn\u011b napov\u00ed jej\u00ed listy. Vysv\u011btl\u00edme v\u00e1m, co listy prozrazuj\u00ed o poinsettii a co d\u011blat s nemocn\u00fdmi rostlinami.<\/p><p class=\"wp-block-post-excerpt__more-text\"><a class=\"wp-block-post-excerpt__more-link\" href=\"https:\/\/starsforeurope.com\/cz\/press\/abc-pece-o-poinsettie\/\">P\u0159e\u010dt\u011bte si v\u00edce<\/a><\/p><\/div>\n<\/li><li class=\"wp-block-post post-5881 press type-press status-publish has-post-thumbnail hentry press_cat-care press_cat-interesting-facts press_main-informace press_main-stoji-za-to-vedet press_main-pressemitteilungen\">\n<figure style=\"aspect-ratio:1;\" class=\"featuredimage wp-block-post-featured-image\"><a href=\"https:\/\/starsforeurope.com\/cz\/press\/rychly-pruvodce-pro-nakup-poinseettii\/\" target=\"_self\"  ><img loading=\"lazy\" decoding=\"async\" width=\"875\" height=\"1050\" src=\"https:\/\/starsforeurope.com\/cz\/wp-content\/uploads\/sites\/20\/2022\/09\/2017_Weihnachtsstern_People_19.jpg\" class=\"attachment-post-thumbnail size-post-thumbnail wp-post-image\" alt=\"Rychl\u00fd pr\u016fvodce pro n\u00e1kup poinseetti\u00ed\" style=\"width:100%;height:100%;object-fit:cover;\" srcset=\"https:\/\/starsforeurope.com\/cz\/wp-content\/uploads\/sites\/20\/2022\/09\/2017_Weihnachtsstern_People_19.jpg 875w, https:\/\/starsforeurope.com\/cz\/wp-content\/uploads\/sites\/20\/2022\/09\/2017_Weihnachtsstern_People_19-250x300.jpg 250w, https:\/\/starsforeurope.com\/cz\/wp-content\/uploads\/sites\/20\/2022\/09\/2017_Weihnachtsstern_People_19-853x1024.jpg 853w, https:\/\/starsforeurope.com\/cz\/wp-content\/uploads\/sites\/20\/2022\/09\/2017_Weihnachtsstern_People_19-768x922.jpg 768w, https:\/\/starsforeurope.com\/cz\/wp-content\/uploads\/sites\/20\/2022\/09\/2017_Weihnachtsstern_People_19-563x675.jpg 563w\" sizes=\"auto, (max-width: 875px) 100vw, 875px\" \/><\/a><\/figure>\n\n<h3 class=\"wp-block-post-title\"><a href=\"https:\/\/starsforeurope.com\/cz\/press\/rychly-pruvodce-pro-nakup-poinseettii\/\" target=\"_self\" >Rychl\u00fd pr\u016fvodce pro n\u00e1kup poinseetti\u00ed<\/a><\/h3>\n\n\n<div class=\"wp-block-group postmetaline is-nowrap is-layout-flex wp-container-core-group-is-layout-6c531013 wp-block-group-is-layout-flex\"><div class=\"wp-block-post-date\"><time datetime=\"2017-11-14T14:06:10+01:00\">14. listopadu 2017<\/time><\/div>\n\n<\/div>\n\n\n<div class=\"wp-block-post-excerpt\"><p class=\"wp-block-post-excerpt__excerpt\">O tom, zda se z poinsettie budete t\u011b\u0161it dlouho, se rozhoduje ji\u017e p\u0159i n\u00e1kupu. Prozrad\u00edme v\u00e1m, jak si vybrat ty nejlep\u0161\u00ed poinsettie.<\/p><p class=\"wp-block-post-excerpt__more-text\"><a class=\"wp-block-post-excerpt__more-link\" href=\"https:\/\/starsforeurope.com\/cz\/press\/rychly-pruvodce-pro-nakup-poinseettii\/\">P\u0159e\u010dt\u011bte si v\u00edce<\/a><\/p><\/div>\n<\/li><\/ul>\n\n<\/div>\n\n\n\n<div style=\"height:3rem\" aria-hidden=\"true\" class=\"wp-block-spacer\"><\/div>\n<\/main>","protected":false},"excerpt":{"rendered":"<p>Z\u00edskejte z\u00e1kladn\u00ed fakta a tipy o poinsetti\u00edch &#8211; od z\u00e1klad\u016f p\u00e9\u010de a\u017e po zaj\u00edmav\u00e9 zaj\u00edmavosti -, kter\u00e9 v\u00e1m pomohou u\u017e\u00edvat si tyto slavnostn\u00ed rostliny po cel\u00fd rok.<\/p>\n","protected":false},"author":41,"featured_media":4366,"parent":7432,"menu_order":0,"comment_status":"closed","ping_status":"closed","template":"two-column-press","meta":{"_acf_changed":false,"footnotes":""},"class_list":["post-7443","page","type-page","status-publish","has-post-thumbnail","hentry"],"acf":[],"_links":{"self":[{"href":"https:\/\/starsforeurope.com\/cz\/wp-json\/wp\/v2\/pages\/7443","targetHints":{"allow":["GET"]}}],"collection":[{"href":"https:\/\/starsforeurope.com\/cz\/wp-json\/wp\/v2\/pages"}],"about":[{"href":"https:\/\/starsforeurope.com\/cz\/wp-json\/wp\/v2\/types\/page"}],"author":[{"embeddable":true,"href":"https:\/\/starsforeurope.com\/cz\/wp-json\/wp\/v2\/users\/41"}],"replies":[{"embeddable":true,"href":"https:\/\/starsforeurope.com\/cz\/wp-json\/wp\/v2\/comments?post=7443"}],"version-history":[{"count":2,"href":"https:\/\/starsforeurope.com\/cz\/wp-json\/wp\/v2\/pages\/7443\/revisions"}],"predecessor-version":[{"id":7561,"href":"https:\/\/starsforeurope.com\/cz\/wp-json\/wp\/v2\/pages\/7443\/revisions\/7561"}],"up":[{"embeddable":true,"href":"https:\/\/starsforeurope.com\/cz\/wp-json\/wp\/v2\/pages\/7432"}],"wp:featuredmedia":[{"embeddable":true,"href":"https:\/\/starsforeurope.com\/cz\/wp-json\/wp\/v2\/media\/4366"}],"wp:attachment":[{"href":"https:\/\/starsforeurope.com\/cz\/wp-json\/wp\/v2\/media?parent=7443"}],"curies":[{"name":"wp","href":"https:\/\/api.w.org\/{rel}","templated":true}]}}