{"id":7430,"date":"2025-07-29T02:50:43","date_gmt":"2025-07-29T00:50:43","guid":{"rendered":"https:\/\/starsforeurope.com\/cz\/?page_id=7430"},"modified":"2025-09-10T14:34:37","modified_gmt":"2025-09-10T12:34:37","slug":"pece-pr","status":"publish","type":"page","link":"https:\/\/starsforeurope.com\/cz\/tiskove-zpravy\/pece-pr\/","title":{"rendered":"Nau\u010dte se, jak p\u011bstovat v\u00e1no\u010dn\u00ed hv\u011bzdy tak, aby kvetly d\u00e9le"},"content":{"rendered":"<main class=\"wp-block-group postimage-half wide-content is-layout-flow wp-block-group-is-layout-flow\" style=\"margin-top:var(--wp--preset--spacing--50)\">\n<div style=\"height:3rem\" aria-hidden=\"true\" class=\"wp-block-spacer\"><\/div>\n\n\n\n<div class=\"wp-block-query is-layout-flow wp-block-query-is-layout-flow\"><ul class=\"columns-2 wp-block-post-template is-layout-grid wp-container-core-post-template-is-layout-37ef2942 wp-block-post-template-is-layout-grid\"><li class=\"wp-block-post post-7626 press type-press status-publish has-post-thumbnail hentry press_cat-care press_main-pece press_main-pressemitteilungen\">\n<figure style=\"aspect-ratio:1;\" class=\"featuredimage wp-block-post-featured-image\"><a href=\"https:\/\/starsforeurope.com\/cz\/press\/udrzujte-sve-hvezdy-zarive-top-tipy-pro-peci-o-vanocni-hvezdy\/\" target=\"_self\"  ><img loading=\"lazy\" decoding=\"async\" width=\"875\" height=\"1050\" src=\"https:\/\/starsforeurope.com\/cz\/wp-content\/uploads\/sites\/20\/2026\/02\/2025_Poinsettia_03000_Traditional_Christmas_Spirit_46.jpg\" class=\"attachment-post-thumbnail size-post-thumbnail wp-post-image\" alt=\"Udr\u017eujte sv\u00e9 hv\u011bzdy z\u00e1\u0159iv\u00e9: top tipy pro p\u00e9\u010di o v\u00e1no\u010dn\u00ed hv\u011bzdy.\" style=\"width:100%;height:100%;object-fit:cover;\" srcset=\"https:\/\/starsforeurope.com\/cz\/wp-content\/uploads\/sites\/20\/2026\/02\/2025_Poinsettia_03000_Traditional_Christmas_Spirit_46.jpg 875w, https:\/\/starsforeurope.com\/cz\/wp-content\/uploads\/sites\/20\/2026\/02\/2025_Poinsettia_03000_Traditional_Christmas_Spirit_46-250x300.jpg 250w, https:\/\/starsforeurope.com\/cz\/wp-content\/uploads\/sites\/20\/2026\/02\/2025_Poinsettia_03000_Traditional_Christmas_Spirit_46-853x1024.jpg 853w, https:\/\/starsforeurope.com\/cz\/wp-content\/uploads\/sites\/20\/2026\/02\/2025_Poinsettia_03000_Traditional_Christmas_Spirit_46-768x922.jpg 768w\" sizes=\"auto, (max-width: 875px) 100vw, 875px\" \/><\/a><\/figure>\n\n<h3 class=\"wp-block-post-title\"><a href=\"https:\/\/starsforeurope.com\/cz\/press\/udrzujte-sve-hvezdy-zarive-top-tipy-pro-peci-o-vanocni-hvezdy\/\" target=\"_self\" >Udr\u017eujte sv\u00e9 hv\u011bzdy z\u00e1\u0159iv\u00e9: top tipy pro p\u00e9\u010di o v\u00e1no\u010dn\u00ed hv\u011bzdy.<\/a><\/h3>\n\n\n<div class=\"wp-block-group postmetaline is-nowrap is-layout-flex wp-container-core-group-is-layout-6c531013 wp-block-group-is-layout-flex\"><div class=\"wp-block-post-date\"><time datetime=\"2025-12-10T10:00:00+01:00\">10. prosince 2025<\/time><\/div>\n\n<\/div>\n\n\n<div class=\"wp-block-post-excerpt\"><p class=\"wp-block-post-excerpt__excerpt\">Zde se dozv\u00edte, jak\u00e9 tipy pro p\u00e9\u010di v\u00e1m pomohou udr\u017eet v\u00e1no\u010dn\u00ed hv\u011bzdy v pln\u00e9 kr\u00e1se po mnoho t\u00fddn\u016f.<\/p><p class=\"wp-block-post-excerpt__more-text\"><a class=\"wp-block-post-excerpt__more-link\" href=\"https:\/\/starsforeurope.com\/cz\/press\/udrzujte-sve-hvezdy-zarive-top-tipy-pro-peci-o-vanocni-hvezdy\/\">P\u0159e\u010dt\u011bte si v\u00edce<\/a><\/p><\/div>\n<\/li><li class=\"wp-block-post post-5039 press type-press status-publish has-post-thumbnail hentry press_cat-care press_main-pece press_main-pressemitteilungen\">\n<figure style=\"aspect-ratio:1;\" class=\"featuredimage wp-block-post-featured-image\"><a href=\"https:\/\/starsforeurope.com\/cz\/press\/jak-se-spravne-starat-o-vanocni-hvezdy-predchazejte-rizikum-pri-pestovani-vanocnich-hvezd\/\" target=\"_self\"  ><img loading=\"lazy\" decoding=\"async\" width=\"875\" height=\"1050\" src=\"https:\/\/starsforeurope.com\/cz\/wp-content\/uploads\/sites\/20\/2024\/10\/2024_Poinsettia_04000_Cosy_Cottage_Charm_21.jpg\" class=\"attachment-post-thumbnail size-post-thumbnail wp-post-image\" alt=\"Jak se spr\u00e1vn\u011b starat o v\u00e1no\u010dn\u00ed hv\u011bzdy. P\u0159edch\u00e1zejte rizik\u016fm p\u0159i p\u011bstov\u00e1n\u00ed v\u00e1no\u010dn\u00edch hv\u011bzd\" style=\"width:100%;height:100%;object-fit:cover;\" srcset=\"https:\/\/starsforeurope.com\/cz\/wp-content\/uploads\/sites\/20\/2024\/10\/2024_Poinsettia_04000_Cosy_Cottage_Charm_21.jpg 875w, https:\/\/starsforeurope.com\/cz\/wp-content\/uploads\/sites\/20\/2024\/10\/2024_Poinsettia_04000_Cosy_Cottage_Charm_21-250x300.jpg 250w, https:\/\/starsforeurope.com\/cz\/wp-content\/uploads\/sites\/20\/2024\/10\/2024_Poinsettia_04000_Cosy_Cottage_Charm_21-853x1024.jpg 853w, https:\/\/starsforeurope.com\/cz\/wp-content\/uploads\/sites\/20\/2024\/10\/2024_Poinsettia_04000_Cosy_Cottage_Charm_21-768x922.jpg 768w, https:\/\/starsforeurope.com\/cz\/wp-content\/uploads\/sites\/20\/2024\/10\/2024_Poinsettia_04000_Cosy_Cottage_Charm_21-563x675.jpg 563w\" sizes=\"auto, (max-width: 875px) 100vw, 875px\" \/><\/a><\/figure>\n\n<h3 class=\"wp-block-post-title\"><a href=\"https:\/\/starsforeurope.com\/cz\/press\/jak-se-spravne-starat-o-vanocni-hvezdy-predchazejte-rizikum-pri-pestovani-vanocnich-hvezd\/\" target=\"_self\" >Jak se spr\u00e1vn\u011b starat o v\u00e1no\u010dn\u00ed hv\u011bzdy. P\u0159edch\u00e1zejte rizik\u016fm p\u0159i p\u011bstov\u00e1n\u00ed v\u00e1no\u010dn\u00edch hv\u011bzd<\/a><\/h3>\n\n\n<div class=\"wp-block-group postmetaline is-nowrap is-layout-flex wp-container-core-group-is-layout-6c531013 wp-block-group-is-layout-flex\"><div class=\"wp-block-post-date\"><time datetime=\"2024-10-29T10:38:38+01:00\">29. \u0159\u00edjna 2024<\/time><\/div>\n\n<\/div>\n\n\n<div class=\"wp-block-post-excerpt\"><p class=\"wp-block-post-excerpt__excerpt\">Chcete n\u00e1dhern\u00e9 poinsetie? Pokud v\u00edte, na co jsou poinsettie citliv\u00e9, m\u016f\u017eete se p\u0159i p\u00e9\u010di o n\u011b snadno vyhnout probl\u00e9m\u016fm<\/p><p class=\"wp-block-post-excerpt__more-text\"><a class=\"wp-block-post-excerpt__more-link\" href=\"https:\/\/starsforeurope.com\/cz\/press\/jak-se-spravne-starat-o-vanocni-hvezdy-predchazejte-rizikum-pri-pestovani-vanocnich-hvezd\/\">P\u0159e\u010dt\u011bte si v\u00edce<\/a><\/p><\/div>\n<\/li><li class=\"wp-block-post post-5046 press type-press status-publish has-post-thumbnail hentry press_cat-advent-decoration press_cat-autumn-decor-houseplants press_cat-christmas-tree-decorations press_main-pece press_main-pressemitteilungen\">\n<figure style=\"aspect-ratio:1;\" class=\"featuredimage wp-block-post-featured-image\"><a href=\"https:\/\/starsforeurope.com\/cz\/press\/jak-se-spravne-starat-o-mini-vanocni-hvezdy-tipy-na-pecovani-o-male-vanocni-hvezdy\/\" target=\"_self\"  ><img loading=\"lazy\" decoding=\"async\" width=\"875\" height=\"1050\" src=\"https:\/\/starsforeurope.com\/cz\/wp-content\/uploads\/sites\/20\/2024\/01\/2016_Weihnachtsstern_Vielfalt_03.jpg\" class=\"attachment-post-thumbnail size-post-thumbnail wp-post-image\" alt=\"Jak se spr\u00e1vn\u011b starat o mini v\u00e1no\u010dn\u00ed hv\u011bzdy. Tipy na pe\u010dov\u00e1n\u00ed o mal\u00e9 v\u00e1no\u010dn\u00ed hv\u011bzdy\" style=\"width:100%;height:100%;object-fit:cover;\" srcset=\"https:\/\/starsforeurope.com\/cz\/wp-content\/uploads\/sites\/20\/2024\/01\/2016_Weihnachtsstern_Vielfalt_03.jpg 875w, https:\/\/starsforeurope.com\/cz\/wp-content\/uploads\/sites\/20\/2024\/01\/2016_Weihnachtsstern_Vielfalt_03-250x300.jpg 250w, https:\/\/starsforeurope.com\/cz\/wp-content\/uploads\/sites\/20\/2024\/01\/2016_Weihnachtsstern_Vielfalt_03-853x1024.jpg 853w, https:\/\/starsforeurope.com\/cz\/wp-content\/uploads\/sites\/20\/2024\/01\/2016_Weihnachtsstern_Vielfalt_03-768x922.jpg 768w, https:\/\/starsforeurope.com\/cz\/wp-content\/uploads\/sites\/20\/2024\/01\/2016_Weihnachtsstern_Vielfalt_03-563x675.jpg 563w\" sizes=\"auto, (max-width: 875px) 100vw, 875px\" \/><\/a><\/figure>\n\n<h3 class=\"wp-block-post-title\"><a href=\"https:\/\/starsforeurope.com\/cz\/press\/jak-se-spravne-starat-o-mini-vanocni-hvezdy-tipy-na-pecovani-o-male-vanocni-hvezdy\/\" target=\"_self\" >Jak se spr\u00e1vn\u011b starat o mini v\u00e1no\u010dn\u00ed hv\u011bzdy. Tipy na pe\u010dov\u00e1n\u00ed o mal\u00e9 v\u00e1no\u010dn\u00ed hv\u011bzdy<\/a><\/h3>\n\n\n<div class=\"wp-block-group postmetaline is-nowrap is-layout-flex wp-container-core-group-is-layout-6c531013 wp-block-group-is-layout-flex\"><div class=\"wp-block-post-date\"><time datetime=\"2023-12-22T01:24:21+01:00\">22. prosince 2023<\/time><\/div>\n\n<\/div>\n\n\n<div class=\"wp-block-post-excerpt\"><p class=\"wp-block-post-excerpt__excerpt\">P\u00e9\u010de o mini poinsettii vy\u017eaduje jemn\u00fd p\u0159\u00edstup. P\u0159e\u010dt\u011bte si, na co si d\u00e1t pozor p\u0159i manipulaci s rostlinami a pro\u010d p\u0159esazov\u00e1n\u00ed zvy\u0161uje jejich dlouhodob\u00e9 \u0161ance na p\u0159e\u017eit\u00ed<\/p><p class=\"wp-block-post-excerpt__more-text\"><a class=\"wp-block-post-excerpt__more-link\" href=\"https:\/\/starsforeurope.com\/cz\/press\/jak-se-spravne-starat-o-mini-vanocni-hvezdy-tipy-na-pecovani-o-male-vanocni-hvezdy\/\">P\u0159e\u010dt\u011bte si v\u00edce<\/a><\/p><\/div>\n<\/li><li class=\"wp-block-post post-6949 press type-press status-publish has-post-thumbnail hentry press_cat-care press_main-pece press_main-pressemitteilungen\">\n<figure style=\"aspect-ratio:1;\" class=\"featuredimage wp-block-post-featured-image\"><a href=\"https:\/\/starsforeurope.com\/cz\/press\/sezona-vanocnich-hvezd-se-blizi-tipy-k-udrzeni-pestrych-barev-az-do-noveho-roku\/\" target=\"_self\"  ><img loading=\"lazy\" decoding=\"async\" width=\"875\" height=\"1050\" src=\"https:\/\/starsforeurope.com\/cz\/wp-content\/uploads\/sites\/20\/2023\/09\/2023_poinsettia_03000_Rustic_Scandi_Chr.jpg\" class=\"attachment-post-thumbnail size-post-thumbnail wp-post-image\" alt=\"Sez\u00f3na v\u00e1no\u010dn\u00edch hv\u011bzd se bl\u00ed\u017e\u00ed. Tipy k udr\u017een\u00ed pestr\u00fdch barev a\u017e do nov\u00e9ho roku\" style=\"width:100%;height:100%;object-fit:cover;\" srcset=\"https:\/\/starsforeurope.com\/cz\/wp-content\/uploads\/sites\/20\/2023\/09\/2023_poinsettia_03000_Rustic_Scandi_Chr.jpg 875w, https:\/\/starsforeurope.com\/cz\/wp-content\/uploads\/sites\/20\/2023\/09\/2023_poinsettia_03000_Rustic_Scandi_Chr-250x300.jpg 250w, https:\/\/starsforeurope.com\/cz\/wp-content\/uploads\/sites\/20\/2023\/09\/2023_poinsettia_03000_Rustic_Scandi_Chr-853x1024.jpg 853w, https:\/\/starsforeurope.com\/cz\/wp-content\/uploads\/sites\/20\/2023\/09\/2023_poinsettia_03000_Rustic_Scandi_Chr-768x922.jpg 768w, https:\/\/starsforeurope.com\/cz\/wp-content\/uploads\/sites\/20\/2023\/09\/2023_poinsettia_03000_Rustic_Scandi_Chr-563x675.jpg 563w\" sizes=\"auto, (max-width: 875px) 100vw, 875px\" \/><\/a><\/figure>\n\n<h3 class=\"wp-block-post-title\"><a href=\"https:\/\/starsforeurope.com\/cz\/press\/sezona-vanocnich-hvezd-se-blizi-tipy-k-udrzeni-pestrych-barev-az-do-noveho-roku\/\" target=\"_self\" >Sez\u00f3na v\u00e1no\u010dn\u00edch hv\u011bzd se bl\u00ed\u017e\u00ed. Tipy k udr\u017een\u00ed pestr\u00fdch barev a\u017e do nov\u00e9ho roku<\/a><\/h3>\n\n\n<div class=\"wp-block-group postmetaline is-nowrap is-layout-flex wp-container-core-group-is-layout-6c531013 wp-block-group-is-layout-flex\"><div class=\"wp-block-post-date\"><time datetime=\"2023-09-12T08:35:27+02:00\">12. z\u00e1\u0159\u00ed 2023<\/time><\/div>\n\n<\/div>\n\n\n<div class=\"wp-block-post-excerpt\"><p class=\"wp-block-post-excerpt__excerpt\">Spr\u00e1vn\u00e1 p\u00e9\u010de o v\u00e1no\u010dn\u00ed hv\u011bzdu m\u016f\u017ee vytvo\u0159it dokonalou atmosf\u00e9ru po cel\u00e9 m\u011bs\u00edce. Vysv\u011btl\u00edme v\u00e1m, jak tyto sv\u00e1te\u010dn\u00ed rostliny udr\u017eet zdrav\u00e9 a zachovat jejich n\u00e1dhernou sytou barvu a\u017e do nov\u00e9ho roku.<\/p><p class=\"wp-block-post-excerpt__more-text\"><a class=\"wp-block-post-excerpt__more-link\" href=\"https:\/\/starsforeurope.com\/cz\/press\/sezona-vanocnich-hvezd-se-blizi-tipy-k-udrzeni-pestrych-barev-az-do-noveho-roku\/\">P\u0159e\u010dt\u011bte si v\u00edce<\/a><\/p><\/div>\n<\/li><\/ul>\n\n<nav class=\"wp-block-query-pagination is-content-justification-center is-layout-flex wp-container-core-query-pagination-is-layout-a89b3969 wp-block-query-pagination-is-layout-flex\" aria-label=\"Str\u00e1nkov\u00e1n\u00ed\">\n\n\n<div class=\"wp-block-query-pagination-numbers has-medium-font-size\"><span aria-current=\"page\" class=\"page-numbers current\">1<\/span>\n<a class=\"page-numbers\" href=\"?query-0-page=2\">2<\/a>\n<a class=\"page-numbers\" href=\"?query-0-page=3\">3<\/a><\/div>\n\n<a href=\"\/cz\/wp-json\/wp\/v2\/pages\/7430?query-0-page=2\" class=\"wp-block-query-pagination-next\">\u22b3<\/a>\n<\/nav>\n\n<\/div>\n\n\n\n<div style=\"height:3rem\" aria-hidden=\"true\" class=\"wp-block-spacer\"><\/div>\n<\/main>","protected":false},"excerpt":{"rendered":"<p>Dodr\u017eov\u00e1n\u00edm n\u011bkolika jednoduch\u00fdch krok\u016f se m\u016f\u017eete z v\u00e1no\u010dn\u00edch hv\u011bzd radovat d\u00e9le ne\u017e jen do V\u00e1noc. Sta\u010d\u00ed se \u0159\u00eddit na\u0161imi radami.<\/p>\n","protected":false},"author":41,"featured_media":4366,"parent":7,"menu_order":0,"comment_status":"closed","ping_status":"closed","template":"two-column-press","meta":{"_acf_changed":false,"footnotes":""},"class_list":["post-7430","page","type-page","status-publish","has-post-thumbnail","hentry"],"acf":[],"_links":{"self":[{"href":"https:\/\/starsforeurope.com\/cz\/wp-json\/wp\/v2\/pages\/7430","targetHints":{"allow":["GET"]}}],"collection":[{"href":"https:\/\/starsforeurope.com\/cz\/wp-json\/wp\/v2\/pages"}],"about":[{"href":"https:\/\/starsforeurope.com\/cz\/wp-json\/wp\/v2\/types\/page"}],"author":[{"embeddable":true,"href":"https:\/\/starsforeurope.com\/cz\/wp-json\/wp\/v2\/users\/41"}],"replies":[{"embeddable":true,"href":"https:\/\/starsforeurope.com\/cz\/wp-json\/wp\/v2\/comments?post=7430"}],"version-history":[{"count":2,"href":"https:\/\/starsforeurope.com\/cz\/wp-json\/wp\/v2\/pages\/7430\/revisions"}],"predecessor-version":[{"id":7476,"href":"https:\/\/starsforeurope.com\/cz\/wp-json\/wp\/v2\/pages\/7430\/revisions\/7476"}],"up":[{"embeddable":true,"href":"https:\/\/starsforeurope.com\/cz\/wp-json\/wp\/v2\/pages\/7"}],"wp:featuredmedia":[{"embeddable":true,"href":"https:\/\/starsforeurope.com\/cz\/wp-json\/wp\/v2\/media\/4366"}],"wp:attachment":[{"href":"https:\/\/starsforeurope.com\/cz\/wp-json\/wp\/v2\/media?parent=7430"}],"curies":[{"name":"wp","href":"https:\/\/api.w.org\/{rel}","templated":true}]}}