{"id":7428,"date":"2025-07-29T02:45:31","date_gmt":"2025-07-29T00:45:31","guid":{"rendered":"https:\/\/starsforeurope.com\/cz\/?page_id=7428"},"modified":"2025-08-18T21:26:43","modified_gmt":"2025-08-18T19:26:43","slug":"svatebni-dekorace-pr","status":"publish","type":"page","link":"https:\/\/starsforeurope.com\/cz\/tiskove-zpravy\/dekorace-pr\/svatebni-dekorace-pr\/","title":{"rendered":"Elegantn\u00ed svatby s poinsettiemi"},"content":{"rendered":"<main class=\"wp-block-group postimage-half wide-content is-layout-flow wp-block-group-is-layout-flow\" style=\"margin-top:var(--wp--preset--spacing--50)\">\n<div style=\"height:3rem\" aria-hidden=\"true\" class=\"wp-block-spacer\"><\/div>\n\n\n\n<div class=\"wp-block-query is-layout-flow wp-block-query-is-layout-flow\"><ul class=\"columns-2 wp-block-post-template is-layout-grid wp-container-core-post-template-is-layout-37ef2942 wp-block-post-template-is-layout-grid\"><li class=\"wp-block-post post-6214 press type-press status-publish has-post-thumbnail hentry press_cat-table-decoration press_cat-wedding-decoration press_cat-winter-decor press_main-dekorace press_main-svatebni-dekorace press_main-pressemitteilungen press_main-zimni-dekorace\">\n<figure style=\"aspect-ratio:1;\" class=\"featuredimage wp-block-post-featured-image\"><a href=\"https:\/\/starsforeurope.com\/cz\/press\/zimni-svatby-s-poinsettii\/\" target=\"_self\"  ><img loading=\"lazy\" decoding=\"async\" width=\"875\" height=\"1050\" src=\"https:\/\/starsforeurope.com\/cz\/wp-content\/uploads\/sites\/20\/2022\/09\/2019_poinsettia_winter_brid.jpg\" class=\"attachment-post-thumbnail size-post-thumbnail wp-post-image\" alt=\"Zimn\u00ed svatby s poinsetti\u00ed\" style=\"width:100%;height:100%;object-fit:cover;\" srcset=\"https:\/\/starsforeurope.com\/cz\/wp-content\/uploads\/sites\/20\/2022\/09\/2019_poinsettia_winter_brid.jpg 875w, https:\/\/starsforeurope.com\/cz\/wp-content\/uploads\/sites\/20\/2022\/09\/2019_poinsettia_winter_brid-250x300.jpg 250w, https:\/\/starsforeurope.com\/cz\/wp-content\/uploads\/sites\/20\/2022\/09\/2019_poinsettia_winter_brid-853x1024.jpg 853w, https:\/\/starsforeurope.com\/cz\/wp-content\/uploads\/sites\/20\/2022\/09\/2019_poinsettia_winter_brid-768x922.jpg 768w, https:\/\/starsforeurope.com\/cz\/wp-content\/uploads\/sites\/20\/2022\/09\/2019_poinsettia_winter_brid-563x675.jpg 563w\" sizes=\"auto, (max-width: 875px) 100vw, 875px\" \/><\/a><\/figure>\n\n<h3 class=\"wp-block-post-title\"><a href=\"https:\/\/starsforeurope.com\/cz\/press\/zimni-svatby-s-poinsettii\/\" target=\"_self\" >Zimn\u00ed svatby s poinsetti\u00ed<\/a><\/h3>\n\n\n<div class=\"wp-block-group postmetaline is-nowrap is-layout-flex wp-container-core-group-is-layout-6c531013 wp-block-group-is-layout-flex\"><div class=\"wp-block-post-date\"><time datetime=\"2019-12-04T00:00:32+01:00\">04. prosince 2019<\/time><\/div>\n\n<\/div>\n\n\n<div class=\"wp-block-post-excerpt\"><p class=\"wp-block-post-excerpt__excerpt\">Poinsettie jsou ide\u00e1ln\u00ed svatebn\u00ed kv\u011btinou. A\u0165 u\u017e jako svatebn\u00ed kytice nev\u011bsty, dekorace na st\u016fl nebo na dort, \u010di jako \u0159ezan\u00e1, poinsettie budou romantickou dominantou kv\u011btinov\u00e9 svatebn\u00ed v\u00fdzdoby.<\/p><p class=\"wp-block-post-excerpt__more-text\"><a class=\"wp-block-post-excerpt__more-link\" href=\"https:\/\/starsforeurope.com\/cz\/press\/zimni-svatby-s-poinsettii\/\">P\u0159e\u010dt\u011bte si v\u00edce<\/a><\/p><\/div>\n<\/li><\/ul>\n\n<\/div>\n\n\n\n<div style=\"height:3rem\" aria-hidden=\"true\" class=\"wp-block-spacer\"><\/div>\n<\/main>","protected":false},"excerpt":{"rendered":"<p>Oslavte sv\u016fj v\u00fdjime\u010dn\u00fd den s nad\u010dasovou kr\u00e1sou poinsetti\u00ed &#8211; ide\u00e1ln\u00ed pro vytvo\u0159en\u00ed nezapomenuteln\u00fdch sv\u00e1te\u010dn\u00edch akcent\u016f.<\/p>\n","protected":false},"author":41,"featured_media":4366,"parent":7410,"menu_order":0,"comment_status":"closed","ping_status":"closed","template":"two-column-press","meta":{"_acf_changed":false,"footnotes":""},"class_list":["post-7428","page","type-page","status-publish","has-post-thumbnail","hentry"],"acf":[],"_links":{"self":[{"href":"https:\/\/starsforeurope.com\/cz\/wp-json\/wp\/v2\/pages\/7428","targetHints":{"allow":["GET"]}}],"collection":[{"href":"https:\/\/starsforeurope.com\/cz\/wp-json\/wp\/v2\/pages"}],"about":[{"href":"https:\/\/starsforeurope.com\/cz\/wp-json\/wp\/v2\/types\/page"}],"author":[{"embeddable":true,"href":"https:\/\/starsforeurope.com\/cz\/wp-json\/wp\/v2\/users\/41"}],"replies":[{"embeddable":true,"href":"https:\/\/starsforeurope.com\/cz\/wp-json\/wp\/v2\/comments?post=7428"}],"version-history":[{"count":2,"href":"https:\/\/starsforeurope.com\/cz\/wp-json\/wp\/v2\/pages\/7428\/revisions"}],"predecessor-version":[{"id":7485,"href":"https:\/\/starsforeurope.com\/cz\/wp-json\/wp\/v2\/pages\/7428\/revisions\/7485"}],"up":[{"embeddable":true,"href":"https:\/\/starsforeurope.com\/cz\/wp-json\/wp\/v2\/pages\/7410"}],"wp:featuredmedia":[{"embeddable":true,"href":"https:\/\/starsforeurope.com\/cz\/wp-json\/wp\/v2\/media\/4366"}],"wp:attachment":[{"href":"https:\/\/starsforeurope.com\/cz\/wp-json\/wp\/v2\/media?parent=7428"}],"curies":[{"name":"wp","href":"https:\/\/api.w.org\/{rel}","templated":true}]}}