{"id":7422,"date":"2025-07-29T02:29:52","date_gmt":"2025-07-29T00:29:52","guid":{"rendered":"https:\/\/starsforeurope.com\/cz\/?page_id=7422"},"modified":"2025-08-18T21:23:44","modified_gmt":"2025-08-18T19:23:44","slug":"napady-na-darky-pr","status":"publish","type":"page","link":"https:\/\/starsforeurope.com\/cz\/tiskove-zpravy\/dekorace-pr\/napady-na-darky-pr\/","title":{"rendered":"N\u00e1pady na d\u00e1rky z poinsettie"},"content":{"rendered":"<main class=\"wp-block-group postimage-half wide-content is-layout-flow wp-block-group-is-layout-flow\" style=\"margin-top:var(--wp--preset--spacing--50)\">\n<div style=\"height:3rem\" aria-hidden=\"true\" class=\"wp-block-spacer\"><\/div>\n\n\n\n<div class=\"wp-block-query is-layout-flow wp-block-query-is-layout-flow\"><ul class=\"columns-2 wp-block-post-template is-layout-grid wp-container-core-post-template-is-layout-37ef2942 wp-block-post-template-is-layout-grid\"><li class=\"wp-block-post post-5027 press type-press status-publish has-post-thumbnail hentry press_cat-decoration-tips press_cat-autumn-decor-houseplants press_main-dekorace press_main-diy-upcyklace press_main-napady-na-darky press_main-pressemitteilungen\">\n<figure style=\"aspect-ratio:1;\" class=\"featuredimage wp-block-post-featured-image\"><a href=\"https:\/\/starsforeurope.com\/cz\/press\/kreativni-napady-na-darky-s-vanocnimi-hvezdami-symbolicke-darky-pro-kazdou-prilezitost\/\" target=\"_self\"  ><img loading=\"lazy\" decoding=\"async\" width=\"875\" height=\"1050\" src=\"https:\/\/starsforeurope.com\/cz\/wp-content\/uploads\/sites\/20\/2024\/10\/2024_Poinsettia_03000_Country_Chic_in_Blue_08.jpg\" class=\"attachment-post-thumbnail size-post-thumbnail wp-post-image\" alt=\"Kreativn\u00ed n\u00e1pady na d\u00e1rky s v\u00e1no\u010dn\u00edmi hv\u011bzdami. Symbolick\u00e9 d\u00e1rky pro ka\u017edou p\u0159\u00edle\u017eitost\" style=\"width:100%;height:100%;object-fit:cover;\" srcset=\"https:\/\/starsforeurope.com\/cz\/wp-content\/uploads\/sites\/20\/2024\/10\/2024_Poinsettia_03000_Country_Chic_in_Blue_08.jpg 875w, https:\/\/starsforeurope.com\/cz\/wp-content\/uploads\/sites\/20\/2024\/10\/2024_Poinsettia_03000_Country_Chic_in_Blue_08-250x300.jpg 250w, https:\/\/starsforeurope.com\/cz\/wp-content\/uploads\/sites\/20\/2024\/10\/2024_Poinsettia_03000_Country_Chic_in_Blue_08-853x1024.jpg 853w, https:\/\/starsforeurope.com\/cz\/wp-content\/uploads\/sites\/20\/2024\/10\/2024_Poinsettia_03000_Country_Chic_in_Blue_08-768x922.jpg 768w, https:\/\/starsforeurope.com\/cz\/wp-content\/uploads\/sites\/20\/2024\/10\/2024_Poinsettia_03000_Country_Chic_in_Blue_08-563x675.jpg 563w\" sizes=\"auto, (max-width: 875px) 100vw, 875px\" \/><\/a><\/figure>\n\n<h3 class=\"wp-block-post-title\"><a href=\"https:\/\/starsforeurope.com\/cz\/press\/kreativni-napady-na-darky-s-vanocnimi-hvezdami-symbolicke-darky-pro-kazdou-prilezitost\/\" target=\"_self\" >Kreativn\u00ed n\u00e1pady na d\u00e1rky s v\u00e1no\u010dn\u00edmi hv\u011bzdami. Symbolick\u00e9 d\u00e1rky pro ka\u017edou p\u0159\u00edle\u017eitost<\/a><\/h3>\n\n\n<div class=\"wp-block-group postmetaline is-nowrap is-layout-flex wp-container-core-group-is-layout-6c531013 wp-block-group-is-layout-flex\"><div class=\"wp-block-post-date\"><time datetime=\"2024-11-05T07:00:18+01:00\">05. listopadu 2024<\/time><\/div>\n\n<\/div>\n\n\n<div class=\"wp-block-post-excerpt\"><p class=\"wp-block-post-excerpt__excerpt\">DIY aran\u017em\u00e1 s poinsetti\u00ed vyjad\u0159uje l\u00e1sku a uzn\u00e1n\u00ed. Nechte se inspirovat na\u0161imi n\u00e1pady na d\u00e1rky<\/p><p class=\"wp-block-post-excerpt__more-text\"><a class=\"wp-block-post-excerpt__more-link\" href=\"https:\/\/starsforeurope.com\/cz\/press\/kreativni-napady-na-darky-s-vanocnimi-hvezdami-symbolicke-darky-pro-kazdou-prilezitost\/\">P\u0159e\u010dt\u011bte si v\u00edce<\/a><\/p><\/div>\n<\/li><li class=\"wp-block-post post-5894 press type-press status-publish has-post-thumbnail hentry press_cat-diy press_cat-gift-ideas press_cat-variety press_main-dekorace press_main-diy-upcyklace press_main-napady-na-darky press_main-pressemitteilungen\">\n<figure style=\"aspect-ratio:1;\" class=\"featuredimage wp-block-post-featured-image\"><a href=\"https:\/\/starsforeurope.com\/cz\/press\/vanocni-hvezda-vzdy-krasny-darek\/\" target=\"_self\"  ><img loading=\"lazy\" decoding=\"async\" width=\"875\" height=\"1050\" src=\"https:\/\/starsforeurope.com\/cz\/wp-content\/uploads\/sites\/20\/2022\/09\/2017_Weihnachtsstern_People_10.jpg\" class=\"attachment-post-thumbnail size-post-thumbnail wp-post-image\" alt=\"V\u00e1no\u010dn\u00ed hv\u011bzda \u2013 v\u017edy kr\u00e1sn\u00fd d\u00e1rek\" style=\"width:100%;height:100%;object-fit:cover;\" srcset=\"https:\/\/starsforeurope.com\/cz\/wp-content\/uploads\/sites\/20\/2022\/09\/2017_Weihnachtsstern_People_10.jpg 875w, https:\/\/starsforeurope.com\/cz\/wp-content\/uploads\/sites\/20\/2022\/09\/2017_Weihnachtsstern_People_10-250x300.jpg 250w, https:\/\/starsforeurope.com\/cz\/wp-content\/uploads\/sites\/20\/2022\/09\/2017_Weihnachtsstern_People_10-853x1024.jpg 853w, https:\/\/starsforeurope.com\/cz\/wp-content\/uploads\/sites\/20\/2022\/09\/2017_Weihnachtsstern_People_10-768x922.jpg 768w, https:\/\/starsforeurope.com\/cz\/wp-content\/uploads\/sites\/20\/2022\/09\/2017_Weihnachtsstern_People_10-563x675.jpg 563w\" sizes=\"auto, (max-width: 875px) 100vw, 875px\" \/><\/a><\/figure>\n\n<h3 class=\"wp-block-post-title\"><a href=\"https:\/\/starsforeurope.com\/cz\/press\/vanocni-hvezda-vzdy-krasny-darek\/\" target=\"_self\" >V\u00e1no\u010dn\u00ed hv\u011bzda \u2013 v\u017edy kr\u00e1sn\u00fd d\u00e1rek<\/a><\/h3>\n\n\n<div class=\"wp-block-group postmetaline is-nowrap is-layout-flex wp-container-core-group-is-layout-6c531013 wp-block-group-is-layout-flex\"><div class=\"wp-block-post-date\"><time datetime=\"2017-07-02T14:16:55+02:00\">02. \u010dervence 2017<\/time><\/div>\n\n<\/div>\n\n\n<div class=\"wp-block-post-excerpt\"><p class=\"wp-block-post-excerpt__excerpt\">Poinsettie je jedn\u00edm z hlavn\u00edch symbol\u016f V\u00e1noc a \u00fa\u017easn\u011b jednoduch\u00fdm d\u00e1rkem, kter\u00fdm lze vyj\u00e1d\u0159it svoje up\u0159\u00edmn\u00e9 city.<\/p><p class=\"wp-block-post-excerpt__more-text\"><a class=\"wp-block-post-excerpt__more-link\" href=\"https:\/\/starsforeurope.com\/cz\/press\/vanocni-hvezda-vzdy-krasny-darek\/\">P\u0159e\u010dt\u011bte si v\u00edce<\/a><\/p><\/div>\n<\/li><\/ul>\n\n<\/div>\n\n\n\n<div style=\"height:3rem\" aria-hidden=\"true\" class=\"wp-block-spacer\"><\/div>\n<\/main>","protected":false},"excerpt":{"rendered":"<p>Najd\u011bte dokonal\u00e9 d\u00e1rky inspirovan\u00e9 poinsettiemi, kter\u00e9 rozz\u00e1\u0159\u00ed sv\u00e1te\u010dn\u00ed obdob\u00ed stylem a n\u00e1ladou.<\/p>\n","protected":false},"author":41,"featured_media":4366,"parent":7410,"menu_order":0,"comment_status":"closed","ping_status":"closed","template":"two-column-press","meta":{"_acf_changed":false,"footnotes":""},"class_list":["post-7422","page","type-page","status-publish","has-post-thumbnail","hentry"],"acf":[],"_links":{"self":[{"href":"https:\/\/starsforeurope.com\/cz\/wp-json\/wp\/v2\/pages\/7422","targetHints":{"allow":["GET"]}}],"collection":[{"href":"https:\/\/starsforeurope.com\/cz\/wp-json\/wp\/v2\/pages"}],"about":[{"href":"https:\/\/starsforeurope.com\/cz\/wp-json\/wp\/v2\/types\/page"}],"author":[{"embeddable":true,"href":"https:\/\/starsforeurope.com\/cz\/wp-json\/wp\/v2\/users\/41"}],"replies":[{"embeddable":true,"href":"https:\/\/starsforeurope.com\/cz\/wp-json\/wp\/v2\/comments?post=7422"}],"version-history":[{"count":2,"href":"https:\/\/starsforeurope.com\/cz\/wp-json\/wp\/v2\/pages\/7422\/revisions"}],"predecessor-version":[{"id":7482,"href":"https:\/\/starsforeurope.com\/cz\/wp-json\/wp\/v2\/pages\/7422\/revisions\/7482"}],"up":[{"embeddable":true,"href":"https:\/\/starsforeurope.com\/cz\/wp-json\/wp\/v2\/pages\/7410"}],"wp:featuredmedia":[{"embeddable":true,"href":"https:\/\/starsforeurope.com\/cz\/wp-json\/wp\/v2\/media\/4366"}],"wp:attachment":[{"href":"https:\/\/starsforeurope.com\/cz\/wp-json\/wp\/v2\/media?parent=7422"}],"curies":[{"name":"wp","href":"https:\/\/api.w.org\/{rel}","templated":true}]}}