{"id":7418,"date":"2025-07-29T01:38:10","date_gmt":"2025-07-28T23:38:10","guid":{"rendered":"https:\/\/starsforeurope.com\/cz\/?page_id=7418"},"modified":"2025-08-18T21:21:39","modified_gmt":"2025-08-18T19:21:39","slug":"rezane-kvetiny-pr","status":"publish","type":"page","link":"https:\/\/starsforeurope.com\/cz\/tiskove-zpravy\/dekorace-pr\/rezane-kvetiny-pr\/","title":{"rendered":"Poinsettie jako \u0159ezan\u00e9 kv\u011btiny"},"content":{"rendered":"<main class=\"wp-block-group postimage-half wide-content is-layout-flow wp-block-group-is-layout-flow\" style=\"margin-top:var(--wp--preset--spacing--50)\">\n<div style=\"height:3rem\" aria-hidden=\"true\" class=\"wp-block-spacer\"><\/div>\n\n\n\n<div class=\"wp-block-query is-layout-flow wp-block-query-is-layout-flow\"><ul class=\"columns-2 wp-block-post-template is-layout-grid wp-container-core-post-template-is-layout-37ef2942 wp-block-post-template-is-layout-grid\"><li class=\"wp-block-post post-6903 press type-press status-publish has-post-thumbnail hentry press_cat-advent-decoration press_cat-table-decoration press_cat-decoration-tips press_cat-gift-ideas press_cat-christmas-tree-decorations press_main-dekorace press_main-dekorace-na-stul press_main-rezane-kvetiny press_main-pressemitteilungen\">\n<figure style=\"aspect-ratio:1;\" class=\"featuredimage wp-block-post-featured-image\"><a href=\"https:\/\/starsforeurope.com\/cz\/press\/svatecni-atmosfera-je-tady-tipy-a-napady-na-dekorace-stolu-vanocnimi-hvezdami\/\" target=\"_self\"  ><img loading=\"lazy\" decoding=\"async\" width=\"875\" height=\"1050\" src=\"https:\/\/starsforeurope.com\/cz\/wp-content\/uploads\/sites\/20\/2023\/08\/2023_poinsettia_01000_Jewels_of_Nature_07.jpg\" class=\"attachment-post-thumbnail size-post-thumbnail wp-post-image\" alt=\"Sv\u00e1te\u010dn\u00ed atmosf\u00e9ra je tady! Tipy a n\u00e1pady na dekorace stolu v\u00e1no\u010dn\u00edmi hv\u011bzdami\" style=\"width:100%;height:100%;object-fit:cover;\" srcset=\"https:\/\/starsforeurope.com\/cz\/wp-content\/uploads\/sites\/20\/2023\/08\/2023_poinsettia_01000_Jewels_of_Nature_07.jpg 875w, https:\/\/starsforeurope.com\/cz\/wp-content\/uploads\/sites\/20\/2023\/08\/2023_poinsettia_01000_Jewels_of_Nature_07-250x300.jpg 250w, https:\/\/starsforeurope.com\/cz\/wp-content\/uploads\/sites\/20\/2023\/08\/2023_poinsettia_01000_Jewels_of_Nature_07-853x1024.jpg 853w, https:\/\/starsforeurope.com\/cz\/wp-content\/uploads\/sites\/20\/2023\/08\/2023_poinsettia_01000_Jewels_of_Nature_07-768x922.jpg 768w, https:\/\/starsforeurope.com\/cz\/wp-content\/uploads\/sites\/20\/2023\/08\/2023_poinsettia_01000_Jewels_of_Nature_07-563x675.jpg 563w\" sizes=\"auto, (max-width: 875px) 100vw, 875px\" \/><\/a><\/figure>\n\n<h3 class=\"wp-block-post-title\"><a href=\"https:\/\/starsforeurope.com\/cz\/press\/svatecni-atmosfera-je-tady-tipy-a-napady-na-dekorace-stolu-vanocnimi-hvezdami\/\" target=\"_self\" >Sv\u00e1te\u010dn\u00ed atmosf\u00e9ra je tady! Tipy a n\u00e1pady na dekorace stolu v\u00e1no\u010dn\u00edmi hv\u011bzdami<\/a><\/h3>\n\n\n<div class=\"wp-block-group postmetaline is-nowrap is-layout-flex wp-container-core-group-is-layout-6c531013 wp-block-group-is-layout-flex\"><div class=\"wp-block-post-date\"><time datetime=\"2023-09-17T10:26:42+02:00\">17. z\u00e1\u0159\u00ed 2023<\/time><\/div>\n\n<\/div>\n\n\n<div class=\"wp-block-post-excerpt\"><p class=\"wp-block-post-excerpt__excerpt\">D\u00edky sv\u00fdm kr\u00e1sn\u00fdm list\u016fm jsou v\u00e1no\u010dn\u00ed hv\u011bzdy dokonalou dekorac\u00ed na st\u016fl. Objevte nov\u00e9 tipy a n\u00e1pady na stoln\u00ed dekorace s t\u011bmito univerz\u00e1ln\u00edmi kv\u011btinami<\/p><p class=\"wp-block-post-excerpt__more-text\"><a class=\"wp-block-post-excerpt__more-link\" href=\"https:\/\/starsforeurope.com\/cz\/press\/svatecni-atmosfera-je-tady-tipy-a-napady-na-dekorace-stolu-vanocnimi-hvezdami\/\">P\u0159e\u010dt\u011bte si v\u00edce<\/a><\/p><\/div>\n<\/li><li class=\"wp-block-post post-5621 press type-press status-publish has-post-thumbnail hentry press_cat-decoration-tips press_main-adventni-dekorace press_main-dekorace press_main-dekorace-na-stul press_main-rezane-kvetiny press_main-pressemitteilungen\">\n<figure style=\"aspect-ratio:1;\" class=\"featuredimage wp-block-post-featured-image\"><a href=\"https:\/\/starsforeurope.com\/cz\/press\/hvezdne-dekorace-v-prirodnim-stylu-poinsettie-zazari-v-kazdem-prirodnim-aranzma\/\" target=\"_self\"  ><img loading=\"lazy\" decoding=\"async\" width=\"875\" height=\"1050\" src=\"https:\/\/starsforeurope.com\/cz\/wp-content\/uploads\/sites\/20\/2022\/09\/2020_poinsettia_01000_Christmas_Green_Spirit_01.jpg\" class=\"attachment-post-thumbnail size-post-thumbnail wp-post-image\" alt=\"Hv\u011bzdn\u00e9 dekorace v p\u0159\u00edrodn\u00edm stylu. Poinsettie zaz\u00e1\u0159\u00ed v ka\u017ed\u00e9m p\u0159\u00edrodn\u00edm aran\u017em\u00e1.\" style=\"width:100%;height:100%;object-fit:cover;\" srcset=\"https:\/\/starsforeurope.com\/cz\/wp-content\/uploads\/sites\/20\/2022\/09\/2020_poinsettia_01000_Christmas_Green_Spirit_01.jpg 875w, https:\/\/starsforeurope.com\/cz\/wp-content\/uploads\/sites\/20\/2022\/09\/2020_poinsettia_01000_Christmas_Green_Spirit_01-250x300.jpg 250w, https:\/\/starsforeurope.com\/cz\/wp-content\/uploads\/sites\/20\/2022\/09\/2020_poinsettia_01000_Christmas_Green_Spirit_01-853x1024.jpg 853w, https:\/\/starsforeurope.com\/cz\/wp-content\/uploads\/sites\/20\/2022\/09\/2020_poinsettia_01000_Christmas_Green_Spirit_01-768x922.jpg 768w, https:\/\/starsforeurope.com\/cz\/wp-content\/uploads\/sites\/20\/2022\/09\/2020_poinsettia_01000_Christmas_Green_Spirit_01-563x675.jpg 563w\" sizes=\"auto, (max-width: 875px) 100vw, 875px\" \/><\/a><\/figure>\n\n<h3 class=\"wp-block-post-title\"><a href=\"https:\/\/starsforeurope.com\/cz\/press\/hvezdne-dekorace-v-prirodnim-stylu-poinsettie-zazari-v-kazdem-prirodnim-aranzma\/\" target=\"_self\" >Hv\u011bzdn\u00e9 dekorace v p\u0159\u00edrodn\u00edm stylu. Poinsettie zaz\u00e1\u0159\u00ed v ka\u017ed\u00e9m p\u0159\u00edrodn\u00edm aran\u017em\u00e1.<\/a><\/h3>\n\n\n<div class=\"wp-block-group postmetaline is-nowrap is-layout-flex wp-container-core-group-is-layout-6c531013 wp-block-group-is-layout-flex\"><div class=\"wp-block-post-date\"><time datetime=\"2020-08-14T10:11:32+02:00\">14. srpna 2020<\/time><\/div>\n\n<\/div>\n\n\n<div class=\"wp-block-post-excerpt\"><p class=\"wp-block-post-excerpt__excerpt\">P\u0159\u00edroda je v kurzu. Poinsetie obzvl\u00e1\u0161t\u011b vynikaj\u00ed v interi\u00e9rov\u00e9m designu lad\u011bn\u00e9m do p\u0159\u00edrodn\u00edho stylu, kam pat\u0159\u00ed zelen\u00fd, v\u00e1no\u010dn\u00ed \u010di venkovsk\u00fd styl . P\u0159esv\u011bd\u010dte se sami.<\/p><p class=\"wp-block-post-excerpt__more-text\"><a class=\"wp-block-post-excerpt__more-link\" href=\"https:\/\/starsforeurope.com\/cz\/press\/hvezdne-dekorace-v-prirodnim-stylu-poinsettie-zazari-v-kazdem-prirodnim-aranzma\/\">P\u0159e\u010dt\u011bte si v\u00edce<\/a><\/p><\/div>\n<\/li><\/ul>\n\n<\/div>\n\n\n\n<div style=\"height:3rem\" aria-hidden=\"true\" class=\"wp-block-spacer\"><\/div>\n<\/main>","protected":false},"excerpt":{"rendered":"<p>Elegantn\u00ed a dlouhotrvaj\u00edc\u00ed \u0159ezan\u00e9 poinsettie dodaj\u00ed sv\u00e1te\u010dn\u00ed n\u00e1dech ka\u017ed\u00e9 kytici nebo aran\u017em\u00e1. Objevte tipy pro styling a p\u00e9\u010di.<\/p>\n","protected":false},"author":41,"featured_media":4366,"parent":7410,"menu_order":0,"comment_status":"closed","ping_status":"closed","template":"two-column-press","meta":{"_acf_changed":false,"footnotes":""},"class_list":["post-7418","page","type-page","status-publish","has-post-thumbnail","hentry"],"acf":[],"_links":{"self":[{"href":"https:\/\/starsforeurope.com\/cz\/wp-json\/wp\/v2\/pages\/7418","targetHints":{"allow":["GET"]}}],"collection":[{"href":"https:\/\/starsforeurope.com\/cz\/wp-json\/wp\/v2\/pages"}],"about":[{"href":"https:\/\/starsforeurope.com\/cz\/wp-json\/wp\/v2\/types\/page"}],"author":[{"embeddable":true,"href":"https:\/\/starsforeurope.com\/cz\/wp-json\/wp\/v2\/users\/41"}],"replies":[{"embeddable":true,"href":"https:\/\/starsforeurope.com\/cz\/wp-json\/wp\/v2\/comments?post=7418"}],"version-history":[{"count":2,"href":"https:\/\/starsforeurope.com\/cz\/wp-json\/wp\/v2\/pages\/7418\/revisions"}],"predecessor-version":[{"id":7480,"href":"https:\/\/starsforeurope.com\/cz\/wp-json\/wp\/v2\/pages\/7418\/revisions\/7480"}],"up":[{"embeddable":true,"href":"https:\/\/starsforeurope.com\/cz\/wp-json\/wp\/v2\/pages\/7410"}],"wp:featuredmedia":[{"embeddable":true,"href":"https:\/\/starsforeurope.com\/cz\/wp-json\/wp\/v2\/media\/4366"}],"wp:attachment":[{"href":"https:\/\/starsforeurope.com\/cz\/wp-json\/wp\/v2\/media?parent=7418"}],"curies":[{"name":"wp","href":"https:\/\/api.w.org\/{rel}","templated":true}]}}