{"id":7416,"date":"2025-07-29T01:32:15","date_gmt":"2025-07-28T23:32:15","guid":{"rendered":"https:\/\/starsforeurope.com\/cz\/?page_id=7416"},"modified":"2025-08-18T21:20:45","modified_gmt":"2025-08-18T19:20:45","slug":"dekorace-na-vanocni-stromek-pr","status":"publish","type":"page","link":"https:\/\/starsforeurope.com\/cz\/tiskove-zpravy\/dekorace-pr\/dekorace-na-vanocni-stromek-pr\/","title":{"rendered":"Poinsettie pro v\u00fdzdobu v\u00e1no\u010dn\u00edho stromku"},"content":{"rendered":"<main class=\"wp-block-group postimage-half wide-content is-layout-flow wp-block-group-is-layout-flow\" style=\"margin-top:var(--wp--preset--spacing--50)\">\n<div style=\"height:3rem\" aria-hidden=\"true\" class=\"wp-block-spacer\"><\/div>\n\n\n\n<div class=\"wp-block-query is-layout-flow wp-block-query-is-layout-flow\"><ul class=\"columns-2 wp-block-post-template is-layout-grid wp-container-core-post-template-is-layout-37ef2942 wp-block-post-template-is-layout-grid\"><li class=\"wp-block-post post-5714 press type-press status-publish has-post-thumbnail hentry press_cat-advent-decoration press_cat-christmas-tree-decorations press_main-adventni-dekorace press_main-dekorace press_main-dekorace-na-vanocni-stromek press_main-pressemitteilungen\">\n<figure style=\"aspect-ratio:1;\" class=\"featuredimage wp-block-post-featured-image\"><a href=\"https:\/\/starsforeurope.com\/cz\/press\/vanocni-cas-detske-sny-se-plni-kouzelne-okamziky-s-vanocni-hvezdou\/\" target=\"_self\"  ><img loading=\"lazy\" decoding=\"async\" width=\"875\" height=\"1050\" src=\"https:\/\/starsforeurope.com\/cz\/wp-content\/uploads\/sites\/20\/2022\/09\/2018_poinsettia_0100_Christmas_Tales_04.jpg\" class=\"attachment-post-thumbnail size-post-thumbnail wp-post-image\" alt=\"V\u00e1no\u010dn\u00ed \u010das \u2013 d\u011btsk\u00e9 sny se pln\u00ed! Kouzeln\u00e9 okam\u017eiky s v\u00e1no\u010dn\u00ed hv\u011bzdou\" style=\"width:100%;height:100%;object-fit:cover;\" srcset=\"https:\/\/starsforeurope.com\/cz\/wp-content\/uploads\/sites\/20\/2022\/09\/2018_poinsettia_0100_Christmas_Tales_04.jpg 875w, https:\/\/starsforeurope.com\/cz\/wp-content\/uploads\/sites\/20\/2022\/09\/2018_poinsettia_0100_Christmas_Tales_04-250x300.jpg 250w, https:\/\/starsforeurope.com\/cz\/wp-content\/uploads\/sites\/20\/2022\/09\/2018_poinsettia_0100_Christmas_Tales_04-853x1024.jpg 853w, https:\/\/starsforeurope.com\/cz\/wp-content\/uploads\/sites\/20\/2022\/09\/2018_poinsettia_0100_Christmas_Tales_04-768x922.jpg 768w, https:\/\/starsforeurope.com\/cz\/wp-content\/uploads\/sites\/20\/2022\/09\/2018_poinsettia_0100_Christmas_Tales_04-563x675.jpg 563w\" sizes=\"auto, (max-width: 875px) 100vw, 875px\" \/><\/a><\/figure>\n\n<h3 class=\"wp-block-post-title\"><a href=\"https:\/\/starsforeurope.com\/cz\/press\/vanocni-cas-detske-sny-se-plni-kouzelne-okamziky-s-vanocni-hvezdou\/\" target=\"_self\" >V\u00e1no\u010dn\u00ed \u010das \u2013 d\u011btsk\u00e9 sny se pln\u00ed! Kouzeln\u00e9 okam\u017eiky s v\u00e1no\u010dn\u00ed hv\u011bzdou<\/a><\/h3>\n\n\n<div class=\"wp-block-group postmetaline is-nowrap is-layout-flex wp-container-core-group-is-layout-6c531013 wp-block-group-is-layout-flex\"><div class=\"wp-block-post-date\"><time datetime=\"2018-10-10T14:52:43+02:00\">10. \u0159\u00edjna 2018<\/time><\/div>\n\n<\/div>\n\n\n<div class=\"wp-block-post-excerpt\"><p class=\"wp-block-post-excerpt__excerpt\">Mezi dal\u0161\u00ed d\u016fle\u017eit\u00e9 symboly v\u00e1no\u010dn\u00edho obdob\u00ed pat\u0159\u00ed krom\u011b poinsettie tak\u00e9 v\u00e1no\u010dn\u00ed stromek, adventn\u00ed kalend\u00e1\u0159 a adventn\u00ed v\u011bnec. Spole\u010dn\u011b vytv\u00e1\u0159ej\u00ed n\u00e1dhernou sv\u00e1te\u010dn\u00ed atmosf\u00e9ru.<\/p><p class=\"wp-block-post-excerpt__more-text\"><a class=\"wp-block-post-excerpt__more-link\" href=\"https:\/\/starsforeurope.com\/cz\/press\/vanocni-cas-detske-sny-se-plni-kouzelne-okamziky-s-vanocni-hvezdou\/\">P\u0159e\u010dt\u011bte si v\u00edce<\/a><\/p><\/div>\n<\/li><\/ul>\n\n\n\n<\/div>\n\n\n\n<div style=\"height:3rem\" aria-hidden=\"true\" class=\"wp-block-spacer\"><\/div>\n<\/main>","protected":false},"excerpt":{"rendered":"<p>O\u017eivte sv\u016fj stromek z\u00e1\u0159ivou kr\u00e1sou poinsetti\u00ed. Nad\u010dasov\u00fd dotek pro h\u0159ejiv\u00fd, sv\u00e1te\u010dn\u00ed vzhled.<\/p>\n","protected":false},"author":41,"featured_media":4366,"parent":7410,"menu_order":0,"comment_status":"closed","ping_status":"closed","template":"two-column-press","meta":{"_acf_changed":false,"footnotes":""},"class_list":["post-7416","page","type-page","status-publish","has-post-thumbnail","hentry"],"acf":[],"_links":{"self":[{"href":"https:\/\/starsforeurope.com\/cz\/wp-json\/wp\/v2\/pages\/7416","targetHints":{"allow":["GET"]}}],"collection":[{"href":"https:\/\/starsforeurope.com\/cz\/wp-json\/wp\/v2\/pages"}],"about":[{"href":"https:\/\/starsforeurope.com\/cz\/wp-json\/wp\/v2\/types\/page"}],"author":[{"embeddable":true,"href":"https:\/\/starsforeurope.com\/cz\/wp-json\/wp\/v2\/users\/41"}],"replies":[{"embeddable":true,"href":"https:\/\/starsforeurope.com\/cz\/wp-json\/wp\/v2\/comments?post=7416"}],"version-history":[{"count":2,"href":"https:\/\/starsforeurope.com\/cz\/wp-json\/wp\/v2\/pages\/7416\/revisions"}],"predecessor-version":[{"id":7479,"href":"https:\/\/starsforeurope.com\/cz\/wp-json\/wp\/v2\/pages\/7416\/revisions\/7479"}],"up":[{"embeddable":true,"href":"https:\/\/starsforeurope.com\/cz\/wp-json\/wp\/v2\/pages\/7410"}],"wp:featuredmedia":[{"embeddable":true,"href":"https:\/\/starsforeurope.com\/cz\/wp-json\/wp\/v2\/media\/4366"}],"wp:attachment":[{"href":"https:\/\/starsforeurope.com\/cz\/wp-json\/wp\/v2\/media?parent=7416"}],"curies":[{"name":"wp","href":"https:\/\/api.w.org\/{rel}","templated":true}]}}