{"id":7414,"date":"2025-07-29T01:25:11","date_gmt":"2025-07-28T23:25:11","guid":{"rendered":"https:\/\/starsforeurope.com\/cz\/?page_id=7414"},"modified":"2025-08-18T21:20:00","modified_gmt":"2025-08-18T19:20:00","slug":"podzimni-dekorace-zelene-bydleni-pr","status":"publish","type":"page","link":"https:\/\/starsforeurope.com\/cz\/tiskove-zpravy\/dekorace-pr\/podzimni-dekorace-zelene-bydleni-pr\/","title":{"rendered":"Poinsettie v podzimn\u00ed v\u00fdzdob\u011b"},"content":{"rendered":"<main class=\"wp-block-group postimage-half wide-content is-layout-flow wp-block-group-is-layout-flow\" style=\"margin-top:var(--wp--preset--spacing--50)\">\n<div style=\"height:3rem\" aria-hidden=\"true\" class=\"wp-block-spacer\"><\/div>\n\n\n\n<div class=\"wp-block-query is-layout-flow wp-block-query-is-layout-flow\"><ul class=\"columns-2 wp-block-post-template is-layout-grid wp-container-core-post-template-is-layout-37ef2942 wp-block-post-template-is-layout-grid\"><li class=\"wp-block-post post-5061 press type-press status-publish has-post-thumbnail hentry press_cat-care press_main-dekorace press_main-dekorace-na-stul press_main-podzimni-dekorace-zelene-bydleni press_main-pressemitteilungen\">\n<figure style=\"aspect-ratio:1;\" class=\"featuredimage wp-block-post-featured-image\"><a href=\"https:\/\/starsforeurope.com\/cz\/press\/pro-zarivy-interier-a-prijemnou-atmosferu-vanocni-hvezdy-prinaseji-barvy-do-sychravych-podzimnich-dnu\/\" target=\"_self\"  ><img loading=\"lazy\" decoding=\"async\" width=\"875\" height=\"1050\" src=\"https:\/\/starsforeurope.com\/cz\/wp-content\/uploads\/sites\/20\/2024\/01\/2023_poinsettia_02000_Cottagecore_Charm_15.jpg\" class=\"attachment-post-thumbnail size-post-thumbnail wp-post-image\" alt=\"Pro z\u00e1\u0159iv\u00fd interi\u00e9r a p\u0159\u00edjemnou atmosf\u00e9ru. V\u00e1no\u010dn\u00ed hv\u011bzdy p\u0159in\u00e1\u0161ej\u00ed barvy do sychrav\u00fdch podzimn\u00edch dn\u016f\" style=\"width:100%;height:100%;object-fit:cover;\" srcset=\"https:\/\/starsforeurope.com\/cz\/wp-content\/uploads\/sites\/20\/2024\/01\/2023_poinsettia_02000_Cottagecore_Charm_15.jpg 875w, https:\/\/starsforeurope.com\/cz\/wp-content\/uploads\/sites\/20\/2024\/01\/2023_poinsettia_02000_Cottagecore_Charm_15-250x300.jpg 250w, https:\/\/starsforeurope.com\/cz\/wp-content\/uploads\/sites\/20\/2024\/01\/2023_poinsettia_02000_Cottagecore_Charm_15-853x1024.jpg 853w, https:\/\/starsforeurope.com\/cz\/wp-content\/uploads\/sites\/20\/2024\/01\/2023_poinsettia_02000_Cottagecore_Charm_15-768x922.jpg 768w, https:\/\/starsforeurope.com\/cz\/wp-content\/uploads\/sites\/20\/2024\/01\/2023_poinsettia_02000_Cottagecore_Charm_15-563x675.jpg 563w\" sizes=\"auto, (max-width: 875px) 100vw, 875px\" \/><\/a><\/figure>\n\n<h3 class=\"wp-block-post-title\"><a href=\"https:\/\/starsforeurope.com\/cz\/press\/pro-zarivy-interier-a-prijemnou-atmosferu-vanocni-hvezdy-prinaseji-barvy-do-sychravych-podzimnich-dnu\/\" target=\"_self\" >Pro z\u00e1\u0159iv\u00fd interi\u00e9r a p\u0159\u00edjemnou atmosf\u00e9ru. V\u00e1no\u010dn\u00ed hv\u011bzdy p\u0159in\u00e1\u0161ej\u00ed barvy do sychrav\u00fdch podzimn\u00edch dn\u016f<\/a><\/h3>\n\n\n<div class=\"wp-block-group postmetaline is-nowrap is-layout-flex wp-container-core-group-is-layout-6c531013 wp-block-group-is-layout-flex\"><div class=\"wp-block-post-date\"><time datetime=\"2023-10-30T01:10:36+01:00\">30. \u0159\u00edjna 2023<\/time><\/div>\n\n<\/div>\n\n\n<div class=\"wp-block-post-excerpt\"><p class=\"wp-block-post-excerpt__excerpt\">Sv\u00fdmi tepl\u00fdmi t\u00f3ny poinsetti\u00ed o\u017eiv\u00ed ka\u017ed\u00fd interi\u00e9r a vytvo\u0159\u00ed veselou atmosf\u00e9ru v nudn\u00fdch podzimn\u00edch dnech. Objevte na\u0161e sez\u00f3nn\u00ed dekorace, kter\u00e9 za\u017eenou podzimn\u00ed blues<\/p><p class=\"wp-block-post-excerpt__more-text\"><a class=\"wp-block-post-excerpt__more-link\" href=\"https:\/\/starsforeurope.com\/cz\/press\/pro-zarivy-interier-a-prijemnou-atmosferu-vanocni-hvezdy-prinaseji-barvy-do-sychravych-podzimnich-dnu\/\">P\u0159e\u010dt\u011bte si v\u00edce<\/a><\/p><\/div>\n<\/li><li class=\"wp-block-post post-4999 press type-press status-publish has-post-thumbnail hentry press_cat-autumn-decor-houseplants press_main-dekorace press_main-informace press_main-podzimni-dekorace-zelene-bydleni press_main-rozmanitost press_main-pressemitteilungen\">\n<figure style=\"aspect-ratio:1;\" class=\"featuredimage wp-block-post-featured-image\"><a href=\"https:\/\/starsforeurope.com\/cz\/press\/barvami-proti-podzimnimu-splinu-naladu-zlepsi-dekorativni-vanocni-hvezda\/\" target=\"_self\"  ><img loading=\"lazy\" decoding=\"async\" width=\"875\" height=\"1050\" src=\"https:\/\/starsforeurope.com\/cz\/wp-content\/uploads\/sites\/20\/2022\/08\/2021-poinsettia-01000-boho-green-living-02.jpg\" class=\"attachment-post-thumbnail size-post-thumbnail wp-post-image\" alt=\"Barvami proti podzimn\u00edmu spl\u00ednu. N\u00e1ladu zlep\u0161\u00ed dekorativn\u00ed v\u00e1no\u010dn\u00ed hv\u011bzda.\" style=\"width:100%;height:100%;object-fit:cover;\" srcset=\"https:\/\/starsforeurope.com\/cz\/wp-content\/uploads\/sites\/20\/2022\/08\/2021-poinsettia-01000-boho-green-living-02.jpg 875w, https:\/\/starsforeurope.com\/cz\/wp-content\/uploads\/sites\/20\/2022\/08\/2021-poinsettia-01000-boho-green-living-02-250x300.jpg 250w, https:\/\/starsforeurope.com\/cz\/wp-content\/uploads\/sites\/20\/2022\/08\/2021-poinsettia-01000-boho-green-living-02-853x1024.jpg 853w, https:\/\/starsforeurope.com\/cz\/wp-content\/uploads\/sites\/20\/2022\/08\/2021-poinsettia-01000-boho-green-living-02-768x922.jpg 768w, https:\/\/starsforeurope.com\/cz\/wp-content\/uploads\/sites\/20\/2022\/08\/2021-poinsettia-01000-boho-green-living-02-563x675.jpg 563w\" sizes=\"auto, (max-width: 875px) 100vw, 875px\" \/><\/a><\/figure>\n\n<h3 class=\"wp-block-post-title\"><a href=\"https:\/\/starsforeurope.com\/cz\/press\/barvami-proti-podzimnimu-splinu-naladu-zlepsi-dekorativni-vanocni-hvezda\/\" target=\"_self\" >Barvami proti podzimn\u00edmu spl\u00ednu. N\u00e1ladu zlep\u0161\u00ed dekorativn\u00ed v\u00e1no\u010dn\u00ed hv\u011bzda.<\/a><\/h3>\n\n\n<div class=\"wp-block-group postmetaline is-nowrap is-layout-flex wp-container-core-group-is-layout-6c531013 wp-block-group-is-layout-flex\"><div class=\"wp-block-post-date\"><time datetime=\"2021-10-07T12:46:39+02:00\">07. \u0159\u00edjna 2021<\/time><\/div>\n\n<\/div>\n\n\n<div class=\"wp-block-post-excerpt\"><p class=\"wp-block-post-excerpt__excerpt\">Poinsettie se sv\u00fdmi barevn\u00fdmi listeny prom\u011bn\u00ed pokoj ve \u0161\u0165astn\u00fd r\u00e1j. Konkr\u00e9tn\u00ed barva poinsetie dok\u00e1\u017ee prom\u011bnit atmosf\u00e9ru m\u00edstnosti. Pod\u00edv\u00e1me se na p\u016fsoben\u00ed r\u016fzn\u00fdch barev.<\/p><p class=\"wp-block-post-excerpt__more-text\"><a class=\"wp-block-post-excerpt__more-link\" href=\"https:\/\/starsforeurope.com\/cz\/press\/barvami-proti-podzimnimu-splinu-naladu-zlepsi-dekorativni-vanocni-hvezda\/\">P\u0159e\u010dt\u011bte si v\u00edce<\/a><\/p><\/div>\n<\/li><\/ul>\n\n\n\n<\/div>\n\n\n\n<div style=\"height:3rem\" aria-hidden=\"true\" class=\"wp-block-spacer\"><\/div>\n<\/main>","protected":false},"excerpt":{"rendered":"<p>Odv\u00e1\u017en\u00e9, h\u0159ejiv\u00e9 a ne\u010dekan\u00e9 &#8211; objevte, jak poinsettie vn\u00e1\u0161ej\u00ed sez\u00f3nn\u00ed atmosf\u00e9ru do podzimn\u00edch dekorativn\u00edch trend\u016f d\u00edky syt\u00fdm barv\u00e1m a kreativn\u00edm aran\u017em\u00e1.<\/p>\n","protected":false},"author":41,"featured_media":4366,"parent":7410,"menu_order":0,"comment_status":"closed","ping_status":"closed","template":"two-column-press","meta":{"_acf_changed":false,"footnotes":""},"class_list":["post-7414","page","type-page","status-publish","has-post-thumbnail","hentry"],"acf":[],"_links":{"self":[{"href":"https:\/\/starsforeurope.com\/cz\/wp-json\/wp\/v2\/pages\/7414","targetHints":{"allow":["GET"]}}],"collection":[{"href":"https:\/\/starsforeurope.com\/cz\/wp-json\/wp\/v2\/pages"}],"about":[{"href":"https:\/\/starsforeurope.com\/cz\/wp-json\/wp\/v2\/types\/page"}],"author":[{"embeddable":true,"href":"https:\/\/starsforeurope.com\/cz\/wp-json\/wp\/v2\/users\/41"}],"replies":[{"embeddable":true,"href":"https:\/\/starsforeurope.com\/cz\/wp-json\/wp\/v2\/comments?post=7414"}],"version-history":[{"count":2,"href":"https:\/\/starsforeurope.com\/cz\/wp-json\/wp\/v2\/pages\/7414\/revisions"}],"predecessor-version":[{"id":7478,"href":"https:\/\/starsforeurope.com\/cz\/wp-json\/wp\/v2\/pages\/7414\/revisions\/7478"}],"up":[{"embeddable":true,"href":"https:\/\/starsforeurope.com\/cz\/wp-json\/wp\/v2\/pages\/7410"}],"wp:featuredmedia":[{"embeddable":true,"href":"https:\/\/starsforeurope.com\/cz\/wp-json\/wp\/v2\/media\/4366"}],"wp:attachment":[{"href":"https:\/\/starsforeurope.com\/cz\/wp-json\/wp\/v2\/media?parent=7414"}],"curies":[{"name":"wp","href":"https:\/\/api.w.org\/{rel}","templated":true}]}}