{"id":7410,"date":"2025-07-29T01:09:50","date_gmt":"2025-07-28T23:09:50","guid":{"rendered":"https:\/\/starsforeurope.com\/cz\/?page_id=7410"},"modified":"2025-09-10T14:36:20","modified_gmt":"2025-09-10T12:36:20","slug":"dekorace-pr","status":"publish","type":"page","link":"https:\/\/starsforeurope.com\/cz\/tiskove-zpravy\/dekorace-pr\/","title":{"rendered":"Spousta kv\u011btinov\u00e9 inspirace: vyzdobte si interi\u00e9r v\u00e1no\u010dn\u00edmi hv\u011bzdami"},"content":{"rendered":"<main class=\"wp-block-group postimage-half wide-content is-layout-flow wp-block-group-is-layout-flow\" style=\"margin-top:var(--wp--preset--spacing--50)\">\n<div style=\"height:3rem\" aria-hidden=\"true\" class=\"wp-block-spacer\"><\/div>\n\n\n\n<div class=\"wp-block-query is-layout-flow wp-block-query-is-layout-flow\"><ul class=\"columns-2 wp-block-post-template is-layout-grid wp-container-core-post-template-is-layout-37ef2942 wp-block-post-template-is-layout-grid\"><li class=\"wp-block-post post-5055 press type-press status-publish has-post-thumbnail hentry press_cat-advent-decoration press_cat-table-decoration press_cat-diy press_cat-autumn-decor-houseplants press_main-dekorace press_main-dekorace-na-stul press_main-diy-upcyklace press_main-pressemitteilungen\">\n<figure style=\"aspect-ratio:1;\" class=\"featuredimage wp-block-post-featured-image\"><a href=\"https:\/\/starsforeurope.com\/cz\/press\/dekorace-na-stul-z-vanocnich-hvezd-stylova-vyzdoba-pro-kazdou-svatecni-prilezitost\/\" target=\"_self\"  ><img loading=\"lazy\" decoding=\"async\" width=\"875\" height=\"1050\" src=\"https:\/\/starsforeurope.com\/cz\/wp-content\/uploads\/sites\/20\/2024\/10\/2024_Poinsettia_02000_Modern_Vintage_Fusion_03.jpg\" class=\"attachment-post-thumbnail size-post-thumbnail wp-post-image\" alt=\"Dekorace na st\u016fl z v\u00e1no\u010dn\u00edch hv\u011bzd. Stylov\u00e1 v\u00fdzdoba pro ka\u017edou sv\u00e1te\u010dn\u00ed p\u0159\u00edle\u017eitost\" style=\"width:100%;height:100%;object-fit:cover;\" srcset=\"https:\/\/starsforeurope.com\/cz\/wp-content\/uploads\/sites\/20\/2024\/10\/2024_Poinsettia_02000_Modern_Vintage_Fusion_03.jpg 875w, https:\/\/starsforeurope.com\/cz\/wp-content\/uploads\/sites\/20\/2024\/10\/2024_Poinsettia_02000_Modern_Vintage_Fusion_03-250x300.jpg 250w, https:\/\/starsforeurope.com\/cz\/wp-content\/uploads\/sites\/20\/2024\/10\/2024_Poinsettia_02000_Modern_Vintage_Fusion_03-853x1024.jpg 853w, https:\/\/starsforeurope.com\/cz\/wp-content\/uploads\/sites\/20\/2024\/10\/2024_Poinsettia_02000_Modern_Vintage_Fusion_03-768x922.jpg 768w, https:\/\/starsforeurope.com\/cz\/wp-content\/uploads\/sites\/20\/2024\/10\/2024_Poinsettia_02000_Modern_Vintage_Fusion_03-563x675.jpg 563w\" sizes=\"auto, (max-width: 875px) 100vw, 875px\" \/><\/a><\/figure>\n\n<h3 class=\"wp-block-post-title\"><a href=\"https:\/\/starsforeurope.com\/cz\/press\/dekorace-na-stul-z-vanocnich-hvezd-stylova-vyzdoba-pro-kazdou-svatecni-prilezitost\/\" target=\"_self\" >Dekorace na st\u016fl z v\u00e1no\u010dn\u00edch hv\u011bzd. Stylov\u00e1 v\u00fdzdoba pro ka\u017edou sv\u00e1te\u010dn\u00ed p\u0159\u00edle\u017eitost<\/a><\/h3>\n\n\n<div class=\"wp-block-group postmetaline is-nowrap is-layout-flex wp-container-core-group-is-layout-6c531013 wp-block-group-is-layout-flex\"><div class=\"wp-block-post-date\"><time datetime=\"2024-11-10T07:00:00+01:00\">10. listopadu 2024<\/time><\/div>\n\n<\/div>\n\n\n<div class=\"wp-block-post-excerpt\"><p class=\"wp-block-post-excerpt__excerpt\">Poinsettie zdob\u00ed elegantn\u00ed slavnostn\u00ed st\u016fl i sn\u00edda\u0148ov\u00fd nebo konferen\u010dn\u00ed stolek. P\u0159edstavujeme dekorace na st\u016fl pro ka\u017edou p\u0159\u00edle\u017eitost<\/p><p class=\"wp-block-post-excerpt__more-text\"><a class=\"wp-block-post-excerpt__more-link\" href=\"https:\/\/starsforeurope.com\/cz\/press\/dekorace-na-stul-z-vanocnich-hvezd-stylova-vyzdoba-pro-kazdou-svatecni-prilezitost\/\">P\u0159e\u010dt\u011bte si v\u00edce<\/a><\/p><\/div>\n<\/li><li class=\"wp-block-post post-5027 press type-press status-publish has-post-thumbnail hentry press_cat-decoration-tips press_cat-autumn-decor-houseplants press_main-dekorace press_main-diy-upcyklace press_main-napady-na-darky press_main-pressemitteilungen\">\n<figure style=\"aspect-ratio:1;\" class=\"featuredimage wp-block-post-featured-image\"><a href=\"https:\/\/starsforeurope.com\/cz\/press\/kreativni-napady-na-darky-s-vanocnimi-hvezdami-symbolicke-darky-pro-kazdou-prilezitost\/\" target=\"_self\"  ><img loading=\"lazy\" decoding=\"async\" width=\"875\" height=\"1050\" src=\"https:\/\/starsforeurope.com\/cz\/wp-content\/uploads\/sites\/20\/2024\/10\/2024_Poinsettia_03000_Country_Chic_in_Blue_08.jpg\" class=\"attachment-post-thumbnail size-post-thumbnail wp-post-image\" alt=\"Kreativn\u00ed n\u00e1pady na d\u00e1rky s v\u00e1no\u010dn\u00edmi hv\u011bzdami. Symbolick\u00e9 d\u00e1rky pro ka\u017edou p\u0159\u00edle\u017eitost\" style=\"width:100%;height:100%;object-fit:cover;\" srcset=\"https:\/\/starsforeurope.com\/cz\/wp-content\/uploads\/sites\/20\/2024\/10\/2024_Poinsettia_03000_Country_Chic_in_Blue_08.jpg 875w, https:\/\/starsforeurope.com\/cz\/wp-content\/uploads\/sites\/20\/2024\/10\/2024_Poinsettia_03000_Country_Chic_in_Blue_08-250x300.jpg 250w, https:\/\/starsforeurope.com\/cz\/wp-content\/uploads\/sites\/20\/2024\/10\/2024_Poinsettia_03000_Country_Chic_in_Blue_08-853x1024.jpg 853w, https:\/\/starsforeurope.com\/cz\/wp-content\/uploads\/sites\/20\/2024\/10\/2024_Poinsettia_03000_Country_Chic_in_Blue_08-768x922.jpg 768w, https:\/\/starsforeurope.com\/cz\/wp-content\/uploads\/sites\/20\/2024\/10\/2024_Poinsettia_03000_Country_Chic_in_Blue_08-563x675.jpg 563w\" sizes=\"auto, (max-width: 875px) 100vw, 875px\" \/><\/a><\/figure>\n\n<h3 class=\"wp-block-post-title\"><a href=\"https:\/\/starsforeurope.com\/cz\/press\/kreativni-napady-na-darky-s-vanocnimi-hvezdami-symbolicke-darky-pro-kazdou-prilezitost\/\" target=\"_self\" >Kreativn\u00ed n\u00e1pady na d\u00e1rky s v\u00e1no\u010dn\u00edmi hv\u011bzdami. Symbolick\u00e9 d\u00e1rky pro ka\u017edou p\u0159\u00edle\u017eitost<\/a><\/h3>\n\n\n<div class=\"wp-block-group postmetaline is-nowrap is-layout-flex wp-container-core-group-is-layout-6c531013 wp-block-group-is-layout-flex\"><div class=\"wp-block-post-date\"><time datetime=\"2024-11-05T07:00:18+01:00\">05. listopadu 2024<\/time><\/div>\n\n<\/div>\n\n\n<div class=\"wp-block-post-excerpt\"><p class=\"wp-block-post-excerpt__excerpt\">DIY aran\u017em\u00e1 s poinsetti\u00ed vyjad\u0159uje l\u00e1sku a uzn\u00e1n\u00ed. Nechte se inspirovat na\u0161imi n\u00e1pady na d\u00e1rky<\/p><p class=\"wp-block-post-excerpt__more-text\"><a class=\"wp-block-post-excerpt__more-link\" href=\"https:\/\/starsforeurope.com\/cz\/press\/kreativni-napady-na-darky-s-vanocnimi-hvezdami-symbolicke-darky-pro-kazdou-prilezitost\/\">P\u0159e\u010dt\u011bte si v\u00edce<\/a><\/p><\/div>\n<\/li><li class=\"wp-block-post post-5033 press type-press status-publish has-post-thumbnail hentry press_cat-advent-decoration press_cat-diy press_cat-decoration-tips press_main-adventni-dekorace press_main-dekorace press_main-diy-upcyklace press_main-pressemitteilungen\">\n<figure style=\"aspect-ratio:1;\" class=\"featuredimage wp-block-post-featured-image\"><a href=\"https:\/\/starsforeurope.com\/cz\/press\/hvezdy-adventu-nove-napady-na-svatecni-tvoreni-s-vanocnimi-hvezdami\/\" target=\"_self\"  ><img loading=\"lazy\" decoding=\"async\" width=\"875\" height=\"1050\" src=\"https:\/\/starsforeurope.com\/cz\/wp-content\/uploads\/sites\/20\/2024\/01\/2023_poinsettia_03000_Rustic_Scandi.jpg\" class=\"attachment-post-thumbnail size-post-thumbnail wp-post-image\" alt=\"Hv\u011bzdy adventu. Nov\u00e9 n\u00e1pady na sv\u00e1te\u010dn\u00ed tvo\u0159en\u00ed s v\u00e1no\u010dn\u00edmi hv\u011bzdami\" style=\"width:100%;height:100%;object-fit:cover;\" srcset=\"https:\/\/starsforeurope.com\/cz\/wp-content\/uploads\/sites\/20\/2024\/01\/2023_poinsettia_03000_Rustic_Scandi.jpg 875w, https:\/\/starsforeurope.com\/cz\/wp-content\/uploads\/sites\/20\/2024\/01\/2023_poinsettia_03000_Rustic_Scandi-250x300.jpg 250w, https:\/\/starsforeurope.com\/cz\/wp-content\/uploads\/sites\/20\/2024\/01\/2023_poinsettia_03000_Rustic_Scandi-853x1024.jpg 853w, https:\/\/starsforeurope.com\/cz\/wp-content\/uploads\/sites\/20\/2024\/01\/2023_poinsettia_03000_Rustic_Scandi-768x922.jpg 768w, https:\/\/starsforeurope.com\/cz\/wp-content\/uploads\/sites\/20\/2024\/01\/2023_poinsettia_03000_Rustic_Scandi-563x675.jpg 563w\" sizes=\"auto, (max-width: 875px) 100vw, 875px\" \/><\/a><\/figure>\n\n<h3 class=\"wp-block-post-title\"><a href=\"https:\/\/starsforeurope.com\/cz\/press\/hvezdy-adventu-nove-napady-na-svatecni-tvoreni-s-vanocnimi-hvezdami\/\" target=\"_self\" >Hv\u011bzdy adventu. Nov\u00e9 n\u00e1pady na sv\u00e1te\u010dn\u00ed tvo\u0159en\u00ed s v\u00e1no\u010dn\u00edmi hv\u011bzdami<\/a><\/h3>\n\n\n<div class=\"wp-block-group postmetaline is-nowrap is-layout-flex wp-container-core-group-is-layout-6c531013 wp-block-group-is-layout-flex\"><div class=\"wp-block-post-date\"><time datetime=\"2023-12-20T01:22:39+01:00\">20. prosince 2023<\/time><\/div>\n\n<\/div>\n\n\n<div class=\"wp-block-post-excerpt\"><p class=\"wp-block-post-excerpt__excerpt\">B\u011bhem adventu a V\u00e1noc jsou velmi obl\u00edben\u00e9 \u0159emesln\u00e9 pr\u00e1ce a zdoben\u00ed. Pod\u00edvejte se na tyto DIY projekty s poinsetti\u00ed, kter\u00e9 upoutaj\u00ed va\u0161i pozornost a navod\u00ed sv\u00e1te\u010dn\u00ed n\u00e1ladu<\/p><p class=\"wp-block-post-excerpt__more-text\"><a class=\"wp-block-post-excerpt__more-link\" href=\"https:\/\/starsforeurope.com\/cz\/press\/hvezdy-adventu-nove-napady-na-svatecni-tvoreni-s-vanocnimi-hvezdami\/\">P\u0159e\u010dt\u011bte si v\u00edce<\/a><\/p><\/div>\n<\/li><li class=\"wp-block-post post-5061 press type-press status-publish has-post-thumbnail hentry press_cat-care press_main-dekorace press_main-dekorace-na-stul press_main-podzimni-dekorace-zelene-bydleni press_main-pressemitteilungen\">\n<figure style=\"aspect-ratio:1;\" class=\"featuredimage wp-block-post-featured-image\"><a href=\"https:\/\/starsforeurope.com\/cz\/press\/pro-zarivy-interier-a-prijemnou-atmosferu-vanocni-hvezdy-prinaseji-barvy-do-sychravych-podzimnich-dnu\/\" target=\"_self\"  ><img loading=\"lazy\" decoding=\"async\" width=\"875\" height=\"1050\" src=\"https:\/\/starsforeurope.com\/cz\/wp-content\/uploads\/sites\/20\/2024\/01\/2023_poinsettia_02000_Cottagecore_Charm_15.jpg\" class=\"attachment-post-thumbnail size-post-thumbnail wp-post-image\" alt=\"Pro z\u00e1\u0159iv\u00fd interi\u00e9r a p\u0159\u00edjemnou atmosf\u00e9ru. V\u00e1no\u010dn\u00ed hv\u011bzdy p\u0159in\u00e1\u0161ej\u00ed barvy do sychrav\u00fdch podzimn\u00edch dn\u016f\" style=\"width:100%;height:100%;object-fit:cover;\" srcset=\"https:\/\/starsforeurope.com\/cz\/wp-content\/uploads\/sites\/20\/2024\/01\/2023_poinsettia_02000_Cottagecore_Charm_15.jpg 875w, https:\/\/starsforeurope.com\/cz\/wp-content\/uploads\/sites\/20\/2024\/01\/2023_poinsettia_02000_Cottagecore_Charm_15-250x300.jpg 250w, https:\/\/starsforeurope.com\/cz\/wp-content\/uploads\/sites\/20\/2024\/01\/2023_poinsettia_02000_Cottagecore_Charm_15-853x1024.jpg 853w, https:\/\/starsforeurope.com\/cz\/wp-content\/uploads\/sites\/20\/2024\/01\/2023_poinsettia_02000_Cottagecore_Charm_15-768x922.jpg 768w, https:\/\/starsforeurope.com\/cz\/wp-content\/uploads\/sites\/20\/2024\/01\/2023_poinsettia_02000_Cottagecore_Charm_15-563x675.jpg 563w\" sizes=\"auto, (max-width: 875px) 100vw, 875px\" \/><\/a><\/figure>\n\n<h3 class=\"wp-block-post-title\"><a href=\"https:\/\/starsforeurope.com\/cz\/press\/pro-zarivy-interier-a-prijemnou-atmosferu-vanocni-hvezdy-prinaseji-barvy-do-sychravych-podzimnich-dnu\/\" target=\"_self\" >Pro z\u00e1\u0159iv\u00fd interi\u00e9r a p\u0159\u00edjemnou atmosf\u00e9ru. V\u00e1no\u010dn\u00ed hv\u011bzdy p\u0159in\u00e1\u0161ej\u00ed barvy do sychrav\u00fdch podzimn\u00edch dn\u016f<\/a><\/h3>\n\n\n<div class=\"wp-block-group postmetaline is-nowrap is-layout-flex wp-container-core-group-is-layout-6c531013 wp-block-group-is-layout-flex\"><div class=\"wp-block-post-date\"><time datetime=\"2023-10-30T01:10:36+01:00\">30. \u0159\u00edjna 2023<\/time><\/div>\n\n<\/div>\n\n\n<div class=\"wp-block-post-excerpt\"><p class=\"wp-block-post-excerpt__excerpt\">Sv\u00fdmi tepl\u00fdmi t\u00f3ny poinsetti\u00ed o\u017eiv\u00ed ka\u017ed\u00fd interi\u00e9r a vytvo\u0159\u00ed veselou atmosf\u00e9ru v nudn\u00fdch podzimn\u00edch dnech. Objevte na\u0161e sez\u00f3nn\u00ed dekorace, kter\u00e9 za\u017eenou podzimn\u00ed blues<\/p><p class=\"wp-block-post-excerpt__more-text\"><a class=\"wp-block-post-excerpt__more-link\" href=\"https:\/\/starsforeurope.com\/cz\/press\/pro-zarivy-interier-a-prijemnou-atmosferu-vanocni-hvezdy-prinaseji-barvy-do-sychravych-podzimnich-dnu\/\">P\u0159e\u010dt\u011bte si v\u00edce<\/a><\/p><\/div>\n<\/li><\/ul>\n\n<nav class=\"wp-block-query-pagination is-content-justification-center is-layout-flex wp-container-core-query-pagination-is-layout-a89b3969 wp-block-query-pagination-is-layout-flex\" aria-label=\"Str\u00e1nkov\u00e1n\u00ed\">\n\n\n<div class=\"wp-block-query-pagination-numbers has-medium-font-size\"><span aria-current=\"page\" class=\"page-numbers current\">1<\/span>\n<a class=\"page-numbers\" href=\"?query-0-page=2\">2<\/a>\n<a class=\"page-numbers\" href=\"?query-0-page=3\">3<\/a>\n<span class=\"page-numbers dots\">&hellip;<\/span>\n<a class=\"page-numbers\" href=\"?query-0-page=5\">5<\/a><\/div>\n\n<a href=\"\/cz\/wp-json\/wp\/v2\/pages\/7410?query-0-page=2\" class=\"wp-block-query-pagination-next\">\u22b3<\/a>\n<\/nav>\n\n<\/div>\n\n\n\n<div style=\"height:3rem\" aria-hidden=\"true\" class=\"wp-block-spacer\"><\/div>\n<\/main>","protected":false},"excerpt":{"rendered":"<p>Tady najdete spoustu inspirace a n\u00e1pad\u016f na v\u00fdrobu v\u00e1no\u010dn\u00edch dekorac\u00ed. V\u00e1no\u010dn\u00ed hv\u011bzdy maj\u00ed r\u016fzn\u00e9 tvary a barvy, skv\u011ble tak o\u017eiv\u00ed jak\u00fdkoliv styl interi\u00e9ru, a\u0165 u\u017e jde o vintage, rustik\u00e1ln\u00ed, boho, urban jungle a dal\u0161\u00ed.<\/p>\n","protected":false},"author":41,"featured_media":4366,"parent":7,"menu_order":0,"comment_status":"closed","ping_status":"closed","template":"two-column-press","meta":{"_acf_changed":false,"footnotes":""},"class_list":["post-7410","page","type-page","status-publish","has-post-thumbnail","hentry"],"acf":[],"_links":{"self":[{"href":"https:\/\/starsforeurope.com\/cz\/wp-json\/wp\/v2\/pages\/7410","targetHints":{"allow":["GET"]}}],"collection":[{"href":"https:\/\/starsforeurope.com\/cz\/wp-json\/wp\/v2\/pages"}],"about":[{"href":"https:\/\/starsforeurope.com\/cz\/wp-json\/wp\/v2\/types\/page"}],"author":[{"embeddable":true,"href":"https:\/\/starsforeurope.com\/cz\/wp-json\/wp\/v2\/users\/41"}],"replies":[{"embeddable":true,"href":"https:\/\/starsforeurope.com\/cz\/wp-json\/wp\/v2\/comments?post=7410"}],"version-history":[{"count":2,"href":"https:\/\/starsforeurope.com\/cz\/wp-json\/wp\/v2\/pages\/7410\/revisions"}],"predecessor-version":[{"id":7474,"href":"https:\/\/starsforeurope.com\/cz\/wp-json\/wp\/v2\/pages\/7410\/revisions\/7474"}],"up":[{"embeddable":true,"href":"https:\/\/starsforeurope.com\/cz\/wp-json\/wp\/v2\/pages\/7"}],"wp:featuredmedia":[{"embeddable":true,"href":"https:\/\/starsforeurope.com\/cz\/wp-json\/wp\/v2\/media\/4366"}],"wp:attachment":[{"href":"https:\/\/starsforeurope.com\/cz\/wp-json\/wp\/v2\/media?parent=7410"}],"curies":[{"name":"wp","href":"https:\/\/api.w.org\/{rel}","templated":true}]}}