{"id":7406,"date":"2025-07-29T00:53:23","date_gmt":"2025-07-28T22:53:23","guid":{"rendered":"https:\/\/starsforeurope.com\/cz\/?page_id=7406"},"modified":"2025-08-18T20:36:44","modified_gmt":"2025-08-18T18:36:44","slug":"dekorace-na-stul","status":"publish","type":"page","link":"https:\/\/starsforeurope.com\/cz\/dekorace\/dekorace-na-stul\/","title":{"rendered":"Dekorace na st\u016fl z poinsetti\u00ed"},"content":{"rendered":"<main class=\"wp-block-group postimage-half wide-content is-layout-flow wp-block-group-is-layout-flow\" style=\"margin-top:var(--wp--preset--spacing--50)\">\n<div style=\"height:3rem\" aria-hidden=\"true\" class=\"wp-block-spacer\"><\/div>\n\n\n\n<div class=\"wp-block-query is-layout-flow wp-block-query-is-layout-flow\"><ul class=\"columns-2 wp-block-post-template is-layout-grid wp-container-core-post-template-is-layout-37ef2942 wp-block-post-template-is-layout-grid\"><li class=\"wp-block-post post-7563 blog type-blog status-publish has-post-thumbnail hentry blog_main-dekorace blog_main-dekorace-na-stul blog_main-diy-upcycling\">\n<figure style=\"aspect-ratio:1;\" class=\"featuredimage wp-block-post-featured-image\"><a href=\"https:\/\/starsforeurope.com\/cz\/blog\/vanocni-dekorace-na-stul-promente-vanocni-hvezdu-v-neco-noveho\/\" target=\"_self\"  ><img loading=\"lazy\" decoding=\"async\" width=\"1050\" height=\"875\" src=\"https:\/\/starsforeurope.com\/cz\/wp-content\/uploads\/sites\/20\/2025\/09\/2025_Poinsettia_01120_DIY_Wallpaper_Vases_09.jpg\" class=\"attachment-post-thumbnail size-post-thumbnail wp-post-image\" alt=\"V\u00e1no\u010dn\u00ed dekorace na st\u016fl: Prom\u011b\u0148te v\u00e1no\u010dn\u00ed hv\u011bzdu v n\u011bco nov\u00e9ho\" style=\"width:100%;height:100%;object-fit:cover;\" srcset=\"https:\/\/starsforeurope.com\/cz\/wp-content\/uploads\/sites\/20\/2025\/09\/2025_Poinsettia_01120_DIY_Wallpaper_Vases_09.jpg 1050w, https:\/\/starsforeurope.com\/cz\/wp-content\/uploads\/sites\/20\/2025\/09\/2025_Poinsettia_01120_DIY_Wallpaper_Vases_09-300x250.jpg 300w, https:\/\/starsforeurope.com\/cz\/wp-content\/uploads\/sites\/20\/2025\/09\/2025_Poinsettia_01120_DIY_Wallpaper_Vases_09-1024x853.jpg 1024w, https:\/\/starsforeurope.com\/cz\/wp-content\/uploads\/sites\/20\/2025\/09\/2025_Poinsettia_01120_DIY_Wallpaper_Vases_09-768x640.jpg 768w\" sizes=\"auto, (max-width: 1050px) 100vw, 1050px\" \/><\/a><\/figure>\n\n<h3 class=\"wp-block-post-title\"><a href=\"https:\/\/starsforeurope.com\/cz\/blog\/vanocni-dekorace-na-stul-promente-vanocni-hvezdu-v-neco-noveho\/\" target=\"_self\" >V\u00e1no\u010dn\u00ed dekorace na st\u016fl: Prom\u011b\u0148te v\u00e1no\u010dn\u00ed hv\u011bzdu v n\u011bco nov\u00e9ho<\/a><\/h3>\n\n\n<div class=\"wp-block-group postmetaline is-nowrap is-layout-flex wp-container-core-group-is-layout-6c531013 wp-block-group-is-layout-flex\"><div class=\"wp-block-post-date\"><time datetime=\"2025-09-18T13:45:04+02:00\">18. z\u00e1\u0159\u00ed 2025<\/time><\/div>\n\n<\/div>\n\n\n<div class=\"wp-block-post-excerpt\"><p class=\"wp-block-post-excerpt__excerpt\">Vytvo\u0159te si udr\u017eitelnou zimn\u00ed v\u00fdzdobu stolu pomoc\u00ed v\u00e1no\u010dn\u00edch hv\u011bzd. Postupujte podle na\u0161ich jednoduch\u00fdch pokyn\u016f s minim\u00e1ln\u00edm mno\u017estv\u00edm odpadu a vytvo\u0159te si \u00fa\u017easnou dom\u00e1c\u00ed zimn\u00ed v\u00fdzdobu. Vyzkou\u0161ejte to hned te\u010f!<\/p><p class=\"wp-block-post-excerpt__more-text\"><a class=\"wp-block-post-excerpt__more-link\" href=\"https:\/\/starsforeurope.com\/cz\/blog\/vanocni-dekorace-na-stul-promente-vanocni-hvezdu-v-neco-noveho\/\">P\u0159e\u010dt\u011bte si v\u00edce<\/a><\/p><\/div>\n<\/li><li class=\"wp-block-post post-7288 blog type-blog status-publish has-post-thumbnail hentry blog_cat-adventsdekoration blog_cat-weihnachtsbaumdekoration blog_cat-winterdeko blog_main-adventni-dekorace blog_main-dekorace blog_main-dekorace-na-stul\">\n<figure style=\"aspect-ratio:1;\" class=\"featuredimage wp-block-post-featured-image\"><a href=\"https:\/\/starsforeurope.com\/cz\/blog\/naladte-se-na-vanocni-atmosferu-24-napadu-na-dekorace-s-mini-vanocnimi-hvezdami\/\" target=\"_self\"  ><img loading=\"lazy\" decoding=\"async\" width=\"875\" height=\"1050\" src=\"https:\/\/starsforeurope.com\/cz\/wp-content\/uploads\/sites\/20\/2024\/11\/2019-poinsettia-4000-christmas-miniatures-05-1.jpg\" class=\"attachment-post-thumbnail size-post-thumbnail wp-post-image\" alt=\"Nala\u010fte se na v\u00e1no\u010dn\u00ed atmosf\u00e9ru: 24 n\u00e1pad\u016f na dekorace s mini v\u00e1no\u010dn\u00edmi hv\u011bzdami\" style=\"width:100%;height:100%;object-fit:cover;\" srcset=\"https:\/\/starsforeurope.com\/cz\/wp-content\/uploads\/sites\/20\/2024\/11\/2019-poinsettia-4000-christmas-miniatures-05-1.jpg 875w, https:\/\/starsforeurope.com\/cz\/wp-content\/uploads\/sites\/20\/2024\/11\/2019-poinsettia-4000-christmas-miniatures-05-1-250x300.jpg 250w, https:\/\/starsforeurope.com\/cz\/wp-content\/uploads\/sites\/20\/2024\/11\/2019-poinsettia-4000-christmas-miniatures-05-1-853x1024.jpg 853w, https:\/\/starsforeurope.com\/cz\/wp-content\/uploads\/sites\/20\/2024\/11\/2019-poinsettia-4000-christmas-miniatures-05-1-768x922.jpg 768w, https:\/\/starsforeurope.com\/cz\/wp-content\/uploads\/sites\/20\/2024\/11\/2019-poinsettia-4000-christmas-miniatures-05-1-563x675.jpg 563w\" sizes=\"auto, (max-width: 875px) 100vw, 875px\" \/><\/a><\/figure>\n\n<h3 class=\"wp-block-post-title\"><a href=\"https:\/\/starsforeurope.com\/cz\/blog\/naladte-se-na-vanocni-atmosferu-24-napadu-na-dekorace-s-mini-vanocnimi-hvezdami\/\" target=\"_self\" >Nala\u010fte se na v\u00e1no\u010dn\u00ed atmosf\u00e9ru: 24 n\u00e1pad\u016f na dekorace s mini v\u00e1no\u010dn\u00edmi hv\u011bzdami<\/a><\/h3>\n\n\n<div class=\"wp-block-group postmetaline is-nowrap is-layout-flex wp-container-core-group-is-layout-6c531013 wp-block-group-is-layout-flex\"><div class=\"wp-block-post-date\"><time datetime=\"2024-11-05T12:53:26+01:00\">05. listopadu 2024<\/time><\/div>\n\n<\/div>\n\n\n<div class=\"wp-block-post-excerpt\"><p class=\"wp-block-post-excerpt__excerpt\">Vytvo\u0159te si doma slavnostn\u00ed atmosf\u00e9ru pomoc\u00ed mini v\u00e1no\u010dn\u00edch hv\u011bzd. Objevte 24 kreativn\u00edch n\u00e1pad\u016f na v\u00fdzdobu adventn\u00edho v\u011bnce, slavnostn\u00ed dekorace na st\u016fl a dal\u0161\u00ed. Nechte se inspirovat!<\/p><p class=\"wp-block-post-excerpt__more-text\"><a class=\"wp-block-post-excerpt__more-link\" href=\"https:\/\/starsforeurope.com\/cz\/blog\/naladte-se-na-vanocni-atmosferu-24-napadu-na-dekorace-s-mini-vanocnimi-hvezdami\/\">P\u0159e\u010dt\u011bte si v\u00edce<\/a><\/p><\/div>\n<\/li><li class=\"wp-block-post post-7066 blog type-blog status-publish has-post-thumbnail hentry blog_cat-adventsdekoration blog_cat-tischdekoration blog_cat-dekorationsideen blog_main-dekorace blog_main-dekorace-na-stul\">\n<figure style=\"aspect-ratio:1;\" class=\"featuredimage wp-block-post-featured-image\"><a href=\"https:\/\/starsforeurope.com\/cz\/blog\/slavnostni-stolni-dekorace-s-vanocnimi-hvezdami\/\" target=\"_self\"  ><img loading=\"lazy\" decoding=\"async\" width=\"1050\" height=\"875\" src=\"https:\/\/starsforeurope.com\/cz\/wp-content\/uploads\/sites\/20\/2023\/10\/2015_Weihnachtsstern_Familie_03.jpg\" class=\"attachment-post-thumbnail size-post-thumbnail wp-post-image\" alt=\"Slavnostn\u00ed stoln\u00ed dekorace s v\u00e1no\u010dn\u00edmi hv\u011bzdami\" style=\"width:100%;height:100%;object-fit:cover;\" srcset=\"https:\/\/starsforeurope.com\/cz\/wp-content\/uploads\/sites\/20\/2023\/10\/2015_Weihnachtsstern_Familie_03.jpg 1050w, https:\/\/starsforeurope.com\/cz\/wp-content\/uploads\/sites\/20\/2023\/10\/2015_Weihnachtsstern_Familie_03-300x250.jpg 300w, https:\/\/starsforeurope.com\/cz\/wp-content\/uploads\/sites\/20\/2023\/10\/2015_Weihnachtsstern_Familie_03-1024x853.jpg 1024w, https:\/\/starsforeurope.com\/cz\/wp-content\/uploads\/sites\/20\/2023\/10\/2015_Weihnachtsstern_Familie_03-768x640.jpg 768w, https:\/\/starsforeurope.com\/cz\/wp-content\/uploads\/sites\/20\/2023\/10\/2015_Weihnachtsstern_Familie_03-810x675.jpg 810w\" sizes=\"auto, (max-width: 1050px) 100vw, 1050px\" \/><\/a><\/figure>\n\n<h3 class=\"wp-block-post-title\"><a href=\"https:\/\/starsforeurope.com\/cz\/blog\/slavnostni-stolni-dekorace-s-vanocnimi-hvezdami\/\" target=\"_self\" >Slavnostn\u00ed stoln\u00ed dekorace s v\u00e1no\u010dn\u00edmi hv\u011bzdami<\/a><\/h3>\n\n\n<div class=\"wp-block-group postmetaline is-nowrap is-layout-flex wp-container-core-group-is-layout-6c531013 wp-block-group-is-layout-flex\"><div class=\"wp-block-post-date\"><time datetime=\"2023-11-15T01:03:26+01:00\">15. listopadu 2023<\/time><\/div>\n\n<\/div>\n\n\n<div class=\"wp-block-post-excerpt\"><p class=\"wp-block-post-excerpt__excerpt\">V tomto p\u0159\u00edsp\u011bvku v\u00e1m \u0159ekneme, pro\u010d jsou v\u00e1no\u010dn\u00ed hv\u011bzdy perfektn\u00ed dekorac\u00ed na st\u016fl, a p\u0159edstav\u00edme v\u00e1m inspirativn\u00ed n\u00e1pady na stoln\u00ed dekorace s v\u00e1no\u010dn\u00edmi hv\u011bzdami. Uk\u00e1\u017eeme v\u00e1m, jak m\u016f\u017eete v\u00e1no\u010dn\u00ed hv\u011bzdu pou\u017e\u00edt k vytvo\u0159en\u00ed v\u00fdjime\u010dn\u00e9 dekorace na v\u00e1\u0161 st\u016fl. Co kdybyste tyto kreativn\u00ed n\u00e1pady vyzkou\u0161eli na sv\u00e9 p\u0159\u00ed\u0161t\u00ed se\u0161losti? Va\u0161i host\u00e9 budou jist\u011b nad\u0161eni! Pro\u010d jsou<\/p><p class=\"wp-block-post-excerpt__more-text\"><a class=\"wp-block-post-excerpt__more-link\" href=\"https:\/\/starsforeurope.com\/cz\/blog\/slavnostni-stolni-dekorace-s-vanocnimi-hvezdami\/\">P\u0159e\u010dt\u011bte si v\u00edce<\/a><\/p><\/div>\n<\/li><\/ul>\n\n\n\n<\/div>\n\n\n\n<div style=\"height:3rem\" aria-hidden=\"true\" class=\"wp-block-spacer\"><\/div>\n<\/main>","protected":false},"excerpt":{"rendered":"<p>Pozvedn\u011bte sv\u016fj z\u00e1\u017eitek ze stolov\u00e1n\u00ed pomoc\u00ed \u00fa\u017easn\u00fdch st\u0159edov\u00fdch dekorac\u00ed a akcent\u016f z poinsetti\u00ed. Ide\u00e1ln\u00ed pro dod\u00e1n\u00ed slavnostn\u00edho n\u00e1dechu jak\u00e9mukoli prost\u0159en\u00e9mu stolu.<\/p>\n","protected":false},"author":41,"featured_media":4352,"parent":22,"menu_order":0,"comment_status":"closed","ping_status":"closed","template":"two-column-blog-single","meta":{"_acf_changed":false,"footnotes":""},"class_list":["post-7406","page","type-page","status-publish","has-post-thumbnail","hentry"],"acf":[],"_links":{"self":[{"href":"https:\/\/starsforeurope.com\/cz\/wp-json\/wp\/v2\/pages\/7406","targetHints":{"allow":["GET"]}}],"collection":[{"href":"https:\/\/starsforeurope.com\/cz\/wp-json\/wp\/v2\/pages"}],"about":[{"href":"https:\/\/starsforeurope.com\/cz\/wp-json\/wp\/v2\/types\/page"}],"author":[{"embeddable":true,"href":"https:\/\/starsforeurope.com\/cz\/wp-json\/wp\/v2\/users\/41"}],"replies":[{"embeddable":true,"href":"https:\/\/starsforeurope.com\/cz\/wp-json\/wp\/v2\/comments?post=7406"}],"version-history":[{"count":1,"href":"https:\/\/starsforeurope.com\/cz\/wp-json\/wp\/v2\/pages\/7406\/revisions"}],"predecessor-version":[{"id":7407,"href":"https:\/\/starsforeurope.com\/cz\/wp-json\/wp\/v2\/pages\/7406\/revisions\/7407"}],"up":[{"embeddable":true,"href":"https:\/\/starsforeurope.com\/cz\/wp-json\/wp\/v2\/pages\/22"}],"wp:featuredmedia":[{"embeddable":true,"href":"https:\/\/starsforeurope.com\/cz\/wp-json\/wp\/v2\/media\/4352"}],"wp:attachment":[{"href":"https:\/\/starsforeurope.com\/cz\/wp-json\/wp\/v2\/media?parent=7406"}],"curies":[{"name":"wp","href":"https:\/\/api.w.org\/{rel}","templated":true}]}}