{"id":7397,"date":"2025-07-28T23:49:48","date_gmt":"2025-07-28T21:49:48","guid":{"rendered":"https:\/\/starsforeurope.com\/cz\/?page_id=7397"},"modified":"2025-08-18T20:36:44","modified_gmt":"2025-08-18T18:36:44","slug":"diy-upcycling","status":"publish","type":"page","link":"https:\/\/starsforeurope.com\/cz\/dekorace\/diy-upcycling\/","title":{"rendered":"DIY &amp; Upcycling s poinsettiemi"},"content":{"rendered":"<main class=\"wp-block-group postimage-half wide-content is-layout-flow wp-block-group-is-layout-flow\" style=\"margin-top:var(--wp--preset--spacing--50)\">\n<div style=\"height:3rem\" aria-hidden=\"true\" class=\"wp-block-spacer\"><\/div>\n\n\n\n<div class=\"wp-block-query is-layout-flow wp-block-query-is-layout-flow\"><ul class=\"columns-2 wp-block-post-template is-layout-grid wp-container-core-post-template-is-layout-37ef2942 wp-block-post-template-is-layout-grid\"><li class=\"wp-block-post post-7563 blog type-blog status-publish has-post-thumbnail hentry blog_main-dekorace blog_main-dekorace-na-stul blog_main-diy-upcycling\">\n<figure style=\"aspect-ratio:1;\" class=\"featuredimage wp-block-post-featured-image\"><a href=\"https:\/\/starsforeurope.com\/cz\/blog\/vanocni-dekorace-na-stul-promente-vanocni-hvezdu-v-neco-noveho\/\" target=\"_self\"  ><img loading=\"lazy\" decoding=\"async\" width=\"1050\" height=\"875\" src=\"https:\/\/starsforeurope.com\/cz\/wp-content\/uploads\/sites\/20\/2025\/09\/2025_Poinsettia_01120_DIY_Wallpaper_Vases_09.jpg\" class=\"attachment-post-thumbnail size-post-thumbnail wp-post-image\" alt=\"V\u00e1no\u010dn\u00ed dekorace na st\u016fl: Prom\u011b\u0148te v\u00e1no\u010dn\u00ed hv\u011bzdu v n\u011bco nov\u00e9ho\" style=\"width:100%;height:100%;object-fit:cover;\" srcset=\"https:\/\/starsforeurope.com\/cz\/wp-content\/uploads\/sites\/20\/2025\/09\/2025_Poinsettia_01120_DIY_Wallpaper_Vases_09.jpg 1050w, https:\/\/starsforeurope.com\/cz\/wp-content\/uploads\/sites\/20\/2025\/09\/2025_Poinsettia_01120_DIY_Wallpaper_Vases_09-300x250.jpg 300w, https:\/\/starsforeurope.com\/cz\/wp-content\/uploads\/sites\/20\/2025\/09\/2025_Poinsettia_01120_DIY_Wallpaper_Vases_09-1024x853.jpg 1024w, https:\/\/starsforeurope.com\/cz\/wp-content\/uploads\/sites\/20\/2025\/09\/2025_Poinsettia_01120_DIY_Wallpaper_Vases_09-768x640.jpg 768w\" sizes=\"auto, (max-width: 1050px) 100vw, 1050px\" \/><\/a><\/figure>\n\n<h3 class=\"wp-block-post-title\"><a href=\"https:\/\/starsforeurope.com\/cz\/blog\/vanocni-dekorace-na-stul-promente-vanocni-hvezdu-v-neco-noveho\/\" target=\"_self\" >V\u00e1no\u010dn\u00ed dekorace na st\u016fl: Prom\u011b\u0148te v\u00e1no\u010dn\u00ed hv\u011bzdu v n\u011bco nov\u00e9ho<\/a><\/h3>\n\n\n<div class=\"wp-block-group postmetaline is-nowrap is-layout-flex wp-container-core-group-is-layout-6c531013 wp-block-group-is-layout-flex\"><div class=\"wp-block-post-date\"><time datetime=\"2025-09-18T13:45:04+02:00\">18. z\u00e1\u0159\u00ed 2025<\/time><\/div>\n\n<\/div>\n\n\n<div class=\"wp-block-post-excerpt\"><p class=\"wp-block-post-excerpt__excerpt\">Vytvo\u0159te si udr\u017eitelnou zimn\u00ed v\u00fdzdobu stolu pomoc\u00ed v\u00e1no\u010dn\u00edch hv\u011bzd. Postupujte podle na\u0161ich jednoduch\u00fdch pokyn\u016f s minim\u00e1ln\u00edm mno\u017estv\u00edm odpadu a vytvo\u0159te si \u00fa\u017easnou dom\u00e1c\u00ed zimn\u00ed v\u00fdzdobu. Vyzkou\u0161ejte to hned te\u010f!<\/p><p class=\"wp-block-post-excerpt__more-text\"><a class=\"wp-block-post-excerpt__more-link\" href=\"https:\/\/starsforeurope.com\/cz\/blog\/vanocni-dekorace-na-stul-promente-vanocni-hvezdu-v-neco-noveho\/\">P\u0159e\u010dt\u011bte si v\u00edce<\/a><\/p><\/div>\n<\/li><li class=\"wp-block-post post-7055 blog type-blog status-publish has-post-thumbnail hentry blog_cat-adventsdekoration blog_cat-dekorationsideen blog_main-adventni-dekorace blog_main-dekorace blog_main-diy-upcycling\">\n<figure style=\"aspect-ratio:1;\" class=\"featuredimage wp-block-post-featured-image\"><a href=\"https:\/\/starsforeurope.com\/cz\/blog\/diy-adventni-vence-s-vanocnimi-hvezdami\/\" target=\"_self\"  ><img loading=\"lazy\" decoding=\"async\" width=\"875\" height=\"1050\" src=\"https:\/\/starsforeurope.com\/cz\/wp-content\/uploads\/sites\/20\/2023\/10\/2023_poinsettia_01000_Jewels_of_Nature_12-1.jpg\" class=\"attachment-post-thumbnail size-post-thumbnail wp-post-image\" alt=\"DIY adventn\u00ed v\u011bnce s v\u00e1no\u010dn\u00edmi hv\u011bzdami\" style=\"width:100%;height:100%;object-fit:cover;\" srcset=\"https:\/\/starsforeurope.com\/cz\/wp-content\/uploads\/sites\/20\/2023\/10\/2023_poinsettia_01000_Jewels_of_Nature_12-1.jpg 875w, https:\/\/starsforeurope.com\/cz\/wp-content\/uploads\/sites\/20\/2023\/10\/2023_poinsettia_01000_Jewels_of_Nature_12-1-250x300.jpg 250w, https:\/\/starsforeurope.com\/cz\/wp-content\/uploads\/sites\/20\/2023\/10\/2023_poinsettia_01000_Jewels_of_Nature_12-1-853x1024.jpg 853w, https:\/\/starsforeurope.com\/cz\/wp-content\/uploads\/sites\/20\/2023\/10\/2023_poinsettia_01000_Jewels_of_Nature_12-1-768x922.jpg 768w, https:\/\/starsforeurope.com\/cz\/wp-content\/uploads\/sites\/20\/2023\/10\/2023_poinsettia_01000_Jewels_of_Nature_12-1-563x675.jpg 563w\" sizes=\"auto, (max-width: 875px) 100vw, 875px\" \/><\/a><\/figure>\n\n<h3 class=\"wp-block-post-title\"><a href=\"https:\/\/starsforeurope.com\/cz\/blog\/diy-adventni-vence-s-vanocnimi-hvezdami\/\" target=\"_self\" >DIY adventn\u00ed v\u011bnce s v\u00e1no\u010dn\u00edmi hv\u011bzdami<\/a><\/h3>\n\n\n<div class=\"wp-block-group postmetaline is-nowrap is-layout-flex wp-container-core-group-is-layout-6c531013 wp-block-group-is-layout-flex\"><div class=\"wp-block-post-date\"><time datetime=\"2023-11-13T01:41:29+01:00\">13. listopadu 2023<\/time><\/div>\n\n<\/div>\n\n\n<div class=\"wp-block-post-excerpt\"><p class=\"wp-block-post-excerpt__excerpt\">DIY adventn\u00ed v\u011bnce s v\u00e1no\u010dn\u00edmi hv\u011bzdami jsou poutav\u00e9 a z\u00e1rove\u0148 jednoduch\u00e9 na v\u00fdrobu. Inspirujte se na\u0161imi n\u00e1pady. V\u00e1noce se bl\u00ed\u017e\u00ed!<\/p><p class=\"wp-block-post-excerpt__more-text\"><a class=\"wp-block-post-excerpt__more-link\" href=\"https:\/\/starsforeurope.com\/cz\/blog\/diy-adventni-vence-s-vanocnimi-hvezdami\/\">P\u0159e\u010dt\u011bte si v\u00edce<\/a><\/p><\/div>\n<\/li><\/ul>\n\n\n\n<\/div>\n\n\n\n<div style=\"height:3rem\" aria-hidden=\"true\" class=\"wp-block-spacer\"><\/div>\n<\/main>","protected":false},"excerpt":{"rendered":"<p>Bu\u010fte kreativn\u00ed p\u0159i vytv\u00e1\u0159en\u00ed z\u00e1bavn\u00fdch a slavnostn\u00edch projekt\u016f s pou\u017eit\u00edm poinsetti\u00ed &#8211; ide\u00e1ln\u00ed pro sv\u00e1te\u010dn\u00ed \u0159emesla a ekologick\u00e9 dekorace!<\/p>\n","protected":false},"author":41,"featured_media":4352,"parent":22,"menu_order":0,"comment_status":"closed","ping_status":"closed","template":"two-column-blog-single","meta":{"_acf_changed":false,"footnotes":""},"class_list":["post-7397","page","type-page","status-publish","has-post-thumbnail","hentry"],"acf":[],"_links":{"self":[{"href":"https:\/\/starsforeurope.com\/cz\/wp-json\/wp\/v2\/pages\/7397","targetHints":{"allow":["GET"]}}],"collection":[{"href":"https:\/\/starsforeurope.com\/cz\/wp-json\/wp\/v2\/pages"}],"about":[{"href":"https:\/\/starsforeurope.com\/cz\/wp-json\/wp\/v2\/types\/page"}],"author":[{"embeddable":true,"href":"https:\/\/starsforeurope.com\/cz\/wp-json\/wp\/v2\/users\/41"}],"replies":[{"embeddable":true,"href":"https:\/\/starsforeurope.com\/cz\/wp-json\/wp\/v2\/comments?post=7397"}],"version-history":[{"count":1,"href":"https:\/\/starsforeurope.com\/cz\/wp-json\/wp\/v2\/pages\/7397\/revisions"}],"predecessor-version":[{"id":7398,"href":"https:\/\/starsforeurope.com\/cz\/wp-json\/wp\/v2\/pages\/7397\/revisions\/7398"}],"up":[{"embeddable":true,"href":"https:\/\/starsforeurope.com\/cz\/wp-json\/wp\/v2\/pages\/22"}],"wp:featuredmedia":[{"embeddable":true,"href":"https:\/\/starsforeurope.com\/cz\/wp-json\/wp\/v2\/media\/4352"}],"wp:attachment":[{"href":"https:\/\/starsforeurope.com\/cz\/wp-json\/wp\/v2\/media?parent=7397"}],"curies":[{"name":"wp","href":"https:\/\/api.w.org\/{rel}","templated":true}]}}