{"id":7395,"date":"2025-07-24T01:28:46","date_gmt":"2025-07-23T23:28:46","guid":{"rendered":"https:\/\/starsforeurope.com\/cz\/?page_id=7395"},"modified":"2025-08-18T20:36:44","modified_gmt":"2025-08-18T18:36:44","slug":"adventni-dekorace","status":"publish","type":"page","link":"https:\/\/starsforeurope.com\/cz\/dekorace\/adventni-dekorace\/","title":{"rendered":"Poinsettie v adventn\u00ed v\u00fdzdob\u011b"},"content":{"rendered":"<main class=\"wp-block-group postimage-half wide-content is-layout-flow wp-block-group-is-layout-flow\" style=\"margin-top:var(--wp--preset--spacing--50)\">\n<div style=\"height:3rem\" aria-hidden=\"true\" class=\"wp-block-spacer\"><\/div>\n\n\n\n<div class=\"wp-block-query is-layout-flow wp-block-query-is-layout-flow\"><ul class=\"columns-2 wp-block-post-template is-layout-grid wp-container-core-post-template-is-layout-37ef2942 wp-block-post-template-is-layout-grid\"><li class=\"wp-block-post post-7288 blog type-blog status-publish has-post-thumbnail hentry blog_cat-adventsdekoration blog_cat-weihnachtsbaumdekoration blog_cat-winterdeko blog_main-adventni-dekorace blog_main-dekorace blog_main-dekorace-na-stul\">\n<figure style=\"aspect-ratio:1;\" class=\"featuredimage wp-block-post-featured-image\"><a href=\"https:\/\/starsforeurope.com\/cz\/blog\/naladte-se-na-vanocni-atmosferu-24-napadu-na-dekorace-s-mini-vanocnimi-hvezdami\/\" target=\"_self\"  ><img loading=\"lazy\" decoding=\"async\" width=\"875\" height=\"1050\" src=\"https:\/\/starsforeurope.com\/cz\/wp-content\/uploads\/sites\/20\/2024\/11\/2019-poinsettia-4000-christmas-miniatures-05-1.jpg\" class=\"attachment-post-thumbnail size-post-thumbnail wp-post-image\" alt=\"Nala\u010fte se na v\u00e1no\u010dn\u00ed atmosf\u00e9ru: 24 n\u00e1pad\u016f na dekorace s mini v\u00e1no\u010dn\u00edmi hv\u011bzdami\" style=\"width:100%;height:100%;object-fit:cover;\" srcset=\"https:\/\/starsforeurope.com\/cz\/wp-content\/uploads\/sites\/20\/2024\/11\/2019-poinsettia-4000-christmas-miniatures-05-1.jpg 875w, https:\/\/starsforeurope.com\/cz\/wp-content\/uploads\/sites\/20\/2024\/11\/2019-poinsettia-4000-christmas-miniatures-05-1-250x300.jpg 250w, https:\/\/starsforeurope.com\/cz\/wp-content\/uploads\/sites\/20\/2024\/11\/2019-poinsettia-4000-christmas-miniatures-05-1-853x1024.jpg 853w, https:\/\/starsforeurope.com\/cz\/wp-content\/uploads\/sites\/20\/2024\/11\/2019-poinsettia-4000-christmas-miniatures-05-1-768x922.jpg 768w, https:\/\/starsforeurope.com\/cz\/wp-content\/uploads\/sites\/20\/2024\/11\/2019-poinsettia-4000-christmas-miniatures-05-1-563x675.jpg 563w\" sizes=\"auto, (max-width: 875px) 100vw, 875px\" \/><\/a><\/figure>\n\n<h3 class=\"wp-block-post-title\"><a href=\"https:\/\/starsforeurope.com\/cz\/blog\/naladte-se-na-vanocni-atmosferu-24-napadu-na-dekorace-s-mini-vanocnimi-hvezdami\/\" target=\"_self\" >Nala\u010fte se na v\u00e1no\u010dn\u00ed atmosf\u00e9ru: 24 n\u00e1pad\u016f na dekorace s mini v\u00e1no\u010dn\u00edmi hv\u011bzdami<\/a><\/h3>\n\n\n<div class=\"wp-block-group postmetaline is-nowrap is-layout-flex wp-container-core-group-is-layout-6c531013 wp-block-group-is-layout-flex\"><div class=\"wp-block-post-date\"><time datetime=\"2024-11-05T12:53:26+01:00\">05. listopadu 2024<\/time><\/div>\n\n<\/div>\n\n\n<div class=\"wp-block-post-excerpt\"><p class=\"wp-block-post-excerpt__excerpt\">Vytvo\u0159te si doma slavnostn\u00ed atmosf\u00e9ru pomoc\u00ed mini v\u00e1no\u010dn\u00edch hv\u011bzd. Objevte 24 kreativn\u00edch n\u00e1pad\u016f na v\u00fdzdobu adventn\u00edho v\u011bnce, slavnostn\u00ed dekorace na st\u016fl a dal\u0161\u00ed. Nechte se inspirovat!<\/p><p class=\"wp-block-post-excerpt__more-text\"><a class=\"wp-block-post-excerpt__more-link\" href=\"https:\/\/starsforeurope.com\/cz\/blog\/naladte-se-na-vanocni-atmosferu-24-napadu-na-dekorace-s-mini-vanocnimi-hvezdami\/\">P\u0159e\u010dt\u011bte si v\u00edce<\/a><\/p><\/div>\n<\/li><li class=\"wp-block-post post-7055 blog type-blog status-publish has-post-thumbnail hentry blog_cat-adventsdekoration blog_cat-dekorationsideen blog_main-adventni-dekorace blog_main-dekorace blog_main-diy-upcycling\">\n<figure style=\"aspect-ratio:1;\" class=\"featuredimage wp-block-post-featured-image\"><a href=\"https:\/\/starsforeurope.com\/cz\/blog\/diy-adventni-vence-s-vanocnimi-hvezdami\/\" target=\"_self\"  ><img loading=\"lazy\" decoding=\"async\" width=\"875\" height=\"1050\" src=\"https:\/\/starsforeurope.com\/cz\/wp-content\/uploads\/sites\/20\/2023\/10\/2023_poinsettia_01000_Jewels_of_Nature_12-1.jpg\" class=\"attachment-post-thumbnail size-post-thumbnail wp-post-image\" alt=\"DIY adventn\u00ed v\u011bnce s v\u00e1no\u010dn\u00edmi hv\u011bzdami\" style=\"width:100%;height:100%;object-fit:cover;\" srcset=\"https:\/\/starsforeurope.com\/cz\/wp-content\/uploads\/sites\/20\/2023\/10\/2023_poinsettia_01000_Jewels_of_Nature_12-1.jpg 875w, https:\/\/starsforeurope.com\/cz\/wp-content\/uploads\/sites\/20\/2023\/10\/2023_poinsettia_01000_Jewels_of_Nature_12-1-250x300.jpg 250w, https:\/\/starsforeurope.com\/cz\/wp-content\/uploads\/sites\/20\/2023\/10\/2023_poinsettia_01000_Jewels_of_Nature_12-1-853x1024.jpg 853w, https:\/\/starsforeurope.com\/cz\/wp-content\/uploads\/sites\/20\/2023\/10\/2023_poinsettia_01000_Jewels_of_Nature_12-1-768x922.jpg 768w, https:\/\/starsforeurope.com\/cz\/wp-content\/uploads\/sites\/20\/2023\/10\/2023_poinsettia_01000_Jewels_of_Nature_12-1-563x675.jpg 563w\" sizes=\"auto, (max-width: 875px) 100vw, 875px\" \/><\/a><\/figure>\n\n<h3 class=\"wp-block-post-title\"><a href=\"https:\/\/starsforeurope.com\/cz\/blog\/diy-adventni-vence-s-vanocnimi-hvezdami\/\" target=\"_self\" >DIY adventn\u00ed v\u011bnce s v\u00e1no\u010dn\u00edmi hv\u011bzdami<\/a><\/h3>\n\n\n<div class=\"wp-block-group postmetaline is-nowrap is-layout-flex wp-container-core-group-is-layout-6c531013 wp-block-group-is-layout-flex\"><div class=\"wp-block-post-date\"><time datetime=\"2023-11-13T01:41:29+01:00\">13. listopadu 2023<\/time><\/div>\n\n<\/div>\n\n\n<div class=\"wp-block-post-excerpt\"><p class=\"wp-block-post-excerpt__excerpt\">DIY adventn\u00ed v\u011bnce s v\u00e1no\u010dn\u00edmi hv\u011bzdami jsou poutav\u00e9 a z\u00e1rove\u0148 jednoduch\u00e9 na v\u00fdrobu. Inspirujte se na\u0161imi n\u00e1pady. V\u00e1noce se bl\u00ed\u017e\u00ed!<\/p><p class=\"wp-block-post-excerpt__more-text\"><a class=\"wp-block-post-excerpt__more-link\" href=\"https:\/\/starsforeurope.com\/cz\/blog\/diy-adventni-vence-s-vanocnimi-hvezdami\/\">P\u0159e\u010dt\u011bte si v\u00edce<\/a><\/p><\/div>\n<\/li><\/ul>\n\n\n\n<\/div>\n\n\n\n<div style=\"height:3rem\" aria-hidden=\"true\" class=\"wp-block-spacer\"><\/div>\n<\/main>","protected":false},"excerpt":{"rendered":"<p>Objevte elegantn\u00ed a smyslupln\u00e9 zp\u016fsoby, jak tuto klasickou rostlinu za\u010dlenit do adventn\u00edch v\u011bnc\u016f, st\u0159edov\u00fdch dekorac\u00ed a sv\u00e1te\u010dn\u00edch expozic.<\/p>\n","protected":false},"author":41,"featured_media":4352,"parent":22,"menu_order":0,"comment_status":"closed","ping_status":"closed","template":"two-column-blog-single","meta":{"_acf_changed":false,"footnotes":""},"class_list":["post-7395","page","type-page","status-publish","has-post-thumbnail","hentry"],"acf":[],"_links":{"self":[{"href":"https:\/\/starsforeurope.com\/cz\/wp-json\/wp\/v2\/pages\/7395","targetHints":{"allow":["GET"]}}],"collection":[{"href":"https:\/\/starsforeurope.com\/cz\/wp-json\/wp\/v2\/pages"}],"about":[{"href":"https:\/\/starsforeurope.com\/cz\/wp-json\/wp\/v2\/types\/page"}],"author":[{"embeddable":true,"href":"https:\/\/starsforeurope.com\/cz\/wp-json\/wp\/v2\/users\/41"}],"replies":[{"embeddable":true,"href":"https:\/\/starsforeurope.com\/cz\/wp-json\/wp\/v2\/comments?post=7395"}],"version-history":[{"count":1,"href":"https:\/\/starsforeurope.com\/cz\/wp-json\/wp\/v2\/pages\/7395\/revisions"}],"predecessor-version":[{"id":7396,"href":"https:\/\/starsforeurope.com\/cz\/wp-json\/wp\/v2\/pages\/7395\/revisions\/7396"}],"up":[{"embeddable":true,"href":"https:\/\/starsforeurope.com\/cz\/wp-json\/wp\/v2\/pages\/22"}],"wp:featuredmedia":[{"embeddable":true,"href":"https:\/\/starsforeurope.com\/cz\/wp-json\/wp\/v2\/media\/4352"}],"wp:attachment":[{"href":"https:\/\/starsforeurope.com\/cz\/wp-json\/wp\/v2\/media?parent=7395"}],"curies":[{"name":"wp","href":"https:\/\/api.w.org\/{rel}","templated":true}]}}