{"id":7393,"date":"2025-07-24T01:23:08","date_gmt":"2025-07-23T23:23:08","guid":{"rendered":"https:\/\/starsforeurope.com\/cz\/?page_id=7393"},"modified":"2025-08-18T20:36:44","modified_gmt":"2025-08-18T18:36:44","slug":"umisteni","status":"publish","type":"page","link":"https:\/\/starsforeurope.com\/cz\/pece\/umisteni\/","title":{"rendered":"Hled\u00e1n\u00ed ide\u00e1ln\u00edho m\u00edsta pro va\u0161i poinsettii"},"content":{"rendered":"<main class=\"wp-block-group postimage-half wide-content is-layout-flow wp-block-group-is-layout-flow\" style=\"margin-top:var(--wp--preset--spacing--50)\">\n<div style=\"height:3rem\" aria-hidden=\"true\" class=\"wp-block-spacer\"><\/div>\n\n\n\n<div class=\"wp-block-query is-layout-flow wp-block-query-is-layout-flow\"><ul class=\"columns-2 wp-block-post-template is-layout-grid wp-container-core-post-template-is-layout-37ef2942 wp-block-post-template-is-layout-grid\"><li class=\"wp-block-post post-7030 blog type-blog status-publish has-post-thumbnail hentry blog_cat-pflege blog_main-obecna-pece blog_main-pece blog_main-umisteni\">\n<figure style=\"aspect-ratio:1;\" class=\"featuredimage wp-block-post-featured-image\"><a href=\"https:\/\/starsforeurope.com\/cz\/blog\/idealni-misto-pro-vanocni-hvezdu\/\" target=\"_self\"  ><img loading=\"lazy\" decoding=\"async\" width=\"1050\" height=\"875\" src=\"https:\/\/starsforeurope.com\/cz\/wp-content\/uploads\/sites\/20\/2023\/10\/2021-poinsettia-04000-autumnal-glow-08-1.jpg\" class=\"attachment-post-thumbnail size-post-thumbnail wp-post-image\" alt=\"Ide\u00e1ln\u00ed m\u00edsto pro v\u00e1no\u010dn\u00ed hv\u011bzdu\" style=\"width:100%;height:100%;object-fit:cover;\" srcset=\"https:\/\/starsforeurope.com\/cz\/wp-content\/uploads\/sites\/20\/2023\/10\/2021-poinsettia-04000-autumnal-glow-08-1.jpg 1050w, https:\/\/starsforeurope.com\/cz\/wp-content\/uploads\/sites\/20\/2023\/10\/2021-poinsettia-04000-autumnal-glow-08-1-300x250.jpg 300w, https:\/\/starsforeurope.com\/cz\/wp-content\/uploads\/sites\/20\/2023\/10\/2021-poinsettia-04000-autumnal-glow-08-1-1024x853.jpg 1024w, https:\/\/starsforeurope.com\/cz\/wp-content\/uploads\/sites\/20\/2023\/10\/2021-poinsettia-04000-autumnal-glow-08-1-768x640.jpg 768w, https:\/\/starsforeurope.com\/cz\/wp-content\/uploads\/sites\/20\/2023\/10\/2021-poinsettia-04000-autumnal-glow-08-1-810x675.jpg 810w\" sizes=\"auto, (max-width: 1050px) 100vw, 1050px\" \/><\/a><\/figure>\n\n<h3 class=\"wp-block-post-title\"><a href=\"https:\/\/starsforeurope.com\/cz\/blog\/idealni-misto-pro-vanocni-hvezdu\/\" target=\"_self\" >Ide\u00e1ln\u00ed m\u00edsto pro v\u00e1no\u010dn\u00ed hv\u011bzdu<\/a><\/h3>\n\n\n<div class=\"wp-block-group postmetaline is-nowrap is-layout-flex wp-container-core-group-is-layout-6c531013 wp-block-group-is-layout-flex\"><div class=\"wp-block-post-date\"><time datetime=\"2023-11-05T01:26:28+01:00\">05. listopadu 2023<\/time><\/div>\n\n<\/div>\n\n\n<div class=\"wp-block-post-excerpt\"><p class=\"wp-block-post-excerpt__excerpt\">Ide\u00e1ln\u00ed m\u00edsto, spr\u00e1vn\u00e1 teplota a dobr\u00e9 sv\u011bteln\u00e9 podm\u00ednky: objasn\u00edme si, co v\u00e1no\u010dn\u00ed hvezdy skute\u010dn\u011b pot\u0159ebuj\u00ed, aby vypadaly co nejd\u00e9le co nejl\u00e9pe<\/p><p class=\"wp-block-post-excerpt__more-text\"><a class=\"wp-block-post-excerpt__more-link\" href=\"https:\/\/starsforeurope.com\/cz\/blog\/idealni-misto-pro-vanocni-hvezdu\/\">P\u0159e\u010dt\u011bte si v\u00edce<\/a><\/p><\/div>\n<\/li><\/ul>\n\n\n\n<\/div>\n\n\n\n<div style=\"height:3rem\" aria-hidden=\"true\" class=\"wp-block-spacer\"><\/div>\n<\/main>","protected":false},"excerpt":{"rendered":"<p>Na um\u00edst\u011bn\u00ed z\u00e1le\u017e\u00ed! Objevte ide\u00e1ln\u00ed m\u00edsto ve va\u0161em dom\u011b nebo na zahrad\u011b, aby va\u0161e poinsettie byla \u0161\u0165astn\u00e1 a prosp\u00edvala. <\/p>\n","protected":false},"author":41,"featured_media":7345,"parent":20,"menu_order":0,"comment_status":"closed","ping_status":"closed","template":"two-column-blog-single","meta":{"_acf_changed":false,"footnotes":""},"class_list":["post-7393","page","type-page","status-publish","has-post-thumbnail","hentry"],"acf":[],"_links":{"self":[{"href":"https:\/\/starsforeurope.com\/cz\/wp-json\/wp\/v2\/pages\/7393","targetHints":{"allow":["GET"]}}],"collection":[{"href":"https:\/\/starsforeurope.com\/cz\/wp-json\/wp\/v2\/pages"}],"about":[{"href":"https:\/\/starsforeurope.com\/cz\/wp-json\/wp\/v2\/types\/page"}],"author":[{"embeddable":true,"href":"https:\/\/starsforeurope.com\/cz\/wp-json\/wp\/v2\/users\/41"}],"replies":[{"embeddable":true,"href":"https:\/\/starsforeurope.com\/cz\/wp-json\/wp\/v2\/comments?post=7393"}],"version-history":[{"count":1,"href":"https:\/\/starsforeurope.com\/cz\/wp-json\/wp\/v2\/pages\/7393\/revisions"}],"predecessor-version":[{"id":7394,"href":"https:\/\/starsforeurope.com\/cz\/wp-json\/wp\/v2\/pages\/7393\/revisions\/7394"}],"up":[{"embeddable":true,"href":"https:\/\/starsforeurope.com\/cz\/wp-json\/wp\/v2\/pages\/20"}],"wp:featuredmedia":[{"embeddable":true,"href":"https:\/\/starsforeurope.com\/cz\/wp-json\/wp\/v2\/media\/7345"}],"wp:attachment":[{"href":"https:\/\/starsforeurope.com\/cz\/wp-json\/wp\/v2\/media?parent=7393"}],"curies":[{"name":"wp","href":"https:\/\/api.w.org\/{rel}","templated":true}]}}