{"id":7388,"date":"2025-07-24T01:11:07","date_gmt":"2025-07-23T23:11:07","guid":{"rendered":"https:\/\/starsforeurope.com\/cz\/?page_id=7388"},"modified":"2025-08-18T20:36:44","modified_gmt":"2025-08-18T18:36:44","slug":"zalevani","status":"publish","type":"page","link":"https:\/\/starsforeurope.com\/cz\/pece\/zalevani\/","title":{"rendered":"Zal\u00e9v\u00e1n\u00ed poinsetti\u00ed"},"content":{"rendered":"<main class=\"wp-block-group postimage-half wide-content is-layout-flow wp-block-group-is-layout-flow\" style=\"margin-top:var(--wp--preset--spacing--50)\">\n<div style=\"height:3rem\" aria-hidden=\"true\" class=\"wp-block-spacer\"><\/div>\n\n\n\n<div class=\"wp-block-query is-layout-flow wp-block-query-is-layout-flow\"><ul class=\"columns-2 wp-block-post-template is-layout-grid wp-container-core-post-template-is-layout-37ef2942 wp-block-post-template-is-layout-grid\"><li class=\"wp-block-post post-7048 blog type-blog status-publish has-post-thumbnail hentry blog_cat-pflege blog_main-pece blog_main-zalevani\">\n<figure style=\"aspect-ratio:1;\" class=\"featuredimage wp-block-post-featured-image\"><a href=\"https:\/\/starsforeurope.com\/cz\/blog\/spravne-zalevani-vanocnich-hvezd\/\" target=\"_self\"  ><img loading=\"lazy\" decoding=\"async\" width=\"853\" height=\"1024\" src=\"https:\/\/starsforeurope.com\/cz\/wp-content\/uploads\/sites\/20\/2023\/11\/2022_poinsettia_03000_varieties_03-853x1024-1.jpg\" class=\"attachment-post-thumbnail size-post-thumbnail wp-post-image\" alt=\"Spr\u00e1vn\u00e9 zal\u00e9v\u00e1n\u00ed v\u00e1no\u010dn\u00edch hv\u011bzd\" style=\"width:100%;height:100%;object-fit:cover;\" srcset=\"https:\/\/starsforeurope.com\/cz\/wp-content\/uploads\/sites\/20\/2023\/11\/2022_poinsettia_03000_varieties_03-853x1024-1.jpg 853w, https:\/\/starsforeurope.com\/cz\/wp-content\/uploads\/sites\/20\/2023\/11\/2022_poinsettia_03000_varieties_03-853x1024-1-250x300.jpg 250w, https:\/\/starsforeurope.com\/cz\/wp-content\/uploads\/sites\/20\/2023\/11\/2022_poinsettia_03000_varieties_03-853x1024-1-768x922.jpg 768w, https:\/\/starsforeurope.com\/cz\/wp-content\/uploads\/sites\/20\/2023\/11\/2022_poinsettia_03000_varieties_03-853x1024-1-562x675.jpg 562w\" sizes=\"auto, (max-width: 853px) 100vw, 853px\" \/><\/a><\/figure>\n\n<h3 class=\"wp-block-post-title\"><a href=\"https:\/\/starsforeurope.com\/cz\/blog\/spravne-zalevani-vanocnich-hvezd\/\" target=\"_self\" >Spr\u00e1vn\u00e9 zal\u00e9v\u00e1n\u00ed v\u00e1no\u010dn\u00edch hv\u011bzd<\/a><\/h3>\n\n\n<div class=\"wp-block-group postmetaline is-nowrap is-layout-flex wp-container-core-group-is-layout-6c531013 wp-block-group-is-layout-flex\"><div class=\"wp-block-post-date\"><time datetime=\"2023-11-12T01:11:39+01:00\">12. listopadu 2023<\/time><\/div>\n\n<\/div>\n\n\n<div class=\"wp-block-post-excerpt\"><p class=\"wp-block-post-excerpt__excerpt\">Spr\u00e1vn\u00e9 zal\u00e9v\u00e1n\u00ed v\u00e1no\u010dn\u00edch hv\u011bzd je udr\u017e\u00ed v kr\u00e1sn\u00e9m stavu. Tyto praktick\u00e9 n\u00e1vody na zal\u00e9v\u00e1n\u00ed od skute\u010dn\u00fdch odborn\u00edk\u016f na v\u00e1no\u010dn\u00ed hv\u011bzdy v\u00e1m pomohou co nejl\u00e9pe splnit po\u017eadavky na vodu va\u0161ich obl\u00edben\u00fdch kv\u011btin<\/p><p class=\"wp-block-post-excerpt__more-text\"><a class=\"wp-block-post-excerpt__more-link\" href=\"https:\/\/starsforeurope.com\/cz\/blog\/spravne-zalevani-vanocnich-hvezd\/\">P\u0159e\u010dt\u011bte si v\u00edce<\/a><\/p><\/div>\n<\/li><\/ul>\n\n\n\n<\/div>\n\n\n\n<div style=\"height:3rem\" aria-hidden=\"true\" class=\"wp-block-spacer\"><\/div>\n<\/main>","protected":false},"excerpt":{"rendered":"<p>Udr\u017eujte sv\u00e9 poinsettie sv\u011b\u017e\u00ed a sv\u00e1te\u010dn\u00ed d\u00edky t\u011bmto jednoduch\u00fdm tip\u016fm na zal\u00e9v\u00e1n\u00ed.<\/p>\n","protected":false},"author":41,"featured_media":7345,"parent":20,"menu_order":0,"comment_status":"closed","ping_status":"closed","template":"two-column-blog-single","meta":{"_acf_changed":false,"footnotes":""},"class_list":["post-7388","page","type-page","status-publish","has-post-thumbnail","hentry"],"acf":[],"_links":{"self":[{"href":"https:\/\/starsforeurope.com\/cz\/wp-json\/wp\/v2\/pages\/7388","targetHints":{"allow":["GET"]}}],"collection":[{"href":"https:\/\/starsforeurope.com\/cz\/wp-json\/wp\/v2\/pages"}],"about":[{"href":"https:\/\/starsforeurope.com\/cz\/wp-json\/wp\/v2\/types\/page"}],"author":[{"embeddable":true,"href":"https:\/\/starsforeurope.com\/cz\/wp-json\/wp\/v2\/users\/41"}],"replies":[{"embeddable":true,"href":"https:\/\/starsforeurope.com\/cz\/wp-json\/wp\/v2\/comments?post=7388"}],"version-history":[{"count":1,"href":"https:\/\/starsforeurope.com\/cz\/wp-json\/wp\/v2\/pages\/7388\/revisions"}],"predecessor-version":[{"id":7389,"href":"https:\/\/starsforeurope.com\/cz\/wp-json\/wp\/v2\/pages\/7388\/revisions\/7389"}],"up":[{"embeddable":true,"href":"https:\/\/starsforeurope.com\/cz\/wp-json\/wp\/v2\/pages\/20"}],"wp:featuredmedia":[{"embeddable":true,"href":"https:\/\/starsforeurope.com\/cz\/wp-json\/wp\/v2\/media\/7345"}],"wp:attachment":[{"href":"https:\/\/starsforeurope.com\/cz\/wp-json\/wp\/v2\/media?parent=7388"}],"curies":[{"name":"wp","href":"https:\/\/api.w.org\/{rel}","templated":true}]}}