{"id":7,"date":"2021-11-17T18:38:03","date_gmt":"2021-11-17T18:38:03","guid":{"rendered":"https:\/\/weihnachtsstern.kinsta.cloud\/cz\/?page_id=7"},"modified":"2026-02-12T12:50:23","modified_gmt":"2026-02-12T11:50:23","slug":"tiskove-zpravy","status":"publish","type":"page","link":"https:\/\/starsforeurope.com\/cz\/tiskove-zpravy\/","title":{"rendered":"Hled\u00e1te materi\u00e1ly se zam\u011b\u0159en\u00edm na kv\u011btiny?"},"content":{"rendered":"<h2 class=\"wp-block-heading\">Nejnov\u011bj\u0161\u00ed tiskov\u00e9 zpr\u00e1vy<\/h2>\n\n\n\n<main class=\"wp-block-group postimage-half wide-content is-layout-flow wp-block-group-is-layout-flow\" style=\"margin-top:var(--wp--preset--spacing--50)\">\n<div style=\"height:3rem\" aria-hidden=\"true\" class=\"wp-block-spacer\"><\/div>\n\n\n\n<div class=\"wp-block-query is-layout-flow wp-block-query-is-layout-flow\"><ul class=\"columns-2 wp-block-post-template is-layout-grid wp-container-core-post-template-is-layout-37ef2942 wp-block-post-template-is-layout-grid\"><li class=\"wp-block-post post-7626 press type-press status-publish has-post-thumbnail hentry press_cat-care press_main-pece press_main-pressemitteilungen\">\n<figure style=\"aspect-ratio:1;\" class=\"featuredimage wp-block-post-featured-image\"><a href=\"https:\/\/starsforeurope.com\/cz\/press\/udrzujte-sve-hvezdy-zarive-top-tipy-pro-peci-o-vanocni-hvezdy\/\" target=\"_self\"  ><img loading=\"lazy\" decoding=\"async\" width=\"875\" height=\"1050\" src=\"https:\/\/starsforeurope.com\/cz\/wp-content\/uploads\/sites\/20\/2026\/02\/2025_Poinsettia_03000_Traditional_Christmas_Spirit_46.jpg\" class=\"attachment-post-thumbnail size-post-thumbnail wp-post-image\" alt=\"Udr\u017eujte sv\u00e9 hv\u011bzdy z\u00e1\u0159iv\u00e9: top tipy pro p\u00e9\u010di o v\u00e1no\u010dn\u00ed hv\u011bzdy.\" style=\"width:100%;height:100%;object-fit:cover;\" srcset=\"https:\/\/starsforeurope.com\/cz\/wp-content\/uploads\/sites\/20\/2026\/02\/2025_Poinsettia_03000_Traditional_Christmas_Spirit_46.jpg 875w, https:\/\/starsforeurope.com\/cz\/wp-content\/uploads\/sites\/20\/2026\/02\/2025_Poinsettia_03000_Traditional_Christmas_Spirit_46-250x300.jpg 250w, https:\/\/starsforeurope.com\/cz\/wp-content\/uploads\/sites\/20\/2026\/02\/2025_Poinsettia_03000_Traditional_Christmas_Spirit_46-853x1024.jpg 853w, https:\/\/starsforeurope.com\/cz\/wp-content\/uploads\/sites\/20\/2026\/02\/2025_Poinsettia_03000_Traditional_Christmas_Spirit_46-768x922.jpg 768w\" sizes=\"auto, (max-width: 875px) 100vw, 875px\" \/><\/a><\/figure>\n\n<h3 class=\"wp-block-post-title\"><a href=\"https:\/\/starsforeurope.com\/cz\/press\/udrzujte-sve-hvezdy-zarive-top-tipy-pro-peci-o-vanocni-hvezdy\/\" target=\"_self\" >Udr\u017eujte sv\u00e9 hv\u011bzdy z\u00e1\u0159iv\u00e9: top tipy pro p\u00e9\u010di o v\u00e1no\u010dn\u00ed hv\u011bzdy.<\/a><\/h3>\n\n\n<div class=\"wp-block-group postmetaline is-nowrap is-layout-flex wp-container-core-group-is-layout-6c531013 wp-block-group-is-layout-flex\"><div class=\"wp-block-post-date\"><time datetime=\"2025-12-10T10:00:00+01:00\">10. prosince 2025<\/time><\/div>\n\n<\/div>\n\n\n<div class=\"wp-block-post-excerpt\"><p class=\"wp-block-post-excerpt__excerpt\">Zde se dozv\u00edte, jak\u00e9 tipy pro p\u00e9\u010di v\u00e1m pomohou udr\u017eet v\u00e1no\u010dn\u00ed hv\u011bzdy v pln\u00e9 kr\u00e1se po mnoho t\u00fddn\u016f.<\/p><p class=\"wp-block-post-excerpt__more-text\"><a class=\"wp-block-post-excerpt__more-link\" href=\"https:\/\/starsforeurope.com\/cz\/press\/udrzujte-sve-hvezdy-zarive-top-tipy-pro-peci-o-vanocni-hvezdy\/\">P\u0159e\u010dt\u011bte si v\u00edce<\/a><\/p><\/div>\n<\/li><li class=\"wp-block-post post-5055 press type-press status-publish has-post-thumbnail hentry press_cat-advent-decoration press_cat-table-decoration press_cat-diy press_cat-autumn-decor-houseplants press_main-dekorace press_main-dekorace-na-stul press_main-diy-upcyklace press_main-pressemitteilungen\">\n<figure style=\"aspect-ratio:1;\" class=\"featuredimage wp-block-post-featured-image\"><a href=\"https:\/\/starsforeurope.com\/cz\/press\/dekorace-na-stul-z-vanocnich-hvezd-stylova-vyzdoba-pro-kazdou-svatecni-prilezitost\/\" target=\"_self\"  ><img loading=\"lazy\" decoding=\"async\" width=\"875\" height=\"1050\" src=\"https:\/\/starsforeurope.com\/cz\/wp-content\/uploads\/sites\/20\/2024\/10\/2024_Poinsettia_02000_Modern_Vintage_Fusion_03.jpg\" class=\"attachment-post-thumbnail size-post-thumbnail wp-post-image\" alt=\"Dekorace na st\u016fl z v\u00e1no\u010dn\u00edch hv\u011bzd. Stylov\u00e1 v\u00fdzdoba pro ka\u017edou sv\u00e1te\u010dn\u00ed p\u0159\u00edle\u017eitost\" style=\"width:100%;height:100%;object-fit:cover;\" srcset=\"https:\/\/starsforeurope.com\/cz\/wp-content\/uploads\/sites\/20\/2024\/10\/2024_Poinsettia_02000_Modern_Vintage_Fusion_03.jpg 875w, https:\/\/starsforeurope.com\/cz\/wp-content\/uploads\/sites\/20\/2024\/10\/2024_Poinsettia_02000_Modern_Vintage_Fusion_03-250x300.jpg 250w, https:\/\/starsforeurope.com\/cz\/wp-content\/uploads\/sites\/20\/2024\/10\/2024_Poinsettia_02000_Modern_Vintage_Fusion_03-853x1024.jpg 853w, https:\/\/starsforeurope.com\/cz\/wp-content\/uploads\/sites\/20\/2024\/10\/2024_Poinsettia_02000_Modern_Vintage_Fusion_03-768x922.jpg 768w, https:\/\/starsforeurope.com\/cz\/wp-content\/uploads\/sites\/20\/2024\/10\/2024_Poinsettia_02000_Modern_Vintage_Fusion_03-563x675.jpg 563w\" sizes=\"auto, (max-width: 875px) 100vw, 875px\" \/><\/a><\/figure>\n\n<h3 class=\"wp-block-post-title\"><a href=\"https:\/\/starsforeurope.com\/cz\/press\/dekorace-na-stul-z-vanocnich-hvezd-stylova-vyzdoba-pro-kazdou-svatecni-prilezitost\/\" target=\"_self\" >Dekorace na st\u016fl z v\u00e1no\u010dn\u00edch hv\u011bzd. Stylov\u00e1 v\u00fdzdoba pro ka\u017edou sv\u00e1te\u010dn\u00ed p\u0159\u00edle\u017eitost<\/a><\/h3>\n\n\n<div class=\"wp-block-group postmetaline is-nowrap is-layout-flex wp-container-core-group-is-layout-6c531013 wp-block-group-is-layout-flex\"><div class=\"wp-block-post-date\"><time datetime=\"2024-11-10T07:00:00+01:00\">10. listopadu 2024<\/time><\/div>\n\n<\/div>\n\n\n<div class=\"wp-block-post-excerpt\"><p class=\"wp-block-post-excerpt__excerpt\">Poinsettie zdob\u00ed elegantn\u00ed slavnostn\u00ed st\u016fl i sn\u00edda\u0148ov\u00fd nebo konferen\u010dn\u00ed stolek. P\u0159edstavujeme dekorace na st\u016fl pro ka\u017edou p\u0159\u00edle\u017eitost<\/p><p class=\"wp-block-post-excerpt__more-text\"><a class=\"wp-block-post-excerpt__more-link\" href=\"https:\/\/starsforeurope.com\/cz\/press\/dekorace-na-stul-z-vanocnich-hvezd-stylova-vyzdoba-pro-kazdou-svatecni-prilezitost\/\">P\u0159e\u010dt\u011bte si v\u00edce<\/a><\/p><\/div>\n<\/li><li class=\"wp-block-post post-5027 press type-press status-publish has-post-thumbnail hentry press_cat-decoration-tips press_cat-autumn-decor-houseplants press_main-dekorace press_main-diy-upcyklace press_main-napady-na-darky press_main-pressemitteilungen\">\n<figure style=\"aspect-ratio:1;\" class=\"featuredimage wp-block-post-featured-image\"><a href=\"https:\/\/starsforeurope.com\/cz\/press\/kreativni-napady-na-darky-s-vanocnimi-hvezdami-symbolicke-darky-pro-kazdou-prilezitost\/\" target=\"_self\"  ><img loading=\"lazy\" decoding=\"async\" width=\"875\" height=\"1050\" src=\"https:\/\/starsforeurope.com\/cz\/wp-content\/uploads\/sites\/20\/2024\/10\/2024_Poinsettia_03000_Country_Chic_in_Blue_08.jpg\" class=\"attachment-post-thumbnail size-post-thumbnail wp-post-image\" alt=\"Kreativn\u00ed n\u00e1pady na d\u00e1rky s v\u00e1no\u010dn\u00edmi hv\u011bzdami. Symbolick\u00e9 d\u00e1rky pro ka\u017edou p\u0159\u00edle\u017eitost\" style=\"width:100%;height:100%;object-fit:cover;\" srcset=\"https:\/\/starsforeurope.com\/cz\/wp-content\/uploads\/sites\/20\/2024\/10\/2024_Poinsettia_03000_Country_Chic_in_Blue_08.jpg 875w, https:\/\/starsforeurope.com\/cz\/wp-content\/uploads\/sites\/20\/2024\/10\/2024_Poinsettia_03000_Country_Chic_in_Blue_08-250x300.jpg 250w, https:\/\/starsforeurope.com\/cz\/wp-content\/uploads\/sites\/20\/2024\/10\/2024_Poinsettia_03000_Country_Chic_in_Blue_08-853x1024.jpg 853w, https:\/\/starsforeurope.com\/cz\/wp-content\/uploads\/sites\/20\/2024\/10\/2024_Poinsettia_03000_Country_Chic_in_Blue_08-768x922.jpg 768w, https:\/\/starsforeurope.com\/cz\/wp-content\/uploads\/sites\/20\/2024\/10\/2024_Poinsettia_03000_Country_Chic_in_Blue_08-563x675.jpg 563w\" sizes=\"auto, (max-width: 875px) 100vw, 875px\" \/><\/a><\/figure>\n\n<h3 class=\"wp-block-post-title\"><a href=\"https:\/\/starsforeurope.com\/cz\/press\/kreativni-napady-na-darky-s-vanocnimi-hvezdami-symbolicke-darky-pro-kazdou-prilezitost\/\" target=\"_self\" >Kreativn\u00ed n\u00e1pady na d\u00e1rky s v\u00e1no\u010dn\u00edmi hv\u011bzdami. Symbolick\u00e9 d\u00e1rky pro ka\u017edou p\u0159\u00edle\u017eitost<\/a><\/h3>\n\n\n<div class=\"wp-block-group postmetaline is-nowrap is-layout-flex wp-container-core-group-is-layout-6c531013 wp-block-group-is-layout-flex\"><div class=\"wp-block-post-date\"><time datetime=\"2024-11-05T07:00:18+01:00\">05. listopadu 2024<\/time><\/div>\n\n<\/div>\n\n\n<div class=\"wp-block-post-excerpt\"><p class=\"wp-block-post-excerpt__excerpt\">DIY aran\u017em\u00e1 s poinsetti\u00ed vyjad\u0159uje l\u00e1sku a uzn\u00e1n\u00ed. Nechte se inspirovat na\u0161imi n\u00e1pady na d\u00e1rky<\/p><p class=\"wp-block-post-excerpt__more-text\"><a class=\"wp-block-post-excerpt__more-link\" href=\"https:\/\/starsforeurope.com\/cz\/press\/kreativni-napady-na-darky-s-vanocnimi-hvezdami-symbolicke-darky-pro-kazdou-prilezitost\/\">P\u0159e\u010dt\u011bte si v\u00edce<\/a><\/p><\/div>\n<\/li><li class=\"wp-block-post post-5039 press type-press status-publish has-post-thumbnail hentry press_cat-care press_main-pece press_main-pressemitteilungen\">\n<figure style=\"aspect-ratio:1;\" class=\"featuredimage wp-block-post-featured-image\"><a href=\"https:\/\/starsforeurope.com\/cz\/press\/jak-se-spravne-starat-o-vanocni-hvezdy-predchazejte-rizikum-pri-pestovani-vanocnich-hvezd\/\" target=\"_self\"  ><img loading=\"lazy\" decoding=\"async\" width=\"875\" height=\"1050\" src=\"https:\/\/starsforeurope.com\/cz\/wp-content\/uploads\/sites\/20\/2024\/10\/2024_Poinsettia_04000_Cosy_Cottage_Charm_21.jpg\" class=\"attachment-post-thumbnail size-post-thumbnail wp-post-image\" alt=\"Jak se spr\u00e1vn\u011b starat o v\u00e1no\u010dn\u00ed hv\u011bzdy. P\u0159edch\u00e1zejte rizik\u016fm p\u0159i p\u011bstov\u00e1n\u00ed v\u00e1no\u010dn\u00edch hv\u011bzd\" style=\"width:100%;height:100%;object-fit:cover;\" srcset=\"https:\/\/starsforeurope.com\/cz\/wp-content\/uploads\/sites\/20\/2024\/10\/2024_Poinsettia_04000_Cosy_Cottage_Charm_21.jpg 875w, https:\/\/starsforeurope.com\/cz\/wp-content\/uploads\/sites\/20\/2024\/10\/2024_Poinsettia_04000_Cosy_Cottage_Charm_21-250x300.jpg 250w, https:\/\/starsforeurope.com\/cz\/wp-content\/uploads\/sites\/20\/2024\/10\/2024_Poinsettia_04000_Cosy_Cottage_Charm_21-853x1024.jpg 853w, https:\/\/starsforeurope.com\/cz\/wp-content\/uploads\/sites\/20\/2024\/10\/2024_Poinsettia_04000_Cosy_Cottage_Charm_21-768x922.jpg 768w, https:\/\/starsforeurope.com\/cz\/wp-content\/uploads\/sites\/20\/2024\/10\/2024_Poinsettia_04000_Cosy_Cottage_Charm_21-563x675.jpg 563w\" sizes=\"auto, (max-width: 875px) 100vw, 875px\" \/><\/a><\/figure>\n\n<h3 class=\"wp-block-post-title\"><a href=\"https:\/\/starsforeurope.com\/cz\/press\/jak-se-spravne-starat-o-vanocni-hvezdy-predchazejte-rizikum-pri-pestovani-vanocnich-hvezd\/\" target=\"_self\" >Jak se spr\u00e1vn\u011b starat o v\u00e1no\u010dn\u00ed hv\u011bzdy. P\u0159edch\u00e1zejte rizik\u016fm p\u0159i p\u011bstov\u00e1n\u00ed v\u00e1no\u010dn\u00edch hv\u011bzd<\/a><\/h3>\n\n\n<div class=\"wp-block-group postmetaline is-nowrap is-layout-flex wp-container-core-group-is-layout-6c531013 wp-block-group-is-layout-flex\"><div class=\"wp-block-post-date\"><time datetime=\"2024-10-29T10:38:38+01:00\">29. \u0159\u00edjna 2024<\/time><\/div>\n\n<\/div>\n\n\n<div class=\"wp-block-post-excerpt\"><p class=\"wp-block-post-excerpt__excerpt\">Chcete n\u00e1dhern\u00e9 poinsetie? Pokud v\u00edte, na co jsou poinsettie citliv\u00e9, m\u016f\u017eete se p\u0159i p\u00e9\u010di o n\u011b snadno vyhnout probl\u00e9m\u016fm<\/p><p class=\"wp-block-post-excerpt__more-text\"><a class=\"wp-block-post-excerpt__more-link\" href=\"https:\/\/starsforeurope.com\/cz\/press\/jak-se-spravne-starat-o-vanocni-hvezdy-predchazejte-rizikum-pri-pestovani-vanocnich-hvezd\/\">P\u0159e\u010dt\u011bte si v\u00edce<\/a><\/p><\/div>\n<\/li><\/ul>\n\n<nav class=\"wp-block-query-pagination is-content-justification-center is-layout-flex wp-container-core-query-pagination-is-layout-a89b3969 wp-block-query-pagination-is-layout-flex\" aria-label=\"Str\u00e1nkov\u00e1n\u00ed\">\n\n\n<div class=\"wp-block-query-pagination-numbers has-medium-font-size\"><span aria-current=\"page\" class=\"page-numbers current\">1<\/span>\n<a class=\"page-numbers\" href=\"?query-0-page=2\">2<\/a>\n<a class=\"page-numbers\" href=\"?query-0-page=3\">3<\/a>\n<span class=\"page-numbers dots\">&hellip;<\/span>\n<a class=\"page-numbers\" href=\"?query-0-page=8\">8<\/a><\/div>\n\n<a href=\"\/cz\/wp-json\/wp\/v2\/pages\/7?query-0-page=2\" class=\"wp-block-query-pagination-next\">\u22b3<\/a>\n<\/nav>\n\n<\/div>\n\n\n\n<div style=\"height:3rem\" aria-hidden=\"true\" class=\"wp-block-spacer\"><\/div>\n<\/main>","protected":false},"excerpt":{"rendered":"<p>Nab\u00edz\u00edme rozs\u00e1hl\u00e9 tiskov\u00e9 materi\u00e1ly a fotobanku s profesion\u00e1ln\u00edmi fotografiemi zam\u011b\u0159en\u00fdmi na v\u00e1no\u010dn\u00ed hv\u011bzdu. V\u011b\u0159\u00edme, \u017ee novin\u00e1\u0159i zde najdou v\u0161e, co hledaj\u00ed.<\/p>\n","protected":false},"author":1,"featured_media":7632,"parent":0,"menu_order":0,"comment_status":"closed","ping_status":"closed","template":"two-column-press","meta":{"_acf_changed":false,"footnotes":""},"class_list":["post-7","page","type-page","status-publish","has-post-thumbnail","hentry"],"acf":[],"_links":{"self":[{"href":"https:\/\/starsforeurope.com\/cz\/wp-json\/wp\/v2\/pages\/7","targetHints":{"allow":["GET"]}}],"collection":[{"href":"https:\/\/starsforeurope.com\/cz\/wp-json\/wp\/v2\/pages"}],"about":[{"href":"https:\/\/starsforeurope.com\/cz\/wp-json\/wp\/v2\/types\/page"}],"author":[{"embeddable":true,"href":"https:\/\/starsforeurope.com\/cz\/wp-json\/wp\/v2\/users\/1"}],"replies":[{"embeddable":true,"href":"https:\/\/starsforeurope.com\/cz\/wp-json\/wp\/v2\/comments?post=7"}],"version-history":[{"count":28,"href":"https:\/\/starsforeurope.com\/cz\/wp-json\/wp\/v2\/pages\/7\/revisions"}],"predecessor-version":[{"id":7556,"href":"https:\/\/starsforeurope.com\/cz\/wp-json\/wp\/v2\/pages\/7\/revisions\/7556"}],"wp:featuredmedia":[{"embeddable":true,"href":"https:\/\/starsforeurope.com\/cz\/wp-json\/wp\/v2\/media\/7632"}],"wp:attachment":[{"href":"https:\/\/starsforeurope.com\/cz\/wp-json\/wp\/v2\/media?parent=7"}],"curies":[{"name":"wp","href":"https:\/\/api.w.org\/{rel}","templated":true}]}}