{"id":5,"date":"2021-11-17T18:26:06","date_gmt":"2021-11-17T17:26:06","guid":{"rendered":"https:\/\/weihnachtsstern.kinsta.cloud\/cz\/?page_id=5"},"modified":"2026-02-12T12:50:22","modified_gmt":"2026-02-12T11:50:22","slug":"domovska-stranka","status":"publish","type":"page","link":"https:\/\/starsforeurope.com\/cz\/","title":{"rendered":"Inspirace a informace o v\u00e1no\u010dn\u00edch hv\u011bzd\u00e1ch"},"content":{"rendered":"","protected":false},"excerpt":{"rendered":"<p>Barevn\u00e9 v\u00e1no\u010dn\u00ed hv\u011bzdy z\u00fatul\u0148uj\u00ed domov v podzimn\u00edch a zimn\u00edch m\u011bs\u00edc\u00edch. Najdete zde tipy a n\u00e1vody k vytvo\u0159en\u00ed sv\u00e1te\u010dn\u00edch a v\u00e1no\u010dn\u00edch dekorac\u00ed.<\/p>\n","protected":false},"author":1,"featured_media":7633,"parent":0,"menu_order":0,"comment_status":"closed","ping_status":"closed","template":"two-column-blog-single","meta":{"_acf_changed":false,"footnotes":""},"class_list":["post-5","page","type-page","status-publish","has-post-thumbnail","hentry"],"acf":[],"_links":{"self":[{"href":"https:\/\/starsforeurope.com\/cz\/wp-json\/wp\/v2\/pages\/5","targetHints":{"allow":["GET"]}}],"collection":[{"href":"https:\/\/starsforeurope.com\/cz\/wp-json\/wp\/v2\/pages"}],"about":[{"href":"https:\/\/starsforeurope.com\/cz\/wp-json\/wp\/v2\/types\/page"}],"author":[{"embeddable":true,"href":"https:\/\/starsforeurope.com\/cz\/wp-json\/wp\/v2\/users\/1"}],"replies":[{"embeddable":true,"href":"https:\/\/starsforeurope.com\/cz\/wp-json\/wp\/v2\/comments?post=5"}],"version-history":[{"count":47,"href":"https:\/\/starsforeurope.com\/cz\/wp-json\/wp\/v2\/pages\/5\/revisions"}],"predecessor-version":[{"id":7490,"href":"https:\/\/starsforeurope.com\/cz\/wp-json\/wp\/v2\/pages\/5\/revisions\/7490"}],"wp:featuredmedia":[{"embeddable":true,"href":"https:\/\/starsforeurope.com\/cz\/wp-json\/wp\/v2\/media\/7633"}],"wp:attachment":[{"href":"https:\/\/starsforeurope.com\/cz\/wp-json\/wp\/v2\/media?parent=5"}],"curies":[{"name":"wp","href":"https:\/\/api.w.org\/{rel}","templated":true}]}}