{"id":487,"date":"2021-12-17T12:27:34","date_gmt":"2021-12-17T12:27:34","guid":{"rendered":"https:\/\/weihnachtsstern.kinsta.cloud\/cz\/?page_id=487"},"modified":"2025-08-05T01:57:26","modified_gmt":"2025-08-04T23:57:26","slug":"tiraz","status":"publish","type":"page","link":"https:\/\/starsforeurope.com\/cz\/tiraz\/","title":{"rendered":"Tir\u00e1\u017e"},"content":{"rendered":"<div class=\"wp-block-columns is-layout-flex wp-container-core-columns-is-layout-28f84493 wp-block-columns-is-layout-flex\">\r\n<div class=\"wp-block-column is-layout-flow wp-block-column-is-layout-flow\">\r\n<h2 class=\"wp-block-heading\">Ochrana dat<\/h2>\r\n\r\n\r\n\r\n<p>Za obsah t\u011bchto webov\u00fdch str\u00e1nek ve smyslu dodr\u017een\u00ed n\u011bmeck\u00e9 legislativy odpov\u00edd\u00e1:<\/p>\r\n\r\n\r\n\r\n<p>Stars for Europe GbR <br \/>c\/o Zentralverband Gartenbau <br \/>Bornheimerstra\u00dfe 37, <br \/>53111 Bonn, <br \/>N\u011bmecko <br \/>Managing Director: Leo Hoogendoorn <br \/>Europ\u00e4ische Projektleitung: Dr. Susanne Lux<\/p>\r\n\r\n\r\n\r\n<p>Telefon: + 49 2644 981333 <br \/>Mail: susanne.lux(at)meclux.de<\/p>\r\n\r\n\r\n\r\n<p>VAT-ID: DE224966758 <br \/>Tax number: 206\/5779\/0607<\/p>\r\n\r\n\r\n\r\n<h2 class=\"wp-block-heading\">Pr\u00e1vn\u00ed dolo\u017eka<\/h2>\r\n\r\n\r\n\r\n<p>Vyj\u00e1d\u0159en\u00e9 n\u00e1zory a stanoviska jsou v\u0161ak n\u00e1zory a stanovisky autor\u016f a nemus\u00ed nutn\u011b odr\u00e1\u017eet n\u00e1zory Evropsk\u00e9 unie nebo Evropsk\u00e9 v\u00fdkonn\u00e9 agentury pro v\u00fdzkum (REA). Evropsk\u00e1 unie ani org\u00e1n poskytuj\u00edc\u00ed podporu za n\u011b nenesou odpov\u011bdnost.<\/p>\r\n<\/div>\r\n<\/div>\r\n\r\n<p>&nbsp;<\/p>","protected":false},"excerpt":{"rendered":"<p>Ochrana dat Za obsah t\u011bchto webov\u00fdch str\u00e1nek ve smyslu dodr\u017een\u00ed n\u011bmeck\u00e9 legislativy odpov\u00edd\u00e1: Stars for Europe GbR c\/o Zentralverband Gartenbau Bornheimerstra\u00dfe 37, 53111 Bonn, N\u011bmecko Managing Director: Leo Hoogendoorn Europ\u00e4ische Projektleitung: Dr. Susanne Lux Telefon: + 49 2644 981333 Mail: susanne.lux(at)meclux.de VAT-ID: DE224966758 Tax number: 206\/5779\/0607 Pr\u00e1vn\u00ed dolo\u017eka Vyj\u00e1d\u0159en\u00e9 n\u00e1zory a stanoviska jsou v\u0161ak n\u00e1zory [&hellip;]<\/p>\n","protected":false},"author":1,"featured_media":0,"parent":0,"menu_order":0,"comment_status":"closed","ping_status":"closed","template":"simple-post-no-header-image","meta":{"_acf_changed":false,"footnotes":""},"class_list":["post-487","page","type-page","status-publish","hentry"],"acf":[],"_links":{"self":[{"href":"https:\/\/starsforeurope.com\/cz\/wp-json\/wp\/v2\/pages\/487","targetHints":{"allow":["GET"]}}],"collection":[{"href":"https:\/\/starsforeurope.com\/cz\/wp-json\/wp\/v2\/pages"}],"about":[{"href":"https:\/\/starsforeurope.com\/cz\/wp-json\/wp\/v2\/types\/page"}],"author":[{"embeddable":true,"href":"https:\/\/starsforeurope.com\/cz\/wp-json\/wp\/v2\/users\/1"}],"replies":[{"embeddable":true,"href":"https:\/\/starsforeurope.com\/cz\/wp-json\/wp\/v2\/comments?post=487"}],"version-history":[{"count":19,"href":"https:\/\/starsforeurope.com\/cz\/wp-json\/wp\/v2\/pages\/487\/revisions"}],"predecessor-version":[{"id":7451,"href":"https:\/\/starsforeurope.com\/cz\/wp-json\/wp\/v2\/pages\/487\/revisions\/7451"}],"wp:attachment":[{"href":"https:\/\/starsforeurope.com\/cz\/wp-json\/wp\/v2\/media?parent=487"}],"curies":[{"name":"wp","href":"https:\/\/api.w.org\/{rel}","templated":true}]}}