{"id":26,"date":"2021-11-17T18:56:53","date_gmt":"2021-11-17T17:56:53","guid":{"rendered":"https:\/\/weihnachtsstern.kinsta.cloud\/cz\/?page_id=26"},"modified":"2025-09-12T07:57:47","modified_gmt":"2025-09-12T05:57:47","slug":"informace","status":"publish","type":"page","link":"https:\/\/starsforeurope.com\/cz\/informace\/","title":{"rendered":"V\u0161e, co pot\u0159ebujete v\u011bd\u011bt o t\u00e9to jedine\u010dn\u00e9 sv\u00e1te\u010dn\u00ed rostlin\u011b"},"content":{"rendered":"<h2 class=\"wp-block-heading\">V\u0161e, co pot\u0159ebujete v\u011bd\u011bt o p\u00e9\u010di o v\u00e1no\u010dn\u00ed hv\u011bzdy<\/h2>\n\n\n\n<main class=\"wp-block-group postimage-half wide-content is-layout-flow wp-block-group-is-layout-flow\" style=\"margin-top:var(--wp--preset--spacing--50)\">\n<div style=\"height:3rem\" aria-hidden=\"true\" class=\"wp-block-spacer\"><\/div>\n\n\n\n<div class=\"wp-block-query is-layout-flow wp-block-query-is-layout-flow\"><ul class=\"columns-2 wp-block-post-template is-layout-grid wp-container-core-post-template-is-layout-37ef2942 wp-block-post-template-is-layout-grid\"><li class=\"wp-block-post post-7578 blog type-blog status-publish has-post-thumbnail hentry blog_main-informace blog_main-stoji-za-to-vedet\">\n<figure style=\"aspect-ratio:1;\" class=\"featuredimage wp-block-post-featured-image\"><a href=\"https:\/\/starsforeurope.com\/cz\/blog\/vyznam-vanocnich-hvezd-jejich-symbolika-puvod-a-inspirace-pro-vyuziti-v-adventu\/\" target=\"_self\"  ><img loading=\"lazy\" decoding=\"async\" width=\"1050\" height=\"875\" src=\"https:\/\/starsforeurope.com\/cz\/wp-content\/uploads\/sites\/20\/2025\/09\/2022_poinsettia_06000_Christmas_Warmth_03.jpg\" class=\"attachment-post-thumbnail size-post-thumbnail wp-post-image\" alt=\"V\u00fdznam v\u00e1no\u010dn\u00edch hv\u011bzd: jejich symbolika, p\u016fvod a inspirace pro vyu\u017eit\u00ed v adventu\" style=\"width:100%;height:100%;object-fit:cover;\" srcset=\"https:\/\/starsforeurope.com\/cz\/wp-content\/uploads\/sites\/20\/2025\/09\/2022_poinsettia_06000_Christmas_Warmth_03.jpg 1050w, https:\/\/starsforeurope.com\/cz\/wp-content\/uploads\/sites\/20\/2025\/09\/2022_poinsettia_06000_Christmas_Warmth_03-300x250.jpg 300w, https:\/\/starsforeurope.com\/cz\/wp-content\/uploads\/sites\/20\/2025\/09\/2022_poinsettia_06000_Christmas_Warmth_03-1024x853.jpg 1024w, https:\/\/starsforeurope.com\/cz\/wp-content\/uploads\/sites\/20\/2025\/09\/2022_poinsettia_06000_Christmas_Warmth_03-768x640.jpg 768w\" sizes=\"auto, (max-width: 1050px) 100vw, 1050px\" \/><\/a><\/figure>\n\n<h3 class=\"wp-block-post-title\"><a href=\"https:\/\/starsforeurope.com\/cz\/blog\/vyznam-vanocnich-hvezd-jejich-symbolika-puvod-a-inspirace-pro-vyuziti-v-adventu\/\" target=\"_self\" >V\u00fdznam v\u00e1no\u010dn\u00edch hv\u011bzd: jejich symbolika, p\u016fvod a inspirace pro vyu\u017eit\u00ed v adventu<\/a><\/h3>\n\n\n<div class=\"wp-block-group postmetaline is-nowrap is-layout-flex wp-container-core-group-is-layout-6c531013 wp-block-group-is-layout-flex\"><div class=\"wp-block-post-date\"><time datetime=\"2025-09-19T08:03:44+02:00\">19. z\u00e1\u0159\u00ed 2025<\/time><\/div>\n\n<\/div>\n\n\n<div class=\"wp-block-post-excerpt\"><p class=\"wp-block-post-excerpt__excerpt\">Venku je \u0161edo, ale uvnit\u0159 vl\u00e1dne vesel\u00e1 n\u00e1lada! V\u00e1no\u010dn\u00ed hv\u011bzdy p\u0159in\u00e1\u0161ej\u00ed barvy a v\u00fdznam do zimn\u00edch m\u011bs\u00edc\u016f a propojuj\u00ed celou Evropu.<\/p><p class=\"wp-block-post-excerpt__more-text\"><a class=\"wp-block-post-excerpt__more-link\" href=\"https:\/\/starsforeurope.com\/cz\/blog\/vyznam-vanocnich-hvezd-jejich-symbolika-puvod-a-inspirace-pro-vyuziti-v-adventu\/\">P\u0159e\u010dt\u011bte si v\u00edce<\/a><\/p><\/div>\n<\/li><li class=\"wp-block-post post-7026 blog type-blog status-publish has-post-thumbnail hentry blog_cat-pflege blog_cat-start-der-saison blog_main-informace blog_main-novinky blog_main-stoji-za-to-vedet\">\n<figure style=\"aspect-ratio:1;\" class=\"featuredimage wp-block-post-featured-image\"><a href=\"https:\/\/starsforeurope.com\/cz\/blog\/tipy-pro-nakup-vanocnich-hvezd\/\" target=\"_self\"  ><img loading=\"lazy\" decoding=\"async\" width=\"1050\" height=\"875\" src=\"https:\/\/starsforeurope.com\/cz\/wp-content\/uploads\/sites\/20\/2023\/10\/2021-poinsettia-01000-boho-green-living-01.jpg\" class=\"attachment-post-thumbnail size-post-thumbnail wp-post-image\" alt=\"Tipy pro n\u00e1kup v\u00e1no\u010dn\u00edch hv\u011bzd\" style=\"width:100%;height:100%;object-fit:cover;\" srcset=\"https:\/\/starsforeurope.com\/cz\/wp-content\/uploads\/sites\/20\/2023\/10\/2021-poinsettia-01000-boho-green-living-01.jpg 1050w, https:\/\/starsforeurope.com\/cz\/wp-content\/uploads\/sites\/20\/2023\/10\/2021-poinsettia-01000-boho-green-living-01-300x250.jpg 300w, https:\/\/starsforeurope.com\/cz\/wp-content\/uploads\/sites\/20\/2023\/10\/2021-poinsettia-01000-boho-green-living-01-1024x853.jpg 1024w, https:\/\/starsforeurope.com\/cz\/wp-content\/uploads\/sites\/20\/2023\/10\/2021-poinsettia-01000-boho-green-living-01-768x640.jpg 768w, https:\/\/starsforeurope.com\/cz\/wp-content\/uploads\/sites\/20\/2023\/10\/2021-poinsettia-01000-boho-green-living-01-810x675.jpg 810w\" sizes=\"auto, (max-width: 1050px) 100vw, 1050px\" \/><\/a><\/figure>\n\n<h3 class=\"wp-block-post-title\"><a href=\"https:\/\/starsforeurope.com\/cz\/blog\/tipy-pro-nakup-vanocnich-hvezd\/\" target=\"_self\" >Tipy pro n\u00e1kup v\u00e1no\u010dn\u00edch hv\u011bzd<\/a><\/h3>\n\n\n<div class=\"wp-block-group postmetaline is-nowrap is-layout-flex wp-container-core-group-is-layout-6c531013 wp-block-group-is-layout-flex\"><div class=\"wp-block-post-date\"><time datetime=\"2023-11-02T01:16:43+01:00\">02. listopadu 2023<\/time><\/div>\n\n<\/div>\n\n\n<div class=\"wp-block-post-excerpt\"><p class=\"wp-block-post-excerpt__excerpt\">Zjist\u011bte, jak koupit zdravou v\u00e1no\u010dn\u00ed hv\u011bzdu, kter\u00e1 bude vypadat co nejl\u00e9pe co nejdel\u0161\u00ed dobu. D\u016fle\u017eit\u00e9 jsou listy, kv\u011bty, z\u00e1soba vody a podm\u00ednky v obchod\u011b i b\u011bhem cesty dom\u016f. \ud83d\ude03<\/p><p class=\"wp-block-post-excerpt__more-text\"><a class=\"wp-block-post-excerpt__more-link\" href=\"https:\/\/starsforeurope.com\/cz\/blog\/tipy-pro-nakup-vanocnich-hvezd\/\">P\u0159e\u010dt\u011bte si v\u00edce<\/a><\/p><\/div>\n<\/li><\/ul>\n\n\n\n<\/div>\n\n\n\n<div style=\"height:3rem\" aria-hidden=\"true\" class=\"wp-block-spacer\"><\/div>\n<\/main>","protected":false},"excerpt":{"rendered":"<p>Pat\u0159\u00ed k nejobl\u00edben\u011bj\u0161\u00edm rostlin\u00e1m na sv\u011bt\u011b, ale kolik toho vlastn\u011b o v\u00e1no\u010dn\u00edch hv\u011bzd\u00e1ch v\u00edte? Mo\u017en\u00e1 v\u00e1s p\u0159ekvap\u00ed. P\u0159e\u010dt\u011bte si o jejich zaj\u00edmav\u00e9 historii, p\u016fvodu, vyu\u017eit\u00ed a po\u010detn\u00fdch variac\u00edch.<\/p>\n","protected":false},"author":1,"featured_media":4353,"parent":0,"menu_order":0,"comment_status":"closed","ping_status":"closed","template":"two-column-blog-single","meta":{"_acf_changed":false,"footnotes":""},"class_list":["post-26","page","type-page","status-publish","has-post-thumbnail","hentry"],"acf":[],"_links":{"self":[{"href":"https:\/\/starsforeurope.com\/cz\/wp-json\/wp\/v2\/pages\/26","targetHints":{"allow":["GET"]}}],"collection":[{"href":"https:\/\/starsforeurope.com\/cz\/wp-json\/wp\/v2\/pages"}],"about":[{"href":"https:\/\/starsforeurope.com\/cz\/wp-json\/wp\/v2\/types\/page"}],"author":[{"embeddable":true,"href":"https:\/\/starsforeurope.com\/cz\/wp-json\/wp\/v2\/users\/1"}],"replies":[{"embeddable":true,"href":"https:\/\/starsforeurope.com\/cz\/wp-json\/wp\/v2\/comments?post=26"}],"version-history":[{"count":47,"href":"https:\/\/starsforeurope.com\/cz\/wp-json\/wp\/v2\/pages\/26\/revisions"}],"predecessor-version":[{"id":7557,"href":"https:\/\/starsforeurope.com\/cz\/wp-json\/wp\/v2\/pages\/26\/revisions\/7557"}],"wp:featuredmedia":[{"embeddable":true,"href":"https:\/\/starsforeurope.com\/cz\/wp-json\/wp\/v2\/media\/4353"}],"wp:attachment":[{"href":"https:\/\/starsforeurope.com\/cz\/wp-json\/wp\/v2\/media?parent=26"}],"curies":[{"name":"wp","href":"https:\/\/api.w.org\/{rel}","templated":true}]}}