{"id":20,"date":"2021-11-17T18:55:48","date_gmt":"2021-11-17T17:55:48","guid":{"rendered":"https:\/\/weihnachtsstern.kinsta.cloud\/cz\/?page_id=20"},"modified":"2025-09-10T16:02:28","modified_gmt":"2025-09-10T14:02:28","slug":"pece","status":"publish","type":"page","link":"https:\/\/starsforeurope.com\/cz\/pece\/","title":{"rendered":"Nau\u010dte se, jak p\u011bstovat v\u00e1no\u010dn\u00ed hv\u011bzdy tak, aby kvetly d\u00e9le"},"content":{"rendered":"<h2 class=\"wp-block-heading\">V\u0161e, co pot\u0159ebujete v\u011bd\u011bt o p\u00e9\u010di o v\u00e1no\u010dn\u00ed hv\u011bzdy<\/h2>\n\n\n\n<div class=\"wp-block-group postimage-half wide-content is-layout-flow wp-block-group-is-layout-flow\" style=\"margin-top:var(--wp--preset--spacing--50)\">\n<div style=\"height:3rem\" aria-hidden=\"true\" class=\"wp-block-spacer\"><\/div>\n\n\n\n<div class=\"wp-block-query is-layout-flow wp-block-query-is-layout-flow\"><ul class=\"columns-2 wp-block-post-template is-layout-grid wp-container-core-post-template-is-layout-37ef2942 wp-block-post-template-is-layout-grid\"><li class=\"wp-block-post post-7279 blog type-blog status-publish has-post-thumbnail hentry blog_cat-pflege blog_main-obecna-pece blog_main-pece\">\n<figure style=\"aspect-ratio:1;\" class=\"featuredimage wp-block-post-featured-image\"><a href=\"https:\/\/starsforeurope.com\/cz\/blog\/spravna-pece-o-vanocni-hvezdy\/\" target=\"_self\"  ><img loading=\"lazy\" decoding=\"async\" width=\"875\" height=\"1050\" src=\"https:\/\/starsforeurope.com\/cz\/wp-content\/uploads\/sites\/20\/2023\/10\/2021-poinsettia-01000-boho-green-living-08-1.jpg\" class=\"attachment-post-thumbnail size-post-thumbnail wp-post-image\" alt=\"P\u00e9\u010de o v\u00e1no\u010dn\u00ed hv\u011bzdu: zaru\u010den\u00fd \u00fasp\u011bch\" style=\"width:100%;height:100%;object-fit:cover;\" srcset=\"https:\/\/starsforeurope.com\/cz\/wp-content\/uploads\/sites\/20\/2023\/10\/2021-poinsettia-01000-boho-green-living-08-1.jpg 875w, https:\/\/starsforeurope.com\/cz\/wp-content\/uploads\/sites\/20\/2023\/10\/2021-poinsettia-01000-boho-green-living-08-1-250x300.jpg 250w, https:\/\/starsforeurope.com\/cz\/wp-content\/uploads\/sites\/20\/2023\/10\/2021-poinsettia-01000-boho-green-living-08-1-853x1024.jpg 853w, https:\/\/starsforeurope.com\/cz\/wp-content\/uploads\/sites\/20\/2023\/10\/2021-poinsettia-01000-boho-green-living-08-1-768x922.jpg 768w, https:\/\/starsforeurope.com\/cz\/wp-content\/uploads\/sites\/20\/2023\/10\/2021-poinsettia-01000-boho-green-living-08-1-563x675.jpg 563w\" sizes=\"auto, (max-width: 875px) 100vw, 875px\" \/><\/a><\/figure>\n\n<h3 class=\"wp-block-post-title\"><a href=\"https:\/\/starsforeurope.com\/cz\/blog\/spravna-pece-o-vanocni-hvezdy\/\" target=\"_self\" >P\u00e9\u010de o v\u00e1no\u010dn\u00ed hv\u011bzdu: zaru\u010den\u00fd \u00fasp\u011bch<\/a><\/h3>\n\n\n<div class=\"wp-block-group postmetaline is-nowrap is-layout-flex wp-container-core-group-is-layout-6c531013 wp-block-group-is-layout-flex\"><div class=\"wp-block-post-date\"><time datetime=\"2024-11-05T08:52:32+01:00\">05. listopadu 2024<\/time><\/div>\n\n<\/div>\n\n\n<div class=\"wp-block-post-excerpt\"><p class=\"wp-block-post-excerpt__excerpt\">Snadn\u00e1 p\u00e9\u010de o v\u00e1no\u010dn\u00ed hv\u011bzdu: jednoduch\u00e9 tipy, jak udr\u017eet v\u00e1no\u010dn\u00ed hv\u011bzdu zdravou a kvetouc\u00ed i po V\u00e1noc\u00edch. \u010ct\u011bte nyn\u00ed!<\/p><p class=\"wp-block-post-excerpt__more-text\"><a class=\"wp-block-post-excerpt__more-link\" href=\"https:\/\/starsforeurope.com\/cz\/blog\/spravna-pece-o-vanocni-hvezdy\/\">P\u0159e\u010dt\u011bte si v\u00edce<\/a><\/p><\/div>\n<\/li><li class=\"wp-block-post post-7048 blog type-blog status-publish has-post-thumbnail hentry blog_cat-pflege blog_main-pece blog_main-zalevani\">\n<figure style=\"aspect-ratio:1;\" class=\"featuredimage wp-block-post-featured-image\"><a href=\"https:\/\/starsforeurope.com\/cz\/blog\/spravne-zalevani-vanocnich-hvezd\/\" target=\"_self\"  ><img loading=\"lazy\" decoding=\"async\" width=\"853\" height=\"1024\" src=\"https:\/\/starsforeurope.com\/cz\/wp-content\/uploads\/sites\/20\/2023\/11\/2022_poinsettia_03000_varieties_03-853x1024-1.jpg\" class=\"attachment-post-thumbnail size-post-thumbnail wp-post-image\" alt=\"Spr\u00e1vn\u00e9 zal\u00e9v\u00e1n\u00ed v\u00e1no\u010dn\u00edch hv\u011bzd\" style=\"width:100%;height:100%;object-fit:cover;\" srcset=\"https:\/\/starsforeurope.com\/cz\/wp-content\/uploads\/sites\/20\/2023\/11\/2022_poinsettia_03000_varieties_03-853x1024-1.jpg 853w, https:\/\/starsforeurope.com\/cz\/wp-content\/uploads\/sites\/20\/2023\/11\/2022_poinsettia_03000_varieties_03-853x1024-1-250x300.jpg 250w, https:\/\/starsforeurope.com\/cz\/wp-content\/uploads\/sites\/20\/2023\/11\/2022_poinsettia_03000_varieties_03-853x1024-1-768x922.jpg 768w, https:\/\/starsforeurope.com\/cz\/wp-content\/uploads\/sites\/20\/2023\/11\/2022_poinsettia_03000_varieties_03-853x1024-1-562x675.jpg 562w\" sizes=\"auto, (max-width: 853px) 100vw, 853px\" \/><\/a><\/figure>\n\n<h3 class=\"wp-block-post-title\"><a href=\"https:\/\/starsforeurope.com\/cz\/blog\/spravne-zalevani-vanocnich-hvezd\/\" target=\"_self\" >Spr\u00e1vn\u00e9 zal\u00e9v\u00e1n\u00ed v\u00e1no\u010dn\u00edch hv\u011bzd<\/a><\/h3>\n\n\n<div class=\"wp-block-group postmetaline is-nowrap is-layout-flex wp-container-core-group-is-layout-6c531013 wp-block-group-is-layout-flex\"><div class=\"wp-block-post-date\"><time datetime=\"2023-11-12T01:11:39+01:00\">12. listopadu 2023<\/time><\/div>\n\n<\/div>\n\n\n<div class=\"wp-block-post-excerpt\"><p class=\"wp-block-post-excerpt__excerpt\">Spr\u00e1vn\u00e9 zal\u00e9v\u00e1n\u00ed v\u00e1no\u010dn\u00edch hv\u011bzd je udr\u017e\u00ed v kr\u00e1sn\u00e9m stavu. Tyto praktick\u00e9 n\u00e1vody na zal\u00e9v\u00e1n\u00ed od skute\u010dn\u00fdch odborn\u00edk\u016f na v\u00e1no\u010dn\u00ed hv\u011bzdy v\u00e1m pomohou co nejl\u00e9pe splnit po\u017eadavky na vodu va\u0161ich obl\u00edben\u00fdch kv\u011btin<\/p><p class=\"wp-block-post-excerpt__more-text\"><a class=\"wp-block-post-excerpt__more-link\" href=\"https:\/\/starsforeurope.com\/cz\/blog\/spravne-zalevani-vanocnich-hvezd\/\">P\u0159e\u010dt\u011bte si v\u00edce<\/a><\/p><\/div>\n<\/li><li class=\"wp-block-post post-7030 blog type-blog status-publish has-post-thumbnail hentry blog_cat-pflege blog_main-obecna-pece blog_main-pece blog_main-umisteni\">\n<figure style=\"aspect-ratio:1;\" class=\"featuredimage wp-block-post-featured-image\"><a href=\"https:\/\/starsforeurope.com\/cz\/blog\/idealni-misto-pro-vanocni-hvezdu\/\" target=\"_self\"  ><img loading=\"lazy\" decoding=\"async\" width=\"1050\" height=\"875\" src=\"https:\/\/starsforeurope.com\/cz\/wp-content\/uploads\/sites\/20\/2023\/10\/2021-poinsettia-04000-autumnal-glow-08-1.jpg\" class=\"attachment-post-thumbnail size-post-thumbnail wp-post-image\" alt=\"Ide\u00e1ln\u00ed m\u00edsto pro v\u00e1no\u010dn\u00ed hv\u011bzdu\" style=\"width:100%;height:100%;object-fit:cover;\" srcset=\"https:\/\/starsforeurope.com\/cz\/wp-content\/uploads\/sites\/20\/2023\/10\/2021-poinsettia-04000-autumnal-glow-08-1.jpg 1050w, https:\/\/starsforeurope.com\/cz\/wp-content\/uploads\/sites\/20\/2023\/10\/2021-poinsettia-04000-autumnal-glow-08-1-300x250.jpg 300w, https:\/\/starsforeurope.com\/cz\/wp-content\/uploads\/sites\/20\/2023\/10\/2021-poinsettia-04000-autumnal-glow-08-1-1024x853.jpg 1024w, https:\/\/starsforeurope.com\/cz\/wp-content\/uploads\/sites\/20\/2023\/10\/2021-poinsettia-04000-autumnal-glow-08-1-768x640.jpg 768w, https:\/\/starsforeurope.com\/cz\/wp-content\/uploads\/sites\/20\/2023\/10\/2021-poinsettia-04000-autumnal-glow-08-1-810x675.jpg 810w\" sizes=\"auto, (max-width: 1050px) 100vw, 1050px\" \/><\/a><\/figure>\n\n<h3 class=\"wp-block-post-title\"><a href=\"https:\/\/starsforeurope.com\/cz\/blog\/idealni-misto-pro-vanocni-hvezdu\/\" target=\"_self\" >Ide\u00e1ln\u00ed m\u00edsto pro v\u00e1no\u010dn\u00ed hv\u011bzdu<\/a><\/h3>\n\n\n<div class=\"wp-block-group postmetaline is-nowrap is-layout-flex wp-container-core-group-is-layout-6c531013 wp-block-group-is-layout-flex\"><div class=\"wp-block-post-date\"><time datetime=\"2023-11-05T01:26:28+01:00\">05. listopadu 2023<\/time><\/div>\n\n<\/div>\n\n\n<div class=\"wp-block-post-excerpt\"><p class=\"wp-block-post-excerpt__excerpt\">Ide\u00e1ln\u00ed m\u00edsto, spr\u00e1vn\u00e1 teplota a dobr\u00e9 sv\u011bteln\u00e9 podm\u00ednky: objasn\u00edme si, co v\u00e1no\u010dn\u00ed hvezdy skute\u010dn\u011b pot\u0159ebuj\u00ed, aby vypadaly co nejd\u00e9le co nejl\u00e9pe<\/p><p class=\"wp-block-post-excerpt__more-text\"><a class=\"wp-block-post-excerpt__more-link\" href=\"https:\/\/starsforeurope.com\/cz\/blog\/idealni-misto-pro-vanocni-hvezdu\/\">P\u0159e\u010dt\u011bte si v\u00edce<\/a><\/p><\/div>\n<\/li><\/ul>\n\n\n\n<\/div>\n\n\n\n<div style=\"height:3rem\" aria-hidden=\"true\" class=\"wp-block-spacer\"><\/div>\n<\/div>","protected":false},"excerpt":{"rendered":"<p>Dodr\u017eov\u00e1n\u00edm n\u011bkolika jednoduch\u00fdch krok\u016f se m\u016f\u017eete z v\u00e1no\u010dn\u00edch hv\u011bzd radovat d\u00e9le ne\u017e jen do V\u00e1noc. Sta\u010d\u00ed se \u0159\u00eddit na\u0161imi radami.<\/p>\n","protected":false},"author":1,"featured_media":4350,"parent":0,"menu_order":0,"comment_status":"closed","ping_status":"closed","template":"two-column-blog-single","meta":{"_acf_changed":false,"footnotes":""},"class_list":["post-20","page","type-page","status-publish","has-post-thumbnail","hentry"],"acf":[],"_links":{"self":[{"href":"https:\/\/starsforeurope.com\/cz\/wp-json\/wp\/v2\/pages\/20","targetHints":{"allow":["GET"]}}],"collection":[{"href":"https:\/\/starsforeurope.com\/cz\/wp-json\/wp\/v2\/pages"}],"about":[{"href":"https:\/\/starsforeurope.com\/cz\/wp-json\/wp\/v2\/types\/page"}],"author":[{"embeddable":true,"href":"https:\/\/starsforeurope.com\/cz\/wp-json\/wp\/v2\/users\/1"}],"replies":[{"embeddable":true,"href":"https:\/\/starsforeurope.com\/cz\/wp-json\/wp\/v2\/comments?post=20"}],"version-history":[{"count":43,"href":"https:\/\/starsforeurope.com\/cz\/wp-json\/wp\/v2\/pages\/20\/revisions"}],"predecessor-version":[{"id":7554,"href":"https:\/\/starsforeurope.com\/cz\/wp-json\/wp\/v2\/pages\/20\/revisions\/7554"}],"wp:featuredmedia":[{"embeddable":true,"href":"https:\/\/starsforeurope.com\/cz\/wp-json\/wp\/v2\/media\/4350"}],"wp:attachment":[{"href":"https:\/\/starsforeurope.com\/cz\/wp-json\/wp\/v2\/media?parent=20"}],"curies":[{"name":"wp","href":"https:\/\/api.w.org\/{rel}","templated":true}]}}